{"id":9425,"date":"2026-05-15T14:41:45","date_gmt":"2026-05-15T12:41:45","guid":{"rendered":"https:\/\/www.vos-sosmost.cz\/?page_id=9425"},"modified":"2026-05-15T14:43:03","modified_gmt":"2026-05-15T12:43:03","slug":"vysledky-prijimaciho-rizeni-oa-spgs-a-szs-pro-skolni-rok-2026-2027","status":"publish","type":"page","link":"https:\/\/www.vos-sosmost.cz\/index.php\/vysledky-prijimaciho-rizeni-oa-spgs-a-szs-pro-skolni-rok-2026-2027\/","title":{"rendered":"V\u00fdsledky p\u0159ij\u00edmac\u00edho \u0159\u00edzen\u00ed pro \u0161koln\u00ed rok 2026\/2027"},"content":{"rendered":"<p><strong>Obchodn\u00ed akademie<\/strong><\/p>\n<p>1. Obchodn\u00ed akademie &#8211; <a href=\"\/sos\/prijimacky\/vysledky_oa.pdf\" target=\"_blank\" rel=\"noopener noreferrer\">v\u00fdsledkov\u00e1 listina<\/a><\/p>\n<p>2. Ekonomick\u00e9 lyceum &#8211; <a href=\"\/sos\/prijimacky\/vysledky_el.pdf\" target=\"_blank\" rel=\"noopener noreferrer\">v\u00fdsledkov\u00e1 listina<\/a><\/p>\n<p><strong>St\u0159edn\u00ed pedagogick\u00e1 \u0161kola<\/strong><\/p>\n<p>1. P\u0159ed\u0161koln\u00ed a mimo\u0161koln\u00ed pedagogika &#8211; <a href=\"\/sos\/prijimacky\/vysledky_pmp.pdf\" target=\"_blank\" rel=\"noopener noreferrer\">v\u00fdsledkov\u00e1 listina<\/a><\/p>\n<p>2. Pedagogick\u00e9 lyceum &#8211; <a href=\"\/sos\/prijimacky\/vysledky_pl.pdf\" target=\"_blank\" rel=\"noopener noreferrer\">v\u00fdsledkov\u00e1 listina<\/a><\/p>\n<p><strong>St\u0159edn\u00ed zdravotnick\u00e1 \u0161kola<\/strong><\/p>\n<p>1. Praktick\u00e1 sestra &#8211; <a href=\"\/sos\/prijimacky\/vysledky_ps.pdf\" target=\"_blank\" rel=\"noopener noreferrer\">v\u00fdsledkov\u00e1 listina<\/a><\/p>\n<p>2. Zdravotnick\u00e9 lyceum &#8211; <a href=\"\/sos\/prijimacky\/vysledky_zl.pdf\" target=\"_blank\" rel=\"noopener noreferrer\">v\u00fdsledkov\u00e1 listina<\/a><\/p>\n<p>3. Mas\u00e9r ve zdravotnictv\u00ed &#8211; <a href=\"\/sos\/prijimacky\/vysledky_msz.pdf\" target=\"_blank\" rel=\"noopener noreferrer\">v\u00fdsledkov\u00e1 listina<\/a><\/p>\n<p>4. Soci\u00e1ln\u00ed \u010dinnost &#8211; <a href=\"\/sos\/prijimacky\/vysledky_sc.pdf\" target=\"_blank\" rel=\"noopener noreferrer\">v\u00fdsledkov\u00e1 listina<\/a><\/p>\n","protected":false},"excerpt":{"rendered":"<p>Obchodn\u00ed akademie 1. Obchodn\u00ed akademie &#8211; v\u00fdsledkov\u00e1 listina 2. Ekonomick\u00e9 lyceum &#8211; v\u00fdsledkov\u00e1 listina St\u0159edn\u00ed pedagogick\u00e1 \u0161kola 1. P\u0159ed\u0161koln\u00ed a mimo\u0161koln\u00ed pedagogika &#8211; v\u00fdsledkov\u00e1 listina 2. Pedagogick\u00e9 lyceum &#8211; v\u00fdsledkov\u00e1 listina St\u0159edn\u00ed zdravotnick\u00e1 \u0161kola 1. Praktick\u00e1 sestra &#8211; v\u00fdsledkov\u00e1 listina <a href=\"https:\/\/www.vos-sosmost.cz\/index.php\/vysledky-prijimaciho-rizeni-oa-spgs-a-szs-pro-skolni-rok-2026-2027\/\" class=\"read-more\">Read More &#8230;<\/a><\/p>\n","protected":false},"author":1,"featured_media":0,"parent":0,"menu_order":0,"comment_status":"closed","ping_status":"closed","template":"","meta":{"ngg_post_thumbnail":0,"footnotes":""},"class_list":["post-9425","page","type-page","status-publish","hentry"],"_links":{"self":[{"href":"https:\/\/www.vos-sosmost.cz\/index.php\/wp-json\/wp\/v2\/pages\/9425","targetHints":{"allow":["GET"]}}],"collection":[{"href":"https:\/\/www.vos-sosmost.cz\/index.php\/wp-json\/wp\/v2\/pages"}],"about":[{"href":"https:\/\/www.vos-sosmost.cz\/index.php\/wp-json\/wp\/v2\/types\/page"}],"author":[{"embeddable":true,"href":"https:\/\/www.vos-sosmost.cz\/index.php\/wp-json\/wp\/v2\/users\/1"}],"replies":[{"embeddable":true,"href":"https:\/\/www.vos-sosmost.cz\/index.php\/wp-json\/wp\/v2\/comments?post=9425"}],"version-history":[{"count":2,"href":"https:\/\/www.vos-sosmost.cz\/index.php\/wp-json\/wp\/v2\/pages\/9425\/revisions"}],"predecessor-version":[{"id":9428,"href":"https:\/\/www.vos-sosmost.cz\/index.php\/wp-json\/wp\/v2\/pages\/9425\/revisions\/9428"}],"wp:attachment":[{"href":"https:\/\/www.vos-sosmost.cz\/index.php\/wp-json\/wp\/v2\/media?parent=9425"}],"curies":[{"name":"wp","href":"https:\/\/api.w.org\/{rel}","templated":true}]}}