{"id":9300,"date":"2026-03-13T11:21:24","date_gmt":"2026-03-13T10:21:24","guid":{"rendered":"https:\/\/www.vos-sosmost.cz\/?page_id=9300"},"modified":"2026-04-21T15:24:25","modified_gmt":"2026-04-21T13:24:25","slug":"fek-zkracena-forma-vzdelavani","status":"publish","type":"page","link":"https:\/\/www.vos-sosmost.cz\/index.php\/fek-zkracena-forma-vzdelavani\/","title":{"rendered":"FEK &#8211; zkr\u00e1cen\u00e1 forma vzd\u011bl\u00e1v\u00e1n\u00ed"},"content":{"rendered":"<p>Podle \u00a7 93 z\u00e1kona \u010d. 561\/2004 Sb., d\u00e1le \u0160kolsk\u00fd z\u00e1kon, ke vzd\u011bl\u00e1v\u00e1n\u00ed na vy\u0161\u0161\u00ed odborn\u00e9 \u0161kole lze p\u0159ijmout uchaze\u010de, kte\u0159\u00ed z\u00edskali st\u0159edn\u00ed vzd\u011bl\u00e1n\u00ed s maturitn\u00ed zkou\u0161kou, a kte\u0159\u00ed p\u0159i p\u0159ij\u00edmac\u00edm \u0159\u00edzen\u00ed splnili podm\u00ednky pro p\u0159ijet\u00ed prok\u00e1z\u00e1n\u00ed vhodn\u00fdch schopnost\u00ed, v\u011bdomost\u00ed, z\u00e1jm\u016f a zdravotn\u00ed zp\u016fsobilosti. Podle \u00a7 95 \u0160kolsk\u00e9ho z\u00e1kona \u0159editel m\u016f\u017ee uchaze\u010de p\u0159ijmout do vy\u0161\u0161\u00edho ne\u017e prvn\u00edho ro\u010dn\u00edku vzd\u011bl\u00e1v\u00e1n\u00ed ve vy\u0161\u0161\u00ed odborn\u00e9 \u0161kole. \u0158editel proto stanovuje podm\u00ednku p\u0159ijet\u00ed vykon\u00e1n\u00ed zkou\u0161ky.<\/p>\n<p><strong>Postup uchaze\u010de:<\/strong><\/p>\n<p>Uchaze\u010d v&nbsp;r\u00e1mci p\u0159ij\u00edmac\u00edho \u0159\u00edzen\u00ed pod\u00e1 p\u0159ihl\u00e1\u0161ku&nbsp; &#8211; p\u0159ihl\u00e1\u0161ka se pod\u00e1v\u00e1 v&nbsp;elektronick\u00e9 podob\u011b <strong><a href=\"https:\/\/isvos.vos-sosmost.cz\/prihlaska.php\">zde<\/a>.<\/strong><\/p>\n<p>K&nbsp;p\u0159ihl\u00e1\u0161ce pod\u00e1v\u00e1 uchaze\u010d podle stanoven\u00fdch krit\u00e9ri\u00ed dan\u00e9ho oboru i dal\u0161\u00ed dokumenty:<\/p>\n<ol>\n<li>\u017d\u00e1dost o p\u0159ijet\u00ed do vy\u0161\u0161\u00edho ro\u010dn\u00edku \u2013&nbsp;formul\u00e1\u0159 \u017e\u00e1dosti ke sta\u017een\u00ed<strong> <a href=\"\/vos\/formulare\/02_prijeti_do_vyssiho_rocniku.docx\" target=\"_blank\" rel=\"noopener noreferrer\">zde.<\/a><\/strong><\/li>\n<li>Kurikul\u00e1rn\u00ed dokumenty z absolvovan\u00e9ho maturitn\u00edho vzd\u011bl\u00e1v\u00e1n\u00ed &#8211; u\u010debn\u00ed pl\u00e1n absolvovan\u00e9ho oboru v\u010detn\u011b po\u010dtu hodin odborn\u00e9 praxe&nbsp; (neplat\u00ed pro absolventy oboru OA na OA Most).<\/li>\n<li>Kurikul\u00e1rn\u00ed dokumenty z absolvovan\u00e9ho vy\u0161\u0161\u00edho odborn\u00e9ho\/vysoko\u0161kolsk\u00e9ho vzd\u011bl\u00e1v\u00e1n\u00ed &#8211; diplom, v\u00fdpis z hodnocen\u00ed z jednotliv\u00fdch p\u0159edm\u011bt\u016f, sylaby jednotliv\u00fdch p\u0159edm\u011bt\u016f, p\u0159ehled praxe.<\/li>\n<\/ol>\n<p><strong>\u0158editelka VO\u0160, OA, SPg\u0160 a SZ\u0160 na z\u00e1klad\u011b \u00a7 95 odst. 1 \u0160kolsk\u00e9ho z\u00e1kona vyhla\u0161uje tato krit\u00e9ria (podm\u00ednky) p\u0159ijet\u00ed absolventa maturitn\u00edho oboru:<\/strong><\/p>\n<ul>\n<li>\u017d\u00e1dost o p\u0159ijet\u00ed do vy\u0161\u0161\u00edho ro\u010dn\u00edku \u2013&nbsp;formul\u00e1\u0159 \u017e\u00e1dosti ke sta\u017een\u00ed<strong> <a href=\"\/vos\/formulare\/02_prijeti_do_vyssiho_rocniku.docx\" target=\"_blank\" rel=\"noopener noreferrer\">zde.<\/a><\/strong><\/li>\n<li>Maturita v ekonomick\u00e9m oboru (pokud nen\u00ed uchaze\u010d absolventem t\u00e9to \u0161koly, dolo\u017e\u00ed u\u010debn\u00ed pl\u00e1n v\u010detn\u011b po\u010dtu hodin odborn\u00e9 praxe) &#8211; na z\u00e1klad\u011b t\u011bchto dokument\u016f bude stanoven studentovi individu\u00e1ln\u00ed upraven\u00fd vzd\u011bl\u00e1vac\u00ed pl\u00e1n v souladu s akreditovan\u00fdm vzd\u011bl\u00e1vac\u00edm programem.<\/li>\n<li>\u00dasp\u011b\u0161n\u00e9 vykon\u00e1n\u00ed zkou\u0161ky stanoven\u00e9 \u0159editelem \u0161koly (krit\u00e9rium p\u0159ijet\u00ed je spln\u011bn\u00ed minim\u00e1ln\u00ed \u00fasp\u011b\u0161nosti 60 %).<\/li>\n<\/ul>\n<p><strong>Zkou\u0161ka pro ov\u011b\u0159en\u00ed znalost\u00ed a p\u0159edm\u011bty, kter\u00e9 nebude student absolvovat v&nbsp;1. ro\u010dn\u00edku bude p\u00edsemnou podobou formou testu z&nbsp;t\u011bchto oblast\u00ed:<\/strong><\/p>\n<ul>\n<li>Odborn\u00e9 p\u0159edm\u011bty \u2013 &nbsp;Ekonomika podniku, Marketing, Z\u00e1klady managementu, Teorie pr\u00e1va a \u00fastavn\u00ed pr\u00e1vo, Ob\u010dansk\u00e9 pr\u00e1vo, Obchodn\u00ed pr\u00e1vo, Da\u0148ov\u00e1 evidence, Z\u00e1klady \u00fa\u010detnictv\u00ed a Finan\u010dn\u00ed \u00fa\u010detnictv\u00ed.<\/li>\n<\/ul>\n<p>Podklady pro p\u0159\u00edpravu na zkou\u0161ku (obsah prov\u011b\u0159ovan\u00e9ho u\u010diva a doporu\u010den\u00e1 studijn\u00ed literatura) najdete ke sta\u017een\u00ed <strong><a href=\"\/vos\/prijimacky\/fek_zkracena.pdf\">zde<\/a>.<\/strong><\/p>\n<p>Uk\u00e1zka podoby p\u00edsemn\u00e9 zkou\u0161ky naleznete ke sta\u017een\u00ed <strong><a href=\"\/vos\/prijimacky\/FEK_test_web_zkracena_forma.pdf\">zde<\/a>.<\/strong><\/p>\n<p><strong>Krit\u00e9ria p\u0159ijet\u00ed absolventa&nbsp;VO\u0160\/V\u0160<\/strong><\/p>\n<ul>\n<li>\u017d\u00e1dost o p\u0159ijet\u00ed do vy\u0161\u0161\u00edho ro\u010dn\u00edku \u2013&nbsp;formul\u00e1\u0159 \u017e\u00e1dosti ke sta\u017een\u00ed<strong> <a href=\"\/vos\/formulare\/02_prijeti_do_vyssiho_rocniku.docx\" target=\"_blank\" rel=\"noopener noreferrer\">zde.<\/a><\/strong><\/li>\n<li>Dolo\u017een\u00ed vzd\u011bl\u00e1n\u00ed na VO\u0160\/V\u0160 shodn\u00e9ho oboru s dolo\u017een\u00edm dokument\u016f: diplom, v\u00fdpis z hodnocen\u00ed z jednotliv\u00fdch p\u0159edm\u011bt\u016f, sylaby jednotliv\u00fdch p\u0159edm\u011bt\u016f, p\u0159ehled praxe &#8211; na z\u00e1klad\u011b t\u011bchto dokument\u016f bude stanoven studentovi individu\u00e1ln\u00ed upraven\u00fd vzd\u011bl\u00e1vac\u00ed pl\u00e1n v souladu s akreditovan\u00fdm vzd\u011bl\u00e1vac\u00edm programem.<\/li>\n<\/ul>\n<p><strong>P\u0159ihl\u00e1\u0161ky do zkr\u00e1cen\u00e9 formy studia pro \u0161koln\u00ed rok 2026\/2027 p\u0159ij\u00edm\u00e1me:<\/strong><\/p>\n<ul>\n<li><strong>pro 1. kolo do 31. 5. 2026, <span data-olk-copy-source=\"MessageBody\">p\u0159ij\u00edmac\u00ed \u0159\u00edzen\u00ed bude ukon\u010deno 22. 6. 2026, rozd\u00edlov\u00e1 zkou\u0161ka formou testu se bude konat 18. 6. v 10:00 h na budov\u011b B (ulice J. E. Purkyn\u011b 272)<\/span>,<\/strong><\/li>\n<li><strong>pro 2. kolo do 31. 7. 2026, <span data-olk-copy-source=\"MessageBody\">p\u0159ij\u00edmac\u00ed \u0159\u00edzen\u00ed bude ukon\u010deno 24. 8. 2026, rozd\u00edlov\u00e1 zkou\u0161ka formou testu se bude konat 20. 8. v 10:00 h na budov\u011b B (ulice J. E. Purkyn\u011b 272)<\/span>,<\/strong><\/li>\n<li><strong>pro 3. kolo do 27. 8. 2026, p\u0159ij\u00edmac\u00ed zkou\u0161ka se bude konat v z\u00e1\u0159\u00ed dle stanoven\u00e9ho term\u00ednu.<\/strong><\/li>\n<\/ul>\n<p>Bli\u017e\u0161\u00ed informace si m\u016f\u017eete vy\u017e\u00e1dat na e-mailu z\u00e1stupce \u0159editele \u0161koly Ing. Simony Pa\u010fourkov\u00e9, padourkova[zavinac]vos-sosmost.cz.<\/p>\n","protected":false},"excerpt":{"rendered":"<p>Podle \u00a7 93 z\u00e1kona \u010d. 561\/2004 Sb., d\u00e1le \u0160kolsk\u00fd z\u00e1kon, ke vzd\u011bl\u00e1v\u00e1n\u00ed na vy\u0161\u0161\u00ed odborn\u00e9 \u0161kole lze p\u0159ijmout uchaze\u010de, kte\u0159\u00ed z\u00edskali st\u0159edn\u00ed vzd\u011bl\u00e1n\u00ed s maturitn\u00ed zkou\u0161kou, a kte\u0159\u00ed p\u0159i p\u0159ij\u00edmac\u00edm \u0159\u00edzen\u00ed splnili podm\u00ednky pro p\u0159ijet\u00ed prok\u00e1z\u00e1n\u00ed vhodn\u00fdch schopnost\u00ed, v\u011bdomost\u00ed, z\u00e1jm\u016f <a href=\"https:\/\/www.vos-sosmost.cz\/index.php\/fek-zkracena-forma-vzdelavani\/\" class=\"read-more\">Read More &#8230;<\/a><\/p>\n","protected":false},"author":1,"featured_media":0,"parent":0,"menu_order":0,"comment_status":"closed","ping_status":"closed","template":"","meta":{"ngg_post_thumbnail":0,"footnotes":""},"class_list":["post-9300","page","type-page","status-publish","hentry"],"_links":{"self":[{"href":"https:\/\/www.vos-sosmost.cz\/index.php\/wp-json\/wp\/v2\/pages\/9300","targetHints":{"allow":["GET"]}}],"collection":[{"href":"https:\/\/www.vos-sosmost.cz\/index.php\/wp-json\/wp\/v2\/pages"}],"about":[{"href":"https:\/\/www.vos-sosmost.cz\/index.php\/wp-json\/wp\/v2\/types\/page"}],"author":[{"embeddable":true,"href":"https:\/\/www.vos-sosmost.cz\/index.php\/wp-json\/wp\/v2\/users\/1"}],"replies":[{"embeddable":true,"href":"https:\/\/www.vos-sosmost.cz\/index.php\/wp-json\/wp\/v2\/comments?post=9300"}],"version-history":[{"count":9,"href":"https:\/\/www.vos-sosmost.cz\/index.php\/wp-json\/wp\/v2\/pages\/9300\/revisions"}],"predecessor-version":[{"id":9385,"href":"https:\/\/www.vos-sosmost.cz\/index.php\/wp-json\/wp\/v2\/pages\/9300\/revisions\/9385"}],"wp:attachment":[{"href":"https:\/\/www.vos-sosmost.cz\/index.php\/wp-json\/wp\/v2\/media?parent=9300"}],"curies":[{"name":"wp","href":"https:\/\/api.w.org\/{rel}","templated":true}]}}