{"id":9169,"date":"2026-01-16T07:55:37","date_gmt":"2026-01-16T06:55:37","guid":{"rendered":"https:\/\/www.vos-sosmost.cz\/?page_id=9169"},"modified":"2026-01-16T07:58:12","modified_gmt":"2026-01-16T06:58:12","slug":"doplnujici-informace-k-prijimacimu-rizeni-pro-uchazece-ze-zahranici","status":"publish","type":"page","link":"https:\/\/www.vos-sosmost.cz\/index.php\/doplnujici-informace-k-prijimacimu-rizeni-pro-uchazece-ze-zahranici\/","title":{"rendered":"Dopl\u0148uj\u00edc\u00ed informace k p\u0159ij\u00edmac\u00edmu \u0159\u00edzen\u00ed pro uchaze\u010de ze zahrani\u010d\u00ed"},"content":{"rendered":"<p>Dopl\u0148uj\u00edc\u00ed krit\u00e9ria p\u0159ij\u00edmac\u00edho \u0159\u00edzen\u00ed pro \u0161koln\u00ed rok 2026-2027 &#8211; <a href=\"\/sos\/prijimacky\/1_doplnujici_kriteria.pdf\"><strong>ve form\u00e1tu PDF<\/strong><\/a><\/p>\n<p>Informace k p\u0159ij\u00edmac\u00edmu \u0159\u00edzen\u00ed do st\u0159edn\u00edho vzd\u011bl\u00e1v\u00e1n\u00ed uchaze\u010d\u016f ze zahrani\u010d\u00ed od 1. ledna 2026 &#8211; <a href=\"\/sos\/prijimacky\/2_Informace_uchazeci ze zahranici_2025-2026-1.pdf\"><strong>ve form\u00e1tu PDF<\/strong><\/a><\/p>\n<p>Opat\u0159en\u00ed obecn\u00e9 povahy &#8211; <a href=\"\/sos\/prijimacky\/3_OOP_LexII_PZ_2025-2026.pdf\"><strong>ve form\u00e1tu PDF<\/strong><\/a><\/p>\n<p>P\u0159ihl\u00e1\u0161ka ke vzd\u011bl\u00e1v\u00e1n\u00ed ve st\u0159edn\u00ed \u0161kole &#8211; <a href=\"\/sos\/prijimacky\/4_Prihlaska_2025-2026-3.pdf\"><strong>ve form\u00e1tu PDF<\/strong><\/a><\/p>\n<p>Doporu\u010den\u00ed \u0161kolsk\u00e9ho poradensk\u00e9ho za\u0159\u00edzen\u00ed pro \u00fapravu podm\u00ednek p\u0159ij\u00edm\u00e1n\u00ed ke vzd\u011bl\u00e1v\u00e1n\u00ed &#8211; <a href=\"\/sos\/prijimacky\/5_doporuceni_poradensk\u00e9ho_zarizeni.pdf\"><strong>ve form\u00e1tu PDF<\/strong><\/a><\/p>\n<p>Rozhovor nahrazuj\u00edc\u00ed p\u0159ij\u00edmac\u00ed zkou\u0161ku z \u010desk\u00e9ho jazyka &#8211; <a href=\"\/sos\/prijimacky\/6_rozhovor.pdf\"><strong>ve form\u00e1tu PDF<\/strong><\/a><\/p>\n","protected":false},"excerpt":{"rendered":"<p>Dopl\u0148uj\u00edc\u00ed krit\u00e9ria p\u0159ij\u00edmac\u00edho \u0159\u00edzen\u00ed pro \u0161koln\u00ed rok 2026-2027 &#8211; ve form\u00e1tu PDF Informace k p\u0159ij\u00edmac\u00edmu \u0159\u00edzen\u00ed do st\u0159edn\u00edho vzd\u011bl\u00e1v\u00e1n\u00ed uchaze\u010d\u016f ze zahrani\u010d\u00ed od 1. ledna 2026 &#8211; ve form\u00e1tu PDF Opat\u0159en\u00ed obecn\u00e9 povahy &#8211; ve form\u00e1tu PDF P\u0159ihl\u00e1\u0161ka ke vzd\u011bl\u00e1v\u00e1n\u00ed <a href=\"https:\/\/www.vos-sosmost.cz\/index.php\/doplnujici-informace-k-prijimacimu-rizeni-pro-uchazece-ze-zahranici\/\" class=\"read-more\">Read More &#8230;<\/a><\/p>\n","protected":false},"author":1,"featured_media":0,"parent":0,"menu_order":0,"comment_status":"closed","ping_status":"closed","template":"","meta":{"ngg_post_thumbnail":0,"footnotes":""},"class_list":["post-9169","page","type-page","status-publish","hentry"],"_links":{"self":[{"href":"https:\/\/www.vos-sosmost.cz\/index.php\/wp-json\/wp\/v2\/pages\/9169","targetHints":{"allow":["GET"]}}],"collection":[{"href":"https:\/\/www.vos-sosmost.cz\/index.php\/wp-json\/wp\/v2\/pages"}],"about":[{"href":"https:\/\/www.vos-sosmost.cz\/index.php\/wp-json\/wp\/v2\/types\/page"}],"author":[{"embeddable":true,"href":"https:\/\/www.vos-sosmost.cz\/index.php\/wp-json\/wp\/v2\/users\/1"}],"replies":[{"embeddable":true,"href":"https:\/\/www.vos-sosmost.cz\/index.php\/wp-json\/wp\/v2\/comments?post=9169"}],"version-history":[{"count":3,"href":"https:\/\/www.vos-sosmost.cz\/index.php\/wp-json\/wp\/v2\/pages\/9169\/revisions"}],"predecessor-version":[{"id":9172,"href":"https:\/\/www.vos-sosmost.cz\/index.php\/wp-json\/wp\/v2\/pages\/9169\/revisions\/9172"}],"wp:attachment":[{"href":"https:\/\/www.vos-sosmost.cz\/index.php\/wp-json\/wp\/v2\/media?parent=9169"}],"curies":[{"name":"wp","href":"https:\/\/api.w.org\/{rel}","templated":true}]}}