{"id":9007,"date":"2025-10-15T08:34:59","date_gmt":"2025-10-15T06:34:59","guid":{"rendered":"https:\/\/www.vos-sosmost.cz\/?page_id=9007"},"modified":"2025-10-21T08:30:57","modified_gmt":"2025-10-21T06:30:57","slug":"karierni-tym","status":"publish","type":"page","link":"https:\/\/www.vos-sosmost.cz\/index.php\/karierni-tym\/","title":{"rendered":"Kari\u00e9rn\u00ed t\u00fdm"},"content":{"rendered":"<p><img loading=\"lazy\" decoding=\"async\" class=\"aligncenter wp-image-9008 size-medium\" src=\"https:\/\/www.vos-sosmost.cz\/wp-content\/uploads\/2025\/10\/1-300x298.png\" alt=\"\" width=\"300\" height=\"298\" srcset=\"https:\/\/www.vos-sosmost.cz\/wp-content\/uploads\/2025\/10\/1-300x298.png 300w, https:\/\/www.vos-sosmost.cz\/wp-content\/uploads\/2025\/10\/1-150x150.png 150w, https:\/\/www.vos-sosmost.cz\/wp-content\/uploads\/2025\/10\/1-272x270.png 272w, https:\/\/www.vos-sosmost.cz\/wp-content\/uploads\/2025\/10\/1-24x24.png 24w, https:\/\/www.vos-sosmost.cz\/wp-content\/uploads\/2025\/10\/1-36x36.png 36w, https:\/\/www.vos-sosmost.cz\/wp-content\/uploads\/2025\/10\/1-48x48.png 48w, https:\/\/www.vos-sosmost.cz\/wp-content\/uploads\/2025\/10\/1.png 335w\" sizes=\"auto, (max-width: 300px) 100vw, 300px\" \/><\/p>\n<p>Kari\u00e9rov\u00e9 poradenstv\u00ed je jeden ze systematick\u00fdch&nbsp;podp\u016frn\u00fdch n\u00e1stroj\u016f pro \u017e\u00e1ky st\u0159edn\u00ed \u0161koly p\u0159i rozhodov\u00e1n\u00ed o budouc\u00ed profesn\u00ed dr\u00e1ze a osobn\u00edm rozvoji. Hraje kl\u00ed\u010dovou roli v&nbsp;oblasti orientace na trhu pr\u00e1ce, ale tak\u00e9 ve vlastn\u00edm sebepozn\u00e1v\u00e1n\u00ed a vyu\u017eit\u00ed vlastn\u00edho potenci\u00e1lu pro budoucnost. Z\u00e1kladn\u00edmi pil\u00ed\u0159i je tedy sebepozn\u00e1v\u00e1n\u00ed, orientace ve vzd\u011bl\u00e1vac\u00edch a pracovn\u00edch mo\u017enostech a rozvoj dovednost\u00ed pot\u0159ebn\u00fdch k&nbsp;efektivn\u00edmu rozhodov\u00e1n\u00ed. Jedn\u00edm z&nbsp;c\u00edl\u016f kari\u00e9rov\u00e9ho poradenstv\u00ed je tak\u00e9 prevence p\u0159ed\u010dasn\u00e9ho ukon\u010den\u00ed studia, hled\u00e1n\u00ed alternativ a pomoci. Kari\u00e9rov\u00e9 poradenstv\u00ed prob\u00edh\u00e1 individu\u00e1ln\u00ed nebo skupinovou formou, podle zvolen\u00e9ho t\u00e9matu a pot\u0159eb \u017e\u00e1k\u016f.<\/p>\n<p>Co nab\u00edz\u00ed kari\u00e9rov\u00e9 poradenstv\u00ed na st\u0159edn\u00ed \u0161kole?<\/p>\n<ol>\n<li>Sebepozn\u00e1n\u00ed \u2013 testov\u00e1n\u00ed, reflexe siln\u00fdch str\u00e1nek a hodnot, podpora p\u0159i hled\u00e1n\u00ed vlastn\u00ed cesty<\/li>\n<li>Informace o vzd\u011bl\u00e1vac\u00edch mo\u017enostech &#8211; p\u0159ehled obor\u016f a \u0161kol (S\u0160, VO\u0160, V\u0160), pomoc s v\u00fdb\u011brem vhodn\u00e9ho studijn\u00edho programu, pomoc p\u0159i vyhled\u00e1v\u00e1n\u00ed informac\u00ed o p\u0159ij\u00edmac\u00edm \u0159\u00edzen\u00ed a po\u017eadavc\u00edch<\/li>\n<li>Informace o pracovn\u00edm trhu &#8211; sezn\u00e1men\u00ed s profesemi a jejich n\u00e1pln\u00ed, trendy na trhu pr\u00e1ce, mo\u017enosti uplatn\u011bn\u00ed po \u0161kole<\/li>\n<li>Rozvoj dovednost\u00ed \u2013 tvorba \u017eivotopisu a motiva\u010dn\u00edho dopisu, n\u00e1cvik a p\u0159\u00edprava na pracovn\u00ed pohovor, rozvoj komunika\u010dn\u00edch a prezenta\u010dn\u00edch dovednost\u00ed<\/li>\n<li>Individu\u00e1ln\u00ed konzultace &#8211; osobn\u00ed rozhovory s&nbsp;kari\u00e9rovou poradkyn\u00ed, podpora p\u0159i rozhodov\u00e1n\u00ed o dal\u0161\u00edm sm\u011bru, \u0159e\u0161en\u00ed nejistot a obav spojen\u00fdch s budoucnost\u00ed<\/li>\n<li>Setk\u00e1n\u00ed s&nbsp;odborn\u00edky \u2013 \u00fa\u0159ady pr\u00e1ce, veletrhy vzd\u011bl\u00e1v\u00e1n\u00ed, besedy s&nbsp;lidmi z&nbsp;praxe<\/li>\n<li>Workshopy a projektov\u00e9 dny<\/li>\n<\/ol>\n<p><strong>\u010clenov\u00e9 t\u00fdmu<\/strong><\/p>\n<p><strong>Budova A<\/strong><\/p>\n<ul>\n<li>Mgr. Eva Povov\u00e1 \u2013 kari\u00e9rov\u00e1 poradkyn\u011b pro budovu A&nbsp;<\/li>\n<li>Mgr. Al\u017eb\u011bta B\u00edlkov\u00e1<\/li>\n<li>Mgr. Alena Kro\u010dilov\u00e1<\/li>\n<\/ul>\n<p><strong>Budova B<\/strong><\/p>\n<ul>\n<li>Mgr. Anna Milerov\u00e1 \u2013 kari\u00e9rov\u00e1 poradkyn\u011b pro budovu B<\/li>\n<li>Mgr. Marta Ga\u0161par\u00ednov\u00e1<\/li>\n<\/ul>\n<p>Cel\u00fd t\u00fdm za veden\u00ed \u0161koly koordinuje z\u00e1stupkyn\u011b \u0159editelky \u0161koly Mgr. Eli\u0161ka Pale\u010dkov\u00e1&nbsp;<\/p>\n","protected":false},"excerpt":{"rendered":"<p>Kari\u00e9rov\u00e9 poradenstv\u00ed je jeden ze systematick\u00fdch&nbsp;podp\u016frn\u00fdch n\u00e1stroj\u016f pro \u017e\u00e1ky st\u0159edn\u00ed \u0161koly p\u0159i rozhodov\u00e1n\u00ed o budouc\u00ed profesn\u00ed dr\u00e1ze a osobn\u00edm rozvoji. Hraje kl\u00ed\u010dovou roli v&nbsp;oblasti orientace na trhu pr\u00e1ce, ale tak\u00e9 ve vlastn\u00edm sebepozn\u00e1v\u00e1n\u00ed a vyu\u017eit\u00ed vlastn\u00edho potenci\u00e1lu pro budoucnost. Z\u00e1kladn\u00edmi <a href=\"https:\/\/www.vos-sosmost.cz\/index.php\/karierni-tym\/\" class=\"read-more\">Read More &#8230;<\/a><\/p>\n","protected":false},"author":1,"featured_media":0,"parent":0,"menu_order":0,"comment_status":"closed","ping_status":"closed","template":"","meta":{"ngg_post_thumbnail":0,"footnotes":""},"class_list":["post-9007","page","type-page","status-publish","hentry"],"_links":{"self":[{"href":"https:\/\/www.vos-sosmost.cz\/index.php\/wp-json\/wp\/v2\/pages\/9007","targetHints":{"allow":["GET"]}}],"collection":[{"href":"https:\/\/www.vos-sosmost.cz\/index.php\/wp-json\/wp\/v2\/pages"}],"about":[{"href":"https:\/\/www.vos-sosmost.cz\/index.php\/wp-json\/wp\/v2\/types\/page"}],"author":[{"embeddable":true,"href":"https:\/\/www.vos-sosmost.cz\/index.php\/wp-json\/wp\/v2\/users\/1"}],"replies":[{"embeddable":true,"href":"https:\/\/www.vos-sosmost.cz\/index.php\/wp-json\/wp\/v2\/comments?post=9007"}],"version-history":[{"count":2,"href":"https:\/\/www.vos-sosmost.cz\/index.php\/wp-json\/wp\/v2\/pages\/9007\/revisions"}],"predecessor-version":[{"id":9019,"href":"https:\/\/www.vos-sosmost.cz\/index.php\/wp-json\/wp\/v2\/pages\/9007\/revisions\/9019"}],"wp:attachment":[{"href":"https:\/\/www.vos-sosmost.cz\/index.php\/wp-json\/wp\/v2\/media?parent=9007"}],"curies":[{"name":"wp","href":"https:\/\/api.w.org\/{rel}","templated":true}]}}