{"id":8385,"date":"2024-11-08T07:48:38","date_gmt":"2024-11-08T06:48:38","guid":{"rendered":"https:\/\/www.vos-sosmost.cz\/?page_id=8385"},"modified":"2025-08-25T07:51:45","modified_gmt":"2025-08-25T05:51:45","slug":"prijimaci-rizeni-vos-2025-2026","status":"publish","type":"page","link":"https:\/\/www.vos-sosmost.cz\/index.php\/vyssi-odborna-skola\/uchazec\/prijimaci-rizeni-vos-2025-2026\/","title":{"rendered":"P\u0159ij\u00edmac\u00ed \u0159\u00edzen\u00ed VO\u0160 2025\/2026"},"content":{"rendered":"<p>\u0158editelka \u0161koly vyhla\u0161uje na z\u00e1klad\u011b ustanoven\u00ed \u00a7 93 a n\u00e1sl. z\u00e1kona \u010d. 561\/2004 Sb., o p\u0159ed\u0161koln\u00edm, z\u00e1kladn\u00edm, st\u0159edn\u00edm, vy\u0161\u0161\u00edm odborn\u00e9m a jin\u00e9m vzd\u011bl\u00e1v\u00e1n\u00ed (\u0161kolsk\u00fd z\u00e1kon) a ustanoven\u00ed \u00a7 2 vyhl\u00e1\u0161ky \u010d. 10\/2005 Sb., o vy\u0161\u0161\u00edm odborn\u00e9m vzd\u011bl\u00e1v\u00e1n\u00ed podm\u00ednky pro p\u0159ij\u00edmac\u00ed \u0159\u00edzen\u00ed ve \u0161koln\u00edm roce 2024\/2025 pro \u0161koln\u00ed rok 2025\/2026 do p\u0159\u00edslu\u0161n\u00e9ho vzd\u011bl\u00e1vac\u00edho programu a formy vzd\u011bl\u00e1n\u00ed:<\/p>\n<ol>\n<li>Soci\u00e1ln\u011b pr\u00e1vn\u00ed \u010dinnost \u2013 <a href=\"https:\/\/www.vos-sosmost.cz\/index.php\/vyssi-odborna-skola\/uchazec\/spc-denni\/\"><strong>denn\u00ed<\/strong><\/a>, <a href=\"https:\/\/www.vos-sosmost.cz\/index.php\/vyssi-odborna-skola\/uchazec\/spc-dalkova\/\"><strong>d\u00e1lkov\u00e1<\/strong><\/a><\/li>\n<li>Firemn\u00ed ekonomika \u2013 <a href=\"https:\/\/www.vos-sosmost.cz\/index.php\/vyssi-odborna-skola\/uchazec\/fek-pra-denni\/\"><strong>denn\u00ed<\/strong><\/a>, <a href=\"https:\/\/www.vos-sosmost.cz\/index.php\/vyssi-odborna-skola\/uchazec\/fek-pra-dalkova\/\"><strong>d\u00e1lkov\u00e1<\/strong><\/a><\/li>\n<li>P\u0159ed\u0161koln\u00ed a mimo\u0161koln\u00ed pedagogika \u2013 <a href=\"https:\/\/www.vos-sosmost.cz\/index.php\/vyssi-odborna-skola\/uchazec\/pmp-denni\/\"><strong>denn\u00ed<\/strong><\/a>, <a href=\"https:\/\/www.vos-sosmost.cz\/index.php\/vyssi-odborna-skola\/uchazec\/pmp-dalkova\/\"><strong>d\u00e1lkov\u00e1<\/strong><\/a><\/li>\n<li>Diplomovan\u00e1 v\u0161eobecn\u00e1 sestra \u2013 <a href=\"https:\/\/www.vos-sosmost.cz\/index.php\/vyssi-odborna-skola\/uchazec\/dvs-denni\/\"><strong>denn\u00ed<\/strong><\/a>, <a href=\"https:\/\/www.vos-sosmost.cz\/index.php\/vyssi-odborna-skola\/uchazec\/dvs-kombinovana\/\"><strong>kombinovan\u00e1<\/strong><\/a><\/li>\n<li>Diplomovan\u00e1 d\u011btsk\u00e1 sestra &#8211; <a href=\"https:\/\/www.vos-sosmost.cz\/index.php\/vyssi-odborna-skola\/uchazec\/dds-kombinovana\/\"><strong>kombinovan\u00e1<\/strong><\/a><\/li>\n<li>Diplomovan\u00fd nutri\u010dn\u00ed terapeut \u2013&nbsp;<a href=\"https:\/\/www.vos-sosmost.cz\/index.php\/vyssi-odborna-skola\/uchazec\/dnt-kombinovana\/\"><strong>kombinovan\u00e1<\/strong><\/a><\/li>\n<\/ol>\n<h2>Informace o po\u010dtu p\u0159ij\u00edman\u00fdch uchaze\u010d\u016f pro \u0161koln\u00ed rok 2025\/2026<\/h2>\n<p align=\"justify\">\u0158editelka \u0161koly oznamuje, \u017ee na z\u00e1klad\u011b ustanoven\u00ed \u00a7 93 a n\u00e1sl. z\u00e1kona \u010d. 561\/2004 Sb., o p\u0159ed\u0161koln\u00edm, z\u00e1kladn\u00edm, st\u0159edn\u00edm, vy\u0161\u0161\u00edm odborn\u00e9m a jin\u00e9m vzd\u011bl\u00e1v\u00e1n\u00ed (\u0161kolsk\u00fd z\u00e1kon) a ustanoven\u00ed \u00a7 2 vyhl\u00e1\u0161ky \u010d. 10\/2005 Sb., o vy\u0161\u0161\u00edm odborn\u00e9m vzd\u011bl\u00e1v\u00e1n\u00ed, se nejvy\u0161\u0161\u00ed mo\u017en\u00fd po\u010det p\u0159ij\u00edman\u00fdch uchaze\u010d\u016f pro p\u0159ij\u00edmac\u00ed \u0159\u00edzen\u00ed ve \u0161koln\u00edm roce 2024\/2025 pro \u0161koln\u00ed rok 2025\/2026 do p\u0159\u00edslu\u0161n\u00e9ho vzd\u011bl\u00e1vac\u00edho programu a formy vzd\u011bl\u00e1n\u00ed stanovuje takto:<\/p>\n<table border=\"1\" align=\"center\">\n<tbody>\n<tr>\n<td align=\"center\"><b>K\u00f3d oboru<\/b><\/td>\n<td align=\"center\"><b>N\u00e1zev oboru<\/b><\/td>\n<td align=\"center\"><b>Forma vzd\u011bl\u00e1v\u00e1n\u00ed<\/b><\/td>\n<td align=\"center\"><b>Po\u010det p\u0159ij\u00edman\u00fdch<\/b><\/td>\n<\/tr>\n<tr>\n<td align=\"center\"><b>75-32-N\/05<\/b><\/td>\n<td><b>Soci\u00e1ln\u011b pr\u00e1vn\u00ed \u010dinnost<\/b><\/td>\n<td align=\"center\"><b>Denn\u00ed t\u0159\u00edlet\u00e1<\/b><\/td>\n<td align=\"center\">34<\/td>\n<\/tr>\n<tr>\n<td align=\"center\"><b>75-32-N\/05<\/b><\/td>\n<td><b>Soci\u00e1ln\u011b pr\u00e1vn\u00ed \u010dinnost<\/b><\/td>\n<td align=\"center\"><b>D\u00e1lkov\u00e1 t\u0159\u00edlet\u00e1<\/b><\/td>\n<td align=\"center\">40<\/td>\n<\/tr>\n<tr>\n<td align=\"center\"><b>63-41-N\/11<\/b><\/td>\n<td><b>Firemn\u00ed ekonomika<\/b><\/td>\n<td align=\"center\"><b>Denn\u00ed t\u0159\u00edlet\u00e1<\/b><\/td>\n<td align=\"center\">34<\/td>\n<\/tr>\n<tr>\n<td align=\"center\"><b>63-41-N\/11<\/b><\/td>\n<td><b>Firemn\u00ed ekonomika<\/b><\/td>\n<td align=\"center\"><b>D\u00e1lkov\u00e1 t\u0159\u00edlet\u00e1<\/b><\/td>\n<td align=\"center\">40<\/td>\n<\/tr>\n<tr>\n<td align=\"center\"><del><b>68-41-N\/05<\/b><\/del><\/td>\n<td><del><b>Pr\u00e1vn\u00ed asistence<\/b><\/del><\/td>\n<td align=\"center\"><del><b>Denn\u00ed t\u0159\u00edlet\u00e1<\/b><\/del><\/td>\n<td align=\"center\"><del>34<\/del><\/td>\n<\/tr>\n<tr>\n<td align=\"center\"><del><b>68-41-N\/05<\/b><\/del><\/td>\n<td><del><b>Pr\u00e1vn\u00ed asistence<\/b><\/del><\/td>\n<td align=\"center\"><del><b>D\u00e1lkov\u00e1 t\u0159\u00edlet\u00e1<\/b><\/del><\/td>\n<td align=\"center\"><del>40<\/del><\/td>\n<\/tr>\n<tr>\n<td align=\"center\"><b>75-31-N\/03<\/b><\/td>\n<td><b>P\u0159ed\u0161koln\u00ed a mimo\u0161koln\u00ed pedagogika<\/b><\/td>\n<td align=\"center\"><b>Denn\u00ed t\u0159\u00edlet\u00e1<\/b><\/td>\n<td align=\"center\">34<\/td>\n<\/tr>\n<tr>\n<td align=\"center\"><b>75-31-N\/03<\/b><\/td>\n<td><b>P\u0159ed\u0161koln\u00ed a mimo\u0161koln\u00ed pedagogika<\/b><\/td>\n<td align=\"center\"><b>D\u00e1lkov\u00e1 t\u0159\u00edlet\u00e1<\/b><\/td>\n<td align=\"center\">40<\/td>\n<\/tr>\n<tr>\n<td align=\"center\"><strong>53-41-N\/11<\/strong><\/td>\n<td><b>Diplomovan\u00e1 v\u0161eobecn\u00e1 sestra<\/b><\/td>\n<td align=\"center\"><b>Denn\u00ed t\u0159\u00edlet\u00e1<\/b><\/td>\n<td align=\"center\">34<\/td>\n<\/tr>\n<tr>\n<td align=\"center\"><strong>53-41-N\/11<\/strong><\/td>\n<td><b>Diplomovan\u00e1 v\u0161eobecn\u00e1 sestra<\/b><\/td>\n<td align=\"center\"><b>Kombinovan\u00e1 3,5let\u00e1<\/b><\/td>\n<td align=\"center\">40<\/td>\n<\/tr>\n<tr>\n<td align=\"center\"><del><strong>53-41-N\/51<\/strong><\/del><\/td>\n<td><del><b>Diplomovan\u00e1 d\u011btsk\u00e1 sestra<\/b><\/del><\/td>\n<td align=\"center\"><del><b>Denn\u00ed t\u0159\u00edlet\u00e1<\/b><\/del><\/td>\n<td align=\"center\"><del>34<\/del><\/td>\n<\/tr>\n<tr>\n<td align=\"center\"><strong>53-41-N\/51<\/strong><\/td>\n<td><b>Diplomovan\u00e1 d\u011btsk\u00e1 sestra<\/b><\/td>\n<td align=\"center\"><b>Kombinovan\u00e1 3let\u00e1<\/b><\/td>\n<td align=\"center\">40<\/td>\n<\/tr>\n<tr>\n<td align=\"center\"><del><strong>53-41-N\/11<\/strong><\/del><\/td>\n<td><del><b>Diplomovan\u00fd nutri\u010dn\u00ed terapeut<\/b><\/del><\/td>\n<td align=\"center\"><del><b>Denn\u00ed t\u0159\u00edlet\u00e1<\/b><\/del><\/td>\n<td align=\"center\"><del>34<\/del><\/td>\n<\/tr>\n<tr>\n<td align=\"center\"><strong>53-41-N\/11<\/strong><\/td>\n<td><b>Diplomovan\u00fd nutri\u010dn\u00ed terapeut<br \/>\n<\/b><\/td>\n<td align=\"center\"><b>Kombinovan\u00e1 3let\u00e1<\/b><\/td>\n<td align=\"center\">40<\/td>\n<\/tr>\n<\/tbody>\n<\/table>\n<p>\u0160kola si vyhrazuje pr\u00e1vo neotev\u0159\u00edt ty obory vzd\u011bl\u00e1n\u00ed, na kter\u00e9 nebude dostate\u010dn\u00fd po\u010det z\u00e1jemc\u016f.<\/p>\n<p>V Most\u011b dne 1. 3. 2025<\/p>\n<p align=\"left\">Ing. Jitka Ha\u0161kov\u00e1<\/p>\n<p align=\"left\">\u0159editelka \u0161koly<\/p>\n","protected":false},"excerpt":{"rendered":"<p>\u0158editelka \u0161koly vyhla\u0161uje na z\u00e1klad\u011b ustanoven\u00ed \u00a7 93 a n\u00e1sl. z\u00e1kona \u010d. 561\/2004 Sb., o p\u0159ed\u0161koln\u00edm, z\u00e1kladn\u00edm, st\u0159edn\u00edm, vy\u0161\u0161\u00edm odborn\u00e9m a jin\u00e9m vzd\u011bl\u00e1v\u00e1n\u00ed (\u0161kolsk\u00fd z\u00e1kon) a ustanoven\u00ed \u00a7 2 vyhl\u00e1\u0161ky \u010d. 10\/2005 Sb., o vy\u0161\u0161\u00edm odborn\u00e9m vzd\u011bl\u00e1v\u00e1n\u00ed podm\u00ednky pro p\u0159ij\u00edmac\u00ed <a href=\"https:\/\/www.vos-sosmost.cz\/index.php\/vyssi-odborna-skola\/uchazec\/prijimaci-rizeni-vos-2025-2026\/\" class=\"read-more\">Read More &#8230;<\/a><\/p>\n","protected":false},"author":2,"featured_media":8557,"parent":2336,"menu_order":0,"comment_status":"closed","ping_status":"closed","template":"","meta":{"ngg_post_thumbnail":0,"footnotes":""},"class_list":["post-8385","page","type-page","status-publish","has-post-thumbnail","hentry"],"_links":{"self":[{"href":"https:\/\/www.vos-sosmost.cz\/index.php\/wp-json\/wp\/v2\/pages\/8385","targetHints":{"allow":["GET"]}}],"collection":[{"href":"https:\/\/www.vos-sosmost.cz\/index.php\/wp-json\/wp\/v2\/pages"}],"about":[{"href":"https:\/\/www.vos-sosmost.cz\/index.php\/wp-json\/wp\/v2\/types\/page"}],"author":[{"embeddable":true,"href":"https:\/\/www.vos-sosmost.cz\/index.php\/wp-json\/wp\/v2\/users\/2"}],"replies":[{"embeddable":true,"href":"https:\/\/www.vos-sosmost.cz\/index.php\/wp-json\/wp\/v2\/comments?post=8385"}],"version-history":[{"count":12,"href":"https:\/\/www.vos-sosmost.cz\/index.php\/wp-json\/wp\/v2\/pages\/8385\/revisions"}],"predecessor-version":[{"id":8804,"href":"https:\/\/www.vos-sosmost.cz\/index.php\/wp-json\/wp\/v2\/pages\/8385\/revisions\/8804"}],"up":[{"embeddable":true,"href":"https:\/\/www.vos-sosmost.cz\/index.php\/wp-json\/wp\/v2\/pages\/2336"}],"wp:featuredmedia":[{"embeddable":true,"href":"https:\/\/www.vos-sosmost.cz\/index.php\/wp-json\/wp\/v2\/media\/8557"}],"wp:attachment":[{"href":"https:\/\/www.vos-sosmost.cz\/index.php\/wp-json\/wp\/v2\/media?parent=8385"}],"curies":[{"name":"wp","href":"https:\/\/api.w.org\/{rel}","templated":true}]}}