{"id":8271,"date":"2024-10-04T12:13:47","date_gmt":"2024-10-04T10:13:47","guid":{"rendered":"https:\/\/www.vos-sosmost.cz\/?page_id=8271"},"modified":"2024-10-04T12:14:05","modified_gmt":"2024-10-04T10:14:05","slug":"edupal","status":"publish","type":"page","link":"https:\/\/www.vos-sosmost.cz\/index.php\/projekty\/edupal\/","title":{"rendered":"Edupal"},"content":{"rendered":"<p><span style=\"font-size: 14pt;\"><strong>Projekt EDUPAL (edukace v paliativn\u00ed p\u00e9\u010di)<\/strong><\/span><\/p>\n<p>Grant Nadace rodiny Vl\u010dkov\u00fdch<\/p>\n<p>P\u0159\u00edjemce Vy\u0161\u0161\u00ed odborn\u00e1 \u0161kola Most<\/p>\n<p>Term\u00edn trv\u00e1n\u00ed projektu 1. 9. 2024 \u2013 31. 8. 2026<\/p>\n<p>Finan\u010dn\u00ed p\u0159\u00edsp\u011bvek ve v\u00fd\u0161i 1 116 200 K\u010d<\/p>\n<p>Hlavn\u00edm c\u00edlem projektu EDUPAL, kter\u00fd vych\u00e1z\u00ed z motta \u201e\u0160KOLA M\u016e\u017dE A POM\u016e\u017dE\u201c je:<\/p>\n<ul style=\"list-style-type: disc;\">\n<li>Prohlouben\u00ed vzd\u011bl\u00e1n\u00ed odborn\u00fdch u\u010ditel\u016f VO\u0160 jak v teoretick\u00e9, tak zejm\u00e9na v oblasti praktick\u00e9 realizace DPP.<\/li>\n<li>Zas\u00ed\u0165ov\u00e1n\u00ed spolupr\u00e1ce v oblasti DPP se zdravotnick\u00fdmi a soci\u00e1ln\u00edmi institucemi, laickou ve\u0159ejnost\u00ed.<\/li>\n<li>Implementace tematiky d\u011btsk\u00e9 paliativn\u00ed p\u00e9\u010de do profilu absolventa studenta oboru vzd\u011bl\u00e1n\u00ed:\n<ul style=\"list-style-type: circle;\">\n<li>diplomovan\u00e1 d\u011btsk\u00e1 sestra,<\/li>\n<li>diplomovan\u00e1 v\u0161eobecn\u00e1 sestra,<\/li>\n<li>soci\u00e1ln\u011b pr\u00e1vn\u00ed \u010dinnost.<\/li>\n<\/ul>\n<\/li>\n<\/ul>\n<p>Projekt EDUPAL obsahuje dva z\u00e1kladn\u00ed sm\u011bry, kter\u00e9 maj\u00ed v\u00e9st k podpo\u0159e d\u011btsk\u00e9 paliativn\u00ed p\u00e9\u010de (d\u00e1le DPP). Prvn\u00edm sm\u011brem je orientace na implementaci DPP do zdravotnick\u00fdch a soci\u00e1ln\u00edch vzd\u011bl\u00e1vac\u00edch program\u016f \u0161koly. Projektov\u00e9 aktivity budou sm\u011b\u0159ovat zejm\u00e9na do v\u00fduky vy\u0161\u0161\u00edho odborn\u00e9ho vzd\u011bl\u00e1v\u00e1n\u00ed nap\u0159\u00ed\u010d obory Diplomovan\u00e1 d\u011btsk\u00e1 sestra, Diplomovan\u00e1 v\u0161eobecn\u00e1 sestra a Soci\u00e1ln\u011b pr\u00e1vn\u00ed \u010dinnost.<\/p>\n<p>Druh\u00fdm sm\u011brem na\u0161eho projektu je vybudov\u00e1n\u00ed s\u00edt\u011b partner\u016f, se kter\u00fdmi bude prob\u00edhat spolupr\u00e1ce formou odborn\u00fdch prax\u00ed student\u016f, spolupr\u00e1ce pro zaji\u0161t\u011bn\u00ed odborn\u00edk\u016f z praxe do v\u00fduky, tandemov\u00e9 vzd\u011bl\u00e1v\u00e1n\u00ed, spolupr\u00e1ce p\u0159i veden\u00ed \/oponov\u00e1n\u00ed absolventsk\u00fdch prac\u00ed, spolupr\u00e1ce p\u0159i zaji\u0161\u0165ov\u00e1n\u00ed exkurz\u00ed a st\u00e1\u017e\u00ed, osv\u011btov\u00fdch konferenc\u00ed pro ve\u0159ejnost. Tento sm\u011br bude m\u00edt extern\u00ed, multidisciplin\u00e1rn\u00ed charakter.<\/p>\n","protected":false},"excerpt":{"rendered":"<p>Projekt EDUPAL (edukace v paliativn\u00ed p\u00e9\u010di) Grant Nadace rodiny Vl\u010dkov\u00fdch P\u0159\u00edjemce Vy\u0161\u0161\u00ed odborn\u00e1 \u0161kola Most Term\u00edn trv\u00e1n\u00ed projektu 1. 9. 2024 \u2013 31. 8. 2026 Finan\u010dn\u00ed p\u0159\u00edsp\u011bvek ve v\u00fd\u0161i 1 116 200 K\u010d Hlavn\u00edm c\u00edlem projektu EDUPAL, kter\u00fd vych\u00e1z\u00ed z <a href=\"https:\/\/www.vos-sosmost.cz\/index.php\/projekty\/edupal\/\" class=\"read-more\">Read More &#8230;<\/a><\/p>\n","protected":false},"author":2,"featured_media":0,"parent":857,"menu_order":0,"comment_status":"closed","ping_status":"closed","template":"","meta":{"ngg_post_thumbnail":0,"footnotes":""},"class_list":["post-8271","page","type-page","status-publish","hentry"],"_links":{"self":[{"href":"https:\/\/www.vos-sosmost.cz\/index.php\/wp-json\/wp\/v2\/pages\/8271","targetHints":{"allow":["GET"]}}],"collection":[{"href":"https:\/\/www.vos-sosmost.cz\/index.php\/wp-json\/wp\/v2\/pages"}],"about":[{"href":"https:\/\/www.vos-sosmost.cz\/index.php\/wp-json\/wp\/v2\/types\/page"}],"author":[{"embeddable":true,"href":"https:\/\/www.vos-sosmost.cz\/index.php\/wp-json\/wp\/v2\/users\/2"}],"replies":[{"embeddable":true,"href":"https:\/\/www.vos-sosmost.cz\/index.php\/wp-json\/wp\/v2\/comments?post=8271"}],"version-history":[{"count":1,"href":"https:\/\/www.vos-sosmost.cz\/index.php\/wp-json\/wp\/v2\/pages\/8271\/revisions"}],"predecessor-version":[{"id":8272,"href":"https:\/\/www.vos-sosmost.cz\/index.php\/wp-json\/wp\/v2\/pages\/8271\/revisions\/8272"}],"up":[{"embeddable":true,"href":"https:\/\/www.vos-sosmost.cz\/index.php\/wp-json\/wp\/v2\/pages\/857"}],"wp:attachment":[{"href":"https:\/\/www.vos-sosmost.cz\/index.php\/wp-json\/wp\/v2\/media?parent=8271"}],"curies":[{"name":"wp","href":"https:\/\/api.w.org\/{rel}","templated":true}]}}