{"id":825,"date":"2018-02-11T14:48:14","date_gmt":"2018-02-11T13:48:14","guid":{"rendered":"https:\/\/www.vos-sosmost.cz\/?page_id=825"},"modified":"2025-02-05T09:36:35","modified_gmt":"2025-02-05T08:36:35","slug":"kontakt","status":"publish","type":"page","link":"https:\/\/www.vos-sosmost.cz\/index.php\/domov-mladeze\/kontakt\/","title":{"rendered":"Kontakt"},"content":{"rendered":"<p><strong>P\u0159ihl\u00e1\u0161ky zas\u00edlejte vedouc\u00ed vychovatelce Karin Mitkov\u00e9 na e-mail mitkova (zavinac) vos-sosmost.cz.<\/strong><\/p>\n<table style=\"width: 73.5231%;\">\n<tbody>\n<tr style=\"background-color: #5a5a5a;\">\n<td style=\"width: 46.2783%; text-align: center;\"><span style=\"color: #ffffff;\"><strong>Budova C<\/strong><\/span><\/td>\n<td style=\"width: 71.6828%; text-align: center;\"><span style=\"color: #ffffff;\"><strong>Domov ml\u00e1de\u017ee<\/strong><\/span><\/td>\n<\/tr>\n<tr>\n<td style=\"width: 46.2783%;\"><a href=\"https:\/\/mapy.cz\/zakladni?x=13.6306564&amp;y=50.5076634&amp;z=17&amp;l=0&amp;source=addr&amp;id=9596446\" target=\"_blank\" rel=\"noopener noreferrer\">mapa<\/a><\/td>\n<td style=\"width: 71.6828%;\">J. E. Purkyn\u011b 271 , 434 01 Most<\/td>\n<\/tr>\n<tr>\n<td style=\"width: 46.2783%;\">&nbsp;Ubytov\u00e1n\u00ed:<\/td>\n<td style=\"width: 71.6828%;\">Vedouc\u00ed domova ml\u00e1de\u017ee <strong>Ivana \u017dilkov\u00e1 <\/strong><\/p>\n<p>tel.: 417 637 477, linka 178<\/p>\n<p>e-mail: zilkova (zavinac) vos-sosmost.cz<\/td>\n<\/tr>\n<tr>\n<td style=\"width: 46.2783%;\">&nbsp;Stravov\u00e1n\u00ed:<\/td>\n<td style=\"width: 71.6828%;\">Vedouc\u00ed \u0161koln\u00ed j\u00eddelny <strong>Ing. Barbora Kunov\u00e1 <\/strong><\/p>\n<p>tel.: 417 637 477, linka 178<\/p>\n<p>e-mail: kunova (zavinac) vos-sosmost.cz<\/td>\n<\/tr>\n<tr>\n<td style=\"width: 46.2783%;\">&nbsp;Vedouc\u00ed vychovatelka DM:<\/td>\n<td style=\"width: 71.6828%;\"><strong>Karin Mitkov\u00e1 <\/strong><\/p>\n<p>tel.: 417 637 477, linka 179<\/p>\n<p>e-mail: mitkova (zavinac) vos-sosmost.cz<\/td>\n<\/tr>\n<tr>\n<td style=\"width: 46.2783%;\">&nbsp;Sborovna vychovatelek:<\/td>\n<td style=\"width: 71.6828%;\">&nbsp;tel.: 417 637 477, linka 183<\/td>\n<\/tr>\n<tr>\n<td style=\"width: 46.2783%;\">&nbsp;Mobil DM:<\/td>\n<td style=\"width: 71.6828%;\">&nbsp;608 055 137<\/td>\n<\/tr>\n<\/tbody>\n<\/table>\n<p>&nbsp;<\/p>\n<table style=\"width: 73.7902%; height: 144px;\" border=\"0\" width=\"523\">\n<tbody>\n<tr style=\"background-color: #5e5a5a;\">\n<th style=\"width: 136.6%; height: 24px;\" colspan=\"2\"><span style=\"color: #ffffff;\">Vychovatelky<\/span><\/th>\n<\/tr>\n<tr style=\"background-color: #000000;\">\n<th style=\"background-color: #ffffff; height: 24px; width: 62.8726%;\" align=\"left\">Karin Mitkov\u00e1<\/th>\n<th style=\"background-color: #ffffff; height: 24px; width: 73.7276%;\"><img loading=\"lazy\" decoding=\"async\" class=\"alignnone wp-image-7311\" src=\"https:\/\/www.vos-sosmost.cz\/wp-content\/uploads\/2023\/09\/Mitkova-225x300.jpg\" alt=\"\" width=\"120\" height=\"160\" srcset=\"https:\/\/www.vos-sosmost.cz\/wp-content\/uploads\/2023\/09\/Mitkova-225x300.jpg 225w, https:\/\/www.vos-sosmost.cz\/wp-content\/uploads\/2023\/09\/Mitkova-203x270.jpg 203w, https:\/\/www.vos-sosmost.cz\/wp-content\/uploads\/2023\/09\/Mitkova-18x24.jpg 18w, https:\/\/www.vos-sosmost.cz\/wp-content\/uploads\/2023\/09\/Mitkova-27x36.jpg 27w, https:\/\/www.vos-sosmost.cz\/wp-content\/uploads\/2023\/09\/Mitkova-36x48.jpg 36w, https:\/\/www.vos-sosmost.cz\/wp-content\/uploads\/2023\/09\/Mitkova.jpg 300w\" sizes=\"auto, (max-width: 120px) 100vw, 120px\" \/><\/th>\n<\/tr>\n<tr style=\"background-color: #000000;\">\n<th style=\"background-color: #ffffff; height: 24px; width: 62.8726%;\" align=\"left\">Miroslava Mu\u017e\u00edkov\u00e1<\/th>\n<th style=\"background-color: #ffffff; height: 24px; width: 73.7276%;\"><img loading=\"lazy\" decoding=\"async\" class=\"alignnone wp-image-7315\" src=\"https:\/\/www.vos-sosmost.cz\/wp-content\/uploads\/2023\/09\/Leskova-225x300.jpg\" alt=\"\" width=\"120\" height=\"160\" srcset=\"https:\/\/www.vos-sosmost.cz\/wp-content\/uploads\/2023\/09\/Leskova-225x300.jpg 225w, https:\/\/www.vos-sosmost.cz\/wp-content\/uploads\/2023\/09\/Leskova-203x270.jpg 203w, https:\/\/www.vos-sosmost.cz\/wp-content\/uploads\/2023\/09\/Leskova-18x24.jpg 18w, https:\/\/www.vos-sosmost.cz\/wp-content\/uploads\/2023\/09\/Leskova-27x36.jpg 27w, https:\/\/www.vos-sosmost.cz\/wp-content\/uploads\/2023\/09\/Leskova-36x48.jpg 36w, https:\/\/www.vos-sosmost.cz\/wp-content\/uploads\/2023\/09\/Leskova.jpg 300w\" sizes=\"auto, (max-width: 120px) 100vw, 120px\" \/><\/th>\n<\/tr>\n<tr style=\"background-color: #000000;\">\n<th style=\"background-color: #ffffff; height: 24px; width: 62.8726%;\" align=\"left\" bgcolor=\"#ccffff\">Abigail Elizabeth Petr\u00e1kov\u00e1<\/th>\n<th style=\"background-color: #ffffff; width: 73.7276%; height: 24px;\"><img loading=\"lazy\" decoding=\"async\" class=\"alignnone wp-image-7312\" src=\"https:\/\/www.vos-sosmost.cz\/wp-content\/uploads\/2023\/09\/Petrakova-225x300.jpg\" alt=\"\" width=\"120\" height=\"160\" srcset=\"https:\/\/www.vos-sosmost.cz\/wp-content\/uploads\/2023\/09\/Petrakova-225x300.jpg 225w, https:\/\/www.vos-sosmost.cz\/wp-content\/uploads\/2023\/09\/Petrakova-203x270.jpg 203w, https:\/\/www.vos-sosmost.cz\/wp-content\/uploads\/2023\/09\/Petrakova-18x24.jpg 18w, https:\/\/www.vos-sosmost.cz\/wp-content\/uploads\/2023\/09\/Petrakova-27x36.jpg 27w, https:\/\/www.vos-sosmost.cz\/wp-content\/uploads\/2023\/09\/Petrakova-36x48.jpg 36w, https:\/\/www.vos-sosmost.cz\/wp-content\/uploads\/2023\/09\/Petrakova.jpg 300w\" sizes=\"auto, (max-width: 120px) 100vw, 120px\" \/><\/th>\n<\/tr>\n<tr style=\"background-color: #000000;\">\n<th style=\"background-color: #ffffff; height: 24px; width: 62.8726%;\" align=\"left\" bgcolor=\"#ccffff\">Mark\u00e9ta Dobrevov\u00e1<\/th>\n<th style=\"background-color: #ffffff; width: 73.7276%; height: 24px;\"><img loading=\"lazy\" decoding=\"async\" class=\"alignnone wp-image-7313\" src=\"https:\/\/www.vos-sosmost.cz\/wp-content\/uploads\/2023\/09\/Dobrevova-225x300.jpg\" alt=\"\" width=\"120\" height=\"160\" srcset=\"https:\/\/www.vos-sosmost.cz\/wp-content\/uploads\/2023\/09\/Dobrevova-225x300.jpg 225w, https:\/\/www.vos-sosmost.cz\/wp-content\/uploads\/2023\/09\/Dobrevova-203x270.jpg 203w, https:\/\/www.vos-sosmost.cz\/wp-content\/uploads\/2023\/09\/Dobrevova-18x24.jpg 18w, https:\/\/www.vos-sosmost.cz\/wp-content\/uploads\/2023\/09\/Dobrevova-27x36.jpg 27w, https:\/\/www.vos-sosmost.cz\/wp-content\/uploads\/2023\/09\/Dobrevova-36x48.jpg 36w, https:\/\/www.vos-sosmost.cz\/wp-content\/uploads\/2023\/09\/Dobrevova.jpg 300w\" sizes=\"auto, (max-width: 120px) 100vw, 120px\" \/><\/th>\n<\/tr>\n<tr>\n<th style=\"background-color: #ffffff; width: 62.8726%; text-align: center;\">Miroslava Dvo\u0159\u00e1kov\u00e1<\/th>\n<th style=\"background-color: #ffffff; width: 73.7276%;\"><img loading=\"lazy\" decoding=\"async\" class=\"alignnone wp-image-8511\" src=\"https:\/\/www.vos-sosmost.cz\/wp-content\/uploads\/2025\/02\/dvorakov-225x300.jpg\" alt=\"\" width=\"123\" height=\"164\" srcset=\"https:\/\/www.vos-sosmost.cz\/wp-content\/uploads\/2025\/02\/dvorakov-225x300.jpg 225w, https:\/\/www.vos-sosmost.cz\/wp-content\/uploads\/2025\/02\/dvorakov-768x1024.jpg 768w, https:\/\/www.vos-sosmost.cz\/wp-content\/uploads\/2025\/02\/dvorakov-1152x1536.jpg 1152w, https:\/\/www.vos-sosmost.cz\/wp-content\/uploads\/2025\/02\/dvorakov-203x270.jpg 203w, https:\/\/www.vos-sosmost.cz\/wp-content\/uploads\/2025\/02\/dvorakov-18x24.jpg 18w, https:\/\/www.vos-sosmost.cz\/wp-content\/uploads\/2025\/02\/dvorakov-27x36.jpg 27w, https:\/\/www.vos-sosmost.cz\/wp-content\/uploads\/2025\/02\/dvorakov-36x48.jpg 36w, https:\/\/www.vos-sosmost.cz\/wp-content\/uploads\/2025\/02\/dvorakov.jpg 1440w\" sizes=\"auto, (max-width: 123px) 100vw, 123px\" \/><\/th>\n<\/tr>\n<\/tbody>\n<\/table>\n","protected":false},"excerpt":{"rendered":"<p>P\u0159ihl\u00e1\u0161ky zas\u00edlejte vedouc\u00ed vychovatelce Karin Mitkov\u00e9 na e-mail mitkova (zavinac) vos-sosmost.cz. Budova C Domov ml\u00e1de\u017ee mapa J. E. Purkyn\u011b 271 , 434 01 Most &nbsp;Ubytov\u00e1n\u00ed: Vedouc\u00ed domova ml\u00e1de\u017ee Ivana \u017dilkov\u00e1 tel.: 417 637 477, linka 178 e-mail: zilkova (zavinac) vos-sosmost.cz <a href=\"https:\/\/www.vos-sosmost.cz\/index.php\/domov-mladeze\/kontakt\/\" class=\"read-more\">Read More &#8230;<\/a><\/p>\n","protected":false},"author":1,"featured_media":0,"parent":277,"menu_order":0,"comment_status":"closed","ping_status":"closed","template":"","meta":{"ngg_post_thumbnail":0,"footnotes":""},"class_list":["post-825","page","type-page","status-publish","hentry"],"_links":{"self":[{"href":"https:\/\/www.vos-sosmost.cz\/index.php\/wp-json\/wp\/v2\/pages\/825","targetHints":{"allow":["GET"]}}],"collection":[{"href":"https:\/\/www.vos-sosmost.cz\/index.php\/wp-json\/wp\/v2\/pages"}],"about":[{"href":"https:\/\/www.vos-sosmost.cz\/index.php\/wp-json\/wp\/v2\/types\/page"}],"author":[{"embeddable":true,"href":"https:\/\/www.vos-sosmost.cz\/index.php\/wp-json\/wp\/v2\/users\/1"}],"replies":[{"embeddable":true,"href":"https:\/\/www.vos-sosmost.cz\/index.php\/wp-json\/wp\/v2\/comments?post=825"}],"version-history":[{"count":16,"href":"https:\/\/www.vos-sosmost.cz\/index.php\/wp-json\/wp\/v2\/pages\/825\/revisions"}],"predecessor-version":[{"id":8516,"href":"https:\/\/www.vos-sosmost.cz\/index.php\/wp-json\/wp\/v2\/pages\/825\/revisions\/8516"}],"up":[{"embeddable":true,"href":"https:\/\/www.vos-sosmost.cz\/index.php\/wp-json\/wp\/v2\/pages\/277"}],"wp:attachment":[{"href":"https:\/\/www.vos-sosmost.cz\/index.php\/wp-json\/wp\/v2\/media?parent=825"}],"curies":[{"name":"wp","href":"https:\/\/api.w.org\/{rel}","templated":true}]}}