{"id":8210,"date":"2024-09-01T16:51:32","date_gmt":"2024-09-01T14:51:32","guid":{"rendered":"https:\/\/www.vos-sosmost.cz\/?page_id=8210"},"modified":"2025-09-29T13:11:47","modified_gmt":"2025-09-29T11:11:47","slug":"pokusne-overovani-stupnoviteho-propojeni-v-oboru-prakticka-sestra","status":"publish","type":"page","link":"https:\/\/www.vos-sosmost.cz\/index.php\/pokusne-overovani-stupnoviteho-propojeni-v-oboru-prakticka-sestra\/","title":{"rendered":"Pokusn\u00e9 ov\u011b\u0159ov\u00e1n\u00ed stup\u0148ovit\u00e9ho propojen\u00ed v oboru Praktick\u00e1 sestra"},"content":{"rendered":"<p><strong>Rozpisy k z\u00e1v\u011bre\u010dn\u00e9 zkou\u0161ce (bude aktualizov\u00e1no 1. 6. 2026)<\/strong><\/p>\n<ul data-editing-info=\"{&quot;applyListStyleFromLevel&quot;:true}\">\n<li>\n<div class=\"x_elementToProof\" role=\"presentation\" data-olk-copy-source=\"MessageBody\">P\u00edsemn\u00e1 z\u00e1v\u011bre\u010dn\u00e1 zkou\u0161ka&nbsp;<\/div>\n<\/li>\n<li>\n<div class=\"x_elementToProof\" role=\"presentation\">Praktick\u00e1 z\u00e1v\u011bre\u010dn\u00e1 zkou\u0161ka&nbsp;<\/div>\n<\/li>\n<li>\n<div class=\"x_elementToProof\" role=\"presentation\">\u00dastn\u00ed z\u00e1v\u011bre\u010dn\u00e1 zkou\u0161ka&nbsp;<\/div>\n<\/li>\n<\/ul>\n<p>Ministerstvo \u0161kolstv\u00ed, ml\u00e1de\u017ee a t\u011blov\u00fdchovy \u010d. j. MSMT-32092\/2021-2 vyhl\u00e1silo pokusn\u00e9 ov\u011b\u0159ov\u00e1n\u00ed stup\u0148ovit\u00e9ho propojen\u00ed vybran\u00fdch obor\u016f vzd\u011bl\u00e1n\u00ed kategorie H, M, N ve skupin\u011b obor\u016f vzd\u011bl\u00e1n\u00ed 53 &#8211; Zdravotnictv\u00ed ve st\u0159edn\u00edch a vy\u0161\u0161\u00edch odborn\u00fdch \u0161kol\u00e1ch umo\u017e\u0148uj\u00edc\u00edho dosa\u017een\u00ed st\u0159edn\u00edho vzd\u011bl\u00e1n\u00ed s v\u00fdu\u010dn\u00edm listem, st\u0159edn\u00edho vzd\u011bl\u00e1n\u00ed s maturitn\u00ed zkou\u0161kou a vy\u0161\u0161\u00edho odborn\u00e9ho vzd\u011bl\u00e1n\u00ed v oborech vzd\u011bl\u00e1n\u00ed 53-41-H\/01 O\u0161et\u0159ovatel, 53-41-M\/03 Praktick\u00e1 sestra a 53-41-N\/51 Diplomovan\u00e1 v\u0161eobecn\u00e1 sestra nebo 53-41-N\/51 Diplomovan\u00e1 d\u011btsk\u00e1 sestra ze skupiny obor\u016f vzd\u011bl\u00e1n\u00ed 53 \u2013 Zdravotnictv\u00ed.<\/p>\n<p>\u00da\u010delem je vytvo\u0159en\u00ed efektivn\u00ed stup\u0148ovit\u00e9 a zkr\u00e1cen\u00e9 vzd\u011bl\u00e1vac\u00ed cesty v o\u0161et\u0159ovatelsk\u00fdch oborech vzd\u011bl\u00e1n\u00ed, kde v r\u00e1mci studia maturitn\u00edho oboru vzd\u011bl\u00e1n\u00ed z\u00edsk\u00e1 \u00fasp\u011b\u0161n\u00fd \u017e\u00e1k\/absolvent\/student nejprve v\u00fdu\u010dn\u00ed list (O\u0161et\u0159ovatelstv\u00ed I. stupn\u011b), n\u00e1sledn\u011b maturitn\u00ed zkou\u0161ku (O\u0161et\u0159ovatelstv\u00ed II. stupn\u011b) a n\u00e1sledn\u011b je bez p\u0159ij\u00edmac\u00ed zkou\u0161ky p\u0159ijat do 2. ro\u010dn\u00edku akreditovan\u00e9ho oboru vzd\u011bl\u00e1n\u00ed vy\u0161\u0161\u00ed odborn\u00e9 \u0161koly zakon\u010den\u00e9ho absolutoriem (O\u0161et\u0159ovatelstv\u00ed III. stupn\u011b).<\/p>\n<p>Ka\u017ed\u00fd absolvovan\u00fd stupe\u0148 vzd\u011bl\u00e1vac\u00ed cesty zaru\u010d\u00ed absolventovi nejen kvalifikaci, ale i odpov\u00eddaj\u00edc\u00ed stupe\u0148 vzd\u011bl\u00e1n\u00ed. Tento \u00fa\u010del pak napl\u0148uje aktu\u00e1ln\u00ed pot\u0159eby resortu zdravotnictv\u00ed i individu\u00e1ln\u00edch vzd\u011bl\u00e1vac\u00edch mo\u017enost\u00ed a pot\u0159eb ka\u017ed\u00e9ho \u017e\u00e1ka\/studenta.<\/p>\n<p><strong>V\u00fdhody pro \u017e\u00e1ka<\/strong><\/p>\n<ul style=\"list-style-type: square;\">\n<li>ji\u017e po 3. ro\u010dn\u00edku vzd\u011bl\u00e1v\u00e1n\u00ed v oboru Praktick\u00e1 sestra m\u00e1 \u017e\u00e1k mo\u017enost z\u00edsk\u00e1n\u00ed v\u00fdu\u010dn\u00edho listu oboru O\u0161et\u0159ovatel, co\u017e umo\u017en\u00ed nap\u0159. i v\u00fdkon brig\u00e1dy ve zdravotnick\u00fdch za\u0159\u00edzen\u00edch na pozici kvalifikovan\u00e9ho zdravotnick\u00e9ho pracovn\u00edka s vy\u0161\u0161\u00edm platov\u00fdm ohodnocen\u00edm,<\/li>\n<li>mo\u017enost p\u0159\u00edm\u00e9ho vstupu do 2. ro\u010dn\u00edku programu Diplomovan\u00e1 v\u0161eobecn\u00e1 sestra a Diplomovan\u00e1 d\u011btsk\u00e1 sestra na VO\u0160, a tedy krat\u0161\u00ed doba studia k z\u00edsk\u00e1n\u00ed titulu Diplomovan\u00fd specialista,<\/li>\n<li>mo\u017enost n\u00e1stupu na vy\u0161\u0161\u00ed odbornou \u0161kolu po ukon\u010den\u00ed 4. ro\u010dn\u00edku i v p\u0159\u00edpad\u011b ne\u00fasp\u011b\u0161n\u011b vykonan\u00e9 maturitn\u00ed zkou\u0161ky, kterou \u017e\u00e1k m\u016f\u017ee dokon\u010dit v pr\u016fb\u011bhu studia VO\u0160.<\/li>\n<\/ul>\n<p><strong>Vyhl\u00e1\u0161en\u00ed pokusn\u00e9ho ov\u011b\u0159ov\u00e1n\u00ed stup\u0148ovit\u00e9ho propojen\u00ed vybran\u00fdch obor\u016f vzd\u011bl\u00e1n\u00ed<\/strong> &#8211; <a href=\"https:\/\/msmt.gov.cz\/vzdelavani\/stredni-vzdelavani\/vyhlaseni-pokusneho-overovani-stupnoviteho-propojeni\" target=\"_blank\" rel=\"noopener\">\u00fapln\u00e9 zn\u011bn\u00ed M\u0160MT<\/a><\/p>\n<p>Informace k z\u00e1v\u011bre\u010dn\u00e9 zkou\u0161ce O\u0161et\u0159ovatel 2025\/2026<\/p>\n<p><strong>Jednotliv\u00e9 \u010d\u00e1sti jednotn\u00e9 z\u00e1v\u011bre\u010dn\u00e9 zkou\u0161ky v oboru O\u0161et\u0159ovatel<\/strong><\/p>\n<ul style=\"list-style-type: square;\">\n<li>p\u00edsemn\u00e1 z\u00e1v\u011bre\u010dn\u00e1 zkou\u0161ka &#8211; (240 minut)\n<ul style=\"list-style-type: square;\">\n<li>vypracov\u00e1n\u00ed n\u00e1hodn\u011b zadan\u00e9ho t\u00e9matu z vygenerovan\u00e9 sady t\u00e9mat z centr\u00e1ln\u00ed datab\u00e1ze nov\u00e9 z\u00e1v\u011bre\u010dn\u00e9 zkou\u0161ky t\u00fdkaj\u00edc\u00ed se odborn\u011b teoretick\u00fdch znalost\u00ed oboru o\u0161et\u0159ovatel<\/li>\n<\/ul>\n<\/li>\n<li>praktick\u00e1 z\u00e1v\u011bre\u010dn\u00e1 zkou\u0161ka\n<ul style=\"list-style-type: square;\">\n<li>zaji\u0161t\u011bn\u00ed p\u00e9\u010de o skupinu 3 &#8211; 5 pacient\u016f na klinick\u00e9m pracovi\u0161ti<\/li>\n<li>obh\u00e1jen\u00ed sv\u00e9 pr\u00e1ce u praktick\u00e9 zkou\u0161ky (\u00fastn\u011b)<\/li>\n<\/ul>\n<\/li>\n<li>\u00fastn\u00ed z\u00e1v\u011bre\u010dn\u00e1 zkou\u0161ka &#8211; (p\u0159\u00edprava 15 minut, zkou\u0161ka 15 minut), zodpov\u011bzen\u00ed vylosovan\u00e9 ot\u00e1zky z vygenerovan\u00e9 sady ot\u00e1zek z centr\u00e1ln\u00ed datab\u00e1ze z\u00e1v\u011bre\u010dn\u00e9 zkou\u0161ky:\n<ul style=\"list-style-type: square;\">\n<li>z problematiky o\u0161et\u0159ovatelsk\u00e9 p\u00e9\u010de o nemocn\u00e9 nebo z uplat\u0148ov\u00e1n\u00ed psychologick\u00e9ho p\u0159\u00edstupu k nemocn\u00e9mu<\/li>\n<li>z obecn\u00e9ho p\u0159ehledu ze sv\u011bta pr\u00e1ce<\/li>\n<\/ul>\n<\/li>\n<\/ul>\n<p><a href=\"\/sos\/zaverecky\/schema_zz.pdf\" target=\"_blank\" rel=\"noopener\"><strong>Sch\u00e9ma jednotn\u00e9 z\u00e1v\u011bre\u010dn\u00e9 zkou\u0161ky<\/strong><\/a><\/p>\n<p><strong>Harmonogram z\u00e1v\u011bre\u010dn\u00fdch zkou\u0161ek<\/strong> &#8211; <a href=\"\/sos\/zaverecky\/zaverecky_2026_barevny.pdf\" target=\"_blank\" rel=\"noopener\">ve form\u00e1tu PDF<\/a><\/p>\n<p><strong>Pokyn \u0159editelky \u0161koly k pokusn\u00e9mu ov\u011b\u0159ov\u00e1n\u00ed<\/strong> &#8211; <a href=\"\/sos\/zaverecky\/pokyn_pokus_overovani_ps_2025.pdf\" target=\"_blank\" rel=\"noopener\">ve form\u00e1tu PDF<\/a><\/p>\n<p><strong><a href=\"https:\/\/zkouska.cermat.cz\/menu\/metodicka-podpora\" target=\"_blank\" rel=\"noopener\">Metodick\u00e1 podpora<\/a> <\/strong><\/p>\n<p>&nbsp;<\/p>\n","protected":false},"excerpt":{"rendered":"<p>Rozpisy k z\u00e1v\u011bre\u010dn\u00e9 zkou\u0161ce (bude aktualizov\u00e1no 1. 6. 2026) P\u00edsemn\u00e1 z\u00e1v\u011bre\u010dn\u00e1 zkou\u0161ka&nbsp; Praktick\u00e1 z\u00e1v\u011bre\u010dn\u00e1 zkou\u0161ka&nbsp; \u00dastn\u00ed z\u00e1v\u011bre\u010dn\u00e1 zkou\u0161ka&nbsp; Ministerstvo \u0161kolstv\u00ed, ml\u00e1de\u017ee a t\u011blov\u00fdchovy \u010d. j. MSMT-32092\/2021-2 vyhl\u00e1silo pokusn\u00e9 ov\u011b\u0159ov\u00e1n\u00ed stup\u0148ovit\u00e9ho propojen\u00ed vybran\u00fdch obor\u016f vzd\u011bl\u00e1n\u00ed kategorie H, M, N ve skupin\u011b <a href=\"https:\/\/www.vos-sosmost.cz\/index.php\/pokusne-overovani-stupnoviteho-propojeni-v-oboru-prakticka-sestra\/\" class=\"read-more\">Read More &#8230;<\/a><\/p>\n","protected":false},"author":2,"featured_media":0,"parent":0,"menu_order":0,"comment_status":"closed","ping_status":"closed","template":"","meta":{"ngg_post_thumbnail":0,"footnotes":""},"class_list":["post-8210","page","type-page","status-publish","hentry"],"_links":{"self":[{"href":"https:\/\/www.vos-sosmost.cz\/index.php\/wp-json\/wp\/v2\/pages\/8210","targetHints":{"allow":["GET"]}}],"collection":[{"href":"https:\/\/www.vos-sosmost.cz\/index.php\/wp-json\/wp\/v2\/pages"}],"about":[{"href":"https:\/\/www.vos-sosmost.cz\/index.php\/wp-json\/wp\/v2\/types\/page"}],"author":[{"embeddable":true,"href":"https:\/\/www.vos-sosmost.cz\/index.php\/wp-json\/wp\/v2\/users\/2"}],"replies":[{"embeddable":true,"href":"https:\/\/www.vos-sosmost.cz\/index.php\/wp-json\/wp\/v2\/comments?post=8210"}],"version-history":[{"count":14,"href":"https:\/\/www.vos-sosmost.cz\/index.php\/wp-json\/wp\/v2\/pages\/8210\/revisions"}],"predecessor-version":[{"id":8949,"href":"https:\/\/www.vos-sosmost.cz\/index.php\/wp-json\/wp\/v2\/pages\/8210\/revisions\/8949"}],"wp:attachment":[{"href":"https:\/\/www.vos-sosmost.cz\/index.php\/wp-json\/wp\/v2\/media?parent=8210"}],"curies":[{"name":"wp","href":"https:\/\/api.w.org\/{rel}","templated":true}]}}