{"id":8178,"date":"2024-09-10T13:33:09","date_gmt":"2024-09-10T11:33:09","guid":{"rendered":"https:\/\/www.vos-sosmost.cz\/?page_id=8178"},"modified":"2026-01-13T07:32:26","modified_gmt":"2026-01-13T06:32:26","slug":"masaze","status":"publish","type":"page","link":"https:\/\/www.vos-sosmost.cz\/index.php\/masaze\/","title":{"rendered":"Mas\u00e1\u017ee"},"content":{"rendered":"<p>V\u00e1\u017een\u00ed z\u00e1jemci,<\/p>\n<p>v t\u00e9to p\u0159ihl\u00e1\u0161ce si lze objednat mas\u00e1\u017ee od na\u0161ich \u017e\u00e1k\u016f druh\u00e9ho ro\u010dn\u00edku. Standardn\u00ed doba trv\u00e1n\u00ed pro <strong>ve\u0159ejnost<\/strong> je 30 minut, proto pros\u00edme zvolte pouze <strong>jeden typ mas\u00e1\u017ee<\/strong>. Zam\u011bstnanci \u0161koly maj\u00ed na v\u00fdb\u011br 30 nebo 60 minut, proto lze zkombinovat dv\u011b mas\u00e1\u017ee. V\u00edce informac\u00ed v <strong><a href=\"https:\/\/www.vos-sosmost.cz\/wp-content\/uploads\/2025\/09\/masaze_letak.pdf\">tomto let\u00e1ku.<\/a><\/strong><\/p>\n<div class=\"ahb-section-container\">\n<div class=\"ahb-section\">\n<div class=\"clearer\"><span style=\"color: #ff0000;\"><strong>Objedn\u00e1vkov\u00fd syst\u00e9m je pro \u0161koln\u00ed rok 2025\/2026 uzav\u0159en z d\u016fvodu napln\u011bn\u00ed kapacit.<\/strong><\/span><\/div>\n<\/div>\n<\/div>\n<div id=\"normal-sortables\" class=\"meta-box-sortables\">&nbsp;<\/div>\n<div id=\"normal-sortables\" class=\"meta-box-sortables\">&nbsp;<\/div>\n","protected":false},"excerpt":{"rendered":"<p>V\u00e1\u017een\u00ed z\u00e1jemci, v t\u00e9to p\u0159ihl\u00e1\u0161ce si lze objednat mas\u00e1\u017ee od na\u0161ich \u017e\u00e1k\u016f druh\u00e9ho ro\u010dn\u00edku. Standardn\u00ed doba trv\u00e1n\u00ed pro ve\u0159ejnost je 30 minut, proto pros\u00edme zvolte pouze jeden typ mas\u00e1\u017ee. Zam\u011bstnanci \u0161koly maj\u00ed na v\u00fdb\u011br 30 nebo 60 minut, proto lze <a href=\"https:\/\/www.vos-sosmost.cz\/index.php\/masaze\/\" class=\"read-more\">Read More &#8230;<\/a><\/p>\n","protected":false},"author":1,"featured_media":0,"parent":0,"menu_order":0,"comment_status":"closed","ping_status":"closed","template":"","meta":{"ngg_post_thumbnail":0,"footnotes":""},"class_list":["post-8178","page","type-page","status-publish","hentry"],"_links":{"self":[{"href":"https:\/\/www.vos-sosmost.cz\/index.php\/wp-json\/wp\/v2\/pages\/8178","targetHints":{"allow":["GET"]}}],"collection":[{"href":"https:\/\/www.vos-sosmost.cz\/index.php\/wp-json\/wp\/v2\/pages"}],"about":[{"href":"https:\/\/www.vos-sosmost.cz\/index.php\/wp-json\/wp\/v2\/types\/page"}],"author":[{"embeddable":true,"href":"https:\/\/www.vos-sosmost.cz\/index.php\/wp-json\/wp\/v2\/users\/1"}],"replies":[{"embeddable":true,"href":"https:\/\/www.vos-sosmost.cz\/index.php\/wp-json\/wp\/v2\/comments?post=8178"}],"version-history":[{"count":10,"href":"https:\/\/www.vos-sosmost.cz\/index.php\/wp-json\/wp\/v2\/pages\/8178\/revisions"}],"predecessor-version":[{"id":9165,"href":"https:\/\/www.vos-sosmost.cz\/index.php\/wp-json\/wp\/v2\/pages\/8178\/revisions\/9165"}],"wp:attachment":[{"href":"https:\/\/www.vos-sosmost.cz\/index.php\/wp-json\/wp\/v2\/media?parent=8178"}],"curies":[{"name":"wp","href":"https:\/\/api.w.org\/{rel}","templated":true}]}}