{"id":8156,"date":"2024-09-03T14:23:27","date_gmt":"2024-09-03T12:23:27","guid":{"rendered":"https:\/\/www.vos-sosmost.cz\/?page_id=8156"},"modified":"2024-09-03T14:33:11","modified_gmt":"2024-09-03T12:33:11","slug":"testovane-moduly","status":"publish","type":"page","link":"https:\/\/www.vos-sosmost.cz\/index.php\/koncept-ecdl\/testovane-moduly\/","title":{"rendered":"Testovan\u00e9 moduly"},"content":{"rendered":"<p><strong>M2 &#8211; Pr\u00e1ce s po\u010d\u00edta\u010dem a spr\u00e1va soubor\u016f<\/strong><\/p>\n<p>Modul M2 (Computer Essentials) je zam\u011b\u0159en na dovednosti spojen\u00e9 s ovl\u00e1d\u00e1n\u00edm po\u010d\u00edta\u010de, z\u00e1kladn\u00ed pr\u00e1ci s opera\u010dn\u00edm syst\u00e9mem a se soubory. Jedn\u00e1 se o jeden z nejm\u00e9n\u011b obt\u00ed\u017en\u00fdch modul\u016f ur\u010den\u00fdch pro \u0161irokou ve\u0159ejnost. Modul je \u010d\u00e1ste\u010dn\u011b praktick\u00fd a \u010d\u00e1ste\u010dn\u011b teoretick\u00fd. \u00dasp\u011b\u0161n\u00fd absolvent zkou\u0161ky by m\u011bl zn\u00e1t z\u00e1kladn\u00ed pojmy z oblasti po\u010d\u00edta\u010d\u016f a po\u010d\u00edta\u010dov\u00fdch s\u00edt\u00ed, ovl\u00e1dat principy pr\u00e1ce se slo\u017ekami a soubory. M\u011bl by si b\u00fdt v\u011bdom d\u016fle\u017eitosti z\u00e1lohov\u00e1n\u00ed dat a tak\u00e9 ochrany dat p\u0159ed \u0161kodliv\u00fdm software. Zkou\u0161ky z tohoto modulu lze u n\u00e1s skl\u00e1dat v prost\u0159ed\u00ed Microsoft Windows 11.<\/p>\n<p><strong>M3 &#8211; Zpracov\u00e1n\u00ed textu<\/strong><\/p>\n<p>Modul M3 (Documents) je zam\u011b\u0159en na produktivn\u00ed a efektivn\u00ed pou\u017e\u00edv\u00e1n\u00ed textov\u00fdch editor\u016f a n\u00e1stroj\u016f vyu\u017e\u00edvaj\u00edc\u00edch technologie um\u011bl\u00e9 inteligence pro tvorbu a \u00fapravy b\u011b\u017en\u00fdch textov\u00fdch dokument\u016f. Jedn\u00e1 se o zcela praktick\u00fd modul ur\u010den\u00fd pro \u0161irokou ve\u0159ejnost. \u00dasp\u011b\u0161n\u00fd absolvent zkou\u0161ky by m\u011bl b\u00fdt schopen vytv\u00e1\u0159et a upravivat textov\u00e9 dokumenty mal\u00e9ho rozsahu, form\u00e1tovat je a p\u0159ipravit pro tisk. M\u011bl by um\u011bt do dokumentu vlo\u017eit tabulku, obr\u00e1zek nebo kreslen\u00fd objekt a tak\u00e9 p\u0159ipravit dokumenty pro hromadnou korespondenci a vyhodnocovat obsah dokument\u016f. Zkou\u0161ky z tohoto modulu lze u n\u00e1s skl\u00e1dat v prost\u0159ed\u00ed Microsoft Word.<\/p>\n<p><strong>M4 &#8211; Pr\u00e1ce s tabulkami<\/strong><\/p>\n<p>Modul M4 (Spreadsheets) je zam\u011b\u0159en na produktivn\u00ed a efektivn\u00ed pou\u017e\u00edv\u00e1n\u00ed tabulkov\u00fdch procesor\u016f a n\u00e1stroj\u016f vyu\u017e\u00edvaj\u00edc\u00edch technologie um\u011bl\u00e9 inteligence pro pr\u00e1ci s tabulkami a jejich vyu\u017eit\u00ed v b\u011b\u017en\u00e9 praxi. Jedn\u00e1 se o m\u00edrn\u011b obt\u00ed\u017en\u00fd a zcela praktick\u00fd modul ur\u010den\u00fd pro \u0161irokou ve\u0159ejnost. \u00dasp\u011b\u0161n\u00fd absolvent zkou\u0161ky by m\u011bl b\u00fdt schopen vytvo\u0159it, form\u00e1tovat a p\u0159izp\u016fsobit pro tisk tabulku i graf. M\u011bl by um\u011bt pou\u017e\u00edt jednoduch\u00e9 vzorce a funkce tabulkov\u00e9ho procesoru a rozpoznat chyby ve vzorc\u00edch. Zkou\u0161ky z tohoto modulu lze u n\u00e1s skl\u00e1dat v prost\u0159ed\u00ed Microsoft Excel.<\/p>\n<p><strong>M5 &#8211; Pou\u017eit\u00ed datab\u00e1z\u00ed<\/strong><\/p>\n<p>Modul M5 (Using Databases) je zam\u011b\u0159en na z\u00e1kladn\u00ed principy datab\u00e1z\u00ed a jejich efektivn\u00ed pou\u017e\u00edv\u00e1n\u00ed. Jedn\u00e1 se o st\u0159edn\u011b obt\u00ed\u017en\u00fd praktick\u00fd modul ur\u010den\u00fd pro digit\u00e1ln\u011b gramotnou ve\u0159ejnost. \u00dasp\u011b\u0161n\u00fd absolvent zkou\u0161ky by m\u011bl pochopit princip datab\u00e1ze, jej\u00ed strukturu a b\u00fdt schopen vytvo\u0159it jednoduchou datab\u00e1zi. M\u011bl by tak\u00e9 um\u011bt vytvo\u0159it tabulku, upravovat ji, \u0159adit a filtrovat data tabulky a vytv\u00e1\u0159et formul\u00e1\u0159e tak, aby byl schopen z\u00edskat a vytisknout po\u017eadovan\u00e9 informace z datab\u00e1ze. Zkou\u0161ky z tohoto modulu lze u n\u00e1s skl\u00e1dat v prost\u0159ed\u00ed Microsoft Access.<\/p>\n<p><strong>M6 &#8211; Prezentace<\/strong><\/p>\n<p>Modul M6 (Presentation) je zam\u011b\u0159en na a produktivn\u00ed a efektivn\u00ed pou\u017e\u00edv\u00e1n\u00ed aplikac\u00ed a n\u00e1stroj\u016f vyu\u017e\u00edvaj\u00edc\u00edch technologie um\u011bl\u00e9 inteligence pro tvorbu prezentac\u00ed. Jedn\u00e1 se o m\u00edrn\u011b obt\u00ed\u017en\u00fd praktick\u00fd modul ur\u010den\u00fd pro digit\u00e1ln\u011b gramotnou ve\u0159ejnost. \u00dasp\u011b\u0161n\u00fd absolvent zkou\u0161ky by m\u011bl b\u00fdt schopen vytvo\u0159it\/upravit\/ulo\u017eit\/vytisknout prezentaci s efektivn\u00edm vyu\u017eit\u00edm n\u00e1stroj\u016f a mo\u017enost\u00ed program\u016f v\u010detn\u011b vkl\u00e1d\u00e1n\u00ed a \u00fapravy text\u016f, obr\u00e1zk\u016f, objekt\u016f, diagram\u016f, graf\u016f, animac\u00ed a zvuk\u016f a tak\u00e9 vyhodnocovat obsah prezentace. Zkou\u0161ky z tohoto modulu lze u n\u00e1s skl\u00e1dat v prost\u0159ed\u00ed Microsoft PowerPoint.<\/p>\n<p><strong>M7 &#8211; Z\u00e1klady pr\u00e1ce s internetem a komunikace<\/strong><\/p>\n<p>Modul M7 (Online Essentials) je zam\u011b\u0159en na pr\u00e1ci s internetem a elektronickou po\u0161tou. Jedn\u00e1 se o jeden z nejm\u00e9n\u011b obt\u00ed\u017en\u00fdch modul\u016f ur\u010den\u00fdch pro \u0161irokou ve\u0159ejnost. Modul je \u010d\u00e1ste\u010dn\u011b praktick\u00fd a \u010d\u00e1ste\u010dn\u011b teoretick\u00fd. \u00dasp\u011b\u0161n\u00fd absolvent zkou\u0161ky by m\u011bl um\u011bt pou\u017e\u00edvat internetov\u00fd prohl\u00ed\u017ee\u010d, vyhled\u00e1vat informace a pracovat s daty z webov\u00fdch str\u00e1nek s ohledem na bezpe\u010dnost a d\u016fv\u011bryhodnost zdroje. M\u011bl by zvl\u00e1dnout pr\u00e1ci s po\u0161tou, kalend\u00e1\u0159em, \u00fakoly a kontakty. Zkou\u0161ky z tohoto modulu lze skl\u00e1dat v prost\u0159ed\u00ed Microsoft Outlook&nbsp; Edge, Google Chrome, Mozilla Firefox.<\/p>\n<p><strong>M9 &#8211; \u00dapravy digit\u00e1ln\u00edch obr\u00e1zk\u016f<\/strong><\/p>\n<p>Modul M9 (Image Editing) je zam\u011b\u0159en na produktivn\u00ed a efektivn\u00ed pou\u017e\u00edv\u00e1n\u00ed grafick\u00fdch editor\u016f a n\u00e1stroj\u016f vyu\u017e\u00edvaj\u00edc\u00edch technologie um\u011bl\u00e9 inteligence pro b\u011b\u017enou pr\u00e1ci s digit\u00e1ln\u00edmi obr\u00e1zky. Jedn\u00e1 se o st\u0159edn\u011b obt\u00ed\u017en\u00fd a p\u0159ev\u00e1\u017en\u011b praktick\u00fd modul ur\u010den\u00fd pro digit\u00e1ln\u011b gramotnou ve\u0159ejnost. \u00dasp\u011b\u0161n\u00fd absolvent zkou\u0161ky by m\u011bl zn\u00e1t z\u00e1kladn\u00ed principy pr\u00e1ce s digit\u00e1ln\u00edmi obr\u00e1zky. M\u011bl by b\u00fdt schopen generovat a upravovat obr\u00e1zky, pracovat s textem, aplikovat nejr\u016fzn\u011bj\u0161\u00ed efekty, p\u0159\u00edpravovat obr\u00e1zky k tisku a pro publikov\u00e1n\u00ed. Zkou\u0161ky z tohoto modulu lze u n\u00e1s skl\u00e1dat v prost\u0159ed\u00ed CorelDraw.<\/p>\n<p>&nbsp;<\/p>\n","protected":false},"excerpt":{"rendered":"<p>M2 &#8211; Pr\u00e1ce s po\u010d\u00edta\u010dem a spr\u00e1va soubor\u016f Modul M2 (Computer Essentials) je zam\u011b\u0159en na dovednosti spojen\u00e9 s ovl\u00e1d\u00e1n\u00edm po\u010d\u00edta\u010de, z\u00e1kladn\u00ed pr\u00e1ci s opera\u010dn\u00edm syst\u00e9mem a se soubory. Jedn\u00e1 se o jeden z nejm\u00e9n\u011b obt\u00ed\u017en\u00fdch modul\u016f ur\u010den\u00fdch pro \u0161irokou ve\u0159ejnost. <a href=\"https:\/\/www.vos-sosmost.cz\/index.php\/koncept-ecdl\/testovane-moduly\/\" class=\"read-more\">Read More &#8230;<\/a><\/p>\n","protected":false},"author":2,"featured_media":0,"parent":7980,"menu_order":0,"comment_status":"closed","ping_status":"closed","template":"","meta":{"ngg_post_thumbnail":0,"footnotes":""},"class_list":["post-8156","page","type-page","status-publish","hentry"],"_links":{"self":[{"href":"https:\/\/www.vos-sosmost.cz\/index.php\/wp-json\/wp\/v2\/pages\/8156","targetHints":{"allow":["GET"]}}],"collection":[{"href":"https:\/\/www.vos-sosmost.cz\/index.php\/wp-json\/wp\/v2\/pages"}],"about":[{"href":"https:\/\/www.vos-sosmost.cz\/index.php\/wp-json\/wp\/v2\/types\/page"}],"author":[{"embeddable":true,"href":"https:\/\/www.vos-sosmost.cz\/index.php\/wp-json\/wp\/v2\/users\/2"}],"replies":[{"embeddable":true,"href":"https:\/\/www.vos-sosmost.cz\/index.php\/wp-json\/wp\/v2\/comments?post=8156"}],"version-history":[{"count":4,"href":"https:\/\/www.vos-sosmost.cz\/index.php\/wp-json\/wp\/v2\/pages\/8156\/revisions"}],"predecessor-version":[{"id":8162,"href":"https:\/\/www.vos-sosmost.cz\/index.php\/wp-json\/wp\/v2\/pages\/8156\/revisions\/8162"}],"up":[{"embeddable":true,"href":"https:\/\/www.vos-sosmost.cz\/index.php\/wp-json\/wp\/v2\/pages\/7980"}],"wp:attachment":[{"href":"https:\/\/www.vos-sosmost.cz\/index.php\/wp-json\/wp\/v2\/media?parent=8156"}],"curies":[{"name":"wp","href":"https:\/\/api.w.org\/{rel}","templated":true}]}}