{"id":7982,"date":"2024-06-05T13:31:03","date_gmt":"2024-06-05T11:31:03","guid":{"rendered":"https:\/\/www.vos-sosmost.cz\/?page_id=7982"},"modified":"2024-09-03T14:11:42","modified_gmt":"2024-09-03T12:11:42","slug":"testovaci-stredisko-ecdl","status":"publish","type":"page","link":"https:\/\/www.vos-sosmost.cz\/index.php\/koncept-ecdl\/testovaci-stredisko-ecdl\/","title":{"rendered":"Testovac\u00ed st\u0159edisko ECDL"},"content":{"rendered":"<p>Od 1. 9. 2024 jsme akreditovan\u00fdm testovac\u00edm st\u0159ediskem mezin\u00e1rodn\u00edho konceptu ECDL \/ ICDL \u2013 European \/ International Certification of Digital Literacy.<\/p>\n<p>Na\u0161i \u017e\u00e1ci a studenti maj\u00ed mo\u017enost po celou dobu studia, po\u010d\u00ednaje prvn\u00edm ro\u010dn\u00edkem, po dohod\u011b se sv\u00fdm vyu\u010duj\u00edc\u00edm p\u0159edm\u011btu informatika a uhrazen\u00ed p\u0159\u00edslu\u0161n\u00e9 \u010d\u00e1stky, absolvovat jednotliv\u00e9 zkou\u0161ky (moduly) ECDL\/ICDL v prost\u0159ed\u00ed \u201edom\u00e1c\u00edch\u201c u\u010deben a z\u00edskat tak n\u011bkter\u00fd z certifik\u00e1t\u016f ECDL.<\/p>\n<p>V na\u0161em akreditovan\u00e9m testovac\u00edm st\u0159edisku realizujeme testov\u00e1n\u00ed modul\u016f M2, M3, M4, M6, M7, M9, M15.<\/p>\n<p><img loading=\"lazy\" decoding=\"async\" class=\"size-medium wp-image-8153 aligncenter\" src=\"https:\/\/www.vos-sosmost.cz\/wp-content\/uploads\/2024\/09\/stredisko-212x300.jpg\" alt=\"\" width=\"212\" height=\"300\" srcset=\"https:\/\/www.vos-sosmost.cz\/wp-content\/uploads\/2024\/09\/stredisko-212x300.jpg 212w, https:\/\/www.vos-sosmost.cz\/wp-content\/uploads\/2024\/09\/stredisko-724x1024.jpg 724w, https:\/\/www.vos-sosmost.cz\/wp-content\/uploads\/2024\/09\/stredisko-768x1086.jpg 768w, https:\/\/www.vos-sosmost.cz\/wp-content\/uploads\/2024\/09\/stredisko-1086x1536.jpg 1086w, https:\/\/www.vos-sosmost.cz\/wp-content\/uploads\/2024\/09\/stredisko-191x270.jpg 191w, https:\/\/www.vos-sosmost.cz\/wp-content\/uploads\/2024\/09\/stredisko-17x24.jpg 17w, https:\/\/www.vos-sosmost.cz\/wp-content\/uploads\/2024\/09\/stredisko-25x36.jpg 25w, https:\/\/www.vos-sosmost.cz\/wp-content\/uploads\/2024\/09\/stredisko-34x48.jpg 34w, https:\/\/www.vos-sosmost.cz\/wp-content\/uploads\/2024\/09\/stredisko.jpg 1240w\" sizes=\"auto, (max-width: 212px) 100vw, 212px\" \/><\/p>\n","protected":false},"excerpt":{"rendered":"<p>Od 1. 9. 2024 jsme akreditovan\u00fdm testovac\u00edm st\u0159ediskem mezin\u00e1rodn\u00edho konceptu ECDL \/ ICDL \u2013 European \/ International Certification of Digital Literacy. Na\u0161i \u017e\u00e1ci a studenti maj\u00ed mo\u017enost po celou dobu studia, po\u010d\u00ednaje prvn\u00edm ro\u010dn\u00edkem, po dohod\u011b se sv\u00fdm vyu\u010duj\u00edc\u00edm p\u0159edm\u011btu <a href=\"https:\/\/www.vos-sosmost.cz\/index.php\/koncept-ecdl\/testovaci-stredisko-ecdl\/\" class=\"read-more\">Read More &#8230;<\/a><\/p>\n","protected":false},"author":2,"featured_media":0,"parent":7980,"menu_order":0,"comment_status":"closed","ping_status":"closed","template":"","meta":{"ngg_post_thumbnail":0,"footnotes":""},"class_list":["post-7982","page","type-page","status-publish","hentry"],"_links":{"self":[{"href":"https:\/\/www.vos-sosmost.cz\/index.php\/wp-json\/wp\/v2\/pages\/7982","targetHints":{"allow":["GET"]}}],"collection":[{"href":"https:\/\/www.vos-sosmost.cz\/index.php\/wp-json\/wp\/v2\/pages"}],"about":[{"href":"https:\/\/www.vos-sosmost.cz\/index.php\/wp-json\/wp\/v2\/types\/page"}],"author":[{"embeddable":true,"href":"https:\/\/www.vos-sosmost.cz\/index.php\/wp-json\/wp\/v2\/users\/2"}],"replies":[{"embeddable":true,"href":"https:\/\/www.vos-sosmost.cz\/index.php\/wp-json\/wp\/v2\/comments?post=7982"}],"version-history":[{"count":3,"href":"https:\/\/www.vos-sosmost.cz\/index.php\/wp-json\/wp\/v2\/pages\/7982\/revisions"}],"predecessor-version":[{"id":8155,"href":"https:\/\/www.vos-sosmost.cz\/index.php\/wp-json\/wp\/v2\/pages\/7982\/revisions\/8155"}],"up":[{"embeddable":true,"href":"https:\/\/www.vos-sosmost.cz\/index.php\/wp-json\/wp\/v2\/pages\/7980"}],"wp:attachment":[{"href":"https:\/\/www.vos-sosmost.cz\/index.php\/wp-json\/wp\/v2\/media?parent=7982"}],"curies":[{"name":"wp","href":"https:\/\/api.w.org\/{rel}","templated":true}]}}