{"id":7980,"date":"2024-06-05T13:24:07","date_gmt":"2024-06-05T11:24:07","guid":{"rendered":"https:\/\/www.vos-sosmost.cz\/?page_id=7980"},"modified":"2024-09-03T14:31:52","modified_gmt":"2024-09-03T12:31:52","slug":"koncept-ecdl","status":"publish","type":"page","link":"https:\/\/www.vos-sosmost.cz\/index.php\/koncept-ecdl\/","title":{"rendered":"Koncept ECDL"},"content":{"rendered":"<p><img loading=\"lazy\" decoding=\"async\" class=\"alignleft\" src=\"https:\/\/www.ecdl.cz\/obr\/Logo_ICDL_new.svg\" alt=\"Logo ICDL\" width=\"230\" height=\"148\"><\/p>\n<p><span style=\"font-size: 14pt;\"><strong>European \/ International Certification of Digital Literacy and Digital Skills<\/strong><\/span><br \/>\n<span style=\"font-size: 14pt;\"><strong>Mezin\u00e1rodn\u00ed vzd\u011bl\u00e1vac\u00ed a certifika\u010dn\u00ed koncept digit\u00e1ln\u00edch znalost\u00ed a dovednost\u00ed<\/strong><\/span><\/p>\n<p>&nbsp;<\/p>\n<p>P\u016fvodem evropsk\u00fd projekt ECDL (European Computer Driving Licence) p\u0159edstavuje dnes ji\u017e celosv\u011btov\u011b roz\u0161\u00ed\u0159en\u00fd vzd\u011bl\u00e1vac\u00ed a certifika\u010dn\u00ed koncept v oblasti digit\u00e1ln\u00edch kompetenc\u00ed, kter\u00fd d\u00edky sv\u00e9 kvalit\u011b dos\u00e1hl trval\u00e9 udr\u017eitelnosti. Nov\u011b je koncept mezin\u00e1rodn\u011b ozna\u010dov\u00e1n jako ECDL \/ ICDL (European \/ International Certification of Digital Literacy and Digital Skills).<\/p>\n<p>Prost\u0159ednictv\u00edm mezin\u00e1rodn\u011b jednotn\u00fdch sylab\u016f definuje vzd\u011bl\u00e1vac\u00ed obsah, kter\u00fd odr\u00e1\u017e\u00ed aktu\u00e1ln\u00ed pot\u0159eby trhu pr\u00e1ce a b\u011b\u017en\u00e9ho \u017eivota jedince ve spole\u010dnosti, a to zejm\u00e9na v oblasti p\u0159enositeln\u00fdch digit\u00e1ln\u00edch znalost\u00ed a dovednost\u00ed, a sou\u010dasn\u011b nab\u00edz\u00ed mezin\u00e1rodn\u011b uzn\u00e1vanou, standardizovanou, objektivn\u00ed a nez\u00e1vislou metodu ov\u011b\u0159ov\u00e1n\u00ed v\u00fdsledk\u016f vzd\u011bl\u00e1v\u00e1n\u00ed (tzv. ECDL zkou\u0161ky).<\/p>\n<p>Koncept ECDL \/ ICDL sv\u00fdm rozsahem pokr\u00fdv\u00e1 prakticky v\u0161echny oblasti, ve kter\u00fdch se digit\u00e1ln\u00ed technologie v b\u011b\u017en\u00e9m \u017eivot\u011b vyu\u017e\u00edvaj\u00ed. Zahrnuje celou \u0161k\u00e1lu vzd\u011bl\u00e1vac\u00edch a certifika\u010dn\u00edch program\u016f v oblasti digit\u00e1ln\u00edch kompetenc\u00ed, od program\u016f pro \u017e\u00e1ky a studenty z\u00e1kladn\u00edch a st\u0159edn\u00edch \u0161kol, p\u0159es programy pro zam\u011bstnan\u00e9, nezam\u011bstnan\u00e9 nebo digit\u00e1ln\u011b vylou\u010den\u00e9 osoby, a\u017e po programy ur\u010den\u00e9 \u0161irok\u00e9 ve\u0159ejnosti nebo naopak pro odborn\u00edky z r\u016fzn\u00fdch obor\u016f.<\/p>\n<p>Ov\u011b\u0159ov\u00e1n\u00ed digit\u00e1ln\u00edch znalost\u00ed a dovednost\u00ed prob\u00edh\u00e1 formou praktick\u00fdch zkou\u0161ek v re\u00e1ln\u00e9m prost\u0159ed\u00ed s vyu\u017eit\u00edm b\u011b\u017en\u00fdch stoln\u00edch po\u010d\u00edta\u010d\u016f, notebook\u016f, tablet\u016f \u010di mobiln\u00edch telefon\u016f, r\u016fzn\u00fdch opera\u010dn\u00edch syst\u00e9m\u016f, b\u011b\u017en\u011b pou\u017e\u00edvan\u00fdch aplikac\u00ed, lok\u00e1ln\u00edch s\u00edt\u00edch a internetu.<\/p>\n<p>\u00dasp\u011b\u0161n\u00ed absolventi ECDL \/ ICDL zkou\u0161ek mohou z\u00edskat celou \u0161k\u00e1lu mezin\u00e1rodn\u011b uzn\u00e1van\u00fdch certifik\u00e1t\u016f, kter\u00e9 dokl\u00e1daj\u00ed dosa\u017een\u00ed ur\u010dit\u00e9 \u00farovn\u011b kvalifikace pro pr\u00e1ci s digit\u00e1ln\u00edmi technologiemi. ECDL \/ ICDL certifik\u00e1ty jsou ji\u017e \u0159adu let nejen st\u00e1ty Evropsk\u00e9 unie doporu\u010dov\u00e1ny a pou\u017e\u00edv\u00e1ny de facto jako mezin\u00e1rodn\u00ed standard.<\/p>\n<p>Podrobn\u00e9 informace o ECDL \/ ICDL najdete na https:\/\/www.ecdl.cz.<\/p>\n","protected":false},"excerpt":{"rendered":"<p>European \/ International Certification of Digital Literacy and Digital Skills Mezin\u00e1rodn\u00ed vzd\u011bl\u00e1vac\u00ed a certifika\u010dn\u00ed koncept digit\u00e1ln\u00edch znalost\u00ed a dovednost\u00ed &nbsp; P\u016fvodem evropsk\u00fd projekt ECDL (European Computer Driving Licence) p\u0159edstavuje dnes ji\u017e celosv\u011btov\u011b roz\u0161\u00ed\u0159en\u00fd vzd\u011bl\u00e1vac\u00ed a certifika\u010dn\u00ed koncept v oblasti digit\u00e1ln\u00edch <a href=\"https:\/\/www.vos-sosmost.cz\/index.php\/koncept-ecdl\/\" class=\"read-more\">Read More &#8230;<\/a><\/p>\n","protected":false},"author":2,"featured_media":0,"parent":0,"menu_order":0,"comment_status":"closed","ping_status":"closed","template":"","meta":{"ngg_post_thumbnail":0,"footnotes":""},"class_list":["post-7980","page","type-page","status-publish","hentry"],"_links":{"self":[{"href":"https:\/\/www.vos-sosmost.cz\/index.php\/wp-json\/wp\/v2\/pages\/7980","targetHints":{"allow":["GET"]}}],"collection":[{"href":"https:\/\/www.vos-sosmost.cz\/index.php\/wp-json\/wp\/v2\/pages"}],"about":[{"href":"https:\/\/www.vos-sosmost.cz\/index.php\/wp-json\/wp\/v2\/types\/page"}],"author":[{"embeddable":true,"href":"https:\/\/www.vos-sosmost.cz\/index.php\/wp-json\/wp\/v2\/users\/2"}],"replies":[{"embeddable":true,"href":"https:\/\/www.vos-sosmost.cz\/index.php\/wp-json\/wp\/v2\/comments?post=7980"}],"version-history":[{"count":4,"href":"https:\/\/www.vos-sosmost.cz\/index.php\/wp-json\/wp\/v2\/pages\/7980\/revisions"}],"predecessor-version":[{"id":8161,"href":"https:\/\/www.vos-sosmost.cz\/index.php\/wp-json\/wp\/v2\/pages\/7980\/revisions\/8161"}],"wp:attachment":[{"href":"https:\/\/www.vos-sosmost.cz\/index.php\/wp-json\/wp\/v2\/media?parent=7980"}],"curies":[{"name":"wp","href":"https:\/\/api.w.org\/{rel}","templated":true}]}}