{"id":7953,"date":"2024-05-20T11:52:24","date_gmt":"2024-05-20T09:52:24","guid":{"rendered":"https:\/\/www.vos-sosmost.cz\/?page_id=7953"},"modified":"2024-05-21T12:33:18","modified_gmt":"2024-05-21T10:33:18","slug":"soutez-o-nejlepsi-navrh-skolniho-dresu","status":"publish","type":"page","link":"https:\/\/www.vos-sosmost.cz\/index.php\/soutez-o-nejlepsi-navrh-skolniho-dresu\/","title":{"rendered":"Sout\u011b\u017e o nejlep\u0161\u00ed n\u00e1vrh \u0161koln\u00edho dresu"},"content":{"rendered":"<div dir=\"ltr\">VO\u0160, OA,SPg\u0160 a SZ\u0160 Most vyhla\u0161uje sout\u011b\u017e o nejlep\u0161\u00ed n\u00e1vrh \u0161koln\u00edho dresu.<\/div>\n<div dir=\"ltr\">V\u00edt\u011bz z\u00edsk\u00e1 pouk\u00e1zku na 2000 K\u010d na n\u00e1kup v Centralu Most.<\/div>\n<div dir=\"ltr\">&nbsp;<\/div>\n<div dir=\"ltr\"><strong>Sout\u011b\u017e prob\u00edh\u00e1 do 15. 6. 2024<\/strong><\/div>\n<div dir=\"ltr\">&nbsp;<\/div>\n<div dir=\"ltr\">\n<div dir=\"ltr\"><img loading=\"lazy\" decoding=\"async\" class=\"wp-image-7954 alignright\" src=\"https:\/\/www.vos-sosmost.cz\/wp-content\/uploads\/2024\/05\/WEB_CTR_darkovy_poukaz_letni-1-1024x749-1-300x219.webp\" alt=\"\" width=\"316\" height=\"230\" srcset=\"https:\/\/www.vos-sosmost.cz\/wp-content\/uploads\/2024\/05\/WEB_CTR_darkovy_poukaz_letni-1-1024x749-1-300x219.webp 300w, https:\/\/www.vos-sosmost.cz\/wp-content\/uploads\/2024\/05\/WEB_CTR_darkovy_poukaz_letni-1-1024x749-1-768x562.webp 768w, https:\/\/www.vos-sosmost.cz\/wp-content\/uploads\/2024\/05\/WEB_CTR_darkovy_poukaz_letni-1-1024x749-1-360x263.webp 360w, https:\/\/www.vos-sosmost.cz\/wp-content\/uploads\/2024\/05\/WEB_CTR_darkovy_poukaz_letni-1-1024x749-1-24x18.webp 24w, https:\/\/www.vos-sosmost.cz\/wp-content\/uploads\/2024\/05\/WEB_CTR_darkovy_poukaz_letni-1-1024x749-1-36x26.webp 36w, https:\/\/www.vos-sosmost.cz\/wp-content\/uploads\/2024\/05\/WEB_CTR_darkovy_poukaz_letni-1-1024x749-1-48x35.webp 48w, https:\/\/www.vos-sosmost.cz\/wp-content\/uploads\/2024\/05\/WEB_CTR_darkovy_poukaz_letni-1-1024x749-1.webp 1024w\" sizes=\"auto, (max-width: 316px) 100vw, 316px\" \/><\/div>\n<\/div>\n<div dir=\"ltr\">Pravidla sout\u011b\u017ee:<\/div>\n<div dir=\"ltr\">\n<ol data-editing-info=\"{&quot;orderedStyleType&quot;:3,&quot;unorderedStyleType&quot;:1}\" data-listchain=\"__List_Chain_198\">\n<li>Sout\u011b\u017ee se sm\u00ed \u00fa\u010dastnit pouze \u017e\u00e1ci VO\u0160, OA,SPg\u0160 a SZ\u0160 Most.<\/li>\n<li>N\u00e1vrh po\u0161le sout\u011b\u017e\u00edc\u00ed na e-mail: soutez-dresy@vos-sosmost.cz. Z\u00e1rove\u0148 do e-mailu uvede t\u0159\u00eddu, cel\u00e9 jm\u00e9no a p\u0159\u00edjmen\u00ed pro lep\u0161\u00ed identifikaci v p\u0159\u00edpad\u011b v\u00fdhry.<\/li>\n<li>N\u00e1vrh obsahuje p\u0159edn\u00ed i zadn\u00ed stranu dresu tri\u010dek i \u0161ortek.<\/li>\n<li>N\u00e1vrh mus\u00ed b\u00fdt v rozli\u0161en\u00ed minim\u00e1ln\u011b 1600&#215;1024,a bude ulo\u017een\u00fd pod n\u00e1zvem dres-prijmeni zaka.jpg.<\/li>\n<li>N\u00e1vrhy s neslu\u0161n\u00fdmi, nebo nevhodn\u00fdmi prvky budou ze sout\u011b\u017ee vylou\u010deny.<\/li>\n<li>Ka\u017ed\u00fd sout\u011b\u017e\u00edc\u00ed m\u016f\u017ee poslat v\u00edce n\u00e1vrh\u016f, ale n\u00e1zev mus\u00ed obsahovat je\u0161t\u011b \u010d\u00edslici. Nap\u0159. dres2-novak.jpg.<\/li>\n<li>V n\u00e1vrhu se nesm\u00ed vyskytovat \u017e\u00e1dn\u00fd prvek, na kter\u00fd se vztahuj\u00ed ciz\u00ed autorsk\u00e1 pr\u00e1va.<\/li>\n<li>Pro n\u00e1vrhy je mo\u017en\u00e9 vyu\u017e\u00edt um\u011blou inteligenci v\u010detn\u011b gener\u00e1toru obr\u00e1zk\u016f.<\/li>\n<li>V p\u0159\u00edpad\u011b rovnosti p\u0159i hlasov\u00e1n\u00ed poroty je v\u00fdhodou n\u00e1vrh, kter\u00fd bude z\u00e1rove\u0148 poslan\u00fd i ve vektorov\u00e9m form\u00e1tu.<\/li>\n<li>Po\u017eadavky na nov\u00e9 dresy jsou:\n<ol style=\"list-style-type: lower-alpha;\" data-editing-info=\"{&quot;orderedStyleType&quot;:3,&quot;unorderedStyleType&quot;:1}\" data-listchain=\"__List_Chain_198\">\n<li>Na zadn\u00ed stran\u011b dresu je libovoln\u00e9 \u010d\u00edslo od 1-16.<\/li>\n<li>Na libovoln\u00e9m viditeln\u00e9m m\u00edst\u011b se nach\u00e1z\u00ed identifik\u00e1tor \u0161koly pomoc\u00ed slov: &#8222;obchodka&#8220;, &#8222;zdr\u00e1vka&#8220;, &#8222;paj\u010f\u00e1k&#8220;.<\/li>\n<li>Na dres m\u016f\u017ee b\u00fdt pou\u017eita libovoln\u00e1 barva nebo barevn\u00e1 kombinace, \u010di barevn\u00e9 p\u0159echody.<\/li>\n<\/ol>\n<\/li>\n<\/ol>\n<div dir=\"ltr\">\n<div dir=\"ltr\">O v\u00edt\u011bzi sout\u011b\u017ee rozhodne odborn\u00e1 porota slo\u017een\u00e1 z u\u010ditel\u016f PK TEV,PK VVV a \u010dlenov\u00e9 veden\u00ed \u0161koly.<\/div>\n<div dir=\"ltr\">V\u00edt\u011bzn\u00fd n\u00e1vrh a jm\u00e9no sout\u011b\u017e\u00edc\u00edho bude do konce \u0161koln\u00edho roku zve\u0159ejn\u011bno na soci\u00e1ln\u00edch s\u00edt\u00edch \u0161koly.<\/div>\n<div dir=\"ltr\">&nbsp;<\/div>\n<div dir=\"ltr\">P\u0159edem d\u011bkujeme za \u00fa\u010dast v sout\u011b\u017ei.<\/div>\n<\/div>\n<\/div>\n","protected":false},"excerpt":{"rendered":"<p>VO\u0160, OA,SPg\u0160 a SZ\u0160 Most vyhla\u0161uje sout\u011b\u017e o nejlep\u0161\u00ed n\u00e1vrh \u0161koln\u00edho dresu. V\u00edt\u011bz z\u00edsk\u00e1 pouk\u00e1zku na 2000 K\u010d na n\u00e1kup v Centralu Most. &nbsp; Sout\u011b\u017e prob\u00edh\u00e1 do 15. 6. 2024 &nbsp; Pravidla sout\u011b\u017ee: Sout\u011b\u017ee se sm\u00ed \u00fa\u010dastnit pouze \u017e\u00e1ci VO\u0160, <a href=\"https:\/\/www.vos-sosmost.cz\/index.php\/soutez-o-nejlepsi-navrh-skolniho-dresu\/\" class=\"read-more\">Read More &#8230;<\/a><\/p>\n","protected":false},"author":1,"featured_media":0,"parent":0,"menu_order":0,"comment_status":"closed","ping_status":"closed","template":"","meta":{"ngg_post_thumbnail":0,"footnotes":""},"class_list":["post-7953","page","type-page","status-publish","hentry"],"_links":{"self":[{"href":"https:\/\/www.vos-sosmost.cz\/index.php\/wp-json\/wp\/v2\/pages\/7953","targetHints":{"allow":["GET"]}}],"collection":[{"href":"https:\/\/www.vos-sosmost.cz\/index.php\/wp-json\/wp\/v2\/pages"}],"about":[{"href":"https:\/\/www.vos-sosmost.cz\/index.php\/wp-json\/wp\/v2\/types\/page"}],"author":[{"embeddable":true,"href":"https:\/\/www.vos-sosmost.cz\/index.php\/wp-json\/wp\/v2\/users\/1"}],"replies":[{"embeddable":true,"href":"https:\/\/www.vos-sosmost.cz\/index.php\/wp-json\/wp\/v2\/comments?post=7953"}],"version-history":[{"count":6,"href":"https:\/\/www.vos-sosmost.cz\/index.php\/wp-json\/wp\/v2\/pages\/7953\/revisions"}],"predecessor-version":[{"id":7964,"href":"https:\/\/www.vos-sosmost.cz\/index.php\/wp-json\/wp\/v2\/pages\/7953\/revisions\/7964"}],"wp:attachment":[{"href":"https:\/\/www.vos-sosmost.cz\/index.php\/wp-json\/wp\/v2\/media?parent=7953"}],"curies":[{"name":"wp","href":"https:\/\/api.w.org\/{rel}","templated":true}]}}