{"id":7744,"date":"2024-01-22T13:52:39","date_gmt":"2024-01-22T12:52:39","guid":{"rendered":"https:\/\/www.vos-sosmost.cz\/?page_id=7744"},"modified":"2025-10-10T08:24:00","modified_gmt":"2025-10-10T06:24:00","slug":"skolni-prijimaci-zkouska","status":"publish","type":"page","link":"https:\/\/www.vos-sosmost.cz\/index.php\/skolni-prijimaci-zkouska\/","title":{"rendered":"\u0160koln\u00ed p\u0159ij\u00edmac\u00ed zkou\u0161ka"},"content":{"rendered":"<p>\u0160koln\u00ed p\u0159ij\u00edmac\u00ed zkou\u0161ky se budou konat v b\u0159eznu 2026 v term\u00ednu p\u0159ed kon\u00e1n\u00edm jednotn\u00e9 p\u0159ij\u00edmac\u00ed zkou\u0161ky, p\u0159esn\u00fd term\u00edn uchaze\u010d obdr\u017e\u00ed v pozv\u00e1nce na p\u0159ij\u00edmac\u00ed zkou\u0161ky.<\/p>\n<p>Verze pro tisk ve form\u00e1tu .pdf ke sta\u017een\u00ed <strong><a href=\"https:\/\/www.vos-sosmost.cz\/sos\/prijimacky\/skolni_cast.pdf\">zde<\/a><\/strong><\/p>\n<p><span style=\"text-decoration: underline; font-size: 14pt;\"><strong>Obchodn\u00ed akademie<\/strong><\/span><\/p>\n<p><span style=\"font-size: 14pt;\"><strong><span style=\"color: #339966;\"><em>KKOV 63-41-M\/02 Obchodn\u00ed akademie<\/em><\/span><\/strong><\/span><br \/>\n<span style=\"font-size: 14pt;\"><strong><span style=\"color: #339966;\"><em>KKOV 78-42-M\/02 Ekonomick\u00e9 lyceum<\/em><\/span><\/strong><\/span><\/p>\n<p>Pro oba obory jde o ov\u011b\u0159en\u00ed p\u0159edpoklad\u016f z anglick\u00e9ho jazyka, zkou\u0161ka bude p\u00edsemnou formou, bude se skl\u00e1dat ze dvou \u010d\u00e1st\u00ed, a to:<\/p>\n<ol>\n<li>Reading and Use of English \u2013 \u010dten\u00ed a pou\u017e\u00edv\u00e1n\u00ed angli\u010dtiny.<\/li>\n<li>Listening \u2013 poslech.<\/li>\n<\/ol>\n<p>V\u00e1ha \u0161koln\u00ed p\u0159ij\u00edmac\u00ed zkou\u0161ky z ov\u011b\u0159en\u00ed p\u0159edpoklad\u016f z anglick\u00e9ho jazyka \u010din\u00ed 30 %.<br \/>\nCelkem bude zkou\u0161ka trvat 45 minut, uchaze\u010d m\u016f\u017ee z\u00edskat maxim\u00e1ln\u011b 50 bod\u016f.<br \/>\nV\u00fdsledky t\u00e9to \u010d\u00e1sti zkou\u0161ky budou slou\u017eit pro roz\u0159azen\u00ed p\u0159ijat\u00fdch \u017e\u00e1k\u016f do jazykov\u00fdch skupin ve t\u0159\u00edd\u011b podle \u00farovn\u011b znalost\u00ed.<\/p>\n<p>Uchaze\u010d s sebou mus\u00ed m\u00edt psac\u00ed pot\u0159eby.<\/p>\n<p><span style=\"text-decoration: underline; font-size: 14pt;\"><strong>St\u0159edn\u00ed pedagogick\u00e1 \u0161kola<\/strong><\/span><\/p>\n<p><span style=\"color: #ff9900; font-size: 14pt;\"><strong><em>KKOV 75-31-M\/01 P\u0159ed\u0161koln\u00ed a mimo\u0161koln\u00ed pedagogika<\/em><\/strong><\/span><\/p>\n<p>Ov\u011b\u0159en\u00ed p\u0159edpoklad\u016f bude prob\u00edhat z p\u0159edm\u011bt\u016f:<\/p>\n<ul style=\"list-style-type: circle;\">\n<li>hudebn\u00ed v\u00fdchova,<\/li>\n<li>v\u00fdtvarn\u00e1 v\u00fdchova,<\/li>\n<li>t\u011blesn\u00e1 v\u00fdchova,<\/li>\n<li>dramatick\u00e1 v\u00fdchova.<\/li>\n<\/ul>\n<p>Ov\u011b\u0159en\u00ed p\u0159edpoklad\u016f ke vzd\u011bl\u00e1v\u00e1n\u00ed bude m\u00edt v\u00e1hu 30 % z cel\u00e9ho p\u0159\u00edj\u00edmac\u00edho \u0159\u00edzen\u00ed a ka\u017ed\u00e1 v\u00fdchova bude hodnocena max. 20 body, celkem z t\u011bchto 4 \u010d\u00e1st\u00ed bude moci uchaze\u010d z\u00edskat 80 bod\u016f. Uchaze\u010d nesm\u00ed m\u00edt m\u00e9n\u011b ne\u017e 5 bod\u016f za jakoukoliv v\u00fdchovu, jinak toto krit\u00e9rium nesplnil. V hudebn\u00ed v\u00fdchov\u011b lze z\u00edskat nav\u00edc bonusov\u00e9 body za dovednost hry na hudebn\u00ed n\u00e1stroj.<\/p>\n<p><span style=\"text-decoration: underline;\">V\u00fdtvarn\u00e1 v\u00fdchova<\/span><\/p>\n<ul>\n<li>c\u00edlem je ov\u011b\u0159it, zda uchaze\u010d um\u00ed m\u00edchat barvy, jak\u00e9 zvl\u00e1d\u00e1 mal\u00ed\u0159sk\u00e9 techniky, jakou m\u00e1 jemnou motoriku a jak\u00e1 je jeho vlastn\u00ed invence<\/li>\n<li>malba na zadan\u00e9 t\u00e9ma (barevn\u00e1 \u0161k\u00e1la)<\/li>\n<\/ul>\n<p>Pom\u016fcky, kter\u00e9 si uchaze\u010d bude muset p\u0159in\u00e9st:<\/p>\n<ul>\n<li>temperov\u00e9 barvy 5 barev (3 z\u00e1kladn\u00ed, b\u00edl\u00e1, \u010dern\u00e1),<\/li>\n<li>3 ks ploch\u00e9 \u0161t\u011btce z\u00e1kladn\u00ed velikosti,<\/li>\n<li>dlouh\u00e9 prav\u00edtko 30 cm,<\/li>\n<li>n\u016f\u017eky,<\/li>\n<li>oby\u010dejnou tu\u017eku \u010d. 1,<\/li>\n<li>\u010dtvrtku A3,<\/li>\n<li>plastickou gumu,<\/li>\n<li>paletu,<\/li>\n<li>kel\u00edmek na vodu,<\/li>\n<li>had\u0159\u00edk.<\/li>\n<\/ul>\n<p>Uk\u00e1zkov\u00e1 videa lze p\u0159ehr\u00e1t <strong><a href=\"https:\/\/www.vos-sosmost.cz\/wp-content\/uploads\/2020\/01\/WhatsApp-Video-2020-01-13-at-14.45.11.mp4\">zde<\/a><\/strong> a&nbsp;<strong><a href=\"https:\/\/www.vos-sosmost.cz\/wp-content\/uploads\/2020\/01\/WhatsApp-Video-2020-01-13-at-14.45.111.mp4\">zde<\/a><\/strong><\/p>\n<p><span style=\"text-decoration: underline;\">Hudebn\u00ed v\u00fdchova<\/span><\/p>\n<ul>\n<li>c\u00edlem je ov\u011b\u0159it rytmick\u00e9 c\u00edt\u011bn\u00ed uchaze\u010de a vn\u00edm\u00e1n\u00ed hudby (udr\u017een\u00ed t\u00f3niny)<\/li>\n<li>uchaze\u010d zazp\u00edv\u00e1 p\u0159ipravenou lidovou p\u00edse\u0148<\/li>\n<li>d\u00e1le bude provedena sluchov\u00e1 anal\u00fdza (uchaze\u010d zazp\u00edv\u00e1 2 zahran\u00e9 t\u00f3ny<br \/>\nsouzvuku) a uchaze\u010d bude opakovat rytmicko-melodick\u00fd \u00fatvar (zazp\u00edv\u00e1<br \/>\np\u0159edehranou rytmizovanou melodii)<\/li>\n<li>pom\u016fcky nemus\u00ed m\u00edt \u017e\u00e1dn\u00e9<\/li>\n<li>znalost hry na hudebn\u00ed n\u00e1stroj nen\u00ed podm\u00ednkou<\/li>\n<\/ul>\n<p>Uk\u00e1zkov\u00e1 videa lze p\u0159ehr\u00e1t <strong><a href=\"https:\/\/www.vos-sosmost.cz\/wp-content\/uploads\/2020\/01\/WhatsApp-Video-2020-01-13-at-14.45.12.mp4\">zde<\/a><\/strong>, <strong><a href=\"https:\/\/www.vos-sosmost.cz\/wp-content\/uploads\/2020\/01\/WhatsApp-Video-2020-01-13-at-14.45.141.mp4\">zde<\/a><\/strong> a <strong><a href=\"https:\/\/www.vos-sosmost.cz\/wp-content\/uploads\/2020\/01\/WhatsApp-Video-2020-01-13-at-14.45.14.mp4\">zde<\/a><\/strong><\/p>\n<p><span style=\"text-decoration: underline;\">T\u011blesn\u00e1 v\u00fdchova<\/span><\/p>\n<ul>\n<li>c\u00edlem je ov\u011b\u0159it pohybov\u00e9 a dovednostn\u00ed p\u0159edpoklady pro v\u00fduku metodiky t\u011blesn\u00e9<br \/>\nv\u00fdchovy, zjistit jak\u00e9 m\u00e1 uchaze\u010d predispozice pro gymnastiku, atletiku<br \/>\na sportovn\u00ed hry<\/li>\n<\/ul>\n<p>Zkou\u0161ka bude obsahovat:<\/p>\n<ul>\n<li>kotoul vp\u0159ed a vzad,<\/li>\n<li>stoj na rukou,<\/li>\n<li>p\u0159emet stranou,<\/li>\n<li>skok z m\u00edsta,<\/li>\n<li>hern\u00ed \u010dinnosti jednotlivce v basketbalu,<\/li>\n<li>zkou\u0161ka bude prob\u00edhat v t\u011blocvi\u010dn\u011b \u0161koly,<\/li>\n<li>uchaze\u010d mus\u00ed m\u00edt s sebou sportovn\u00ed oble\u010den\u00ed (leg\u00edny \u010di kra\u0165asy, triko),<br \/>\na sportovn\u00ed obuv vhodnou do t\u011blocvi\u010dny.<\/li>\n<\/ul>\n<p>Uk\u00e1zkov\u00e1 videa lze p\u0159ehr\u00e1t <strong><a href=\"https:\/\/www.vos-sosmost.cz\/wp-content\/uploads\/2023\/02\/IMG_0763.mp4\">zde<\/a>, <a href=\"https:\/\/www.vos-sosmost.cz\/wp-content\/uploads\/2023\/02\/IMG_0769.mp4\">zde<\/a> <\/strong>a <strong><a href=\"https:\/\/www.vos-sosmost.cz\/wp-content\/uploads\/2023\/02\/IMG_0765.mp4\">zde<\/a><\/strong><\/p>\n<p><span style=\"text-decoration: underline;\">Dramatick\u00e1 v\u00fdchova<\/span><\/p>\n<ul>\n<li>c\u00edlem je ov\u011b\u0159it verb\u00e1ln\u00ed a artikula\u010dn\u00ed vybavenost uchaze\u010de, z\u00e1kladn\u00ed<br \/>\nkomunikativn\u00ed dovednosti a schopnost improvizace<\/li>\n<li>uchaze\u010d p\u0159e\u010dte zadan\u00e9 jazykov\u00e9 cvi\u010den\u00ed<\/li>\n<li>uchaze\u010d p\u0159e\u010dte s porozum\u011bn\u00edm kr\u00e1tkou uk\u00e1zku z d\u011btsk\u00e9 literatury v rozsahu<br \/>\njednoho odstavce<\/li>\n<li>danou uk\u00e1zku intona\u010dn\u011b uprav\u00ed na z\u00e1klad\u011b zad\u00e1n\u00ed, nap\u0159. p\u0159e\u010dti jako moder\u00e1tor,<br \/>\ntrhovec, babi\u010dka, kter\u00e1 usp\u00e1v\u00e1 d\u00edt\u011b atd.<\/li>\n<li>pom\u016fcky nejsou t\u0159eba<\/li>\n<li>zkou\u0161ka bude prob\u00edhat ve t\u0159\u00edd\u011b dramatick\u00e9 v\u00fdchovy<\/li>\n<\/ul>\n<p>Uk\u00e1zkov\u00e1 videa lze p\u0159ehr\u00e1t <strong><a href=\"https:\/\/www.vos-sosmost.cz\/wp-content\/uploads\/2022\/11\/1jazyokvecvi.mp4\">zde<\/a>, <a href=\"https:\/\/www.vos-sosmost.cz\/wp-content\/uploads\/2022\/11\/2.ukazkacetby.mp4\">zde<\/a>&nbsp;<\/strong>a <strong><a href=\"https:\/\/www.vos-sosmost.cz\/wp-content\/uploads\/2022\/11\/3.intonacnizmena.mp4\">zde<\/a><\/strong><\/p>\n<p><span style=\"color: #ff9900; font-size: 14pt;\"><strong><em>KKOV 78-42-M\/03 Pedagogick\u00e9 lyceum<\/em><\/strong><\/span><\/p>\n<p>Pro tento obor jde o ov\u011b\u0159en\u00ed p\u0159edpoklad\u016f z anglick\u00e9ho jazyka, zkou\u0161ka bude p\u00edsemnou formou, bude se skl\u00e1dat ze dvou \u010d\u00e1st\u00ed, a to:<\/p>\n<ol>\n<li>Reading and Use of English \u2013 \u010dten\u00ed a pou\u017e\u00edv\u00e1n\u00ed angli\u010dtiny.<\/li>\n<li>Listening \u2013 poslech.<\/li>\n<\/ol>\n<p>V\u00e1ha \u0161koln\u00ed p\u0159ij\u00edmac\u00ed zkou\u0161ky z ov\u011b\u0159en\u00ed p\u0159edpoklad\u016f z anglick\u00e9ho jazyka \u010din\u00ed 30 %.<br \/>\nCelkem bude zkou\u0161ka trvat 45 minut, uchaze\u010d m\u016f\u017ee z\u00edskat maxim\u00e1ln\u011b 50 bod\u016f.<br \/>\nV\u00fdsledky t\u00e9to \u010d\u00e1sti zkou\u0161ky budou slou\u017eit pro roz\u0159azen\u00ed p\u0159ijat\u00fdch \u017e\u00e1k\u016f do jazykov\u00fdch skupin ve t\u0159\u00edd\u011b podle \u00farovn\u011b znalost\u00ed.<br \/>\nUchaze\u010d s sebou mus\u00ed m\u00edt psac\u00ed pot\u0159eby.<\/p>\n<p><span style=\"text-decoration: underline; font-size: 14pt;\"><strong>St\u0159edn\u00ed zdravotnick\u00e1 \u0161kola<\/strong><\/span><\/p>\n<p><span style=\"color: #3366ff; font-size: 14pt;\"><em><strong>KKOV 78-42-M\/04 Zdravotnick\u00e9 lyceum<\/strong><\/em><\/span><\/p>\n<p>Pro tento obor jde o ov\u011b\u0159en\u00ed p\u0159edpoklad\u016f z anglick\u00e9ho jazyka, zkou\u0161ka bude p\u00edsemnou formou, bude se skl\u00e1dat ze dvou \u010d\u00e1st\u00ed, a to:<\/p>\n<ol>\n<li>Reading and Use of English \u2013 \u010dten\u00ed a pou\u017e\u00edv\u00e1n\u00ed angli\u010dtiny.<\/li>\n<li>Listening \u2013 poslech.<\/li>\n<\/ol>\n<p>V\u00e1ha \u0161koln\u00ed p\u0159ij\u00edmac\u00ed zkou\u0161ky z ov\u011b\u0159en\u00ed p\u0159edpoklad\u016f z anglick\u00e9ho jazyka \u010din\u00ed 30 %.<br \/>\nCelkem bude zkou\u0161ka trvat 45 minut, uchaze\u010d m\u016f\u017ee z\u00edskat maxim\u00e1ln\u011b 50 bod\u016f.<br \/>\nV\u00fdsledky t\u00e9to \u010d\u00e1sti zkou\u0161ky budou slou\u017eit pro roz\u0159azen\u00ed p\u0159ijat\u00fdch \u017e\u00e1k\u016f do jazykov\u00fdch skupin ve t\u0159\u00edd\u011b podle \u00farovn\u011b znalost\u00ed.<br \/>\nUchaze\u010d s sebou mus\u00ed m\u00edt psac\u00ed pot\u0159eby.<\/p>\n<p><span style=\"color: #3366ff; font-size: 14pt;\"><em><strong>KKOV 53-41-M\/03 Praktick\u00e1 sestra<\/strong><\/em><\/span><\/p>\n<p>Pro tento obor jde o ov\u011b\u0159en\u00ed p\u0159edpoklad\u016f ke zdravotnick\u00e9mu povol\u00e1n\u00ed, celkem budou 3 oblasti ov\u011b\u0159en\u00ed:<\/p>\n<ol>\n<li>reakce a podn\u011bty v modelov\u00e9 situaci u l\u016f\u017eka nemocn\u00e9ho v odborn\u00e9 u\u010debn\u011b \u2013 nejde o znalosti, ale o schopnost komplexn\u011b reagovat (v\u0161\u00edmavost, vst\u0159\u00edcnost, empatie, komunikace),<\/li>\n<li>motiva\u010dn\u00ed pohovor s c\u00edlem ov\u011b\u0159it z\u00e1jem o studium oboru praktick\u00e1 sestra,<\/li>\n<li>reakce a odpov\u011bdi na situa\u010dn\u00ed obr\u00e1zky ze zdravotnick\u00e9 praxe.<\/li>\n<\/ol>\n<p>V\u00e1ha \u0161koln\u00ed p\u0159ij\u00edmac\u00ed zkou\u0161ky z ov\u011b\u0159en\u00ed p\u0159edpoklad\u016f ke zdravotnick\u00e9mu povol\u00e1n\u00ed \u010din\u00ed 30 %.<br \/>\nUchaze\u010d m\u016f\u017ee z\u00edskat maxim\u00e1ln\u011b 50 bod\u016f.<br \/>\nZkou\u0161ka bude prob\u00edhat v odborn\u00fdch u\u010debn\u00e1ch \u0161koly, uchaze\u010d s sebou nemus\u00ed m\u00edt \u017e\u00e1dn\u00e9 pom\u016fcky.<\/p>\n<p><span style=\"color: #3366ff; font-size: 14pt;\"><em><strong>KKOV 75-41-M\/01 Soci\u00e1ln\u00ed \u010dinnost<\/strong><\/em><\/span><\/p>\n<p>Pro tento obor jde o ov\u011b\u0159en\u00ed p\u0159edpoklad\u016f k povol\u00e1n\u00ed pracovn\u00edka v soci\u00e1ln\u00edch slu\u017eb\u00e1ch, celkem budou 2 oblasti ov\u011b\u0159en\u00ed:<\/p>\n<ol>\n<li>motiva\u010dn\u00ed pohovor c\u00edlem ov\u011b\u0159it z\u00e1jem o studium oboru soci\u00e1ln\u00ed \u010dinnost \u2013 osobn\u00ed prezentace a p\u0159edstavy uchaze\u010de o povol\u00e1n\u00ed,<\/li>\n<li>popis situa\u010dn\u00edho obr\u00e1zku s ur\u010ditou \u017eivotn\u00ed situac\u00ed \u010dlov\u011bka \u2013 ov\u011b\u0159ov\u00e1ny budou p\u0159edpoklady pro v\u00fdkon povol\u00e1n\u00ed.<\/li>\n<\/ol>\n<p>V\u00e1ha \u0161koln\u00ed p\u0159ij\u00edmac\u00ed zkou\u0161ky z ov\u011b\u0159en\u00ed p\u0159edpoklad\u016f k povol\u00e1n\u00ed v soci\u00e1ln\u00edch slu\u017eb\u00e1ch \u010din\u00ed 30 %.<br \/>\nUchaze\u010d m\u016f\u017ee z\u00edskat maxim\u00e1ln\u011b 50 bod\u016f.<br \/>\nZkou\u0161ka bude prob\u00edhat v odborn\u00fdch u\u010debn\u00e1ch \u0161koly, uchaze\u010d s sebou nemus\u00ed m\u00edt \u017e\u00e1dn\u00e9 pom\u016fcky.<\/p>\n<p><span style=\"color: #3366ff; font-size: 14pt;\"><strong><em>KKOV 53-41-M\/04 Mas\u00e9r ve zdravotnictv\u00ed<\/em><\/strong><\/span><\/p>\n<p>Jedn\u00e1 se o ov\u011b\u0159en\u00ed p\u0159edpoklad\u016f fyzick\u00e9 zdatnosti pro v\u00fdkon povol\u00e1n\u00ed mas\u00e9ra ve zdravotnictv\u00ed formou fyzick\u00e9ho testu, tzv. Jac\u00edk\u016fv test.<br \/>\nJac\u00edk\u016fv test, tj. stoj \u2013 leh na b\u0159i\u0161e \u2013 stoj \u2013 leh na z\u00e1da, jde o to, kolik proveden\u00fdch poloh uchaze\u010d ud\u011bl\u00e1 za 2 minuty. Maxim\u00e1ln\u00ed po\u010det bod\u016f bude 50.<br \/>\nJedn\u00e1 se o standardizovan\u00fd test. Z d\u016fvodu stanoven\u00fdch norem je bodov\u00e1n\u00ed rozd\u00edln\u00e9 pro chlapce a d\u00edvky. Zkou\u0161ka bude prob\u00edhat v t\u011blocvi\u010dn\u011b \u0161koly a uchaze\u010d mus\u00ed m\u00edt <strong>sportovn\u00ed oble\u010den\u00ed a sportovn\u00ed obuv.<\/strong><\/p>\n<p>Uk\u00e1zkov\u00e9 video lze p\u0159ehr\u00e1t <strong><a href=\"https:\/\/www.vos-sosmost.cz\/wp-content\/uploads\/2024\/01\/1700084361592.mp4\">zde<\/a><\/strong><\/p>\n<p><strong>JAC\u00cdK\u016eV MOTORICK\u00dd TEST<\/strong><br \/>\nTest st\u0159\u00edd\u00e1n\u00ed t\u011blocvi\u010dn\u00fdch poloh prov\u011b\u0159\u00ed obratnost, s\u00edlu i vytrvalost, jedn\u00e1 se o n\u00e1sleduj\u00edc\u00ed zm\u011bny poloh (leh na z\u00e1dech-stoj-leh na b\u0159i\u0161e-stoj) po dobu 2 minut.<\/p>\n<p>Test se prov\u00e1d\u00ed na \u017e\u00edn\u011bnce:<\/p>\n<ol>\n<li>V\u00fdchoz\u00ed poloha \u2013 leh na z\u00e1dech: lopatky, h\u00fd\u017ed\u011b a paty se dot\u00fdkaj\u00ed zem\u011b, doln\u00ed kon\u010detiny prota\u017eeny paraleln\u011b vedle sebe, pa\u017ee v p\u0159ipa\u017een\u00ed.<\/li>\n<li>P\u0159ejd\u011bte do stoje: doln\u00ed kon\u010detiny ve spatn\u00e9m nebo paraleln\u00edm postaven\u00ed vedle&nbsp; sebe, propnut\u00e1 kolena, vzp\u0159\u00edmen\u00fd hrudn\u00edk a hlava, pa\u017ee v p\u0159ipa\u017een\u00ed.<\/li>\n<li>P\u0159ejd\u011bte do lehu na b\u0159i\u0161e: hrudn\u00edk se dot\u00fdk\u00e1 podlo\u017eky, doln\u00ed kon\u010detiny prota\u017eeny paraleln\u011b vedle sebe, pa\u017ee v p\u0159ipa\u017een\u00ed.<\/li>\n<li>Z lehu na b\u0159i\u0161e p\u0159ejd\u011bte znovu do stoje.<\/li>\n<\/ol>\n<p>Zp\u016fsob p\u0159echodu z jedn\u00e9 polohy do druh\u00e9 je libovoln\u00fd.<br \/>\nDbejte na to, aby ka\u017ed\u00e1 poloha byla provedena p\u0159esn\u011b dle definice.<br \/>\nSestavu opakujte co nejrychleji po dobu 2 minut = c\u00edlem je dos\u00e1hnout co nejv\u011bt\u0161\u00edho po\u010dtu poloh.<br \/>\nCvi\u010den\u00ed je v p\u0159\u00edpad\u011b \u00fanavy mo\u017en\u00e9 p\u0159eru\u0161it, ale \u010das b\u011b\u017e\u00ed d\u00e1le.<\/p>\n<p>Hodnocen\u00ed: Za ka\u017edou spr\u00e1vn\u011b provedenou polohu je zapo\u010d\u00edt\u00e1n 1 bod. Testovan\u00e1 osoba je b\u011bhem testu pr\u016fb\u011b\u017en\u011b informov\u00e1na o dosa\u017een\u00e9m po\u010dtu poloh a \u010dase.<\/p>\n<p>&nbsp;<\/p>\n<p>Ing. Jitka Ha\u0161kov\u00e1<br \/>\n\u0158editelka \u0161koly<\/p>\n","protected":false},"excerpt":{"rendered":"<p>\u0160koln\u00ed p\u0159ij\u00edmac\u00ed zkou\u0161ky se budou konat v b\u0159eznu 2026 v term\u00ednu p\u0159ed kon\u00e1n\u00edm jednotn\u00e9 p\u0159ij\u00edmac\u00ed zkou\u0161ky, p\u0159esn\u00fd term\u00edn uchaze\u010d obdr\u017e\u00ed v pozv\u00e1nce na p\u0159ij\u00edmac\u00ed zkou\u0161ky. Verze pro tisk ve form\u00e1tu .pdf ke sta\u017een\u00ed zde Obchodn\u00ed akademie KKOV 63-41-M\/02 Obchodn\u00ed akademie <a href=\"https:\/\/www.vos-sosmost.cz\/index.php\/skolni-prijimaci-zkouska\/\" class=\"read-more\">Read More &#8230;<\/a><\/p>\n","protected":false},"author":1,"featured_media":0,"parent":0,"menu_order":0,"comment_status":"closed","ping_status":"closed","template":"","meta":{"ngg_post_thumbnail":0,"footnotes":""},"class_list":["post-7744","page","type-page","status-publish","hentry"],"_links":{"self":[{"href":"https:\/\/www.vos-sosmost.cz\/index.php\/wp-json\/wp\/v2\/pages\/7744","targetHints":{"allow":["GET"]}}],"collection":[{"href":"https:\/\/www.vos-sosmost.cz\/index.php\/wp-json\/wp\/v2\/pages"}],"about":[{"href":"https:\/\/www.vos-sosmost.cz\/index.php\/wp-json\/wp\/v2\/types\/page"}],"author":[{"embeddable":true,"href":"https:\/\/www.vos-sosmost.cz\/index.php\/wp-json\/wp\/v2\/users\/1"}],"replies":[{"embeddable":true,"href":"https:\/\/www.vos-sosmost.cz\/index.php\/wp-json\/wp\/v2\/comments?post=7744"}],"version-history":[{"count":16,"href":"https:\/\/www.vos-sosmost.cz\/index.php\/wp-json\/wp\/v2\/pages\/7744\/revisions"}],"predecessor-version":[{"id":8961,"href":"https:\/\/www.vos-sosmost.cz\/index.php\/wp-json\/wp\/v2\/pages\/7744\/revisions\/8961"}],"wp:attachment":[{"href":"https:\/\/www.vos-sosmost.cz\/index.php\/wp-json\/wp\/v2\/media?parent=7744"}],"curies":[{"name":"wp","href":"https:\/\/api.w.org\/{rel}","templated":true}]}}