{"id":7705,"date":"2024-01-16T07:42:17","date_gmt":"2024-01-16T06:42:17","guid":{"rendered":"https:\/\/www.vos-sosmost.cz\/?page_id=7705"},"modified":"2024-01-16T07:42:17","modified_gmt":"2024-01-16T06:42:17","slug":"sponzori-maturitni-plesu","status":"publish","type":"page","link":"https:\/\/www.vos-sosmost.cz\/index.php\/sponzori-maturitni-plesu\/","title":{"rendered":"Sponzo\u0159i maturitn\u00ed ples\u016f"},"content":{"rendered":"<p><span style=\"text-decoration: underline;\">\u0160koln\u00ed rok 2023\/2024<\/span><\/p>\n<p><strong><a href=\"https:\/\/www.vos-sosmost.cz\/wp-content\/uploads\/2024\/01\/4c_d.pdf\">Maturitn\u00ed ples t\u0159\u00edd 4. C a 4. D<\/a><\/strong><\/p>\n","protected":false},"excerpt":{"rendered":"<p>\u0160koln\u00ed rok 2023\/2024 Maturitn\u00ed ples t\u0159\u00edd 4. C a 4. D<\/p>\n","protected":false},"author":1,"featured_media":0,"parent":0,"menu_order":0,"comment_status":"closed","ping_status":"closed","template":"","meta":{"ngg_post_thumbnail":0,"footnotes":""},"class_list":["post-7705","page","type-page","status-publish","hentry"],"_links":{"self":[{"href":"https:\/\/www.vos-sosmost.cz\/index.php\/wp-json\/wp\/v2\/pages\/7705","targetHints":{"allow":["GET"]}}],"collection":[{"href":"https:\/\/www.vos-sosmost.cz\/index.php\/wp-json\/wp\/v2\/pages"}],"about":[{"href":"https:\/\/www.vos-sosmost.cz\/index.php\/wp-json\/wp\/v2\/types\/page"}],"author":[{"embeddable":true,"href":"https:\/\/www.vos-sosmost.cz\/index.php\/wp-json\/wp\/v2\/users\/1"}],"replies":[{"embeddable":true,"href":"https:\/\/www.vos-sosmost.cz\/index.php\/wp-json\/wp\/v2\/comments?post=7705"}],"version-history":[{"count":1,"href":"https:\/\/www.vos-sosmost.cz\/index.php\/wp-json\/wp\/v2\/pages\/7705\/revisions"}],"predecessor-version":[{"id":7707,"href":"https:\/\/www.vos-sosmost.cz\/index.php\/wp-json\/wp\/v2\/pages\/7705\/revisions\/7707"}],"wp:attachment":[{"href":"https:\/\/www.vos-sosmost.cz\/index.php\/wp-json\/wp\/v2\/media?parent=7705"}],"curies":[{"name":"wp","href":"https:\/\/api.w.org\/{rel}","templated":true}]}}