{"id":7569,"date":"2024-01-18T09:29:55","date_gmt":"2024-01-18T08:29:55","guid":{"rendered":"https:\/\/www.vos-sosmost.cz\/?page_id=7569"},"modified":"2024-01-19T07:43:35","modified_gmt":"2024-01-19T06:43:35","slug":"informace-k-prijimacimu-rizeni-2024-2025","status":"publish","type":"page","link":"https:\/\/www.vos-sosmost.cz\/index.php\/stredni-odborna-skola\/uchazec\/informace-k-prijimacimu-rizeni-2024-2025\/","title":{"rendered":"Informace k p\u0159ij\u00edmac\u00edmu \u0159\u00edzen\u00ed 2024\/2025"},"content":{"rendered":"<p style=\"text-align: center;\"><strong>P\u0159ij\u00edm\u00e1n\u00ed ke vzd\u011bl\u00e1v\u00e1n\u00ed ve st\u0159edn\u00ed \u0161kole<\/strong><\/p>\n<p style=\"text-align: center;\"><strong>Obchodn\u00ed akademie, St\u0159edn\u00ed pedagogick\u00e1 \u0161kola a St\u0159edn\u00ed zdravotnick\u00e1 \u0161kola Most<\/strong><\/p>\n<p style=\"text-align: center;\"><strong>pro \u0161koln\u00ed rok 2024\/2025 \u2013 denn\u00ed forma vzd\u011bl\u00e1v\u00e1n\u00ed<\/strong><\/p>\n<p>P\u0159ihl\u00e1\u0161ky ke vzd\u011bl\u00e1v\u00e1n\u00ed se odevzd\u00e1vaj\u00ed <strong>1. 2. &#8211; 20. 2. 2024<\/strong>.<\/p>\n<p><strong>Term\u00edny<\/strong> jednotn\u00e9 p\u0159ij\u00edmac\u00ed zkou\u0161ky \u2013 jednotn\u00e1 p\u0159ij\u00edmac\u00ed zkou\u0161ka (JPZ) se u v\u0161ech maturitn\u00edch obor\u016f bude konat v p\u00e1tek <strong>12. 4. 2024 <\/strong>a v pond\u011bl\u00ed <strong>15. 4. 2024<\/strong>.<\/p>\n<p>N\u00e1hradn\u00ed term\u00edny jednotn\u00e9 p\u0159ij\u00edmac\u00ed zkou\u0161ky jsou stanoveny na pond\u011bl\u00ed <strong>29. 4. 2024<\/strong> a \u00fater\u00fd <strong>30. 4. 2024<\/strong>.<\/p>\n<p>Sd\u011blen\u00ed M\u0160MT, kter\u00fdm se stanov\u00ed term\u00edny kon\u00e1n\u00ed jednotn\u00e9 p\u0159ij\u00edmac\u00ed zkou\u0161ky ve \u0161koln\u00edm roce 2023\/2024 pro \u0161koln\u00ed rok 2024\/2025 &#8211; <a href=\"https:\/\/www.msmt.cz\/file\/60903_1_1\/\" target=\"_blank\" rel=\"noopener noreferrer\">ve form\u00e1tu PDF<\/a>.<\/p>\n<p>\u010casov\u00fd rozvrh kon\u00e1n\u00ed p\u00edsemn\u00fdch test\u016f v roce 2023\/2024 pro \u0161koln\u00ed rok 2024\/2025 &#8211; <a href=\"https:\/\/www.msmt.cz\/file\/61832_1_1\/\" target=\"_blank\" rel=\"noopener noreferrer\">ve form\u00e1tu PDF<\/a><\/p>\n<p>Jednotn\u00e1 p\u0159ij\u00edmac\u00ed zkou\u0161ka se skl\u00e1d\u00e1 ze dvou p\u00edsemn\u00fdch test\u016f: z <strong>\u010desk\u00e9ho jazyka a literatury<\/strong> a z <strong>matematiky<\/strong>.<\/p>\n<p><strong>Povolen\u00fdmi pom\u016fckami<\/strong> p\u0159i kon\u00e1n\u00ed test\u016f je pouze mod\u0159e \u010di \u010dern\u011b p\u00ed\u0161\u00edc\u00ed propisovac\u00ed tu\u017eka (nelze pou\u017e\u00edvat gumovac\u00ed pera \u010di fixky), u matematiky nav\u00edc oby\u010dejn\u00e1 tu\u017eka a r\u00fdsovac\u00ed pot\u0159eby. U zkou\u0161ky je zak\u00e1zan\u00e9 pou\u017e\u00edvat slovn\u00edky, Pravidla \u010desk\u00e9ho pravopisu, kalkula\u010dku \u010di matematicko-fyzik\u00e1ln\u00ed tabulky.<\/p>\n<table style=\"width: 100%;\">\n<tbody>\n<tr>\n<td style=\"width: 21.0317%;\">DIDAKTICK\u00dd TEST<\/td>\n<td style=\"width: 18.5185%;\">VYMEZEN\u00dd \u010cAS<\/td>\n<td style=\"width: 59.127%;\">POVOLEN\u00c9 POM\u016eCKY<\/td>\n<\/tr>\n<tr>\n<td style=\"width: 21.0317%;\">\u010cesk\u00fd jazyk a literatura<\/td>\n<td style=\"width: 18.5185%;\">60 minut<\/td>\n<td style=\"width: 59.127%;\">Mod\u0159e \u010di \u010dern\u011b p\u00ed\u0161\u00edc\u00ed propisovac\u00ed tu\u017eka<\/td>\n<\/tr>\n<tr>\n<td style=\"width: 21.0317%;\">Matematika<\/td>\n<td style=\"width: 18.5185%;\">70 minut<\/td>\n<td style=\"width: 59.127%;\">Mod\u0159e \u010di \u010dern\u011b p\u00ed\u0161\u00edc\u00ed propisovac\u00ed tu\u017eka, oby\u010dejn\u00e1 tu\u017eka a r\u00fdsovac\u00ed pot\u0159eby<\/td>\n<\/tr>\n<\/tbody>\n<\/table>\n<p><strong>\u0160koln\u00ed \u010d\u00e1st<\/strong> p\u0159ij\u00edmac\u00ed zkou\u0161ky bude prob\u00edhat ve dnech <strong>10. 4. 2024<\/strong>, <strong>11. 4. 2024<\/strong>, <strong>16. 4. 2024<\/strong> a <strong>17. 4. 2024<\/strong>. Podrobn\u00e9 informace ke \u0161koln\u00ed \u010d\u00e1sti &#8211; <a href=\"\/sos\/prijimacky\/skolni_cast.pdf\" target=\"_blank\" rel=\"noopener\">ve form\u00e1tu PDF<\/a><\/p>\n<p><strong>Po\u010det p\u0159ij\u00edman\u00fdch uchaze\u010d\u016f a krit\u00e9ria p\u0159ijet\u00ed<\/strong><br \/>\nPro \u0161koln\u00ed rok 2024\/2025 roz\u0161i\u0159ujeme vzd\u011bl\u00e1vac\u00ed nab\u00eddku o dal\u0161\u00ed t\u0159\u00eddu pedagogick\u00e9ho lycea. Bude tedy p\u0159ijato o 30 uchaze\u010d\u016f v\u00edce ne\u017e v prob\u00edhaj\u00edc\u00edm \u0161koln\u00edm roce, tj. celkem 60 uchaze\u010d\u016f, kte\u0159\u00ed \u00fasp\u011b\u0161n\u011b vykonaj\u00ed p\u0159ij\u00edmac\u00ed zkou\u0161ku. &nbsp;<\/p>\n<p>P\u0159\u00edpadn\u00e9 dotazy zodpov\u00ed studijn\u00ed referentky v \u010dase 7:30 &#8211; 15:00:<\/p>\n<ul>\n<li>pro obory ekonomick\u00e9 a pedagogick\u00e9 na telefonu 417 637 477 linka 104 nebo e-mailem kohoutova[zavin\u00e1\u010d]vos-sosmost.cz<\/li>\n<li>pro obory zdravotnick\u00e9 na telefonu 417 637 477 linka 147 nebo e-mailem drozova[zavin\u00e1\u010d]vos-sosmost.cz<\/li>\n<\/ul>\n<table id=\"table1\" style=\"width: 100%;\" border=\"1\" cellspacing=\"0\" cellpadding=\"0\">\n<tbody>\n<tr style=\"height: 31px; background-color: #5e5a5a;\">\n<td style=\"height: 31px; vertical-align: middle; width: 21.8599%; text-align: center;\" valign=\"top\"><span style=\"color: #ffffff;\"><strong>K\u00f3d a n\u00e1zev oboru<\/strong><\/span><\/td>\n<td style=\"height: 31px; vertical-align: middle; width: 63.8822%; text-align: center;\" valign=\"top\"><span style=\"color: #ffffff;\"><strong>Krit\u00e9ria p\u0159ijet\u00ed<\/strong><\/span><\/td>\n<td style=\"height: 31px; width: 14.0163%; text-align: center; vertical-align: middle;\">\n<p align=\"center\"><span style=\"color: #ffffff;\"><strong>Po\u010det<\/strong><\/span><\/p>\n<\/td>\n<\/tr>\n<tr style=\"height: 320px;\">\n<td style=\"height: 320px; text-align: center; vertical-align: middle; width: 21.8599%;\">KKOV 63-41-M\/02&nbsp;&nbsp;&nbsp;&nbsp;<\/p>\n<p><strong>Obchodn\u00ed akademie<\/strong><\/td>\n<td style=\"height: 320px; width: 63.8822%;\" align=\"justify\">1. Jednotn\u00e1 p\u0159ij\u00edmac\u00ed zkou\u0161ka z \u010desk\u00e9ho jazyka a matematiky dle zad\u00e1n\u00ed M\u0160MT.&nbsp;<\/p>\n<p>2. \u0160koln\u00ed \u010d\u00e1st p\u0159ij\u00edmac\u00ed zkou\u0161ky \u2013 ov\u011b\u0159en\u00ed p\u0159edpoklad\u016f ke vzd\u011bl\u00e1v\u00e1n\u00ed z anglick\u00e9ho jazyka (zkou\u0161ka bude p\u00edsemnou formou, bude se skl\u00e1dat ze \u010dten\u00ed a pou\u017e\u00edv\u00e1n\u00ed angli\u010dtiny a poslechu).<\/p>\n<p>3. Bonifikace za prosp\u011bch na Z\u0160 z p\u0159edm\u011btu matematika, \u010desk\u00fd jazyk a anglick\u00fd jazyk.<\/p>\n<p><em>V\u00e1ha krit\u00e9ri\u00ed: <\/em><em>JPZ <\/em>\u2013 <em>60 %, ov\u011b\u0159en\u00ed p\u0159edpoklad\u016f \u2013 30 %, bonifikace <\/em>\u2013 <em>10 %<\/em><em>.<\/em><\/p>\n<p>Podrobn\u00fd popis krit\u00e9ri\u00ed hodnocen\u00ed &#8211; <a href=\"\/sos\/prijimacky\/kriteria_oa_2024.pdf\" target=\"_blank\" rel=\"noopener\">ve form\u00e1tu PDF<\/a>.<\/td>\n<td style=\"height: 320px; width: 14.0163%;\">\n<p align=\"center\">60<\/p>\n<\/td>\n<\/tr>\n<tr style=\"height: 320px;\">\n<td style=\"height: 320px; text-align: center; vertical-align: middle; width: 21.8599%;\">KKOV 78-42-M\/02&nbsp;&nbsp;&nbsp;&nbsp;<\/p>\n<p><strong>Ekonomick\u00e9 lyceum<\/strong><\/td>\n<td style=\"height: 320px; width: 63.8822%;\" align=\"justify\">1. Jednotn\u00e1 p\u0159ij\u00edmac\u00ed zkou\u0161ka z \u010desk\u00e9ho jazyka a matematiky dle zad\u00e1n\u00ed M\u0160MT.&nbsp;<\/p>\n<p>2. \u0160koln\u00ed \u010d\u00e1st p\u0159ij\u00edmac\u00ed zkou\u0161ky \u2013 ov\u011b\u0159en\u00ed p\u0159edpoklad\u016f ke vzd\u011bl\u00e1v\u00e1n\u00ed z anglick\u00e9ho jazyka (zkou\u0161ka bude p\u00edsemnou formou, bude se skl\u00e1dat ze \u010dten\u00ed a pou\u017e\u00edv\u00e1n\u00ed angli\u010dtiny a poslechu).<\/p>\n<p>3. Bonifikace za prosp\u011bch na Z\u0160 z p\u0159edm\u011btu matematika, \u010desk\u00fd jazyk a anglick\u00fd jazyk.<\/p>\n<p><em>V\u00e1ha krit\u00e9ri\u00ed: <\/em><em>JPZ <\/em>\u2013 <em>60 %, ov\u011b\u0159en\u00ed p\u0159edpoklad\u016f \u2013 30 %, bonifikace <\/em>\u2013 <em>10 %<\/em><em>.<\/em><\/p>\n<p>Podrobn\u00fd popis krit\u00e9ri\u00ed hodnocen\u00ed &#8211; <a href=\"\/sos\/prijimacky\/kriteria_el_2024.pdf\" target=\"_blank\" rel=\"noopener\">ve form\u00e1tu PDF<\/a>.<\/td>\n<td style=\"height: 320px; width: 14.0163%;\">\n<p align=\"center\">30<\/p>\n<\/td>\n<\/tr>\n<tr style=\"height: 360px;\">\n<td style=\"height: 360px; text-align: center; vertical-align: middle; width: 21.8599%;\">KKOV 75-31-M\/01&nbsp;&nbsp;&nbsp;&nbsp;<\/p>\n<p><strong>P\u0159ed\u0161koln\u00ed a mimo\u0161koln\u00ed pedagogika<\/strong><\/td>\n<td style=\"height: 360px; width: 63.8822%;\" align=\"justify\">1. Jednotn\u00e1 p\u0159ij\u00edmac\u00ed zkou\u0161ka z \u010desk\u00e9ho jazyka a matematiky dle zad\u00e1n\u00ed M\u0160MT.&nbsp;&nbsp; &nbsp;<\/p>\n<p>2. \u0160koln\u00ed \u010d\u00e1st p\u0159ij\u00edmac\u00ed zkou\u0161ky \u2013 ov\u011b\u0159en\u00ed p\u0159edpoklad\u016f ke vzd\u011bl\u00e1v\u00e1n\u00ed z hudebn\u00ed v\u00fdchovy, v\u00fdtvarn\u00e9 v\u00fdchovy, t\u011blesn\u00e9 v\u00fdchovy a dramatick\u00e9 v\u00fdchovy \u2013 viz <strong><a href=\"https:\/\/www.vos-sosmost.cz\/index.php\/stredni-odborna-skola\/uchazec\/overeni-talentu-pmp\/\">webov\u00e9 str\u00e1nky<\/a><\/strong> a FB \u0161koly. Bonifikace za hru na hudebn\u00ed n\u00e1stroj. Za ka\u017edou v\u00fdchovu lze z\u00edskat maxim\u00e1ln\u011b 20 bod\u016f, celkem tedy z ov\u011b\u0159en\u00ed p\u0159edpoklad\u016f ke vzd\u011bl\u00e1n\u00ed 80 bod\u016f. Uchaze\u010d nesm\u00ed z\u00edskat m\u00e9n\u011b ne\u017e 5 bod\u016f za jakoukoliv v\u00fdchovu, jinak toto krit\u00e9rium nesplnil.<\/p>\n<p>3. Bonifikace za prosp\u011bch na Z\u0160 z p\u0159edm\u011btu matematika, \u010desk\u00fd jazyk a anglick\u00fd jazyk.<\/p>\n<p><strong>Podm\u00ednka p\u0159ijet\u00ed \u2013 zdravotn\u00ed zp\u016fsobilost na p\u0159edepsan\u00e9m formul\u00e1\u0159i<\/strong> (<a href=\"\/sos\/prijimacky\/zdravotni_posudek_pmp.xlsx\" target=\"_blank\" rel=\"noopener\">ve form\u00e1tu XLSX<\/a>, <a href=\"\/sos\/prijimacky\/zdravotni_posudek_pmp.pdf\" target=\"_blank\" rel=\"noopener\">ve form\u00e1tu PDF<\/a>)<strong>.<\/strong><\/p>\n<p><em>V\u00e1ha krit\u00e9ri\u00ed: <\/em><em>JPZ <\/em>\u2013 <em>60 %, ov\u011b\u0159en\u00ed p\u0159edpoklad\u016f \u2013 30 %, bonifikace <\/em>\u2013 <em>10 %<\/em><em>.<\/em><\/p>\n<p>Podrobn\u00fd popis krit\u00e9ri\u00ed hodnocen\u00ed &#8211; <a href=\"\/sos\/prijimacky\/kriteria_pmp_2024.pdf\" target=\"_blank\" rel=\"noopener\">ve form\u00e1tu PDF<\/a>.<\/td>\n<td style=\"height: 360px; width: 14.0163%;\">\n<p align=\"center\">60<\/p>\n<\/td>\n<\/tr>\n<tr style=\"height: 360px;\">\n<td style=\"height: 360px; text-align: center; vertical-align: middle; width: 21.8599%;\">KKOV 78-42-M\/03&nbsp;&nbsp;&nbsp;&nbsp;<\/p>\n<p><strong>Pedagogick\u00e9 lyceum<\/strong><\/td>\n<td style=\"height: 360px; width: 63.8822%;\" align=\"justify\">1. Jednotn\u00e1 p\u0159ij\u00edmac\u00ed zkou\u0161ka z \u010desk\u00e9ho jazyka a matematiky dle zad\u00e1n\u00ed M\u0160MT.&nbsp;<\/p>\n<p>2. \u0160koln\u00ed \u010d\u00e1st p\u0159ij\u00edmac\u00ed zkou\u0161ky \u2013 ov\u011b\u0159en\u00ed p\u0159edpoklad\u016f ke vzd\u011bl\u00e1v\u00e1n\u00ed z anglick\u00e9ho jazyka (zkou\u0161ka bude p\u00edsemnou formou, bude se skl\u00e1dat ze \u010dten\u00ed a pou\u017e\u00edv\u00e1n\u00ed angli\u010dtiny a poslechu).<\/p>\n<p>3. Bonifikace za prosp\u011bch na Z\u0160 z p\u0159edm\u011btu matematika, \u010desk\u00fd jazyk a anglick\u00fd jazyk.<\/p>\n<p><strong>Podm\u00ednka p\u0159ijet\u00ed \u2013 zdravotn\u00ed zp\u016fsobilost na p\u0159edepsan\u00e9m formul\u00e1\u0159i <\/strong>(<a href=\"\/sos\/prijimacky\/zdravotni_posudek_pl.xlsx\" target=\"_blank\" rel=\"noopener\">ve form\u00e1tu XLSX<\/a>, <a href=\"\/sos\/prijimacky\/zdravotni_posudek_pl.pdf\" target=\"_blank\" rel=\"noopener\">ve form\u00e1tu PDF<\/a>)<strong>.<\/strong><\/p>\n<p><em>V\u00e1ha krit\u00e9ri\u00ed: <\/em><em>JPZ <\/em>\u2013 <em>60 %, ov\u011b\u0159en\u00ed p\u0159edpoklad\u016f \u2013 30 %, bonifikace <\/em>\u2013 <em>10 %<\/em><em>.<\/em><\/p>\n<p>Podrobn\u00fd popis krit\u00e9ri\u00ed hodnocen\u00ed &#8211; <a href=\"\/sos\/prijimacky\/kriteria_pl_2024.pdf\" target=\"_blank\" rel=\"noopener\">ve form\u00e1tu PDF<\/a>.<\/td>\n<td style=\"height: 360px; width: 14.0163%;\">\n<p align=\"center\">60<\/p>\n<\/td>\n<\/tr>\n<tr style=\"height: 360px;\">\n<td style=\"height: 360px; text-align: center; vertical-align: middle; width: 21.8599%;\">KKOV 53-41-M\/03&nbsp;&nbsp;&nbsp;&nbsp;<\/p>\n<p><strong>Praktick\u00e1 sestra<br \/>\n<\/strong><\/td>\n<td style=\"height: 360px; width: 63.8822%;\" align=\"justify\">1. Jednotn\u00e1 p\u0159ij\u00edmac\u00ed zkou\u0161ka z \u010desk\u00e9ho jazyka a matematiky dle zad\u00e1n\u00ed M\u0160MT.&nbsp;<\/p>\n<p>2. \u0160koln\u00ed \u010d\u00e1st p\u0159ij\u00edmac\u00ed zkou\u0161ky \u2013 ov\u011b\u0159en\u00ed p\u0159edpoklad\u016f ke zdravotnick\u00e9mu povol\u00e1n\u00ed (reakce a podn\u011bty v modelov\u00e9 situaci u l\u016f\u017eka nemocn\u00e9ho v odborn\u00e9 u\u010debn\u011b \u2013 nejde o znalosti, ale o schopnost komplexn\u011b reagovat (v\u0161\u00edmavost, vst\u0159\u00edcnost, empatie, komunikace), motiva\u010dn\u00ed pohovor s c\u00edlem ov\u011b\u0159it z\u00e1jem o studium oboru praktick\u00e1 sestra, reakce a odpov\u011bdi na situa\u010dn\u00ed obr\u00e1zky ze zdravotnick\u00e9 praxe).<\/p>\n<p>3. Bonifikace za prosp\u011bch na Z\u0160 z p\u0159edm\u011btu matematika, \u010desk\u00fd jazyk, anglick\u00fd jazyk a p\u0159\u00edrodopis.<\/p>\n<p><strong>Podm\u00ednka p\u0159ijet\u00ed \u2013 zdravotn\u00ed zp\u016fsobilost na p\u0159edepsan\u00e9m formul\u00e1\u0159i <\/strong>(<a href=\"\/sos\/prijimacky\/zdravotni_posudek_ps.xlsx\" target=\"_blank\" rel=\"noopener\">ve form\u00e1tu XLSX<\/a>, <a href=\"\/sos\/prijimacky\/zdravotni_posudek_ps.pdf\" target=\"_blank\" rel=\"noopener\">ve form\u00e1tu PDF<\/a>)<strong>.<\/strong><\/p>\n<p><em>V\u00e1ha krit\u00e9ri\u00ed: <\/em><em>JPZ <\/em>\u2013 <em>60 %, ov\u011b\u0159en\u00ed p\u0159edpoklad\u016f \u2013 30 %, bonifikace <\/em>\u2013 <em>10 %<\/em><em>.<\/em><\/p>\n<p>Podrobn\u00fd popis krit\u00e9ri\u00ed hodnocen\u00ed &#8211; <a href=\"\/sos\/prijimacky\/kriteria_ps_2024.pdf\" target=\"_blank\" rel=\"noopener\">ve form\u00e1tu PDF<\/a>.<\/td>\n<td style=\"height: 360px; width: 14.0163%;\">\n<p align=\"center\">60<\/p>\n<\/td>\n<\/tr>\n<tr style=\"height: 320px;\">\n<td style=\"height: 320px; text-align: center; vertical-align: middle; width: 21.8599%;\">KKOV 78-42-M\/04&nbsp;&nbsp;&nbsp;&nbsp;<\/p>\n<p><strong>Zdravotnick\u00e9 lyceum<\/strong><\/td>\n<td style=\"height: 320px; width: 63.8822%;\" align=\"justify\">1. Jednotn\u00e1 p\u0159ij\u00edmac\u00ed zkou\u0161ka z \u010desk\u00e9ho jazyka a matematiky dle zad\u00e1n\u00ed M\u0160MT.&nbsp;<\/p>\n<p>2. \u0160koln\u00ed \u010d\u00e1st p\u0159ij\u00edmac\u00ed zkou\u0161ky \u2013 ov\u011b\u0159en\u00ed p\u0159edpoklad\u016f ke vzd\u011bl\u00e1v\u00e1n\u00ed z anglick\u00e9ho jazyka (zkou\u0161ka bude p\u00edsemnou formou, bude se skl\u00e1dat ze \u010dten\u00ed a pou\u017e\u00edv\u00e1n\u00ed angli\u010dtiny a poslechu).<\/p>\n<p>3. Bonifikace za prosp\u011bch na Z\u0160 z p\u0159edm\u011btu matematika, \u010desk\u00fd jazyk, anglick\u00fd jazyk a p\u0159\u00edrodopis.<\/p>\n<p><em>V\u00e1ha krit\u00e9ri\u00ed: <\/em><em>JPZ <\/em>\u2013 <em>60 %, ov\u011b\u0159en\u00ed p\u0159edpoklad\u016f \u2013 30 %, bonifikace <\/em>\u2013 <em>10 %<\/em><em>.<\/em><\/p>\n<p>Podrobn\u00fd popis krit\u00e9ri\u00ed hodnocen\u00ed &#8211; <a href=\"\/sos\/prijimacky\/kriteria_zl_2024.pdf\" target=\"_blank\" rel=\"noopener\">ve form\u00e1tu PDF<\/a>.<\/td>\n<td style=\"height: 320px; width: 14.0163%;\">\n<p align=\"center\">30<\/p>\n<\/td>\n<\/tr>\n<tr style=\"height: 360px;\">\n<td style=\"height: 360px; text-align: center; vertical-align: middle; width: 21.8599%;\">KKOV 75-41-M\/01&nbsp;&nbsp;&nbsp;&nbsp;<\/p>\n<p><strong>Soci\u00e1ln\u00ed \u010dinnost<\/strong><\/td>\n<td style=\"height: 360px; width: 63.8822%;\" align=\"justify\">1. Jednotn\u00e1 p\u0159ij\u00edmac\u00ed zkou\u0161ka z \u010desk\u00e9ho jazyka a matematiky dle zad\u00e1n\u00ed M\u0160MT.&nbsp;<\/p>\n<p>2. \u0160koln\u00ed \u010d\u00e1st p\u0159ij\u00edmac\u00ed zkou\u0161ky \u2013 ov\u011b\u0159en\u00ed p\u0159edpoklad\u016f k povol\u00e1n\u00ed pracovn\u00edka v soci\u00e1ln\u00edch slu\u017eb\u00e1ch (motiva\u010dn\u00ed pohovor s c\u00edlem ov\u011b\u0159it z\u00e1jem o studium oboru soci\u00e1ln\u00ed \u010dinnost \u2013 osobn\u00ed prezentace a p\u0159edstavy uchaze\u010de o povol\u00e1n\u00ed, popis situa\u010dn\u00edho obr\u00e1zku s ur\u010ditou \u017eivotn\u00ed situac\u00ed \u010dlov\u011bka \u2013 ov\u011b\u0159ov\u00e1ny budou p\u0159edpoklady pro v\u00fdkon povol\u00e1n\u00ed).<\/p>\n<p>3. Bonifikace za prosp\u011bch na Z\u0160 z p\u0159edm\u011btu matematika, \u010desk\u00fd jazyk a anglick\u00fd jazyk.<\/p>\n<p><strong>Podm\u00ednka p\u0159ijet\u00ed \u2013 zdravotn\u00ed zp\u016fsobilost na p\u0159edepsan\u00e9m formul\u00e1\u0159i <\/strong>(<a href=\"\/sos\/prijimacky\/zdravotni_posudek_sc.xlsx\" target=\"_blank\" rel=\"noopener\">ve form\u00e1tu XLSX<\/a>, <a href=\"\/sos\/prijimacky\/zdravotni_posudek_sc.pdf\" target=\"_blank\" rel=\"noopener\">ve form\u00e1tu PDF<\/a>)<strong>.<\/strong><\/p>\n<p><em>V\u00e1ha krit\u00e9ri\u00ed: <\/em><em>JPZ <\/em>\u2013 <em>60 %, ov\u011b\u0159en\u00ed p\u0159edpoklad\u016f \u2013 30 %, bonifikace <\/em>\u2013 <em>10 %<\/em><em>.<\/em><\/p>\n<p>Podrobn\u00fd popis krit\u00e9ri\u00ed hodnocen\u00ed &#8211; <a href=\"\/sos\/prijimacky\/kriteria_sc_2024.pdf\" target=\"_blank\" rel=\"noopener\">ve form\u00e1tu PDF<\/a>.<\/td>\n<td style=\"height: 360px; width: 14.0163%;\">\n<p align=\"center\">30<\/p>\n<\/td>\n<\/tr>\n<tr style=\"height: 360px;\">\n<td style=\"height: 360px; text-align: center; vertical-align: middle; width: 21.8599%;\">KKOV 53-41-M\/04&nbsp;&nbsp;&nbsp;&nbsp;<\/p>\n<p><strong>Mas\u00e9r ve zdravotnictv\u00ed<br \/>\n<\/strong><\/td>\n<td style=\"height: 360px; width: 63.8822%;\" align=\"justify\">1. Jednotn\u00e1 p\u0159ij\u00edmac\u00ed zkou\u0161ka z \u010desk\u00e9ho jazyka a matematiky dle zad\u00e1n\u00ed M\u0160MT.&nbsp;<\/p>\n<p>2. \u0160koln\u00ed \u010d\u00e1st p\u0159ij\u00edmac\u00ed zkou\u0161ky \u2013 ov\u011b\u0159en\u00ed p\u0159edpoklad\u016f fyzick\u00e9 zdatnosti pro v\u00fdkon povol\u00e1n\u00ed mas\u00e9ra ve zdravotnictv\u00ed formou fyzick\u00e9ho testu, tzv. Jac\u00edk\u016fv test.<\/p>\n<p>3. Bonifikace za prosp\u011bch na Z\u0160 z p\u0159edm\u011btu matematika, \u010desk\u00fd jazyk, anglick\u00fd jazyk a p\u0159\u00edrodopis.<\/p>\n<p><strong>Podm\u00ednka p\u0159ijet\u00ed \u2013 zdravotn\u00ed zp\u016fsobilost na p\u0159edepsan\u00e9m formul\u00e1\u0159i<\/strong> (<a href=\"\/sos\/prijimacky\/zdravotni_posudek_msz.xlsx\" target=\"_blank\" rel=\"noopener\">ve form\u00e1tu XLSX<\/a>, <a href=\"\/sos\/prijimacky\/zdravotni_posudek_msz.pdf\" target=\"_blank\" rel=\"noopener\">ve form\u00e1tu PDF<\/a>)<strong>.<\/strong><\/p>\n<p><em>V\u00e1ha krit\u00e9ri\u00ed: <\/em><em>JPZ <\/em>\u2013 <em>60 %, ov\u011b\u0159en\u00ed p\u0159edpoklad\u016f \u2013 30 %, bonifikace <\/em>\u2013 <em>10 %<\/em><em>.<\/em><\/p>\n<p>Podrobn\u00fd popis krit\u00e9ri\u00ed hodnocen\u00ed &#8211; <a href=\"\/sos\/prijimacky\/kriteria_msz_2024.pdf\" target=\"_blank\" rel=\"noopener\">ve form\u00e1tu PDF<\/a>.<\/td>\n<td style=\"height: 360px; width: 14.0163%;\">\n<p align=\"center\">20<\/p>\n<\/td>\n<\/tr>\n<\/tbody>\n<\/table>\n<p>&nbsp;<\/p>\n<p><strong>Formul\u00e1\u0159e k p\u0159ij\u00edmac\u00edmu \u0159\u00edzen\u00ed<\/strong><\/p>\n<ul style=\"list-style-type: square;\">\n<li>P\u0159ihl\u00e1\u0161ka ke vzd\u011bl\u00e1v\u00e1n\u00ed ve st\u0159edn\u00ed \u0161kole &#8211; <a href=\"\/sos\/prijimacky\/prihlaska_ss_2024_edit.pdf\" target=\"_blank\" rel=\"noopener\">ke sta\u017een\u00ed zde<\/a><\/li>\n<li>Hodnocen\u00ed na vysv\u011bd\u010den\u00edch z p\u0159edchoz\u00edho vzd\u011bl\u00e1v\u00e1n\u00ed &#8211; <a href=\"\/sos\/prijimacky\/prospech_zs_edit.pdf\" target=\"_blank\" rel=\"noopener\">ke sta\u017een\u00ed zde<\/a><\/li>\n<li>L\u00e9ka\u0159sk\u00fd posudek o zdravotn\u00ed zp\u016fsobilosti ke vzd\u011bl\u00e1v\u00e1n\u00ed (obecn\u00fd) &#8211; <a href=\"\/sos\/prijimacky\/zdravotni_posudek_obecny_edit.pdf\" target=\"_blank\" rel=\"noopener\">ke sta\u017een\u00ed zde<\/a><\/li>\n<li>Doporu\u010den\u00ed \u0161kolsk\u00e9ho poradensk\u00e9ho za\u0159\u00edzen\u00ed &#8211; <a href=\"\/sos\/prijimacky\/doporuceni_spz.pdf\" target=\"_blank\" rel=\"noopener\">ke sta\u017een\u00ed zde<\/a><\/li>\n<\/ul>\n<p>V p\u0159edchoz\u00edm roce se pro \u0161koln\u00ed rok 2023\/2024 se hl\u00e1silo celkem cca 700 z\u00e1jemc\u016f o studium, na jednotliv\u00e9 obory takto:<\/p>\n<ul style=\"list-style-type: square;\">\n<li>Obchodn\u00ed akademie \u2013 112\/ vzali jsme 2 t\u0159\u00eddy,<\/li>\n<li>Ekonomick\u00e9 lyceum \u2013 54\/ vzali jsme 1 t\u0159\u00eddu<\/li>\n<li>P\u0159ed\u0161koln\u00ed a mimo\u0161koln\u00ed pedagogika \u2013 138\/ vzali jsme 2 t\u0159\u00eddy,<\/li>\n<li>Pedagogick\u00e9 lyceum \u2013 124 \/ vzali jsme 1 t\u0159\u00eddu<\/li>\n<li>Praktick\u00e1 sestra \u2013 90\/ vzali jsme 2 t\u0159\u00eddy,<\/li>\n<li>Zdravotnick\u00e9 lyceum \u2013 82\/ vzali jsme 1 t\u0159\u00eddu,<\/li>\n<li>Mas\u00e9r ve zdravotnictv\u00ed &#8211; 38\/ vzali jsme 1 t\u0159\u00eddu,<\/li>\n<li>Soci\u00e1ln\u00ed \u010dinnost \u2013 34\/ vzali jsme 1 t\u0159\u00eddu.<\/li>\n<\/ul>\n<p>Ing. Jitka Ha\u0161kov\u00e1, \u0159editelka \u0161koly<\/p>\n","protected":false},"excerpt":{"rendered":"<p>P\u0159ij\u00edm\u00e1n\u00ed ke vzd\u011bl\u00e1v\u00e1n\u00ed ve st\u0159edn\u00ed \u0161kole Obchodn\u00ed akademie, St\u0159edn\u00ed pedagogick\u00e1 \u0161kola a St\u0159edn\u00ed zdravotnick\u00e1 \u0161kola Most pro \u0161koln\u00ed rok 2024\/2025 \u2013 denn\u00ed forma vzd\u011bl\u00e1v\u00e1n\u00ed P\u0159ihl\u00e1\u0161ky ke vzd\u011bl\u00e1v\u00e1n\u00ed se odevzd\u00e1vaj\u00ed 1. 2. &#8211; 20. 2. 2024. Term\u00edny jednotn\u00e9 p\u0159ij\u00edmac\u00ed zkou\u0161ky \u2013 <a href=\"https:\/\/www.vos-sosmost.cz\/index.php\/stredni-odborna-skola\/uchazec\/informace-k-prijimacimu-rizeni-2024-2025\/\" class=\"read-more\">Read More &#8230;<\/a><\/p>\n","protected":false},"author":2,"featured_media":0,"parent":4069,"menu_order":0,"comment_status":"closed","ping_status":"closed","template":"","meta":{"ngg_post_thumbnail":0,"footnotes":""},"class_list":["post-7569","page","type-page","status-publish","hentry"],"_links":{"self":[{"href":"https:\/\/www.vos-sosmost.cz\/index.php\/wp-json\/wp\/v2\/pages\/7569","targetHints":{"allow":["GET"]}}],"collection":[{"href":"https:\/\/www.vos-sosmost.cz\/index.php\/wp-json\/wp\/v2\/pages"}],"about":[{"href":"https:\/\/www.vos-sosmost.cz\/index.php\/wp-json\/wp\/v2\/types\/page"}],"author":[{"embeddable":true,"href":"https:\/\/www.vos-sosmost.cz\/index.php\/wp-json\/wp\/v2\/users\/2"}],"replies":[{"embeddable":true,"href":"https:\/\/www.vos-sosmost.cz\/index.php\/wp-json\/wp\/v2\/comments?post=7569"}],"version-history":[{"count":13,"href":"https:\/\/www.vos-sosmost.cz\/index.php\/wp-json\/wp\/v2\/pages\/7569\/revisions"}],"predecessor-version":[{"id":7571,"href":"https:\/\/www.vos-sosmost.cz\/index.php\/wp-json\/wp\/v2\/pages\/7569\/revisions\/7571"}],"up":[{"embeddable":true,"href":"https:\/\/www.vos-sosmost.cz\/index.php\/wp-json\/wp\/v2\/pages\/4069"}],"wp:attachment":[{"href":"https:\/\/www.vos-sosmost.cz\/index.php\/wp-json\/wp\/v2\/media?parent=7569"}],"curies":[{"name":"wp","href":"https:\/\/api.w.org\/{rel}","templated":true}]}}