{"id":7518,"date":"2023-10-02T10:13:46","date_gmt":"2023-10-02T08:13:46","guid":{"rendered":"https:\/\/www.vos-sosmost.cz\/?page_id=7518"},"modified":"2025-10-01T08:06:23","modified_gmt":"2025-10-01T06:06:23","slug":"poradenske-sluzby","status":"publish","type":"page","link":"https:\/\/www.vos-sosmost.cz\/index.php\/poradenske-sluzby\/","title":{"rendered":"Feel okay \u2013 \u0161koln\u00ed poradensk\u00e9 pracovi\u0161t\u011b"},"content":{"rendered":"<p>E-mailov\u00fd kontakt na jednotliv\u00e9 osoby:&nbsp;<b>prijmeni (zavin\u00e1\u010d) vos-sosmost.cz.<\/b><\/p>\n<p>Linka slou\u017e\u00ed pro p\u0159\u00edm\u00e9 spojen\u00ed s konkr\u00e9tn\u00ed osobou po zavol\u00e1n\u00ed na telefonn\u00ed \u010d\u00edslo <strong>417 637 477<\/strong>.<\/p>\n<table class=\"mceItemTable\" style=\"width: 69.6184%; height: 651px;\" border=\"0\">\n<tbody>\n<tr style=\"height: 24px; background-color: #5e5a5a;\">\n<td style=\"height: 24px; text-align: center; width: 244.631%;\" colspan=\"4\"><span style=\"color: #ffffff;\"><b>Poradensk\u00fd t\u00fdm \u0161koly<\/b><\/span><\/td>\n<\/tr>\n<tr style=\"height: 24px;\">\n<td style=\"height: 24px; width: 45.9348%;\"><b>Mgr. Lenka Ruck\u00e1, DiS.<\/b><\/p>\n<p>(v\u00fdchovn\u00e1 poradkyn\u011b)<\/td>\n<td style=\"height: 24px; width: 19.0584%; text-align: center;\">budova A<\/td>\n<td style=\"height: 24px; width: 16.4567%;\" align=\"center\">linka 131<\/td>\n<td style=\"width: 163.181%; height: 24px;\"><img loading=\"lazy\" decoding=\"async\" class=\"aligncenter wp-image-5534\" src=\"https:\/\/www.vos-sosmost.cz\/wp-content\/uploads\/2021\/08\/2021-06_VOS_portret_45a.jpg\" alt=\"\" width=\"122\" height=\"183\" srcset=\"https:\/\/www.vos-sosmost.cz\/wp-content\/uploads\/2021\/08\/2021-06_VOS_portret_45a.jpg 800w, https:\/\/www.vos-sosmost.cz\/wp-content\/uploads\/2021\/08\/2021-06_VOS_portret_45a-200x300.jpg 200w, https:\/\/www.vos-sosmost.cz\/wp-content\/uploads\/2021\/08\/2021-06_VOS_portret_45a-683x1024.jpg 683w, https:\/\/www.vos-sosmost.cz\/wp-content\/uploads\/2021\/08\/2021-06_VOS_portret_45a-768x1151.jpg 768w, https:\/\/www.vos-sosmost.cz\/wp-content\/uploads\/2021\/08\/2021-06_VOS_portret_45a-180x270.jpg 180w, https:\/\/www.vos-sosmost.cz\/wp-content\/uploads\/2021\/08\/2021-06_VOS_portret_45a-16x24.jpg 16w, https:\/\/www.vos-sosmost.cz\/wp-content\/uploads\/2021\/08\/2021-06_VOS_portret_45a-24x36.jpg 24w, https:\/\/www.vos-sosmost.cz\/wp-content\/uploads\/2021\/08\/2021-06_VOS_portret_45a-32x48.jpg 32w\" sizes=\"auto, (max-width: 122px) 100vw, 122px\" \/><\/td>\n<\/tr>\n<tr style=\"height: 24px;\">\n<td style=\"height: 24px; width: 45.9348%;\"><b>Mgr. Martina Kre\u0161ne<\/b><\/p>\n<p>(v\u00fdchovn\u00e1 poradkyn\u011b a \u0161koln\u00ed metodi\u010dka prevence)<\/td>\n<td style=\"height: 24px; width: 19.0584%; text-align: center;\">budova A<\/td>\n<td style=\"height: 24px; width: 16.4567%; text-align: center;\">linka 126<\/td>\n<td style=\"width: 163.181%; text-align: center; height: 24px;\"><img loading=\"lazy\" decoding=\"async\" class=\"aligncenter wp-image-5535\" src=\"https:\/\/www.vos-sosmost.cz\/wp-content\/uploads\/2021\/08\/2021-06_VOS_portret_37a.jpg\" alt=\"\" width=\"127\" height=\"191\" srcset=\"https:\/\/www.vos-sosmost.cz\/wp-content\/uploads\/2021\/08\/2021-06_VOS_portret_37a.jpg 800w, https:\/\/www.vos-sosmost.cz\/wp-content\/uploads\/2021\/08\/2021-06_VOS_portret_37a-200x300.jpg 200w, https:\/\/www.vos-sosmost.cz\/wp-content\/uploads\/2021\/08\/2021-06_VOS_portret_37a-684x1024.jpg 684w, https:\/\/www.vos-sosmost.cz\/wp-content\/uploads\/2021\/08\/2021-06_VOS_portret_37a-768x1150.jpg 768w, https:\/\/www.vos-sosmost.cz\/wp-content\/uploads\/2021\/08\/2021-06_VOS_portret_37a-180x270.jpg 180w, https:\/\/www.vos-sosmost.cz\/wp-content\/uploads\/2021\/08\/2021-06_VOS_portret_37a-16x24.jpg 16w, https:\/\/www.vos-sosmost.cz\/wp-content\/uploads\/2021\/08\/2021-06_VOS_portret_37a-24x36.jpg 24w, https:\/\/www.vos-sosmost.cz\/wp-content\/uploads\/2021\/08\/2021-06_VOS_portret_37a-32x48.jpg 32w\" sizes=\"auto, (max-width: 127px) 100vw, 127px\" \/><\/td>\n<\/tr>\n<tr style=\"height: 24px;\">\n<td style=\"height: 10px; width: 45.9348%;\"><b>PhDr. Jaroslava Arno\u0161tov\u00e1&nbsp;<\/b><\/p>\n<p>(v\u00fdchovn\u00e1 poradkyn\u011b)<\/td>\n<td style=\"height: 10px; width: 19.0584%; text-align: center;\">budova B<\/td>\n<td style=\"height: 10px; width: 16.4567%;\" align=\"center\">linka 158<\/td>\n<td style=\"width: 163.181%; height: 10px;\"><img loading=\"lazy\" decoding=\"async\" class=\"aligncenter wp-image-5536\" src=\"https:\/\/www.vos-sosmost.cz\/wp-content\/uploads\/2021\/08\/2021-06_VOS_portret_26a.jpg\" alt=\"\" width=\"130\" height=\"195\" srcset=\"https:\/\/www.vos-sosmost.cz\/wp-content\/uploads\/2021\/08\/2021-06_VOS_portret_26a.jpg 800w, https:\/\/www.vos-sosmost.cz\/wp-content\/uploads\/2021\/08\/2021-06_VOS_portret_26a-200x300.jpg 200w, https:\/\/www.vos-sosmost.cz\/wp-content\/uploads\/2021\/08\/2021-06_VOS_portret_26a-683x1024.jpg 683w, https:\/\/www.vos-sosmost.cz\/wp-content\/uploads\/2021\/08\/2021-06_VOS_portret_26a-768x1152.jpg 768w, https:\/\/www.vos-sosmost.cz\/wp-content\/uploads\/2021\/08\/2021-06_VOS_portret_26a-180x270.jpg 180w, https:\/\/www.vos-sosmost.cz\/wp-content\/uploads\/2021\/08\/2021-06_VOS_portret_26a-16x24.jpg 16w, https:\/\/www.vos-sosmost.cz\/wp-content\/uploads\/2021\/08\/2021-06_VOS_portret_26a-24x36.jpg 24w, https:\/\/www.vos-sosmost.cz\/wp-content\/uploads\/2021\/08\/2021-06_VOS_portret_26a-32x48.jpg 32w\" sizes=\"auto, (max-width: 130px) 100vw, 130px\" \/><\/td>\n<\/tr>\n<tr style=\"height: 185px;\">\n<td style=\"width: 45.9348%; height: 185px;\"><b>Mgr. Martina Krej\u010dov\u00e1<\/b><\/p>\n<p>(metodi\u010dka prevence)<\/td>\n<td style=\"width: 19.0584%; text-align: center; height: 185px;\">budova B<\/td>\n<td style=\"width: 16.4567%; text-align: center; height: 185px;\">linka 157<\/td>\n<td style=\"width: 163.181%; height: 185px;\"><img loading=\"lazy\" decoding=\"async\" class=\"wp-image-7519 aligncenter\" src=\"https:\/\/www.vos-sosmost.cz\/wp-content\/uploads\/2023\/10\/2023-09-05_krejcova_09a-200x300.jpg\" alt=\"\" width=\"130\" height=\"195\" srcset=\"https:\/\/www.vos-sosmost.cz\/wp-content\/uploads\/2023\/10\/2023-09-05_krejcova_09a-200x300.jpg 200w, https:\/\/www.vos-sosmost.cz\/wp-content\/uploads\/2023\/10\/2023-09-05_krejcova_09a-180x270.jpg 180w, https:\/\/www.vos-sosmost.cz\/wp-content\/uploads\/2023\/10\/2023-09-05_krejcova_09a-16x24.jpg 16w, https:\/\/www.vos-sosmost.cz\/wp-content\/uploads\/2023\/10\/2023-09-05_krejcova_09a-24x36.jpg 24w, https:\/\/www.vos-sosmost.cz\/wp-content\/uploads\/2023\/10\/2023-09-05_krejcova_09a-32x48.jpg 32w, https:\/\/www.vos-sosmost.cz\/wp-content\/uploads\/2023\/10\/2023-09-05_krejcova_09a.jpg 600w\" sizes=\"auto, (max-width: 130px) 100vw, 130px\" \/><\/td>\n<\/tr>\n<tr style=\"height: 164px;\">\n<td style=\"width: 45.9348%; height: 164px;\"><b>Mgr. Eva Povov\u00e1, DiS.<\/b><\/p>\n<p>(kari\u00e9rov\u00e1 poradkyn\u011b)<\/td>\n<td style=\"width: 19.0584%; text-align: center; height: 164px;\">budova A<\/td>\n<td style=\"width: 16.4567%; text-align: center; height: 164px;\">linka 131<\/td>\n<td style=\"width: 163.181%; height: 164px;\"><img loading=\"lazy\" decoding=\"async\" class=\"wp-image-7425 aligncenter\" src=\"https:\/\/www.vos-sosmost.cz\/wp-content\/uploads\/2023\/09\/Povova.jpg\" alt=\"\" width=\"130\" height=\"173\"><\/td>\n<\/tr>\n<tr style=\"height: 56px;\">\n<td style=\"width: 45.9348%; height: 56px;\"><b>Mgr. Anna Milerov\u00e1<\/b><\/p>\n<p>(kari\u00e9rov\u00e1 poradkyn\u011b)<\/td>\n<td style=\"width: 19.0584%; text-align: center; height: 56px;\">budova B<\/td>\n<td style=\"width: 16.4567%; text-align: center; height: 56px;\">linka 163<\/td>\n<td style=\"width: 163.181%; height: 56px;\"><img loading=\"lazy\" decoding=\"async\" class=\"alignnone size-medium wp-image-7399\" src=\"https:\/\/www.vos-sosmost.cz\/wp-content\/uploads\/2023\/09\/Milerova-Anna-225x300.jpg\" alt=\"\" width=\"225\" height=\"300\" srcset=\"https:\/\/www.vos-sosmost.cz\/wp-content\/uploads\/2023\/09\/Milerova-Anna-225x300.jpg 225w, https:\/\/www.vos-sosmost.cz\/wp-content\/uploads\/2023\/09\/Milerova-Anna-203x270.jpg 203w, https:\/\/www.vos-sosmost.cz\/wp-content\/uploads\/2023\/09\/Milerova-Anna-18x24.jpg 18w, https:\/\/www.vos-sosmost.cz\/wp-content\/uploads\/2023\/09\/Milerova-Anna-27x36.jpg 27w, https:\/\/www.vos-sosmost.cz\/wp-content\/uploads\/2023\/09\/Milerova-Anna-36x48.jpg 36w, https:\/\/www.vos-sosmost.cz\/wp-content\/uploads\/2023\/09\/Milerova-Anna.jpg 300w\" sizes=\"auto, (max-width: 225px) 100vw, 225px\" \/><\/td>\n<\/tr>\n<tr style=\"height: 164px;\">\n<td style=\"width: 45.9348%; height: 164px;\"><b>Mgr. Veronika Smet\u00e1nkov\u00e1<\/b><\/p>\n<p>(\u0161koln\u00ed psycholo\u017eka)<\/td>\n<td style=\"width: 19.0584%; text-align: center; height: 164px;\">budova A<\/p>\n<p>budova B<\/td>\n<td style=\"width: 16.4567%; text-align: center; height: 164px;\">linka 158<\/td>\n<td style=\"width: 163.181%; height: 164px;\"><img loading=\"lazy\" decoding=\"async\" class=\"wp-image-7528 aligncenter\" src=\"https:\/\/www.vos-sosmost.cz\/wp-content\/uploads\/2023\/10\/Smetankova-Veronika-skolni-PSY-225x300.jpg\" alt=\"\" width=\"130\" height=\"173\" srcset=\"https:\/\/www.vos-sosmost.cz\/wp-content\/uploads\/2023\/10\/Smetankova-Veronika-skolni-PSY-225x300.jpg 225w, https:\/\/www.vos-sosmost.cz\/wp-content\/uploads\/2023\/10\/Smetankova-Veronika-skolni-PSY-203x270.jpg 203w, https:\/\/www.vos-sosmost.cz\/wp-content\/uploads\/2023\/10\/Smetankova-Veronika-skolni-PSY-18x24.jpg 18w, https:\/\/www.vos-sosmost.cz\/wp-content\/uploads\/2023\/10\/Smetankova-Veronika-skolni-PSY-27x36.jpg 27w, https:\/\/www.vos-sosmost.cz\/wp-content\/uploads\/2023\/10\/Smetankova-Veronika-skolni-PSY-36x48.jpg 36w, https:\/\/www.vos-sosmost.cz\/wp-content\/uploads\/2023\/10\/Smetankova-Veronika-skolni-PSY.jpg 300w\" sizes=\"auto, (max-width: 130px) 100vw, 130px\" \/><\/td>\n<\/tr>\n<\/tbody>\n<\/table>\n<p>Informace jsou aktu\u00e1ln\u00ed pro \u0161koln\u00ed rok 2025\/2026.<\/p>\n","protected":false},"excerpt":{"rendered":"<p>E-mailov\u00fd kontakt na jednotliv\u00e9 osoby:&nbsp;prijmeni (zavin\u00e1\u010d) vos-sosmost.cz. Linka slou\u017e\u00ed pro p\u0159\u00edm\u00e9 spojen\u00ed s konkr\u00e9tn\u00ed osobou po zavol\u00e1n\u00ed na telefonn\u00ed \u010d\u00edslo 417 637 477. Poradensk\u00fd t\u00fdm \u0161koly Mgr. Lenka Ruck\u00e1, DiS. (v\u00fdchovn\u00e1 poradkyn\u011b) budova A linka 131 Mgr. Martina Kre\u0161ne (v\u00fdchovn\u00e1 <a href=\"https:\/\/www.vos-sosmost.cz\/index.php\/poradenske-sluzby\/\" class=\"read-more\">Read More &#8230;<\/a><\/p>\n","protected":false},"author":1,"featured_media":0,"parent":0,"menu_order":0,"comment_status":"closed","ping_status":"closed","template":"","meta":{"ngg_post_thumbnail":0,"footnotes":""},"class_list":["post-7518","page","type-page","status-publish","hentry"],"_links":{"self":[{"href":"https:\/\/www.vos-sosmost.cz\/index.php\/wp-json\/wp\/v2\/pages\/7518","targetHints":{"allow":["GET"]}}],"collection":[{"href":"https:\/\/www.vos-sosmost.cz\/index.php\/wp-json\/wp\/v2\/pages"}],"about":[{"href":"https:\/\/www.vos-sosmost.cz\/index.php\/wp-json\/wp\/v2\/types\/page"}],"author":[{"embeddable":true,"href":"https:\/\/www.vos-sosmost.cz\/index.php\/wp-json\/wp\/v2\/users\/1"}],"replies":[{"embeddable":true,"href":"https:\/\/www.vos-sosmost.cz\/index.php\/wp-json\/wp\/v2\/comments?post=7518"}],"version-history":[{"count":10,"href":"https:\/\/www.vos-sosmost.cz\/index.php\/wp-json\/wp\/v2\/pages\/7518\/revisions"}],"predecessor-version":[{"id":8957,"href":"https:\/\/www.vos-sosmost.cz\/index.php\/wp-json\/wp\/v2\/pages\/7518\/revisions\/8957"}],"wp:attachment":[{"href":"https:\/\/www.vos-sosmost.cz\/index.php\/wp-json\/wp\/v2\/media?parent=7518"}],"curies":[{"name":"wp","href":"https:\/\/api.w.org\/{rel}","templated":true}]}}