{"id":7219,"date":"2023-07-27T11:15:40","date_gmt":"2023-07-27T09:15:40","guid":{"rendered":"https:\/\/www.vos-sosmost.cz\/?page_id=7219"},"modified":"2025-09-24T21:55:06","modified_gmt":"2025-09-24T19:55:06","slug":"stipendium-pro-zaky-studenty-nelekarskych-zdravotnickych-oboru","status":"publish","type":"page","link":"https:\/\/www.vos-sosmost.cz\/index.php\/o-skole\/stipendium-pro-zaky-studenty-nelekarskych-zdravotnickych-oboru\/","title":{"rendered":"Stipendium pro \u017e\u00e1ky\/studenty nel\u00e9ka\u0159sk\u00fdch zdravotnick\u00fdch obor\u016f"},"content":{"rendered":"<p>Nada\u010dn\u00ed fond Krajsk\u00e9 zdravotn\u00ed a. s. vyhla\u0161uje pro \u0161koln\u00ed rok 2025\/2026 stipendijn\u00ed program ur\u010den\u00fd pro podporu \u017e\u00e1k\u016f\/student\u016f prezen\u010dn\u00edho studia nel\u00e9ka\u0159sk\u00fdch zdravotnick\u00fdch obor\u016f.<\/p>\n<p>Podrobn\u00e9 informace naleznete v p\u0159ilo\u017een\u00e9m let\u00e1ku (<a href=\"\/titulni\/2025-2026_nadacni_fond_stipendium.pdf\" target=\"_blank\" rel=\"noopener\">ke sta\u017een\u00ed ZDE<\/a>) nebo na str\u00e1nk\u00e1ch <a href=\"https:\/\/www.kzcr.eu\/cz\/kz\/verejnost\/nadacni-fond\/\">Nada\u010dn\u00ed fond (kzcr.eu)<\/a>.<\/p>\n","protected":false},"excerpt":{"rendered":"<p>Nada\u010dn\u00ed fond Krajsk\u00e9 zdravotn\u00ed a. s. vyhla\u0161uje pro \u0161koln\u00ed rok 2025\/2026 stipendijn\u00ed program ur\u010den\u00fd pro podporu \u017e\u00e1k\u016f\/student\u016f prezen\u010dn\u00edho studia nel\u00e9ka\u0159sk\u00fdch zdravotnick\u00fdch obor\u016f. Podrobn\u00e9 informace naleznete v p\u0159ilo\u017een\u00e9m let\u00e1ku (ke sta\u017een\u00ed ZDE) nebo na str\u00e1nk\u00e1ch Nada\u010dn\u00ed fond (kzcr.eu).<\/p>\n","protected":false},"author":2,"featured_media":0,"parent":353,"menu_order":0,"comment_status":"closed","ping_status":"closed","template":"","meta":{"ngg_post_thumbnail":0,"footnotes":""},"class_list":["post-7219","page","type-page","status-publish","hentry"],"_links":{"self":[{"href":"https:\/\/www.vos-sosmost.cz\/index.php\/wp-json\/wp\/v2\/pages\/7219","targetHints":{"allow":["GET"]}}],"collection":[{"href":"https:\/\/www.vos-sosmost.cz\/index.php\/wp-json\/wp\/v2\/pages"}],"about":[{"href":"https:\/\/www.vos-sosmost.cz\/index.php\/wp-json\/wp\/v2\/types\/page"}],"author":[{"embeddable":true,"href":"https:\/\/www.vos-sosmost.cz\/index.php\/wp-json\/wp\/v2\/users\/2"}],"replies":[{"embeddable":true,"href":"https:\/\/www.vos-sosmost.cz\/index.php\/wp-json\/wp\/v2\/comments?post=7219"}],"version-history":[{"count":5,"href":"https:\/\/www.vos-sosmost.cz\/index.php\/wp-json\/wp\/v2\/pages\/7219\/revisions"}],"predecessor-version":[{"id":8903,"href":"https:\/\/www.vos-sosmost.cz\/index.php\/wp-json\/wp\/v2\/pages\/7219\/revisions\/8903"}],"up":[{"embeddable":true,"href":"https:\/\/www.vos-sosmost.cz\/index.php\/wp-json\/wp\/v2\/pages\/353"}],"wp:attachment":[{"href":"https:\/\/www.vos-sosmost.cz\/index.php\/wp-json\/wp\/v2\/media?parent=7219"}],"curies":[{"name":"wp","href":"https:\/\/api.w.org\/{rel}","templated":true}]}}