{"id":6927,"date":"2023-03-10T10:44:32","date_gmt":"2023-03-10T09:44:32","guid":{"rendered":"https:\/\/www.vos-sosmost.cz\/?page_id=6927"},"modified":"2025-10-23T14:39:56","modified_gmt":"2025-10-23T12:39:56","slug":"diplomovany-nutricni-terapeut-kombinovana-forma","status":"publish","type":"page","link":"https:\/\/www.vos-sosmost.cz\/index.php\/vyssi-odborna-skola\/uchazec\/diplomovany-nutricni-terapeut-kombinovana-forma\/","title":{"rendered":"Diplomovan\u00fd nutri\u010dn\u00ed terapeut &#8211; kombinovan\u00e1 forma"},"content":{"rendered":"<table style=\"border-collapse: collapse; width: 100%;\">\n<tbody>\n<tr>\n<td style=\"width: 33.4656%; text-align: left;\"><strong>CHARAKTERISTIKA OBORU<\/strong><\/td>\n<td style=\"width: 66.5344%;\"><\/td>\n<\/tr>\n<tr>\n<td style=\"width: 33.4656%; text-align: left;\"><b>Vzd\u011bl\u00e1vac\u00ed program<\/b><\/td>\n<td style=\"width: 66.5344%; text-align: left;\"><b>KKOV 53-41\/N41\u00a0 Diplomovan\u00fd nutri\u010dn\u00ed terapeut<br \/>\n<\/b><\/td>\n<\/tr>\n<tr>\n<td style=\"width: 33.4656%; text-align: left;\"><b>Obor vzd\u011bl\u00e1n\u00ed<\/b><\/td>\n<td style=\"width: 66.5344%; text-align: left;\"><b>KKOV 53-41\/N\u00a0 Diplomovan\u00fd nutri\u010dn\u00ed terapeut<br \/>\n<\/b><\/td>\n<\/tr>\n<tr>\n<td style=\"width: 33.4656%; text-align: left;\"><b>Vzd\u011bl\u00e1v\u00e1n\u00ed<\/b><\/td>\n<td style=\"width: 66.5344%; text-align: left;\">vy\u0161\u0161\u00ed odborn\u00e9 t\u0159\u00edlet\u00e9 pro absolventy st\u0159edn\u00ed \u0161koly s maturitn\u00ed zkou\u0161kou<\/td>\n<\/tr>\n<tr>\n<td style=\"width: 33.4656%; text-align: left;\"><b>Zakon\u010den\u00ed<\/b><\/td>\n<td style=\"width: 66.5344%; text-align: left;\">absolutorium<\/td>\n<\/tr>\n<tr>\n<td style=\"width: 33.4656%; text-align: left;\"><b>Vzd\u011bl\u00e1n\u00ed<\/b><\/td>\n<td style=\"width: 66.5344%; text-align: left;\">vy\u0161\u0161\u00ed odborn\u00e9<\/td>\n<\/tr>\n<tr>\n<td style=\"width: 33.4656%; text-align: left;\"><b>Titul<\/b><\/td>\n<td style=\"width: 66.5344%; text-align: left;\">Diplomovan\u00fd specialista v oboru nutri\u010dn\u00ed terapeut (DiS.)<\/td>\n<\/tr>\n<tr>\n<td style=\"width: 33.4656%; text-align: left;\"><b>\u0160koln\u00e9<\/b><\/td>\n<td style=\"width: 66.5344%; text-align: left;\">3 000,&#8211; K\u010d\/rok<\/td>\n<\/tr>\n<\/tbody>\n<\/table>\n<p><strong>U\u010cEBN\u00cd PL\u00c1N<\/strong> &#8211; <a href=\"\/vos\/studium\/plan_dnt_kombinovana_2023.pdf\" target=\"_blank\" rel=\"noopener\"><strong><span style=\"font-size: 14pt;\"> ve form\u00e1tu PDF.<\/span><\/strong><\/a><strong><span style=\"font-size: 14pt;\">\u00a0<\/span><\/strong><br \/>\n<b><\/b><\/p>\n<p><strong>PROFIL ABSOLVENTA<\/strong><\/p>\n<p>Absolvent vzd\u011bl\u00e1vac\u00edho programu je p\u0159ipraven samostatn\u011b, na z\u00e1klad\u011b vlastn\u00edho posouzen\u00ed a rozhodnut\u00ed<br \/>\na v souladu s diagn\u00f3zou stanovenou l\u00e9ka\u0159em zabezpe\u010dovat komplexn\u00ed preventivn\u00ed p\u00e9\u010di na \u00faseku klinick\u00e9 v\u00fd\u017eivy a specifickou o\u0161et\u0159ovatelskou p\u00e9\u010di zam\u011b\u0159enou na uspokojov\u00e1n\u00ed nutri\u010dn\u00edch pot\u0159eb jedince, rodin nebo skupin klient\u016f\/pacient\u016f v rozsahu sv\u00e9 odborn\u00e9 zp\u016fsobilosti stanoven\u00e9 z\u00e1konem \u010d. 96\/2004 Sb. o podm\u00ednk\u00e1ch z\u00edsk\u00e1v\u00e1n\u00ed a uzn\u00e1v\u00e1n\u00ed zp\u016fsobilosti k v\u00fdkonu nel\u00e9ka\u0159sk\u00fdch zdravotnick\u00fdch povol\u00e1n\u00ed a k v\u00fdkonu \u010dinnost\u00ed souvisej\u00edc\u00edch s poskytov\u00e1n\u00edm zdravotn\u00ed p\u00e9\u010de v platn\u00e9m zn\u011bn\u00ed.<br \/>\nJe p\u0159ipraven pod\u00edlet se aktivn\u011b na ochran\u011b ve\u0159ejn\u00e9ho zdrav\u00ed a v\u00e9st jednotlivce, rodiny i skupiny k p\u00e9\u010di o zdrav\u00ed a ke zdrav\u00e9mu \u017eivotn\u00edmu stylu.<\/p>\n<p><b>UPLATN\u011aN\u00cd ABSOLVENT\u016e<\/b><\/p>\n<p>Absolvent najde uplatn\u011bn\u00ed ve v\u0161ech typech zdravotnick\u00fdch za\u0159\u00edzen\u00ed, jako nel\u00e9ka\u0159sk\u00fd zdravotnick\u00fd pracovn\u00edk v za\u0159\u00edzen\u00edch soci\u00e1ln\u00edch slu\u017eeb a p\u00e9\u010de nebo v priv\u00e1tn\u00ed nutri\u010dn\u00ed p\u00e9\u010di, a to v rozsahu a na \u00farovni stanoven\u00e9 pro v\u00fdkon povol\u00e1n\u00ed diplomovan\u00fd nutri\u010dn\u00ed terapeut z\u00e1konem \u010d. 96\/2004 Sb. o podm\u00ednk\u00e1ch z\u00edsk\u00e1v\u00e1n\u00ed a uzn\u00e1v\u00e1n\u00ed zp\u016fsobilosti k v\u00fdkonu nel\u00e9ka\u0159sk\u00fdch zdravotnick\u00fdch povol\u00e1n\u00ed a k v\u00fdkonu \u010dinnost\u00ed souvisej\u00edc\u00edch s poskytov\u00e1n\u00edm zdravotn\u00ed p\u00e9\u010de a o zm\u011bn\u011b n\u011bkter\u00fdch souvisej\u00edc\u00edch z\u00e1kon\u016f (z\u00e1kon<br \/>\no nel\u00e9ka\u0159sk\u00fdch zdravotnick\u00fdch povol\u00e1n\u00edch, v platn\u00e9m zn\u011bn\u00ed) a p\u0159edpisy s n\u00edm souvisej\u00edc\u00edmi.<\/p>\n<p>M\u016f\u017ee pracovat jako preventista v oblasti v\u00fd\u017eivy, jako konzultant pro v\u00fdchovu r\u016fzn\u00fdch stravovac\u00edch kategori\u00ed a jednotliv\u00fdch popula\u010dn\u00edch skupin, jako poradce pro sportovce. Po absolvov\u00e1n\u00ed p\u0159\u00edslu\u0161n\u00e9ho pedagogick\u00e9ho vzd\u011bl\u00e1n\u00ed, p\u0159\u00edpadn\u011b nov\u011b koncipovan\u00e9ho vysoko\u0161kolsk\u00e9ho studia v oblasti v\u00fd\u017eivy, se m\u016f\u017ee uplatnit jako p\u0159edn\u00e1\u0161ej\u00edc\u00ed odborn\u00fdch a praktick\u00fdch modul\u016f ve vysoko\u0161kolsk\u00fdch odborn\u00fdch vzd\u011bl\u00e1vac\u00edch programech v oblasti v\u00fd\u017eivy, tak\u00e9 ve specializa\u010dn\u00edch vzd\u011bl\u00e1vac\u00edch programech dal\u0161\u00edho vzd\u011bl\u00e1v\u00e1n\u00ed zdravotnick\u00fdch pracovn\u00edk\u016f. M\u016f\u017ee p\u016fsobit jako odborn\u00fd u\u010ditel v oboru Nutri\u010dn\u00ed asistent<br \/>\na programu Diplomovan\u00fd nutri\u010dn\u00ed terapeut nebo jako u\u010ditel v oblasti v\u00fd\u017eivy na st\u0159edn\u00edch \u0161kol\u00e1ch a na odborn\u00fdch \u0161kol\u00e1ch.<\/p>\n<p><b>ABSOLUTORIUM<\/b><\/p>\n<ol>\n<li>Teoretick\u00e1 zkou\u0161ka z odborn\u00fdch p\u0159edm\u011bt\u016f\n<ul style=\"list-style-type: square;\">\n<li>nutri\u010dn\u00ed p\u00e9\u010de v klinick\u00fdch oborech<\/li>\n<li>l\u00e9\u010debn\u00e1 a klinick\u00e1 v\u00fd\u017eiva<\/li>\n<li>psychologick\u00e9 v\u011bdy<\/li>\n<\/ul>\n<\/li>\n<li>Ciz\u00ed jazyk &#8211; anglick\u00fd, n\u011bmeck\u00fd, rusk\u00fd<\/li>\n<li>Absolventsk\u00e1 pr\u00e1ce a jej\u00ed obhajoba<\/li>\n<\/ol>\n<p><b>ORGANIZACE V\u00ddUKY<\/b><\/p>\n<p>Vzd\u011bl\u00e1v\u00e1n\u00ed prob\u00edh\u00e1 v souladu s Kvalifika\u010dn\u00edm standardem p\u0159\u00edpravy na v\u00fdkon zdravotnick\u00e9ho povol\u00e1n\u00ed nutri\u010dn\u00ed terapeut, z\u00e1konem \u010d. 96\/2004 Sb., o nel\u00e9ka\u0159sk\u00fdch zdravotnick\u00fdch povol\u00e1n\u00edch, a v souladu s po\u017eadavky kladen\u00fdmi na jednotliv\u00e9 typov\u00e9 pozice.<\/p>\n<ol>\n<li>\u00a0Teoretick\u00e1 v\u00fduka prob\u00edh\u00e1 v ur\u010den\u00fdch term\u00ednech v ka\u017ed\u00e9m obdob\u00ed v\u017edy v p\u00e1tek, sobotu a ned\u011bli<\/li>\n<li>Praktick\u00e1 v\u00fduka prob\u00edh\u00e1 formou\n<ul style=\"list-style-type: square;\">\n<li>pr\u016fb\u011b\u017en\u00e9 praxe v r\u00e1mci p\u0159edm\u011bt\u016f technologie p\u0159\u00edpravy pokrm\u016f a nutri\u010dn\u00ed a dietologick\u00e1 praxe v rozsahu 23-60 hodin dle obdob\u00ed ve vybran\u00e9m zdravotnick\u00e9m pracovi\u0161ti<\/li>\n<li>souvisl\u00e9 odborn\u00e9 praxe, kter\u00e1 je realizov\u00e1na prost\u0159ednictv\u00edm souvisl\u00fdch \u010dasov\u00fdch celk\u016f, kter\u00e9 student absolvuje na pracovi\u0161ti ve vybran\u00e9m zdravotnick\u00e9m za\u0159\u00edzen\u00ed v rozsahu:\n<ul style=\"list-style-type: square;\">\n<li>1. ro\u010dn\u00edk\u2026..8 t\u00fddn\u016f<\/li>\n<li>2. ro\u010dn\u00edk\u2026..16 t\u00fddn\u016f<\/li>\n<li>3. ro\u010dn\u00edk\u2026..14 t\u00fddn\u016f<\/li>\n<\/ul>\n<\/li>\n<\/ul>\n<\/li>\n<\/ol>\n<p><b>STUDENTSK\u00c9 V\u00ddHODY<\/b><\/p>\n<ol>\n<li>Program Erasmus+\n<ul style=\"list-style-type: square;\">\n<li>\u0161kola umo\u017e\u0148uje student\u016fm v pr\u016fb\u011bhu studia v\u00fdkon praxe, studijn\u00ed pobyty a st\u00e1\u017ee pro absolventy v zem\u00edch EU<\/li>\n<li>odbornou praxi ro\u010dn\u011b absolvuje v pr\u016fm\u011bru 20 student\u016f na\u0161\u00ed \u0161koly p\u0159edev\u0161\u00edm v Holandsku, Irsku, N\u011bmecku, Islandu, \u0160pan\u011blsku, Francii, Litv\u011b a Malt\u011b<\/li>\n<li>\u0161kola je dr\u017eitelem Certifik\u00e1tu mobility v odborn\u00e9m vzd\u011bl\u00e1v\u00e1n\u00ed a p\u0159\u00edprav\u011b<\/li>\n<\/ul>\n<\/li>\n<li>Licence Microsoft Office\n<ul style=\"list-style-type: square;\">\n<li>ka\u017ed\u00fd student m\u00e1 mo\u017enost licence MS Office k dom\u00e1c\u00edmu pou\u017eit\u00ed zdarma<\/li>\n<\/ul>\n<\/li>\n<li>ALIVE karta\n<ul style=\"list-style-type: square;\">\n<li>student\u016fm d\u00e1lkov\u00e9\/kombinovan\u00e9 formy zajist\u00edme zprost\u0159edkov\u00e1n\u00ed ALIVE karty, kter\u00e1 umo\u017e\u0148uje vyu\u017e\u00edvat studentsk\u00e9 v\u00fdhody, nap\u0159. stravov\u00e1n\u00ed, cestov\u00e1n\u00ed, poji\u0161t\u011bn\u00ed, slevy v obchodech a to v r\u00e1mci cel\u00e9 Evropy<\/li>\n<\/ul>\n<\/li>\n<\/ol>\n<table id=\"table1\" class=\"MsoTableGrid\" style=\"width: 479.4pt; border-collapse: collapse;\" border=\"1\" width=\"639\" cellspacing=\"0\" cellpadding=\"0\"><\/table>\n","protected":false},"excerpt":{"rendered":"<p>CHARAKTERISTIKA OBORU Vzd\u011bl\u00e1vac\u00ed program KKOV 53-41\/N41\u00a0 Diplomovan\u00fd nutri\u010dn\u00ed terapeut Obor vzd\u011bl\u00e1n\u00ed KKOV 53-41\/N\u00a0 Diplomovan\u00fd nutri\u010dn\u00ed terapeut Vzd\u011bl\u00e1v\u00e1n\u00ed vy\u0161\u0161\u00ed odborn\u00e9 t\u0159\u00edlet\u00e9 pro absolventy st\u0159edn\u00ed \u0161koly s maturitn\u00ed zkou\u0161kou Zakon\u010den\u00ed absolutorium Vzd\u011bl\u00e1n\u00ed vy\u0161\u0161\u00ed odborn\u00e9 Titul Diplomovan\u00fd specialista v oboru nutri\u010dn\u00ed terapeut (DiS.) <a href=\"https:\/\/www.vos-sosmost.cz\/index.php\/vyssi-odborna-skola\/uchazec\/diplomovany-nutricni-terapeut-kombinovana-forma\/\" class=\"read-more\">Read More &#8230;<\/a><\/p>\n","protected":false},"author":2,"featured_media":0,"parent":2336,"menu_order":0,"comment_status":"closed","ping_status":"closed","template":"","meta":{"ngg_post_thumbnail":0,"footnotes":""},"class_list":["post-6927","page","type-page","status-publish","hentry"],"_links":{"self":[{"href":"https:\/\/www.vos-sosmost.cz\/index.php\/wp-json\/wp\/v2\/pages\/6927","targetHints":{"allow":["GET"]}}],"collection":[{"href":"https:\/\/www.vos-sosmost.cz\/index.php\/wp-json\/wp\/v2\/pages"}],"about":[{"href":"https:\/\/www.vos-sosmost.cz\/index.php\/wp-json\/wp\/v2\/types\/page"}],"author":[{"embeddable":true,"href":"https:\/\/www.vos-sosmost.cz\/index.php\/wp-json\/wp\/v2\/users\/2"}],"replies":[{"embeddable":true,"href":"https:\/\/www.vos-sosmost.cz\/index.php\/wp-json\/wp\/v2\/comments?post=6927"}],"version-history":[{"count":7,"href":"https:\/\/www.vos-sosmost.cz\/index.php\/wp-json\/wp\/v2\/pages\/6927\/revisions"}],"predecessor-version":[{"id":9055,"href":"https:\/\/www.vos-sosmost.cz\/index.php\/wp-json\/wp\/v2\/pages\/6927\/revisions\/9055"}],"up":[{"embeddable":true,"href":"https:\/\/www.vos-sosmost.cz\/index.php\/wp-json\/wp\/v2\/pages\/2336"}],"wp:attachment":[{"href":"https:\/\/www.vos-sosmost.cz\/index.php\/wp-json\/wp\/v2\/media?parent=6927"}],"curies":[{"name":"wp","href":"https:\/\/api.w.org\/{rel}","templated":true}]}}