{"id":6289,"date":"2022-09-01T10:51:24","date_gmt":"2022-09-01T08:51:24","guid":{"rendered":"https:\/\/www.vos-sosmost.cz\/?page_id=6289"},"modified":"2022-09-06T11:06:43","modified_gmt":"2022-09-06T09:06:43","slug":"sablony-vos-oa-spgs-a-szs-most-2022-2025","status":"publish","type":"page","link":"https:\/\/www.vos-sosmost.cz\/index.php\/sablony-vos-oa-spgs-a-szs-most-2022-2025\/","title":{"rendered":"\u0160ablony VO\u0160, OA, SPg\u0160 a SZ\u0160 Most 2022-2025"},"content":{"rendered":"<p><img loading=\"lazy\" decoding=\"async\" class=\"aligncenter wp-image-6285 size-large\" src=\"https:\/\/www.vos-sosmost.cz\/wp-content\/uploads\/2022\/09\/EUMSMT-Barevne-RGB-1024x146.jpg\" alt=\"\" width=\"640\" height=\"91\" srcset=\"https:\/\/www.vos-sosmost.cz\/wp-content\/uploads\/2022\/09\/EUMSMT-Barevne-RGB-1024x146.jpg 1024w, https:\/\/www.vos-sosmost.cz\/wp-content\/uploads\/2022\/09\/EUMSMT-Barevne-RGB-300x43.jpg 300w, https:\/\/www.vos-sosmost.cz\/wp-content\/uploads\/2022\/09\/EUMSMT-Barevne-RGB-768x110.jpg 768w, https:\/\/www.vos-sosmost.cz\/wp-content\/uploads\/2022\/09\/EUMSMT-Barevne-RGB-1536x219.jpg 1536w, https:\/\/www.vos-sosmost.cz\/wp-content\/uploads\/2022\/09\/EUMSMT-Barevne-RGB-2048x292.jpg 2048w, https:\/\/www.vos-sosmost.cz\/wp-content\/uploads\/2022\/09\/EUMSMT-Barevne-RGB-360x51.jpg 360w, https:\/\/www.vos-sosmost.cz\/wp-content\/uploads\/2022\/09\/EUMSMT-Barevne-RGB-24x3.jpg 24w, https:\/\/www.vos-sosmost.cz\/wp-content\/uploads\/2022\/09\/EUMSMT-Barevne-RGB-36x5.jpg 36w, https:\/\/www.vos-sosmost.cz\/wp-content\/uploads\/2022\/09\/EUMSMT-Barevne-RGB-48x7.jpg 48w\" sizes=\"auto, (max-width: 640px) 100vw, 640px\" \/><\/p>\n<p>&nbsp;<br \/>\n<strong><img loading=\"lazy\" decoding=\"async\" class=\"rounded mb-3 wp-post-image alignright\" src=\"https:\/\/opjak.cz\/wp-content\/uploads\/2022\/04\/OP-JAK-obecne_web.png\" sizes=\"auto, (max-width: 640px) 100vw, 640px\" srcset=\"https:\/\/opjak.cz\/wp-content\/uploads\/2022\/04\/OP-JAK-obecne_web.png 640w, https:\/\/opjak.cz\/wp-content\/uploads\/2022\/04\/OP-JAK-obecne_web-300x200.png 300w, https:\/\/opjak.cz\/wp-content\/uploads\/2022\/04\/OP-JAK-obecne_web-507x338.png 507w\" alt=\"\" width=\"231\" height=\"154\"><\/strong><br \/>\nProjekt <strong>\u0160ablony VO\u0160, OA, SPg\u0160 a SZ\u0160 Most 2022-2025<\/strong> reg. \u010d\u00edslo <strong>CZ.02.02.XX\/00\/22_003\/0000749<\/strong> pat\u0159\u00ed do v\u00fdzvy Podpora \u0161kol formou projekt\u016f zjednodu\u0161en\u00e9ho vykazov\u00e1n\u00ed \u2013 V\u00fdzva \u010d. 02_22_003 \u0160ablony pro S\u0160 a VO\u0160 I. Projekt je realizov\u00e1n v obdob\u00ed 1. 9. 2022 &#8211; 31. 8. 2025.<\/p>\n<p>C\u00edlem v\u00fdzvy je p\u0159isp\u011bt k zaji\u0161t\u011bn\u00ed rovn\u00e9ho p\u0159\u00edstupu ke kvalitn\u00edmu a inkluzivn\u00edmu vzd\u011bl\u00e1v\u00e1n\u00ed pro v\u0161echny<br \/>\n\u017e\u00e1ky a studenty prost\u0159ednictv\u00edm podp\u016frn\u00fdch person\u00e1ln\u00edch pozic, vzd\u011bl\u00e1v\u00e1n\u00ed pracovn\u00edk\u016f \u0161kol<br \/>\na \u0161kolsk\u00fdch v\u00fdchovn\u00fdch a ubytovac\u00edch za\u0159\u00edzen\u00ed, vz\u00e1jemn\u00e9ho sd\u00edlen\u00ed zku\u0161enost\u00ed, spolupr\u00e1ce a podpory<br \/>\nzav\u00e1d\u011bn\u00ed inovativn\u00edch metod v\u00fduky.<\/p>\n<p><strong>Realizovan\u00e9 aktivity pro S\u0160<\/strong><\/p>\n<p>1.III\/3 \u0160koln\u00ed psycholog S\u0160<\/p>\n<p>1.III\/5 Kari\u00e9rov\u00fd poradce S\u0160<\/p>\n<p>1.III\/8 Vzd\u011bl\u00e1v\u00e1n\u00ed pracovn\u00edk\u016f ve vzd\u011bl\u00e1v\u00e1n\u00ed S\u0160<\/p>\n<p>1.III\/9 Spolupr\u00e1ce pracovn\u00edk\u016f ve vzd\u011bl\u00e1v\u00e1n\u00ed S\u0160<\/p>\n<p>1.III\/10 Inovativn\u00ed vzd\u011bl\u00e1v\u00e1n\u00ed \u017e\u00e1k\u016f v S\u0160<\/p>\n<p><strong>Realizovan\u00e9 aktivity pro VO\u0160<\/strong><\/p>\n<p>1.IV\/2 Vzd\u011bl\u00e1v\u00e1n\u00ed pracovn\u00edk\u016f ve vzd\u011bl\u00e1v\u00e1n\u00ed VO\u0160<\/p>\n<p>1.IV\/3 Inovativn\u00ed vzd\u011bl\u00e1v\u00e1n\u00ed student\u016f ve VO\u0160<\/p>\n<p>&nbsp;<\/p>\n","protected":false},"excerpt":{"rendered":"<p>&nbsp; Projekt \u0160ablony VO\u0160, OA, SPg\u0160 a SZ\u0160 Most 2022-2025 reg. \u010d\u00edslo CZ.02.02.XX\/00\/22_003\/0000749 pat\u0159\u00ed do v\u00fdzvy Podpora \u0161kol formou projekt\u016f zjednodu\u0161en\u00e9ho vykazov\u00e1n\u00ed \u2013 V\u00fdzva \u010d. 02_22_003 \u0160ablony pro S\u0160 a VO\u0160 I. Projekt je realizov\u00e1n v obdob\u00ed 1. 9. 2022 <a href=\"https:\/\/www.vos-sosmost.cz\/index.php\/sablony-vos-oa-spgs-a-szs-most-2022-2025\/\" class=\"read-more\">Read More &#8230;<\/a><\/p>\n","protected":false},"author":2,"featured_media":0,"parent":0,"menu_order":0,"comment_status":"closed","ping_status":"closed","template":"","meta":{"ngg_post_thumbnail":0,"footnotes":""},"class_list":["post-6289","page","type-page","status-publish","hentry"],"_links":{"self":[{"href":"https:\/\/www.vos-sosmost.cz\/index.php\/wp-json\/wp\/v2\/pages\/6289","targetHints":{"allow":["GET"]}}],"collection":[{"href":"https:\/\/www.vos-sosmost.cz\/index.php\/wp-json\/wp\/v2\/pages"}],"about":[{"href":"https:\/\/www.vos-sosmost.cz\/index.php\/wp-json\/wp\/v2\/types\/page"}],"author":[{"embeddable":true,"href":"https:\/\/www.vos-sosmost.cz\/index.php\/wp-json\/wp\/v2\/users\/2"}],"replies":[{"embeddable":true,"href":"https:\/\/www.vos-sosmost.cz\/index.php\/wp-json\/wp\/v2\/comments?post=6289"}],"version-history":[{"count":2,"href":"https:\/\/www.vos-sosmost.cz\/index.php\/wp-json\/wp\/v2\/pages\/6289\/revisions"}],"predecessor-version":[{"id":6299,"href":"https:\/\/www.vos-sosmost.cz\/index.php\/wp-json\/wp\/v2\/pages\/6289\/revisions\/6299"}],"wp:attachment":[{"href":"https:\/\/www.vos-sosmost.cz\/index.php\/wp-json\/wp\/v2\/media?parent=6289"}],"curies":[{"name":"wp","href":"https:\/\/api.w.org\/{rel}","templated":true}]}}