{"id":6072,"date":"2022-09-10T06:47:16","date_gmt":"2022-09-10T04:47:16","guid":{"rendered":"https:\/\/www.vos-sosmost.cz\/?page_id=6072"},"modified":"2026-03-13T10:21:59","modified_gmt":"2026-03-13T09:21:59","slug":"vzory-zadosti-podavane-v-pisemne-forme","status":"publish","type":"page","link":"https:\/\/www.vos-sosmost.cz\/index.php\/vyssi-odborna-skola\/vzory-zadosti-podavane-v-pisemne-forme\/","title":{"rendered":"Vzory \u017e\u00e1dost\u00ed pod\u00e1van\u00e9 v p\u00edsemn\u00e9 form\u011b"},"content":{"rendered":"<p><strong>1. N\u00e1le\u017eitosti \u017e\u00e1dosti k \u0159editeli \u0161koly:<\/strong><\/p>\n<ul>\n<li>adresa \u017eadatele se specifikac\u00ed skupiny studenta,<\/li>\n<li>adresa \u0161koly (cel\u00fd n\u00e1zev \u0161koly),<\/li>\n<li>n\u00e1zev \u017e\u00e1dosti,<\/li>\n<li>popis \u017e\u00e1dosti s uveden\u00edm d\u016fvod\u016f p\u0159\u00edpadn\u011b term\u00edn\u016f, ke kter\u00fdm m\u00e1 b\u00fdt \u017e\u00e1dost \u00fa\u010dinn\u00e1,<\/li>\n<li>datum \u017e\u00e1dosti,<\/li>\n<li>vlastnoru\u010dn\u00ed podpis,<\/li>\n<li>\u00fa\u0159edn\u00ed form\u00e1t \u017e\u00e1dosti A4.<\/li>\n<\/ul>\n<p><strong>2. Typy \u017e\u00e1dost\u00ed k \u0159editeli \u0161koly:<\/strong><\/p>\n<p><strong>A) \u017d\u00e1dosti \u0159e\u0161en\u00e9 ve spr\u00e1vn\u00edm \u0159\u00edzen\u00ed<\/strong><\/p>\n<p><strong>1) P<\/strong><strong>ovolen\u00ed podp\u016frn\u00e9ho opat\u0159en\u00ed<\/strong><\/p>\n<p>\u2013&nbsp;<a href=\"\/vos\/formulare\/podpurna_opatreni.doc\" target=\"_blank\" rel=\"noopener noreferrer\">vzor \u017e\u00e1dosti<\/a><\/p>\n<p><strong>2) P\u0159ijet\u00ed ke vzd\u011bl\u00e1v\u00e1n\u00ed<\/strong><\/p>\n<p><strong>a) <\/strong><strong>do vy\u0161\u0161\u00edho ro\u010dn\u00edku<\/strong><\/p>\n<p>\u2013&nbsp;<a href=\"\/vos\/formulare\/02_prijeti_do_vyssiho_rocniku.docx\" target=\"_blank\" rel=\"noopener noreferrer\">vzor \u017e\u00e1dosti<\/a><\/p>\n<p><strong>b) na z\u00e1klad\u011b p\u0159estupu<\/strong><\/p>\n<p>\u2013&nbsp;<a href=\"\/vos\/formulare\/03_prestup.doc\" target=\"_blank\" rel=\"noopener noreferrer\">vzor \u017e\u00e1dosti o p\u0159estup a z\u00e1rove\u0148 zm\u011bnu oboru<\/a><\/p>\n<p><strong>3) Uzn\u00e1n\u00ed dosa\u017een\u00e9ho vzd\u011bl\u00e1n\u00ed<\/strong> \u2013 pod\u00e1v\u00e1 se po rozhodnut\u00ed o p\u0159ijet\u00ed ke studiu a je d\u016fvodem pro uvoln\u011bn\u00ed z hodnocen\u00ed a z \u00fa\u010dasti na p\u0159edm\u011btech, kter\u00e9 dle rozhodnut\u00ed \u0159editele jsou srovnateln\u00e9 sv\u00fdm obsahem s p\u0159edchoz\u00edm vzd\u011bl\u00e1n\u00edm studenta, p\u0159edchoz\u00ed vzd\u011bl\u00e1n\u00ed mus\u00ed b\u00fdt dolo\u017eeno ov\u011b\u0159enou kopi\u00ed v\u00fdkazu o studiu (vysv\u011bd\u010den\u00ed, osv\u011bd\u010den\u00ed) a nebo origin\u00e1lem a kopi\u00ed v\u00fdkazu o studiu (vysv\u011bd\u010den\u00ed, osv\u011bd\u010den\u00ed)<\/p>\n<p>\u2013&nbsp;<a href=\"\/vos\/formulare\/08_uznani_dosazeneho_vzdelani.doc\" target=\"_blank\" rel=\"noopener noreferrer\">vzor \u017e\u00e1dosti<\/a><\/p>\n<p><strong>4) P\u0159eru\u0161en\u00ed spr\u00e1vn\u00edho \u0159\u00edzen\u00ed<\/strong><\/p>\n<p>\u2013&nbsp;<a href=\"\/vos\/formulare\/09_preruseni_sr.doc\" target=\"_blank\" rel=\"noopener noreferrer\">vzor \u017e\u00e1dosti<\/a><\/p>\n<p><strong>B) Ostatn\u00ed \u017e\u00e1dosti<\/strong><\/p>\n<p><strong>1) Uzn\u00e1n\u00ed hodnocen\u00ed<\/strong> \u2013 pod\u00e1v\u00e1 si student, kter\u00fd opakuje ro\u010dn\u00edk a v p\u0159edchoz\u00edm ro\u010dn\u00edku dos\u00e1hl v n\u011bkter\u00fdch p\u0159edm\u011btech hodnocen\u00ed v\u00fdborn\u011b \u2013 velmi dob\u0159e<\/p>\n<p>\u2013&nbsp;<a href=\"\/vos\/formulare\/14_uznani_hodnoceni.doc\" target=\"_blank\" rel=\"noopener noreferrer\">vzor \u017e\u00e1dosti<\/a><\/p>\n<p><strong>2) Omluva z absolutoria<\/strong><\/p>\n<p>\u2013&nbsp;<a href=\"\/vos\/formulare\/20_omluva_z_abs.doc\" target=\"_blank\" rel=\"noopener noreferrer\">vzor \u017e\u00e1dosti<\/a><\/p>\n<p><strong>3) \u017d\u00e1dost o uzn\u00e1n\u00ed o\u0161et\u0159ovatelsk\u00e9 praxe<\/strong> v programu <strong>DVS<\/strong>, p\u0159\u00edlohou \u017e\u00e1dosti mus\u00ed b\u00fdt potvrzen\u00ed od zam\u011bstnavatele<\/p>\n<p>\u2013 <a href=\"\/vos\/formulare\/16a_uznani_osx_dvs.docx\" target=\"_blank\" rel=\"noopener noreferrer\">vzor \u017e\u00e1dosti pro o\u0161et\u0159ovatelskou praxi<\/a><\/p>\n<p><strong>4) \u017d\u00e1dost o uzn\u00e1n\u00ed odborn\u00e9 praxe<\/strong> v programu <strong>DVS<\/strong>, p\u0159\u00edlohou \u017e\u00e1dosti mus\u00ed b\u00fdt potvrzen\u00ed od zam\u011bstnavatele<\/p>\n<p>\u2013&nbsp;<a href=\"\/vos\/formulare\/16b_uznani_odp_dvs.docx\" target=\"_blank\" rel=\"noopener noreferrer\">vzor \u017e\u00e1dosti pro odbornou praxi<\/a>&nbsp;<\/p>\n<p><strong>5) \u017d\u00e1dost o uzn\u00e1n\u00ed odborn\u00e9 praxe<\/strong> pro program SP\u010c, FEK, PRA, PMP, p\u0159\u00edlohou \u017e\u00e1dosti mus\u00ed b\u00fdt potvrzen\u00ed od zam\u011bstnavatele<\/p>\n<p>\u2013&nbsp;<a href=\"\/vos\/formulare\/17_uznani_opx_ostatni.docx\" target=\"_blank\" rel=\"noopener noreferrer\">vzor \u017e\u00e1dosti<\/a><\/p>\n<p><strong>6) <\/strong><strong>\u017d\u00e1dost o vr\u00e1cen\u00ed p\u0159eplatku\/z\u00e1lohy<\/strong><\/p>\n<p>\u2013&nbsp;<a href=\"\/vos\/formulare\/22_vraceni_preplatku.docx\" target=\"_blank\" rel=\"noopener noreferrer\">vzor \u017e\u00e1dosti<\/a><\/p>\n<p><strong>7) \u017d\u00e1dost o vyhled\u00e1n\u00ed archivn\u00edch materi\u00e1l\u016f<\/strong><\/p>\n<p>\u2013&nbsp;<a href=\"\/sos\/vzory\/zadost_o_opis.docx\">vzor \u017e\u00e1dosti<\/a><\/p>\n<p><strong>C) Odvol\u00e1n\u00ed<\/strong><\/p>\n<p>\u2013&nbsp;<a href=\"\/vos\/formulare\/23_odvolani.doc\" target=\"_blank\" rel=\"noopener noreferrer\">vzor odvol\u00e1n\u00ed<\/a><\/p>\n","protected":false},"excerpt":{"rendered":"<p>1. N\u00e1le\u017eitosti \u017e\u00e1dosti k \u0159editeli \u0161koly: adresa \u017eadatele se specifikac\u00ed skupiny studenta, adresa \u0161koly (cel\u00fd n\u00e1zev \u0161koly), n\u00e1zev \u017e\u00e1dosti, popis \u017e\u00e1dosti s uveden\u00edm d\u016fvod\u016f p\u0159\u00edpadn\u011b term\u00edn\u016f, ke kter\u00fdm m\u00e1 b\u00fdt \u017e\u00e1dost \u00fa\u010dinn\u00e1, datum \u017e\u00e1dosti, vlastnoru\u010dn\u00ed podpis, \u00fa\u0159edn\u00ed form\u00e1t \u017e\u00e1dosti A4. <a href=\"https:\/\/www.vos-sosmost.cz\/index.php\/vyssi-odborna-skola\/vzory-zadosti-podavane-v-pisemne-forme\/\" class=\"read-more\">Read More &#8230;<\/a><\/p>\n","protected":false},"author":2,"featured_media":0,"parent":21,"menu_order":0,"comment_status":"closed","ping_status":"closed","template":"","meta":{"ngg_post_thumbnail":0,"footnotes":""},"class_list":["post-6072","page","type-page","status-publish","hentry"],"_links":{"self":[{"href":"https:\/\/www.vos-sosmost.cz\/index.php\/wp-json\/wp\/v2\/pages\/6072","targetHints":{"allow":["GET"]}}],"collection":[{"href":"https:\/\/www.vos-sosmost.cz\/index.php\/wp-json\/wp\/v2\/pages"}],"about":[{"href":"https:\/\/www.vos-sosmost.cz\/index.php\/wp-json\/wp\/v2\/types\/page"}],"author":[{"embeddable":true,"href":"https:\/\/www.vos-sosmost.cz\/index.php\/wp-json\/wp\/v2\/users\/2"}],"replies":[{"embeddable":true,"href":"https:\/\/www.vos-sosmost.cz\/index.php\/wp-json\/wp\/v2\/comments?post=6072"}],"version-history":[{"count":7,"href":"https:\/\/www.vos-sosmost.cz\/index.php\/wp-json\/wp\/v2\/pages\/6072\/revisions"}],"predecessor-version":[{"id":9280,"href":"https:\/\/www.vos-sosmost.cz\/index.php\/wp-json\/wp\/v2\/pages\/6072\/revisions\/9280"}],"up":[{"embeddable":true,"href":"https:\/\/www.vos-sosmost.cz\/index.php\/wp-json\/wp\/v2\/pages\/21"}],"wp:attachment":[{"href":"https:\/\/www.vos-sosmost.cz\/index.php\/wp-json\/wp\/v2\/media?parent=6072"}],"curies":[{"name":"wp","href":"https:\/\/api.w.org\/{rel}","templated":true}]}}