{"id":60,"date":"2024-09-01T08:18:26","date_gmt":"2024-09-01T06:18:26","guid":{"rendered":"https:\/\/www.vos-sosmost.cz\/?page_id=60"},"modified":"2026-01-03T11:53:44","modified_gmt":"2026-01-03T10:53:44","slug":"dokumenty-skoly","status":"publish","type":"page","link":"https:\/\/www.vos-sosmost.cz\/index.php\/o-skole\/dokumenty-skoly\/","title":{"rendered":"Dokumenty \u0161koly"},"content":{"rendered":"<p><a href=\"\/titulni\/dokumenty\/rozpocet_2026.pdf\" target=\"_blank\" rel=\"noopener noreferrer\"><strong>Rozpo\u010det \u0161koly 2026<\/strong><\/a><\/p>\n<p><a href=\"\/titulni\/dokumenty\/vyhled_27_28.pdf\" target=\"_blank\" rel=\"noopener noreferrer\"><strong>St\u0159edn\u011bdob\u00fd v\u00fdhled rozpo\u010dtu \u0161koly 2027-2028<\/strong><\/a><\/p>\n<p><strong><a href=\"\/titulni\/dokumenty\/vyrocka_24_25_finale.pdf\" target=\"_blank\" rel=\"noopener noreferrer\">V\u00fdro\u010dn\u00ed zpr\u00e1va \u0161koly 2024\/2025<\/a><\/strong><\/p>\n<p><strong>Organiza\u010dn\u00ed \u0159\u00e1d \u0161koly pro \u0161koln\u00ed rok 2025\/2026<\/strong><\/p>\n<ol>\n<li><a href=\"\/titulni\/dokumenty\/skolni_rad.pdf\" target=\"_blank\" rel=\"noopener noreferrer\">\u0160koln\u00ed \u0159\u00e1d<\/a><\/li>\n<li><a href=\"\/titulni\/dokumenty\/organizacni_rad_vos_2025.pdf\" target=\"_blank\" rel=\"noopener noreferrer\">Organiza\u010dn\u00ed a klasifika\u010dn\u00ed \u0159\u00e1d VO\u0160<\/a><\/li>\n<\/ol>\n<p><strong>\u0160koln\u00ed preventivn\u00ed program pro \u0161koln\u00ed rok 2025\/2026 &#8211; <a href=\"\/titulni\/dokumenty\/minimalni_preventivni_program.pdf\">ve form\u00e1tu PDF<\/a><\/strong><\/p>\n","protected":false},"excerpt":{"rendered":"<p>Rozpo\u010det \u0161koly 2026 St\u0159edn\u011bdob\u00fd v\u00fdhled rozpo\u010dtu \u0161koly 2027-2028 V\u00fdro\u010dn\u00ed zpr\u00e1va \u0161koly 2024\/2025 Organiza\u010dn\u00ed \u0159\u00e1d \u0161koly pro \u0161koln\u00ed rok 2025\/2026 \u0160koln\u00ed \u0159\u00e1d Organiza\u010dn\u00ed a klasifika\u010dn\u00ed \u0159\u00e1d VO\u0160 \u0160koln\u00ed preventivn\u00ed program pro \u0161koln\u00ed rok 2025\/2026 &#8211; ve form\u00e1tu PDF<\/p>\n","protected":false},"author":1,"featured_media":0,"parent":353,"menu_order":1,"comment_status":"closed","ping_status":"closed","template":"","meta":{"ngg_post_thumbnail":0,"footnotes":""},"class_list":["post-60","page","type-page","status-publish","hentry"],"_links":{"self":[{"href":"https:\/\/www.vos-sosmost.cz\/index.php\/wp-json\/wp\/v2\/pages\/60","targetHints":{"allow":["GET"]}}],"collection":[{"href":"https:\/\/www.vos-sosmost.cz\/index.php\/wp-json\/wp\/v2\/pages"}],"about":[{"href":"https:\/\/www.vos-sosmost.cz\/index.php\/wp-json\/wp\/v2\/types\/page"}],"author":[{"embeddable":true,"href":"https:\/\/www.vos-sosmost.cz\/index.php\/wp-json\/wp\/v2\/users\/1"}],"replies":[{"embeddable":true,"href":"https:\/\/www.vos-sosmost.cz\/index.php\/wp-json\/wp\/v2\/comments?post=60"}],"version-history":[{"count":52,"href":"https:\/\/www.vos-sosmost.cz\/index.php\/wp-json\/wp\/v2\/pages\/60\/revisions"}],"predecessor-version":[{"id":9136,"href":"https:\/\/www.vos-sosmost.cz\/index.php\/wp-json\/wp\/v2\/pages\/60\/revisions\/9136"}],"up":[{"embeddable":true,"href":"https:\/\/www.vos-sosmost.cz\/index.php\/wp-json\/wp\/v2\/pages\/353"}],"wp:attachment":[{"href":"https:\/\/www.vos-sosmost.cz\/index.php\/wp-json\/wp\/v2\/media?parent=60"}],"curies":[{"name":"wp","href":"https:\/\/api.w.org\/{rel}","templated":true}]}}