{"id":5825,"date":"2024-01-01T14:45:49","date_gmt":"2024-01-01T13:45:49","guid":{"rendered":"https:\/\/www.vos-sosmost.cz\/?page_id=5825"},"modified":"2024-01-04T12:35:48","modified_gmt":"2024-01-04T11:35:48","slug":"diplomovana-vseobecna-sestra-kombinovana","status":"publish","type":"page","link":"https:\/\/www.vos-sosmost.cz\/index.php\/vyssi-odborna-skola\/uchazec\/diplomovana-vseobecna-sestra-kombinovana\/","title":{"rendered":"Diplomovan\u00e1 v\u0161eobecn\u00e1 sestra &#8211; kombinovan\u00e1"},"content":{"rendered":"<p>P\u0159ihl\u00e1\u0161ka se pod\u00e1v\u00e1 v elektronick\u00e9 podob\u011b <span style=\"color: #ff0000;\"><a style=\"color: #ff0000;\" href=\"https:\/\/isvos.vos-sosmost.cz\/prihlaska.php\" target=\"_blank\" rel=\"noopener\"><strong>zde<\/strong><\/a><\/span> od 1. 3. 2024.<\/p>\n<p><strong>Po\u017eadavky:<\/strong><\/p>\n<ul>\n<li>\u00fasp\u011b\u0161n\u00e9 ukon\u010den\u00ed st\u0159edn\u00edho vzd\u011bl\u00e1n\u00ed s maturitou,<\/li>\n<li>\u0159\u00e1dn\u011b vypln\u011bn\u00e1 elektronick\u00e1 p\u0159ihl\u00e1\u0161ka a potvrzen\u00ed od l\u00e9ka\u0159e na p\u0159edepsan\u00e9m formul\u00e1\u0159i odevzdan\u00e1 do stanoven\u00e9ho term\u00ednu &#8211; formul\u00e1\u0159 ke sta\u017een\u00ed ve form\u00e1tu <a href=\"\/vos\/prijimacky\/lekar_dvs.docx\" target=\"_blank\" rel=\"noopener\"><strong>DOCX<\/strong><\/a>, <a href=\"\/vos\/prijimacky\/lekar_dvs.pdf\" target=\"_blank\" rel=\"noopener\"><strong>PDF<\/strong><\/a>,<\/li>\n<li>potvrzen\u00ed zam\u011bstnavatele o praxi v jak\u00e9mkoli oboru na p\u0159edepsan\u00e9m formul\u00e1\u0159i \u0161koly, \u010di \u010destn\u00e9 prohl\u00e1\u0161en\u00ed, tiskopis potvrzen\u00ed o praxi &#8211; <a href=\"\/vos\/prijimacky\/potvrzeni_praxe_vos.docx\">ve form\u00e1tu DOCX<\/a>, \u010destn\u00e9 prohl\u00e1\u0161en\u00ed &#8211; <a href=\"\/vos\/prijimacky\/cestne_prohlaseni_vos.docx\">ve form\u00e1tu DOCX,<\/a><\/li>\n<li>\u00fa\u0159edn\u011b ov\u011b\u0159en\u00e1 kopie maturitn\u00edho vysv\u011bd\u010den\u00ed podan\u00e1 v r\u00e1mci v\u0161ech kol p\u0159ij\u00edmac\u00edho \u0159\u00edzen\u00ed (v p\u0159\u00edpad\u011b, \u017ee v dob\u011b pod\u00e1n\u00ed p\u0159ihl\u00e1\u0161ky nen\u00ed maturitn\u00ed zkou\u0161ka vykon\u00e1na, je mo\u017enost dolo\u017eit ji u p\u0159ij\u00edmac\u00edho \u0159\u00edzen\u00ed),<\/li>\n<li>v p\u0159\u00edpad\u011b, \u017ee v term\u00ednu kon\u00e1n\u00ed p\u0159ij\u00edmac\u00edho \u0159\u00edzen\u00ed nen\u00ed maturitn\u00ed zkou\u0161ka vykon\u00e1na, m\u016f\u017ee si uchaze\u010d po\u017e\u00e1dat o p\u0159e\u0159azen\u00ed p\u0159ihl\u00e1\u0161ky do 3. kola, je-li kapacita po 1. a 2. kole napln\u011bna, bude uchaze\u010d informov\u00e1n usnesen\u00edm o zastaven\u00ed p\u0159ij\u00edmac\u00edho \u0159\u00edzen\u00ed.<\/li>\n<\/ul>\n<p><strong>Krit\u00e9ria pro p\u0159ijet\u00ed:<\/strong><\/p>\n<ul>\n<li>pr\u016fm\u011brn\u00fd prosp\u011bch z maturitn\u00ed zkou\u0161ky vyj\u00e1d\u0159en\u00fd po\u010dtem bod\u016f (v\u00e1ha krit\u00e9ria 10 %),<\/li>\n<li>d\u00e9lka praxe v jak\u00e9mkoli oboru (d\u00e9lka praxe je vyj\u00e1d\u0159ena po\u010dtem bod\u016f a procentu\u00e1ln\u00edm vyj\u00e1d\u0159en\u00edm p\u0159\u00edbuznosti oboru) (v\u00e1ha krit\u00e9ria 90 %).<\/li>\n<\/ul>\n<p><strong>V\u00fdsledn\u00e9 po\u0159ad\u00ed uchaze\u010d\u016f:<\/strong><\/p>\n<ul>\n<li>po\u0159ad\u00ed uchaze\u010d\u016f pro pot\u0159eby p\u0159ij\u00edmac\u00edho \u0159\u00edzen\u00ed vznikne se\u0159azen\u00edm uchaze\u010d\u016f dle v\u00fd\u0161e uveden\u00fdch krit\u00e9ri\u00ed a\u017e do napln\u011bn\u00ed kapacity (40 student\u016f).<\/li>\n<\/ul>\n<p><strong>Term\u00edny:<\/strong><\/p>\n<ul>\n<li>term\u00edny Dn\u016f otev\u0159en\u00fdch dve\u0159\u00ed naleznete <strong><a href=\"https:\/\/www.vos-sosmost.cz\/index.php\/vyssi-odborna-skola\/uchazec\/dny-otevrenych-dveri\/\">zde<\/a><\/strong>,<\/li>\n<li>pod\u00e1n\u00ed p\u0159ihl\u00e1\u0161ky pro 1. kolo do&nbsp;<strong>31. 5. 2024<\/strong>, v p\u0159\u00edpad\u011b vyhl\u00e1\u0161en\u00ed 2. kola se p\u0159ihl\u00e1\u0161ky budou p\u0159ij\u00edmat do&nbsp;<strong>31. 7. 2024<\/strong>, v p\u0159\u00edpad\u011b vyhl\u00e1\u0161en\u00ed 3. kola se p\u0159ihl\u00e1\u0161ky budou p\u0159ij\u00edmat do&nbsp;<strong>13. 9. 2024<\/strong>, v p\u0159\u00edpad\u011b vyhl\u00e1\u0161en\u00ed 4. kola se p\u0159ihl\u00e1\u0161ky budou p\u0159ij\u00edmat do <strong>25. 10. 2024,<\/strong><\/li>\n<li>p\u0159ij\u00edmac\u00ed \u0159\u00edzen\u00ed pro 1. kolo se bude konat ve dnech <strong>19. 6. 2024 \u2013 26. 6. 2024<\/strong>,<\/li>\n<li>v p\u0159\u00edpad\u011b, \u017ee v 1. kole nebude napln\u011bna pl\u00e1novan\u00e1 kapacita (40 student\u016f) bude vyhl\u00e1\u0161eno 2. kolo p\u0159ij\u00edmac\u00edho \u0159\u00edzen\u00ed \u2013 term\u00edn <strong>23. 8. 2024<\/strong>,<\/li>\n<li>2. kolo bude vyhl\u00e1\u0161eno i v p\u0159\u00edpad\u011b napln\u011bn\u00ed kapacity po vlastn\u00edm pr\u016fb\u011bhu p\u0159ij\u00edmac\u00edho \u0159\u00edzen\u00ed s p\u0159edpokladem, \u017ee k 31. 7. 2024 nepotvrd\u00ed v\u0161ichni p\u0159ijat\u00ed uchaze\u010di n\u00e1stup ke studiu. V p\u0159\u00edpad\u011b, \u017ee v\u0161ichni studenti potvrd\u00ed n\u00e1stup ke studiu, bude p\u0159ij\u00edmac\u00ed \u0159\u00edzen\u00ed zastaveno usnesen\u00edm a uchaze\u010d\u016fm vr\u00e1cena p\u0159ihl\u00e1\u0161ka v\u010detn\u011b p\u0159\u00edloh,<\/li>\n<li>v p\u0159\u00edpad\u011b, \u017ee v 1. a 2. kole nebude napln\u011bna pl\u00e1novan\u00e1 kapacita (40 student\u016f) bude vyhl\u00e1\u0161eno 3. kolo p\u0159ij\u00edmac\u00edho \u0159\u00edzen\u00ed \u2013 p\u0159edpokl\u00e1dan\u00fd term\u00edn <strong>23. 9. 2024<\/strong>, p\u0159\u00edpadn\u00e9 4. kolo prob\u011bhne aktu\u00e1ln\u011b dle podan\u00e9 p\u0159ihl\u00e1\u0161ky.<\/li>\n<\/ul>\n<p>V p\u0159\u00edpad\u011b, \u017ee uchaze\u010d pod\u00e1 p\u0159ihl\u00e1\u0161ku do 2., 3. p\u0159\u00edpadn\u011b 4. kola d\u0159\u00edve, ne\u017e je p\u0159ij\u00edmac\u00ed \u0159\u00edzen\u00ed p\u0159edchoz\u00edho kola ukon\u010deno, pak je-li kapacita napln\u011bna, p\u0159ihl\u00e1\u0161ka se mu vrac\u00ed s usnesen\u00edm o zastaven\u00ed p\u0159ij\u00edmac\u00edho \u0159\u00edzen\u00ed, v p\u0159\u00edpad\u011b, \u017ee kapacita napln\u011bna nen\u00ed, je p\u0159ihl\u00e1\u0161ka podkladem pro proces p\u0159ij\u00edmac\u00edho \u0159\u00edzen\u00ed.<\/p>\n<p><strong>Dal\u0161\u00ed informace:<\/strong><\/p>\n<ul>\n<li>uchaze\u010d uvede na p\u0159ihl\u00e1\u0161ce kontaktn\u00ed \u00fadaje &#8211; e-mail + telefon,<\/li>\n<li>k p\u0159ij\u00edmac\u00edmu \u0159\u00edzen\u00ed bude uchaze\u010d pozv\u00e1n p\u00edsemnou pozv\u00e1nkou,<\/li>\n<li>p\u0159ijat\u00ed uchaze\u010di maj\u00ed povinnost uhradit prvn\u00ed spl\u00e1tku \u0161koln\u00e9ho (1 500,- K\u010d) nejpozd\u011bji do 15 dn\u016f po obdr\u017een\u00ed rozhodnut\u00ed o p\u0159ijet\u00ed,<\/li>\n<li>poplatek za p\u0159ij\u00edmac\u00ed \u0159\u00edzen\u00ed \u010din\u00ed 170,- K\u010d (poplatek zahrnuje administrativn\u00ed n\u00e1klady spojen\u00e9 se spr\u00e1vn\u00edm \u0159\u00edzen\u00edm), platba bude uhrazena do 14 dn\u016f od pod\u00e1n\u00ed p\u0159ihl\u00e1\u0161ky bankovn\u00edm p\u0159evodem na \u00fa\u010det 3295460277\/0100, variabiln\u00ed symbol &#8211; p\u0159id\u011blen\u00e9 identifika\u010dn\u00ed \u010d\u00edslo p\u0159ihl\u00e1\u0161ky, specifick\u00fd symbol &#8211; 315603, ve zpr\u00e1v\u011b pro p\u0159\u00edjemce uv\u00e9st p\u0159\u00edjmen\u00ed uchaze\u010de,<\/li>\n<li>v p\u0159\u00edpad\u011b, \u017ee spr\u00e1vn\u00ed poplatek nebude uhrazen ve stanoven\u00e9m term\u00ednu, nebude p\u0159ihl\u00e1\u0161ka p\u0159ijata do p\u0159ij\u00edmac\u00edho \u0159\u00edzen\u00ed,<\/li>\n<li>d\u016fle\u017eit\u00e9 informace k p\u0159ij\u00edmac\u00edmu \u0159\u00edzen\u00ed budou odes\u00edl\u00e1ny do e-mailu uchaze\u010de a zve\u0159ejn\u011bny na n\u00e1st\u011bnce v IS VO\u0160,<\/li>\n<li>\u0161kola si vyhrazuje pr\u00e1vo neotev\u0159\u00edt ty obory vzd\u011bl\u00e1n\u00ed, na kter\u00e9 nebude dostate\u010dn\u00fd po\u010det z\u00e1jemc\u016f.<\/li>\n<\/ul>\n","protected":false},"excerpt":{"rendered":"<p>P\u0159ihl\u00e1\u0161ka se pod\u00e1v\u00e1 v elektronick\u00e9 podob\u011b zde od 1. 3. 2024. Po\u017eadavky: \u00fasp\u011b\u0161n\u00e9 ukon\u010den\u00ed st\u0159edn\u00edho vzd\u011bl\u00e1n\u00ed s maturitou, \u0159\u00e1dn\u011b vypln\u011bn\u00e1 elektronick\u00e1 p\u0159ihl\u00e1\u0161ka a potvrzen\u00ed od l\u00e9ka\u0159e na p\u0159edepsan\u00e9m formul\u00e1\u0159i odevzdan\u00e1 do stanoven\u00e9ho term\u00ednu &#8211; formul\u00e1\u0159 ke sta\u017een\u00ed ve form\u00e1tu DOCX, <a href=\"https:\/\/www.vos-sosmost.cz\/index.php\/vyssi-odborna-skola\/uchazec\/diplomovana-vseobecna-sestra-kombinovana\/\" class=\"read-more\">Read More &#8230;<\/a><\/p>\n","protected":false},"author":2,"featured_media":0,"parent":2336,"menu_order":0,"comment_status":"closed","ping_status":"closed","template":"","meta":{"ngg_post_thumbnail":0,"footnotes":""},"class_list":["post-5825","page","type-page","status-publish","hentry"],"_links":{"self":[{"href":"https:\/\/www.vos-sosmost.cz\/index.php\/wp-json\/wp\/v2\/pages\/5825","targetHints":{"allow":["GET"]}}],"collection":[{"href":"https:\/\/www.vos-sosmost.cz\/index.php\/wp-json\/wp\/v2\/pages"}],"about":[{"href":"https:\/\/www.vos-sosmost.cz\/index.php\/wp-json\/wp\/v2\/types\/page"}],"author":[{"embeddable":true,"href":"https:\/\/www.vos-sosmost.cz\/index.php\/wp-json\/wp\/v2\/users\/2"}],"replies":[{"embeddable":true,"href":"https:\/\/www.vos-sosmost.cz\/index.php\/wp-json\/wp\/v2\/comments?post=5825"}],"version-history":[{"count":8,"href":"https:\/\/www.vos-sosmost.cz\/index.php\/wp-json\/wp\/v2\/pages\/5825\/revisions"}],"predecessor-version":[{"id":7688,"href":"https:\/\/www.vos-sosmost.cz\/index.php\/wp-json\/wp\/v2\/pages\/5825\/revisions\/7688"}],"up":[{"embeddable":true,"href":"https:\/\/www.vos-sosmost.cz\/index.php\/wp-json\/wp\/v2\/pages\/2336"}],"wp:attachment":[{"href":"https:\/\/www.vos-sosmost.cz\/index.php\/wp-json\/wp\/v2\/media?parent=5825"}],"curies":[{"name":"wp","href":"https:\/\/api.w.org\/{rel}","templated":true}]}}