{"id":582,"date":"2021-07-08T07:30:33","date_gmt":"2021-07-08T05:30:33","guid":{"rendered":"https:\/\/www.vos-sosmost.cz\/?page_id=582"},"modified":"2026-04-06T18:24:57","modified_gmt":"2026-04-06T16:24:57","slug":"akce-dm","status":"publish","type":"page","link":"https:\/\/www.vos-sosmost.cz\/index.php\/domov-mladeze\/akce-dm\/","title":{"rendered":"Akce DM"},"content":{"rendered":"<table style=\"width: 77.5818%; height: 2019px;\">\n<tbody>\n<tr style=\"height: 24px;\">\n<td style=\"width: 100%; background-color: #545151; text-align: center; height: 24px;\"><span style=\"color: #ffffff;\">Rok 2025\/2026<\/span><\/td>\n<\/tr>\n<tr style=\"height: 24px;\">\n<td style=\"width: 100%; text-align: center; height: 24px;\"><strong><a href=\"https:\/\/www.vos-sosmost.cz\/index.php\/2026\/04\/06\/krouzek-vareni-velikonocni-peceni\/\">Krou\u017eek va\u0159en\u00ed &#8211; velikono\u010dn\u00ed pe\u010den\u00ed<\/a><\/strong><\/p>\n<p><strong><a href=\"https:\/\/www.vos-sosmost.cz\/index.php\/2026\/03\/26\/rozlucka-se-zaky-4-rocniku\/\">Rozlu\u010dka se \u017e\u00e1ky 4. ro\u010dn\u00edk\u016f<\/a><\/strong><\/p>\n<p><strong><a href=\"https:\/\/www.vos-sosmost.cz\/index.php\/2026\/03\/10\/studenti-domova-mladeze-vyrazili-na-bowling\/\">Studenti domova ml\u00e1de\u017ee vyrazili na bowling<\/a><\/strong><\/p>\n<p><strong><a href=\"https:\/\/www.vos-sosmost.cz\/index.php\/2026\/01\/06\/vanoce-2025-u-nas-na-dm\/\">V\u00e1noce 2025 u n\u00e1s na DM<\/a><\/strong><\/p>\n<p><strong><a href=\"https:\/\/www.vos-sosmost.cz\/index.php\/2025\/11\/03\/podzimni-tvoreni-2\/\">Podzimn\u00ed tvo\u0159en\u00ed<\/a><\/strong><\/p>\n<p><strong><a href=\"https:\/\/www.vos-sosmost.cz\/index.php\/2025\/10\/22\/halloween\/\">Halloween<\/a><\/strong><\/p>\n<p><strong><a href=\"https:\/\/www.vos-sosmost.cz\/?p=8993&amp;preview=true\">N\u00e1v\u0161t\u011bva oblastn\u00ed galerie v Most\u011b<\/a><\/strong><\/p>\n<p><strong><a href=\"https:\/\/www.vos-sosmost.cz\/index.php\/2025\/10\/15\/podzimni-skritek\/\">Podzimn\u00ed sk\u0159\u00edtek<\/a><\/strong><\/td>\n<\/tr>\n<tr style=\"height: 24px;\">\n<td style=\"width: 100%; background-color: #545151; text-align: center; height: 24px;\"><span style=\"color: #ffffff;\">Rok 2024\/2025<\/span><\/td>\n<\/tr>\n<tr style=\"background-color: #000000; height: 24px;\">\n<td style=\"width: 100%; background-color: #ffffff; text-align: center; height: 24px;\"><strong><a href=\"https:\/\/www.vos-sosmost.cz\/index.php\/2025\/02\/14\/valentynske-peceni\/\">Valent\u00fdnsk\u00e9 pe\u010den\u00ed<\/a><\/strong><\/p>\n<p><strong><a href=\"https:\/\/www.vos-sosmost.cz\/index.php\/2025\/02\/14\/bowling\/\">Bowling<\/a><\/strong><\/p>\n<p><strong><a href=\"https:\/\/www.vos-sosmost.cz\/index.php\/2024\/12\/17\/vanocni-stromecek-na-dm\/\">V\u00e1no\u010dn\u00ed strome\u010dek na DM<\/a><\/strong><\/p>\n<p><strong><a href=\"https:\/\/www.vos-sosmost.cz\/index.php\/2024\/10\/25\/podzimni-tvoreni\/\">Podzimn\u00ed tvo\u0159en\u00ed<\/a><\/strong><\/p>\n<p><strong><a href=\"https:\/\/www.vos-sosmost.cz\/index.php\/2024\/10\/25\/peceni-halloweenskych-susenek\/\">Pe\u010den\u00ed halloweensk\u00fdch su\u0161enek<\/a><\/strong><\/p>\n<p><strong><a href=\"https:\/\/www.vos-sosmost.cz\/index.php\/2024\/10\/25\/pyzamova-party\/\">Py\u017eamov\u00e1 p\u00e1rty<\/a><\/strong><\/p>\n<p><strong><a href=\"https:\/\/www.vos-sosmost.cz\/index.php\/2024\/10\/25\/podzimni-vychazka\/\">Podzimn\u00ed proch\u00e1zka<\/a><\/strong><\/td>\n<\/tr>\n<tr style=\"height: 24px;\">\n<td style=\"width: 100%; background-color: #545151; text-align: center; height: 24px;\"><span style=\"color: #ffffff;\">Rok 2023\/2024<\/span><\/td>\n<\/tr>\n<tr style=\"height: 24px;\">\n<td style=\"width: 100%; background-color: #ffffff; text-align: center; height: 24px;\"><strong><a href=\"https:\/\/www.vos-sosmost.cz\/index.php\/2024\/05\/20\/rozlouceni-s-maturanty\/\">Rozlou\u010den\u00ed s maturanty<\/a><\/strong><\/p>\n<p><strong><a href=\"https:\/\/www.vos-sosmost.cz\/index.php\/2024\/05\/20\/smazeni-langosu\/\">Sma\u017een\u00ed lango\u0161\u016f<\/a><\/strong><\/p>\n<p><strong><a href=\"https:\/\/www.vos-sosmost.cz\/index.php\/2024\/03\/18\/navsteva-divadla-2\/\">N\u00e1v\u0161t\u011bva divadla<\/a><\/strong><\/p>\n<p><strong><a href=\"https:\/\/www.vos-sosmost.cz\/index.php\/2024\/03\/18\/beseda-zivot-s-asistencnim-psem\/\">Beseda &#8211; \u017eivot s asisten\u010dn\u00edm psem<\/a> <\/strong><\/p>\n<p><strong><a href=\"https:\/\/www.vos-sosmost.cz\/index.php\/2024\/02\/21\/den-svateho-valentyna\/\">Den svat\u00e9ho Valent\u00fdna<\/a><\/strong><\/p>\n<p><strong><a href=\"https:\/\/www.vos-sosmost.cz\/index.php\/2024\/03\/18\/krouzek-rucnich-praci-siti-polstaru\/\">Krou\u017eek ru\u010dn\u00edch prac\u00ed &#8211; \u0161it\u00ed pol\u0161t\u00e1\u0159\u016f<\/a><\/strong><\/p>\n<p><strong><a href=\"https:\/\/www.vos-sosmost.cz\/index.php\/2023\/11\/14\/cukrarky\/\">Cukr\u00e1\u0159ky<\/a><\/strong><\/p>\n<p><strong><a href=\"https:\/\/www.vos-sosmost.cz\/index.php\/2023\/11\/14\/revolution-train-protidrogovy-vlak\/\">Revolution train &#8211; protidrogov\u00fd vlak<\/a><\/strong><\/p>\n<p><strong><a href=\"https:\/\/www.vos-sosmost.cz\/index.php\/2023\/11\/14\/halloween-2023\/\">Halloween 2023<\/a><\/strong><\/td>\n<\/tr>\n<tr style=\"height: 24px;\">\n<td style=\"width: 100%; background-color: #545151; text-align: center; height: 26px;\"><span style=\"color: #ffffff;\">Rok 2022\/2023<\/span><\/td>\n<\/tr>\n<tr style=\"background-color: #ffffff;\">\n<td style=\"width: 100%; background-color: #ffffff; text-align: center; height: 24px;\"><span style=\"text-decoration: underline;\">Z\u00c1\u0158\u00cd<\/span><\/p>\n<p><strong><a href=\"https:\/\/www.vos-sosmost.cz\/index.php\/2022\/10\/27\/beseda-s-policii-cr\/\">Beseda s POLICI\u00cd \u010cR<\/a><\/strong><\/p>\n<p><strong><a href=\"https:\/\/www.vos-sosmost.cz\/index.php\/2022\/10\/27\/seznamovaci-vecer\/\">Seznamovac\u00ed ve\u010der<\/a><\/strong><\/p>\n<p><strong><a href=\"https:\/\/www.vos-sosmost.cz\/index.php\/2022\/10\/27\/tvoreni-v-ramci-krouzku-rucnich-praci\/\">Tvo\u0159en\u00ed v r\u00e1mci krou\u017eku ru\u010dn\u00edch prac\u00ed<\/a><\/strong><\/p>\n<p><span style=\"text-decoration: underline;\">PROSINEC<\/span><\/p>\n<p><strong><a href=\"https:\/\/www.vos-sosmost.cz\/index.php\/2022\/12\/19\/vanoce-u-nas-na-domove-mladeze\/\">V\u00e1no\u010dn\u00ed atmosf\u00e9ra na DM<\/a><\/strong><\/p>\n<p><span style=\"text-decoration: underline;\">LEDEN<\/span><\/p>\n<p><strong><a href=\"https:\/\/www.vos-sosmost.cz\/index.php\/2023\/02\/23\/vystava-v-oblastnim-muzeu-a-galerii-v-moste\/\">V\u00fdstava v Oblastn\u00edm muzeu a galerii v Most\u011b<\/a><\/strong><\/p>\n<p><strong><a href=\"https:\/\/www.vos-sosmost.cz\/index.php\/2023\/02\/23\/beseda-s-byvalou-statni-zastupkyni-lenkou-bradacovou\/\">Beseda s b\u00fdvalou st\u00e1tn\u00ed z\u00e1stupkyn\u00ed Lenkou Brad\u00e1\u010dovou<\/a><\/strong><\/p>\n<p><span style=\"text-decoration: underline;\">\u00daNOR<\/span><\/p>\n<p><strong><a href=\"https:\/\/www.vos-sosmost.cz\/index.php\/2023\/02\/23\/zivot-s-asistencnim-psem\/\">Beseda: \u017divot s asisten\u010dn\u00edm psem<\/a><\/strong><\/p>\n<p><span style=\"text-decoration: underline;\">B\u0158EZEN<\/span><\/p>\n<div class=\"full RCfNE allowTextSelection\" title=\"Fw: P\u0159\u00edprava vegansk\u00fdch pomaz\u00e1nek\" role=\"heading\" aria-level=\"2\"><strong><a href=\"https:\/\/www.vos-sosmost.cz\/index.php\/2023\/06\/08\/priprava-veganskych-pomazanek\/\"><span class=\"full UAxMv\">P\u0159\u00edprava vegansk\u00fdch pomaz\u00e1nek<\/span><\/a><\/strong><\/div>\n<p><strong><a href=\"https:\/\/www.vos-sosmost.cz\/index.php\/2023\/03\/20\/cviceni\/\">Cvi\u010den\u00ed<\/a><\/strong><\/p>\n<p>KV\u011aTEN<\/p>\n<p><strong><a href=\"https:\/\/www.vos-sosmost.cz\/index.php\/2023\/06\/08\/vychazky-v-kvetnu\/\">Vych\u00e1zky v kv\u011btnu<\/a><\/strong><\/p>\n<p>\u010cERVEN<\/p>\n<p><a href=\"https:\/\/www.vos-sosmost.cz\/?p=7121&amp;preview=true\"><strong>Grilov\u00e1n\u00ed s p\u00edsni\u010dkou<\/strong><\/a><\/p>\n<p><a href=\"https:\/\/www.vos-sosmost.cz\/index.php\/2023\/06\/08\/vyhodnoceni-nejlepe-uklizeneho-pokoje\/\"><strong>Vyhodnocen\u00ed nejl\u00e9pe uklizen\u00e9ho pokoje<\/strong><\/a><\/p>\n<p><strong><a href=\"https:\/\/www.vos-sosmost.cz\/index.php\/2023\/06\/20\/domov-mladeze-na-uhelne-safari\/\">Domov ml\u00e1de\u017ee na Uheln\u00e9 safari<\/a><\/strong><\/td>\n<\/tr>\n<tr style=\"height: 24px;\">\n<td style=\"width: 100%; background-color: #545151; text-align: center; height: 20px;\"><span style=\"color: #ffffff;\">Rok 2021\/2022<\/span><\/td>\n<\/tr>\n<tr style=\"height: 38px; background-color: #ffffff;\">\n<td style=\"width: 100%; background-color: #ffffff; height: 38px; text-align: center;\"><span style=\"text-decoration: underline;\">Z\u00c1\u0158\u00cd<\/span><\/p>\n<p>Vych\u00e1zka na vyhl\u00eddkovou v\u011b\u017e na \u0160iben\u00edku<\/p>\n<p>N\u00e1v\u0161t\u011bva knihovny &#8222;Burza knih&#8220;<\/p>\n<p><span style=\"text-decoration: underline;\">\u0158\u00cdJEN<\/span><\/p>\n<p>Spole\u010dn\u00e9 focen\u00ed (fotograf p. Dvo\u0159\u00e1k)<\/p>\n<p>Halloween \u2013 vy\u0159ez\u00e1v\u00e1n\u00ed&nbsp;d\u00fdn\u00ed s Megan<\/p>\n<p>\u200bKnihovna \u2013 cyklus p\u0159edn\u00e1\u0161ek z psychologie<\/p>\n<p>Projektov\u00fd den \u0160ablony II. &#8211; pan\u00ed Jan\u010diov\u00e1 \u2013 Pomoc sob\u011b i druh\u00fdm skrze dotek<\/p>\n<p><strong><a href=\"https:\/\/www.vos-sosmost.cz\/index.php\/2022\/09\/26\/projektovy-den-sablony-ii-pan-vesely-improvizaci-k-sebepoznani\/\">Projektov\u00fd den \u0160ablony II. &#8211; pan Vesel\u00fd \u2013 Improvizac\u00ed k sebepozn\u00e1n\u00ed<\/a><\/strong><\/p>\n<p><span style=\"text-decoration: underline;\">LISTOPAD<\/span><\/p>\n<p>Podzimn\u00ed v\u00fdzdoba j\u00eddelny<\/p>\n<p>Knihovna \u2013 p\u0159edn\u00e1\u0161ka &#8222;Stres v na\u0161em \u017eivot\u011b&#8220;<\/p>\n<p>\u0160ablony II. &#8211; zapojen\u00ed odborn\u00edka z praxe \u2013 Zumba<\/p>\n<p><span style=\"text-decoration: underline;\">PROSINEC<\/span><\/p>\n<p>V\u00e1no\u010dn\u00ed v\u00fdzdoba j\u00eddelny a DM<\/p>\n<p>V\u00fdroba drobn\u00fdch d\u00e1rk\u016f (keramika, dr\u00e1tov\u00e1n\u00ed, Fimo, drh\u00e1n\u00ed)<\/p>\n<p><strong><a href=\"https:\/\/www.vos-sosmost.cz\/index.php\/2022\/09\/26\/malovani-zdobeni-pernicku\/\">Malov\u00e1n\u00ed, zdoben\u00ed pern\u00ed\u010dk\u016f<\/a><\/strong><\/p>\n<p><span style=\"text-decoration: underline;\">LEDEN<\/span><\/p>\n<p>Vyr\u00e1b\u011bn\u00ed z recyklovan\u00fdch materi\u00e1l\u016f<\/p>\n<p><span style=\"text-decoration: underline;\">\u00daNOR<\/span><\/p>\n<p>Valent\u00fdn \u2013 v\u00fdroba dekorac\u00ed z korku a skleni\u010dek<\/p>\n<p><span style=\"text-decoration: underline;\">B\u0158EZEN<\/span><\/p>\n<p>N\u00e1v\u0161t\u011bva knihovny &#8211; burza a v\u00fdp\u016fj\u010dka knih<\/p>\n<p>Tandem \u2013 projekt z ASK &#8211; Macrame<\/p>\n<p><strong><a href=\"https:\/\/www.vos-sosmost.cz\/index.php\/2022\/09\/26\/charitativni-vecer-v-divadle-s-petrem-rychlym\/\">Charitativn\u00ed ve\u010der v divadle s Petrem Rychl\u00fdm<\/a><\/strong><\/p>\n<p>Situa\u010dn\u00ed dramatizace s Veronikou Le\u0161\u0165anovou &#8211; hry v klubovn\u011b<\/p>\n<p><span style=\"text-decoration: underline;\">DUBEN<\/span><\/p>\n<p>Velikono\u010dn\u00ed v\u00fdzdoba j\u00eddelny<\/p>\n<p><strong><a href=\"https:\/\/www.vos-sosmost.cz\/index.php\/2022\/09\/26\/zdobeni-velikonocnich-vajicek\/\">Zdoben\u00ed velikono\u010dn\u00edch vaj\u00ed\u010dek<\/a><\/strong><\/p>\n<p><strong><a href=\"https:\/\/www.vos-sosmost.cz\/index.php\/2022\/09\/26\/zdobeni-velikonocnich-pernicku\/\">Zdoben\u00ed velikono\u010dn\u00edch pern\u00ed\u010dk\u016f<\/a><\/strong><\/p>\n<p>Tandem \u2013 projekt z ASK \u2013 keramika, dr\u00e1tov\u00e1n\u00ed<\/p>\n<p><strong><a href=\"https:\/\/www.vos-sosmost.cz\/index.php\/2022\/09\/26\/knihovna-cestopis-borneo\/\">Knihovna \u2013 Cestopis Borneo<\/a><\/strong><\/p>\n<p><span style=\"text-decoration: underline;\">KV\u011aTEN<\/span><\/p>\n<p><strong><a href=\"https:\/\/www.vos-sosmost.cz\/index.php\/2022\/09\/26\/vychazka-na-matyldu-a-na-hnevin\/\">Vych\u00e1zka na Matyldu a na Hn\u011bv\u00edn<\/a><\/strong><\/p>\n<p><strong><a href=\"https:\/\/www.vos-sosmost.cz\/index.php\/2022\/09\/26\/vyroba-naramku-ke-dni-matek\/\">V\u00fdroba n\u00e1ramk\u016f ke dni matek<\/a><\/strong><\/p>\n<p><span style=\"text-decoration: underline;\">\u010cERVEN<\/span><\/p>\n<p>Vych\u00e1zka k Mosteck\u00e9mu jezeru a na Ressl<\/td>\n<\/tr>\n<tr style=\"background-color: #5a5a5a;\">\n<td style=\"width: 100%; text-align: center; height: 24px;\"><span style=\"color: #ffffff;\">Rok 2020\/2021<\/span><\/td>\n<\/tr>\n<tr style=\"height: 48px;\">\n<td style=\"width: 100%; text-align: center; height: 23px;\"><strong><a href=\"\/dm\/plany\/prace_dm_covid.pdf\" target=\"_blank\" rel=\"noopener\"><span style=\"color: #666666;\"><span style=\"color: #666666;\">Akce DM v dob\u011b Covid-19<\/span><\/span><\/a><\/strong><\/td>\n<\/tr>\n<tr style=\"background-color: #5a5a5a;\">\n<td style=\"width: 100%; text-align: center; height: 24px;\"><span style=\"color: #ffffff;\">Rok 2019\/2020<\/span><\/td>\n<\/tr>\n<tr style=\"height: 256px;\">\n<td style=\"width: 100%; text-align: center; height: 256px;\"><strong><a href=\"https:\/\/www.vos-sosmost.cz\/index.php\/2020\/01\/13\/vanocni-vecirek-v-dm\/\"><span style=\"color: #666666;\"><span style=\"color: #666666;\">V\u00e1no\u010dn\u00ed ve\u010d\u00edrek v DM<\/span><\/span><\/a><\/strong><\/p>\n<p><strong><a href=\"https:\/\/www.vos-sosmost.cz\/index.php\/2020\/01\/13\/adventni-flerjarmark\/\"><span style=\"color: #666666;\"><span style=\"color: #666666;\">Adventn\u00ed Flerjarmark<\/span><\/span><\/a><\/strong><\/p>\n<p><strong><a href=\"https:\/\/www.vos-sosmost.cz\/index.php\/2019\/10\/24\/navsteva-kina-kosmos\/\"><span style=\"color: #666666;\"><span style=\"color: #666666;\">N\u00e1v\u0161t\u011bva kina Kosmos<\/span><\/span><\/a><\/strong><\/p>\n<p><strong><a href=\"https:\/\/www.vos-sosmost.cz\/index.php\/2019\/10\/22\/seznamovaci-vecer-v-dm\/\"><span style=\"color: #666666;\"><span style=\"color: #666666;\">Seznamovac\u00ed ve\u010der<\/span><\/span><\/a><\/strong><\/p>\n<p><strong><a href=\"https:\/\/www.vos-sosmost.cz\/index.php\/2019\/11\/30\/pohybove-aktivity-v-dm\/\"><span style=\"color: #666666;\"><span style=\"color: #666666;\">Pohybov\u00e9 aktivity v DM<\/span><\/span><\/a><\/strong><\/p>\n<p><strong><a href=\"https:\/\/www.vos-sosmost.cz\/index.php\/2019\/11\/14\/bowling-ve-sportovce\/\"><span style=\"color: #666666;\"><span style=\"color: #666666;\">Bowling ve Sportovce<\/span><\/span><\/a><\/strong><\/p>\n<p><strong><a href=\"https:\/\/www.vos-sosmost.cz\/index.php\/2019\/10\/21\/beseda-na-tema-rizika-uzivani-drog\/\"><span style=\"color: #666666;\"><span style=\"color: #666666;\">Beseda na t\u00e9ma ,,Rizika u\u017e\u00edv\u00e1n\u00ed drog\u201c<\/span><\/span><\/a><\/strong><\/p>\n<p><strong><a href=\"https:\/\/www.vos-sosmost.cz\/index.php\/2019\/10\/21\/navsteva-divadla-v-moste\/\"><span style=\"color: #666666;\"><span style=\"color: #666666;\">N\u00e1v\u0161t\u011bva divadla v Most\u011b<\/span><\/span><\/a><\/strong><\/p>\n<p><strong><a href=\"https:\/\/www.vos-sosmost.cz\/index.php\/2019\/09\/10\/vychazky-po-meste-a-jeho-okoli\/\"><span style=\"color: #003366;\"><span style=\"color: #666666;\"><span style=\"color: #666666;\">Vych\u00e1zky po m\u011bst\u011b a jeho okol\u00ed<\/span><\/span><\/span><\/a><\/strong><\/td>\n<\/tr>\n<tr style=\"background-color: #5a5a5a;\">\n<td style=\"width: 100%; text-align: center; height: 24px;\"><span style=\"color: #ffffff;\">Rok 2018\/2019<\/span><\/td>\n<\/tr>\n<tr style=\"height: 456px;\">\n<td style=\"width: 100%; height: 456px;\">\n<p style=\"text-align: center;\"><strong><a href=\"https:\/\/www.vos-sosmost.cz\/index.php\/2019\/09\/25\/ctenari-z-dm\/\"><span style=\"color: #666666;\"><span style=\"color: #666666;\">\u010cten\u00e1\u0159i z DM<\/span><\/span><\/a><\/strong><\/p>\n<p style=\"text-align: center;\"><strong><a href=\"https:\/\/www.vos-sosmost.cz\/index.php\/2018\/09\/09\/divadelni-predstaveni-splasene-nuzky\/\"><span style=\"color: #666666;\"><span style=\"color: #666666;\">Divadeln\u00ed p\u0159edstaven\u00ed Spla\u0161en\u00e9 n\u016f\u017eky<\/span><\/span><\/a><\/strong><\/p>\n<p style=\"text-align: center;\"><strong><a href=\"https:\/\/www.vos-sosmost.cz\/index.php\/2018\/09\/09\/podzimni-vyzdoba-dm\/\"><span style=\"color: #666666;\"><span style=\"color: #666666;\">Podzimn\u00ed v\u00fdzdoba DM<\/span><\/span><\/a><\/strong><\/p>\n<p style=\"text-align: center;\"><strong><a href=\"https:\/\/www.vos-sosmost.cz\/index.php\/2018\/10\/09\/foceni-v-dm\/\"><span style=\"color: #666666;\"><span style=\"color: #666666;\">Focen\u00ed v DM<\/span><\/span><\/a><\/strong><\/p>\n<p style=\"text-align: center;\"><strong><a href=\"https:\/\/www.vos-sosmost.cz\/index.php\/2018\/10\/09\/lezecka-arena-jirkov\/\"><span style=\"color: #666666;\"><span style=\"color: #666666;\">Lezeck\u00e1 ar\u00e9na Jirkov<\/span><\/span><\/a><\/strong><\/p>\n<p style=\"text-align: center;\"><strong><a href=\"https:\/\/www.vos-sosmost.cz\/index.php\/2018\/10\/09\/tanecni-kurz-v-meduze\/\"><span style=\"color: #666666;\"><span style=\"color: #666666;\">Tane\u010dn\u00ed kurz v Med\u00faze<\/span><\/span><\/a><\/strong><\/p>\n<p style=\"text-align: center;\"><strong><a href=\"https:\/\/www.vos-sosmost.cz\/index.php\/2018\/12\/09\/vanoce-2018\/\"><span style=\"color: #666666;\"><span style=\"color: #666666;\">V\u00e1noce 2018<\/span><\/span><\/a><\/strong><\/p>\n<p style=\"text-align: center;\"><strong><a href=\"https:\/\/www.vos-sosmost.cz\/index.php\/2019\/05\/09\/valentynska-vecere-v-dm\/\"><span style=\"color: #666666;\"><span style=\"color: #666666;\">Valent\u00fdnsk\u00e1 ve\u010de\u0159e<\/span><\/span><\/a><\/strong><\/p>\n<p style=\"text-align: center;\"><strong><a href=\"https:\/\/www.vos-sosmost.cz\/index.php\/2019\/05\/09\/uklidme-svet-uklidme-cesko-2\/\"><span style=\"color: #666666;\"><span style=\"color: #666666;\">Ukli\u010fme sv\u011bt, ukli\u010fme \u010cesko<\/span><\/span><\/a><\/strong><\/p>\n<p style=\"text-align: center;\"><strong><a href=\"https:\/\/www.vos-sosmost.cz\/index.php\/2019\/06\/18\/fler-2019\/\"><span style=\"color: #666666;\"><span style=\"color: #666666;\">Fl\u00e9r 2019<\/span><\/span><\/a><\/strong><\/p>\n<\/td>\n<\/tr>\n<tr style=\"background-color: #5a5a5a;\">\n<td style=\"width: 100%; text-align: center; height: 24px;\"><span style=\"color: #ffffff;\">Rok 2017\/2018<\/span><\/td>\n<\/tr>\n<tr style=\"height: 536px;\">\n<td style=\"width: 100%; height: 536px;\">\n<p style=\"text-align: center;\"><strong><a href=\"\/index.php\/2017\/12\/02\/fler-jarmark-v-oblastnim-muzeu-v-moste\/\"><span style=\"color: #666666;\"><span style=\"color: #666666;\">Fl\u00e9r jarmark v Oblastn\u00edm muzeu v Most\u011b<\/span><\/span><\/a><\/strong><\/p>\n<p style=\"text-align: center;\"><strong><a href=\"\/index.php\/2017\/11\/11\/poema\/\"><span style=\"color: #666666;\"><span style=\"color: #666666;\">Pedagogick\u00e1 poema Most 2017<\/span><\/span><\/a><\/strong><\/p>\n<p style=\"text-align: center;\"><strong><a href=\"\/index.php\/2017\/12\/01\/vyzdoba-jidelny-v-dm\/\"><span style=\"color: #666666;\"><span style=\"color: #666666;\">V\u00fdzdoba j\u00eddelny v DM<\/span><\/span><\/a><\/strong><\/p>\n<p style=\"text-align: center;\"><strong><a href=\"\/index.php\/2017\/11\/20\/exkurze-techmania-plzen\/\"><span style=\"color: #666666;\"><span style=\"color: #666666;\">Exkurze Techmania Plze\u0148<\/span><\/span><\/a><\/strong><\/p>\n<p style=\"text-align: center;\"><strong><a href=\"\/index.php\/2017\/11\/18\/vyslap-na-hnevin\/\"><span style=\"color: #666666;\"><span style=\"color: #666666;\">V\u00fd\u0161lap na Hn\u011bv\u00edn<\/span><\/span><\/a><\/strong><\/p>\n<p style=\"text-align: center;\"><strong><a href=\"\/index.php\/2017\/10\/03\/seznamovaci-vecer-s-diskotekou\/\"><span style=\"color: #666666;\"><span style=\"color: #666666;\">Seznamovac\u00ed ve\u010der s diskot\u00e9kou<\/span><\/span><\/a><\/strong><\/p>\n<p style=\"text-align: center;\"><strong><a href=\"\/index.php\/2017\/09\/20\/lapace\/\"><span style=\"color: #666666;\"><span style=\"color: #666666;\">Lapa\u010de<\/span><\/span><\/a><\/strong><\/p>\n<p style=\"text-align: center;\"><strong><a href=\"\/index.php\/2017\/09\/19\/3x-divadlo\/\"><span style=\"color: #666666;\"><span style=\"color: #666666;\">3x divadlo<\/span><\/span><\/a><\/strong><\/p>\n<p style=\"text-align: center;\"><strong><a href=\"\/index.php\/2017\/05\/10\/diskoteka-v-dm\/\"><span style=\"color: #666666;\"><span style=\"color: #666666;\">Diskot\u00e9ka v DM<\/span><\/span><\/a><\/strong><\/p>\n<p style=\"text-align: center;\"><strong><a href=\"\/index.php\/2017\/02\/16\/vernisaz-vystavy-v-oblastnim-muzeu-most-egypt-dar-nilu\/\"><span style=\"color: #666666;\"><span style=\"color: #666666;\">Vernis\u00e1\u017e v\u00fdstavy v Oblastn\u00edm muzeu Most &#8211; Egypt dar Nilu<\/span><\/span><\/a><\/strong><\/p>\n<p style=\"text-align: center;\"><strong><a href=\"\/index.php\/2017\/01\/30\/prace-s-hlinou\/\"><span style=\"color: #666666;\"><span style=\"color: #666666;\">Pr\u00e1ce s hl\u00ednou<\/span><\/span><\/a><\/strong><\/p>\n<\/td>\n<\/tr>\n<tr style=\"background-color: #5a5a5a;\">\n<td style=\"width: 100%; text-align: center; height: 24px;\"><span style=\"color: #ffffff;\">Rok 2016\/2017<\/span><\/td>\n<\/tr>\n<tr style=\"height: 376px;\">\n<td style=\"width: 100%; height: 376px;\">\n<p style=\"text-align: center;\"><strong><a href=\"\/index.php\/2016\/12\/19\/vanocni-posezeni-v-dm\/\"><span style=\"color: #666666;\"><span style=\"color: #666666;\">V\u00e1no\u010dn\u00ed posezen\u00ed v DM<\/span><\/span><\/a><\/strong><\/p>\n<p style=\"text-align: center;\"><strong><a href=\"\/index.php\/2016\/12\/08\/cestopisne-prednasky-v-mestske-knihovne-most\/\"><span style=\"color: #666666;\"><span style=\"color: #666666;\">Cestopisn\u00e9 p\u0159edn\u00e1\u0161ky v M\u011bstsk\u00e9 knihovn\u011b Most<\/span><\/span><\/a><\/strong><\/p>\n<p style=\"text-align: center;\"><strong><a href=\"\/index.php\/2016\/12\/07\/vanocni-tvoreni-na-zs-ul-svazna\/\"><span style=\"color: #666666;\"><span style=\"color: #666666;\">V\u00e1no\u010dn\u00ed tvo\u0159en\u00ed na Z\u0160 ul. Sv\u00e1\u017en\u00e1<\/span><\/span><\/a><\/strong><\/p>\n<p style=\"text-align: center;\"><strong><a href=\"\/index.php\/2016\/12\/03\/fler-jarmark\/\"><span style=\"color: #666666;\"><span style=\"color: #666666;\">Fler jarmark<\/span><\/span><\/a><\/strong><\/p>\n<p style=\"text-align: center;\"><strong><a href=\"\/index.php\/2016\/11\/30\/muzikal-v-praze\/\"><span style=\"color: #666666;\"><span style=\"color: #666666;\">Muzik\u00e1l v Praze<\/span><\/span><\/a><\/strong><\/p>\n<p style=\"text-align: center;\"><strong><a href=\"\/index.php\/2016\/11\/08\/vyroba-lapacu\/\"><span style=\"color: #666666;\"><span style=\"color: #666666;\">V\u00fdroba lapa\u010d\u016f<\/span><\/span><\/a><\/strong><\/p>\n<p style=\"text-align: center;\"><strong><a href=\"\/index.php\/2016\/11\/02\/exkurze-do-prahy\/\"><span style=\"color: #666666;\"><span style=\"color: #666666;\">Exkurze do Prahy<\/span><\/span><\/a><\/strong><\/p>\n<p style=\"text-align: center;\"><strong><a href=\"\/index.php\/2016\/10\/20\/navsteva-tanecnich\/\"><span style=\"color: #666666;\"><span style=\"color: #666666;\">N\u00e1v\u0161t\u011bva tane\u010dn\u00edch<\/span><\/span><\/a><\/strong><\/p>\n<p style=\"text-align: center;\"><strong><a href=\"\/index.php\/2016\/09\/30\/vylet-na-hnevin\/\"><span style=\"color: #666666;\"><span style=\"color: #666666;\">V\u00fdlet na Hn\u011bv\u00edn<\/span><\/span><\/a><\/strong><\/p>\n<\/td>\n<\/tr>\n<\/tbody>\n<\/table>\n","protected":false},"excerpt":{"rendered":"<p>Rok 2025\/2026 Krou\u017eek va\u0159en\u00ed &#8211; velikono\u010dn\u00ed pe\u010den\u00ed Rozlu\u010dka se \u017e\u00e1ky 4. ro\u010dn\u00edk\u016f Studenti domova ml\u00e1de\u017ee vyrazili na bowling V\u00e1noce 2025 u n\u00e1s na DM Podzimn\u00ed tvo\u0159en\u00ed Halloween N\u00e1v\u0161t\u011bva oblastn\u00ed galerie v Most\u011b Podzimn\u00ed sk\u0159\u00edtek Rok 2024\/2025 Valent\u00fdnsk\u00e9 pe\u010den\u00ed Bowling V\u00e1no\u010dn\u00ed <a href=\"https:\/\/www.vos-sosmost.cz\/index.php\/domov-mladeze\/akce-dm\/\" class=\"read-more\">Read More &#8230;<\/a><\/p>\n","protected":false},"author":1,"featured_media":0,"parent":277,"menu_order":0,"comment_status":"closed","ping_status":"closed","template":"","meta":{"ngg_post_thumbnail":0,"footnotes":""},"class_list":["post-582","page","type-page","status-publish","hentry"],"_links":{"self":[{"href":"https:\/\/www.vos-sosmost.cz\/index.php\/wp-json\/wp\/v2\/pages\/582","targetHints":{"allow":["GET"]}}],"collection":[{"href":"https:\/\/www.vos-sosmost.cz\/index.php\/wp-json\/wp\/v2\/pages"}],"about":[{"href":"https:\/\/www.vos-sosmost.cz\/index.php\/wp-json\/wp\/v2\/types\/page"}],"author":[{"embeddable":true,"href":"https:\/\/www.vos-sosmost.cz\/index.php\/wp-json\/wp\/v2\/users\/1"}],"replies":[{"embeddable":true,"href":"https:\/\/www.vos-sosmost.cz\/index.php\/wp-json\/wp\/v2\/comments?post=582"}],"version-history":[{"count":111,"href":"https:\/\/www.vos-sosmost.cz\/index.php\/wp-json\/wp\/v2\/pages\/582\/revisions"}],"predecessor-version":[{"id":9364,"href":"https:\/\/www.vos-sosmost.cz\/index.php\/wp-json\/wp\/v2\/pages\/582\/revisions\/9364"}],"up":[{"embeddable":true,"href":"https:\/\/www.vos-sosmost.cz\/index.php\/wp-json\/wp\/v2\/pages\/277"}],"wp:attachment":[{"href":"https:\/\/www.vos-sosmost.cz\/index.php\/wp-json\/wp\/v2\/media?parent=582"}],"curies":[{"name":"wp","href":"https:\/\/api.w.org\/{rel}","templated":true}]}}