{"id":5777,"date":"2021-12-08T19:32:46","date_gmt":"2021-12-08T18:32:46","guid":{"rendered":"https:\/\/www.vos-sosmost.cz\/?page_id=5777"},"modified":"2022-01-11T07:41:31","modified_gmt":"2022-01-11T06:41:31","slug":"den-otevrenych-dveri-online","status":"publish","type":"page","link":"https:\/\/www.vos-sosmost.cz\/index.php\/den-otevrenych-dveri-online\/","title":{"rendered":"Den otev\u0159en\u00fdch dve\u0159\u00ed online"},"content":{"rendered":"<p>V\u00e1\u017een\u00ed z\u00e1jemci o studium na na\u0161\u00ed \u0161kole,<\/p>\n<p>dne 11. 1. 2022 prob\u011bhne Den otev\u0159en\u00fdch dve\u0159\u00ed tak\u00e9 online formou. Na\u0161i skv\u011bl\u00ed pedagogov\u00e9 V\u00e1m budou od 15:00 do 18:00 hodin k dispozici a zodpov\u00ed V\u00e1m ve\u0161ker\u00e9 dotazy.<\/p>\n<p>Odkaz na stream je k dispozici <strong><a href=\"https:\/\/www.youtube.com\/channel\/UCR1Y51BncPwn_9NkvfTD6cA\">zde<\/a><\/strong>.<\/p>\n","protected":false},"excerpt":{"rendered":"<p>V\u00e1\u017een\u00ed z\u00e1jemci o studium na na\u0161\u00ed \u0161kole, dne 11. 1. 2022 prob\u011bhne Den otev\u0159en\u00fdch dve\u0159\u00ed tak\u00e9 online formou. Na\u0161i skv\u011bl\u00ed pedagogov\u00e9 V\u00e1m budou od 15:00 do 18:00 hodin k dispozici a zodpov\u00ed V\u00e1m ve\u0161ker\u00e9 dotazy. Odkaz na stream je k <a href=\"https:\/\/www.vos-sosmost.cz\/index.php\/den-otevrenych-dveri-online\/\" class=\"read-more\">Read More &#8230;<\/a><\/p>\n","protected":false},"author":1,"featured_media":5656,"parent":0,"menu_order":0,"comment_status":"closed","ping_status":"closed","template":"","meta":{"ngg_post_thumbnail":0,"footnotes":""},"class_list":["post-5777","page","type-page","status-publish","has-post-thumbnail","hentry"],"_links":{"self":[{"href":"https:\/\/www.vos-sosmost.cz\/index.php\/wp-json\/wp\/v2\/pages\/5777","targetHints":{"allow":["GET"]}}],"collection":[{"href":"https:\/\/www.vos-sosmost.cz\/index.php\/wp-json\/wp\/v2\/pages"}],"about":[{"href":"https:\/\/www.vos-sosmost.cz\/index.php\/wp-json\/wp\/v2\/types\/page"}],"author":[{"embeddable":true,"href":"https:\/\/www.vos-sosmost.cz\/index.php\/wp-json\/wp\/v2\/users\/1"}],"replies":[{"embeddable":true,"href":"https:\/\/www.vos-sosmost.cz\/index.php\/wp-json\/wp\/v2\/comments?post=5777"}],"version-history":[{"count":2,"href":"https:\/\/www.vos-sosmost.cz\/index.php\/wp-json\/wp\/v2\/pages\/5777\/revisions"}],"predecessor-version":[{"id":5878,"href":"https:\/\/www.vos-sosmost.cz\/index.php\/wp-json\/wp\/v2\/pages\/5777\/revisions\/5878"}],"wp:featuredmedia":[{"embeddable":true,"href":"https:\/\/www.vos-sosmost.cz\/index.php\/wp-json\/wp\/v2\/media\/5656"}],"wp:attachment":[{"href":"https:\/\/www.vos-sosmost.cz\/index.php\/wp-json\/wp\/v2\/media?parent=5777"}],"curies":[{"name":"wp","href":"https:\/\/api.w.org\/{rel}","templated":true}]}}