{"id":5665,"date":"2026-04-27T09:03:05","date_gmt":"2026-04-27T07:03:05","guid":{"rendered":"https:\/\/www.vos-sosmost.cz\/?page_id=5665"},"modified":"2026-04-27T09:09:25","modified_gmt":"2026-04-27T07:09:25","slug":"soutez-podnikani-s-rozumem","status":"publish","type":"page","link":"https:\/\/www.vos-sosmost.cz\/index.php\/soutez-podnikani-s-rozumem\/","title":{"rendered":"Sout\u011b\u017e Podnik\u00e1n\u00ed s rozumem 2026"},"content":{"rendered":"<div id=\"normal-sortables\" class=\"meta-box-sortables\">\n<h1><a href=\"https:\/\/www.vos-sosmost.cz\/wp-content\/uploads\/2026\/04\/2021-09-09_promo_272.jpg\"><img loading=\"lazy\" decoding=\"async\" class=\"wp-image-9390 alignleft\" src=\"https:\/\/www.vos-sosmost.cz\/wp-content\/uploads\/2026\/04\/2021-09-09_promo_272-300x176.jpg\" alt=\"\" width=\"823\" height=\"483\" srcset=\"https:\/\/www.vos-sosmost.cz\/wp-content\/uploads\/2026\/04\/2021-09-09_promo_272-300x176.jpg 300w, https:\/\/www.vos-sosmost.cz\/wp-content\/uploads\/2026\/04\/2021-09-09_promo_272-1024x601.jpg 1024w, https:\/\/www.vos-sosmost.cz\/wp-content\/uploads\/2026\/04\/2021-09-09_promo_272-768x450.jpg 768w, https:\/\/www.vos-sosmost.cz\/wp-content\/uploads\/2026\/04\/2021-09-09_promo_272-1536x901.jpg 1536w, https:\/\/www.vos-sosmost.cz\/wp-content\/uploads\/2026\/04\/2021-09-09_promo_272-2048x1201.jpg 2048w, https:\/\/www.vos-sosmost.cz\/wp-content\/uploads\/2026\/04\/2021-09-09_promo_272-360x211.jpg 360w, https:\/\/www.vos-sosmost.cz\/wp-content\/uploads\/2026\/04\/2021-09-09_promo_272-24x14.jpg 24w, https:\/\/www.vos-sosmost.cz\/wp-content\/uploads\/2026\/04\/2021-09-09_promo_272-36x21.jpg 36w, https:\/\/www.vos-sosmost.cz\/wp-content\/uploads\/2026\/04\/2021-09-09_promo_272-48x28.jpg 48w\" sizes=\"auto, (max-width: 823px) 100vw, 823px\" \/><\/a>P\u0159ipojujeme se k sout\u011b\u017ei Podnik\u00e1m s rozumem 2026<\/h1>\n<p><strong>Pro\u010d jsme se zapojili?<\/strong><\/p>\n<p>Finan\u010dn\u00ed gramotnost je d\u016fle\u017eit\u00e9 t\u00e9ma. Studentsk\u00e1 sout\u011b\u017e, kter\u00e9 se zam\u011b\u0159uje na finance v podnik\u00e1n\u00ed na\u0161e studenty p\u0159iprav\u00ed na to, co v\u0161echno je m\u016f\u017ee po ukon\u010den\u00ed \u0161koly \u010dekat, a to nejen v zam\u011bstn\u00e1n\u00ed, ale p\u0159edev\u0161\u00edm pokud si zvol\u00ed j\u00edt za sv\u00fdm c\u00edlem, nastartovat vlastn\u00ed start-up nebo podnikat na voln\u00e9 noze.<\/p>\n<p>Sout\u011b\u017e prob\u00edh\u00e1 u\u017e 3. rokem a&nbsp; z\u00e1bavnou formou otev\u00edr\u00e1 t\u00e9mata, kter\u00e9 se do \u0161koln\u00edch lavic \u010dasto nedostanou.<\/p>\n<p><strong>Co m\u016f\u017eeme vyhr\u00e1t?<\/strong><\/p>\n<p>D\u00edky agentu\u0159e <a href=\"https:\/\/getfound.cz\/\"><strong>GetFound.cz<\/strong><\/a>, kter\u00e1 sout\u011b\u017e po\u0159\u00e1d\u00e1, <strong>m\u016f\u017eeme z\u00edskat pen\u00edze od partner\u016f sout\u011b\u017ee <\/strong>na vybaven\u00ed na\u0161eho za\u0159\u00edzen\u00ed.<\/p>\n<p>Partne\u0159i sout\u011b\u017ee jsou:<\/p>\n<ul>\n<li><a href=\"http:\/\/astratex.cz\">Astratex.cz<\/a><\/li>\n<li><a href=\"http:\/\/hyperfinance.cz\">Hyperfinance.cz<\/a><\/li>\n<li><a href=\"http:\/\/letakomat.cz\">Letakomat.cz<\/a><\/li>\n<li><a href=\"http:\/\/povinneruceni.biz\/\">Povinneruceni.biz<\/a><\/li>\n<li><a href=\"http:\/\/snowboardel.cz\">Snowboardel.cz<\/a><\/li>\n<li><a href=\"http:\/\/interbohemia.cz\">Interbohemia.cz<\/a><\/li>\n<li><a href=\"http:\/\/invital.cz\">Invital.cz<\/a><\/li>\n<li><a href=\"http:\/\/nazuby.cz\">Nazuby.cz<\/a><\/li>\n<\/ul>\n<p><strong>M\u00e1me mo\u017enost vyhr\u00e1t 10 000 K\u010d, tak n\u00e1m dr\u017ete palce :).<\/strong><\/p>\n<p>Str\u00e1nka sout\u011b\u017ee: <a href=\"http:\/\/www.podnikamsrozumem.cz\">www.podnikamsrozumem.cz<\/a><\/p>\n<\/div>\n","protected":false},"excerpt":{"rendered":"<p>P\u0159ipojujeme se k sout\u011b\u017ei Podnik\u00e1m s rozumem 2026 Pro\u010d jsme se zapojili? Finan\u010dn\u00ed gramotnost je d\u016fle\u017eit\u00e9 t\u00e9ma. Studentsk\u00e1 sout\u011b\u017e, kter\u00e9 se zam\u011b\u0159uje na finance v podnik\u00e1n\u00ed na\u0161e studenty p\u0159iprav\u00ed na to, co v\u0161echno je m\u016f\u017ee po ukon\u010den\u00ed \u0161koly \u010dekat, a <a href=\"https:\/\/www.vos-sosmost.cz\/index.php\/soutez-podnikani-s-rozumem\/\" class=\"read-more\">Read More &#8230;<\/a><\/p>\n","protected":false},"author":1,"featured_media":0,"parent":0,"menu_order":0,"comment_status":"closed","ping_status":"closed","template":"","meta":{"ngg_post_thumbnail":0,"footnotes":""},"class_list":["post-5665","page","type-page","status-publish","hentry"],"_links":{"self":[{"href":"https:\/\/www.vos-sosmost.cz\/index.php\/wp-json\/wp\/v2\/pages\/5665","targetHints":{"allow":["GET"]}}],"collection":[{"href":"https:\/\/www.vos-sosmost.cz\/index.php\/wp-json\/wp\/v2\/pages"}],"about":[{"href":"https:\/\/www.vos-sosmost.cz\/index.php\/wp-json\/wp\/v2\/types\/page"}],"author":[{"embeddable":true,"href":"https:\/\/www.vos-sosmost.cz\/index.php\/wp-json\/wp\/v2\/users\/1"}],"replies":[{"embeddable":true,"href":"https:\/\/www.vos-sosmost.cz\/index.php\/wp-json\/wp\/v2\/comments?post=5665"}],"version-history":[{"count":5,"href":"https:\/\/www.vos-sosmost.cz\/index.php\/wp-json\/wp\/v2\/pages\/5665\/revisions"}],"predecessor-version":[{"id":9399,"href":"https:\/\/www.vos-sosmost.cz\/index.php\/wp-json\/wp\/v2\/pages\/5665\/revisions\/9399"}],"wp:attachment":[{"href":"https:\/\/www.vos-sosmost.cz\/index.php\/wp-json\/wp\/v2\/media?parent=5665"}],"curies":[{"name":"wp","href":"https:\/\/api.w.org\/{rel}","templated":true}]}}