{"id":560,"date":"2024-09-10T08:33:28","date_gmt":"2024-09-10T06:33:28","guid":{"rendered":"https:\/\/www.vos-sosmost.cz\/?page_id=560"},"modified":"2025-09-24T22:07:00","modified_gmt":"2025-09-24T20:07:00","slug":"maturitni-prace","status":"publish","type":"page","link":"https:\/\/www.vos-sosmost.cz\/index.php\/stredni-odborna-skola\/maturita\/maturitni-prace\/","title":{"rendered":"Maturitn\u00ed pr\u00e1ce"},"content":{"rendered":"<p>P\u0159ihl\u00e1\u0161ka ke zkou\u0161ce konan\u00e9 formou maturitn\u00ed pr\u00e1ce \u2013&nbsp;<strong><a href=\"\/sos\/data\/maturitni_prace\/prihlaska_mp_2025.docx\" target=\"_blank\" rel=\"noopener noreferrer\">ve form\u00e1tu DOCX<\/a><\/strong>. P\u0159ihl\u00e1\u0161ky odevzdejte do 13. 10. 2025.<\/p>\n<p>Informace k form\u011b a obsahu maturitn\u00ed pr\u00e1ce \u2013 <strong><a href=\"\/sos\/data\/maturitni_prace\/pokyny_mat_prace_2025.pdf\" target=\"_blank\" rel=\"noopener noreferrer\">ve form\u00e1tu PDF<\/a><\/strong><\/p>\n<p>\u0160ablona maturitn\u00ed pr\u00e1ce \u2013&nbsp;<strong><a href=\"\/sos\/data\/maturitni_prace\/sablona_maturitni_prace_2024_25.docx\" target=\"_blank\" rel=\"noopener noreferrer\">ve form\u00e1tu DOCX<\/a><\/strong><\/p>\n<p>Formul\u00e1\u0159 \u017e\u00e1dosti o povolen\u00ed dotazn\u00edkov\u00e9ho \u0161et\u0159en\u00ed &#8211; <strong><a href=\"\/sos\/data\/maturitni_prace\/zadost_dotaznikove_setreni.docx\">ve form\u00e1tu DOCX<\/a><\/strong><\/p>\n<p>Obecn\u00e1 pravidla pro pou\u017e\u00edv\u00e1n\u00ed digit\u00e1ln\u00edch n\u00e1stroj\u016f a AI &#8211; <strong><a href=\"\/sos\/data\/maturitni_prace\/pokyn_ai.pdf\">ve form\u00e1tu PDF<\/a><\/strong><\/p>\n<p>Objedn\u00e1n\u00ed vazby &#8211; <strong><a href=\"https:\/\/www.vos-sosmost.cz\/index.php\/objednani-vazby\/\">objedn\u00e1vkov\u00fd formul\u00e1\u0159<\/a><\/strong><\/p>\n","protected":false},"excerpt":{"rendered":"<p>P\u0159ihl\u00e1\u0161ka ke zkou\u0161ce konan\u00e9 formou maturitn\u00ed pr\u00e1ce \u2013&nbsp;ve form\u00e1tu DOCX. P\u0159ihl\u00e1\u0161ky odevzdejte do 13. 10. 2025. Informace k form\u011b a obsahu maturitn\u00ed pr\u00e1ce \u2013 ve form\u00e1tu PDF \u0160ablona maturitn\u00ed pr\u00e1ce \u2013&nbsp;ve form\u00e1tu DOCX Formul\u00e1\u0159 \u017e\u00e1dosti o povolen\u00ed dotazn\u00edkov\u00e9ho \u0161et\u0159en\u00ed &#8211; <a href=\"https:\/\/www.vos-sosmost.cz\/index.php\/stredni-odborna-skola\/maturita\/maturitni-prace\/\" class=\"read-more\">Read More &#8230;<\/a><\/p>\n","protected":false},"author":1,"featured_media":0,"parent":4072,"menu_order":0,"comment_status":"closed","ping_status":"closed","template":"","meta":{"ngg_post_thumbnail":0,"footnotes":""},"class_list":["post-560","page","type-page","status-publish","hentry"],"_links":{"self":[{"href":"https:\/\/www.vos-sosmost.cz\/index.php\/wp-json\/wp\/v2\/pages\/560","targetHints":{"allow":["GET"]}}],"collection":[{"href":"https:\/\/www.vos-sosmost.cz\/index.php\/wp-json\/wp\/v2\/pages"}],"about":[{"href":"https:\/\/www.vos-sosmost.cz\/index.php\/wp-json\/wp\/v2\/types\/page"}],"author":[{"embeddable":true,"href":"https:\/\/www.vos-sosmost.cz\/index.php\/wp-json\/wp\/v2\/users\/1"}],"replies":[{"embeddable":true,"href":"https:\/\/www.vos-sosmost.cz\/index.php\/wp-json\/wp\/v2\/comments?post=560"}],"version-history":[{"count":24,"href":"https:\/\/www.vos-sosmost.cz\/index.php\/wp-json\/wp\/v2\/pages\/560\/revisions"}],"predecessor-version":[{"id":8909,"href":"https:\/\/www.vos-sosmost.cz\/index.php\/wp-json\/wp\/v2\/pages\/560\/revisions\/8909"}],"up":[{"embeddable":true,"href":"https:\/\/www.vos-sosmost.cz\/index.php\/wp-json\/wp\/v2\/pages\/4072"}],"wp:attachment":[{"href":"https:\/\/www.vos-sosmost.cz\/index.php\/wp-json\/wp\/v2\/media?parent=560"}],"curies":[{"name":"wp","href":"https:\/\/api.w.org\/{rel}","templated":true}]}}