{"id":547,"date":"2020-10-25T09:00:07","date_gmt":"2020-10-25T08:00:07","guid":{"rendered":"https:\/\/www.vos-sosmost.cz\/?page_id=547"},"modified":"2022-02-15T08:28:25","modified_gmt":"2022-02-15T07:28:25","slug":"prihlaska-ke-studiu","status":"publish","type":"page","link":"https:\/\/www.vos-sosmost.cz\/index.php\/stredni-odborna-skola\/uchazec\/prihlaska-ke-studiu\/","title":{"rendered":"P\u0159ihl\u00e1\u0161ka ke studiu"},"content":{"rendered":"<h3>1.&nbsp;P\u0158IHL\u00c1\u0160KA NA ST\u0158EDN\u00cd \u0160KOLU \u2013 DENN\u00cd FORMA VZD\u011aL\u00c1V\u00c1N\u00cd<\/h3>\n<ul>\n<li><a href=\"\/sos\/vzory\/prihlaska_ss_2020_denni.xlsx\" target=\"_blank\" rel=\"noopener noreferrer\">ve form\u00e1tu XLSX<\/a>,<\/li>\n<li><a href=\"\/sos\/vzory\/prihlaska_ss_2020_denni.pdf\" target=\"_blank\" rel=\"noopener noreferrer\">ve form\u00e1tu PDF<\/a>,<\/li>\n<li><a href=\"\/sos\/vzory\/vysvetlivky_prihlaska_2020.pdf\" target=\"_blank\" rel=\"noopener noreferrer\">vysv\u011btlivky k p\u0159ihl\u00e1\u0161k\u00e1m<\/a>.<\/li>\n<\/ul>\n<h3>2. FORMUL\u00c1\u0158 POTVRZEN\u00cd O ZDRAVOTN\u00cd ZP\u016eSOBILOSTI KE VZD\u011aL\u00c1V\u00c1N\u00cd<\/h3>\n<ul style=\"list-style-type: disc;\">\n<li>P\u0159ed\u0161koln\u00ed a mimo\u0161koln\u00ed pedagogika &#8211; <a href=\"https:\/\/www.vos-sosmost.cz\/sos\/prijimacky\/lekarsky_posudek_sos_pmp.docx\" target=\"_blank\" rel=\"noopener\">ve form\u00e1tu DOCX<\/a>,&nbsp;<a href=\"https:\/\/www.vos-sosmost.cz\/sos\/prijimacky\/lekarsky_posudek_sos_pmp.pdf\" target=\"_blank\" rel=\"noopener\">ve form\u00e1tu PDF<\/a><\/li>\n<li>Pedagogick\u00e9 lyceum &#8211; <a href=\"https:\/\/www.vos-sosmost.cz\/sos\/prijimacky\/lekarsky_posudek_sos_pl.docx\" target=\"_blank\" rel=\"noopener\">ve form\u00e1tu DOCX<\/a>,&nbsp;<a href=\"https:\/\/www.vos-sosmost.cz\/sos\/prijimacky\/lekarsky_posudek_sos_pl.pdf\" target=\"_blank\" rel=\"noopener\">ve form\u00e1tu PDF<\/a><\/li>\n<li>Praktick\u00e1 sestra &#8211; <a href=\"https:\/\/www.vos-sosmost.cz\/sos\/prijimacky\/lekarsky_posudek_sos_ps.docx\" target=\"_blank\" rel=\"noopener\">ve form\u00e1tu DOCX<\/a>,&nbsp;<a href=\"https:\/\/www.vos-sosmost.cz\/sos\/prijimacky\/lekarsky_posudek_sos_ps.pdf\" target=\"_blank\" rel=\"noopener\">ve form\u00e1tu PDF<\/a><\/li>\n<li>Soci\u00e1ln\u00ed \u010dinnost &#8211; <a href=\"https:\/\/www.vos-sosmost.cz\/sos\/prijimacky\/lekarsky_posudek_sos_sc.docx\" target=\"_blank\" rel=\"noopener\">ve form\u00e1tu DOCX<\/a>,&nbsp;<a href=\"https:\/\/www.vos-sosmost.cz\/sos\/prijimacky\/lekarsky_posudek_sos_sc.pdf\" target=\"_blank\" rel=\"noopener\">ve form\u00e1tu PDF<\/a><\/li>\n<li>Mas\u00e9r ve zdravotnictv\u00ed &#8211; <a href=\"https:\/\/www.vos-sosmost.cz\/sos\/prijimacky\/lekarsky_posudek_sos_msz.docx\" target=\"_blank\" rel=\"noopener\">ve form\u00e1tu DOCX<\/a>,&nbsp;<a href=\"https:\/\/www.vos-sosmost.cz\/sos\/prijimacky\/lekarsky_posudek_sos_msz.pdf\" target=\"_blank\" rel=\"noopener\">ve form\u00e1tu PDF<\/a><\/li>\n<\/ul>\n<h3>3. ODVOL\u00c1N\u00cd PROTI ROZHODNUT\u00cd O P\u0158IJET\u00cd\/NEP\u0158IJET\u00cd<\/h3>\n<ul>\n<li><a href=\"\/sos\/vzory\/vzor_odvolani_rozhodnuti.doc\" target=\"_blank\" rel=\"noopener noreferrer\">ve form\u00e1tu DOC<\/a>,<\/li>\n<li><a href=\"\/sos\/vzory\/vzor_odvolani_rozhodnuti.pdf\" target=\"_blank\" rel=\"noopener noreferrer\">ve form\u00e1tu PDF<\/a>.<\/li>\n<\/ul>\n<div style=\"width: 360px;\" class=\"wp-video\"><video class=\"wp-video-shortcode\" id=\"video-547-1\" width=\"360\" height=\"640\" preload=\"metadata\" controls=\"controls\"><source type=\"video\/mp4\" src=\"https:\/\/www.vos-sosmost.cz\/wp-content\/uploads\/2022\/02\/prihlaska.mp4?_=1\" \/><a href=\"https:\/\/www.vos-sosmost.cz\/wp-content\/uploads\/2022\/02\/prihlaska.mp4\">https:\/\/www.vos-sosmost.cz\/wp-content\/uploads\/2022\/02\/prihlaska.mp4<\/a><\/video><\/div>\n","protected":false},"excerpt":{"rendered":"<p>1.&nbsp;P\u0158IHL\u00c1\u0160KA NA ST\u0158EDN\u00cd \u0160KOLU \u2013 DENN\u00cd FORMA VZD\u011aL\u00c1V\u00c1N\u00cd ve form\u00e1tu XLSX, ve form\u00e1tu PDF, vysv\u011btlivky k p\u0159ihl\u00e1\u0161k\u00e1m. 2. FORMUL\u00c1\u0158 POTVRZEN\u00cd O ZDRAVOTN\u00cd ZP\u016eSOBILOSTI KE VZD\u011aL\u00c1V\u00c1N\u00cd P\u0159ed\u0161koln\u00ed a mimo\u0161koln\u00ed pedagogika &#8211; ve form\u00e1tu DOCX,&nbsp;ve form\u00e1tu PDF Pedagogick\u00e9 lyceum &#8211; ve form\u00e1tu <a href=\"https:\/\/www.vos-sosmost.cz\/index.php\/stredni-odborna-skola\/uchazec\/prihlaska-ke-studiu\/\" class=\"read-more\">Read More &#8230;<\/a><\/p>\n","protected":false},"author":1,"featured_media":0,"parent":4069,"menu_order":0,"comment_status":"closed","ping_status":"closed","template":"","meta":{"ngg_post_thumbnail":0,"footnotes":""},"class_list":["post-547","page","type-page","status-publish","hentry"],"_links":{"self":[{"href":"https:\/\/www.vos-sosmost.cz\/index.php\/wp-json\/wp\/v2\/pages\/547","targetHints":{"allow":["GET"]}}],"collection":[{"href":"https:\/\/www.vos-sosmost.cz\/index.php\/wp-json\/wp\/v2\/pages"}],"about":[{"href":"https:\/\/www.vos-sosmost.cz\/index.php\/wp-json\/wp\/v2\/types\/page"}],"author":[{"embeddable":true,"href":"https:\/\/www.vos-sosmost.cz\/index.php\/wp-json\/wp\/v2\/users\/1"}],"replies":[{"embeddable":true,"href":"https:\/\/www.vos-sosmost.cz\/index.php\/wp-json\/wp\/v2\/comments?post=547"}],"version-history":[{"count":11,"href":"https:\/\/www.vos-sosmost.cz\/index.php\/wp-json\/wp\/v2\/pages\/547\/revisions"}],"predecessor-version":[{"id":5964,"href":"https:\/\/www.vos-sosmost.cz\/index.php\/wp-json\/wp\/v2\/pages\/547\/revisions\/5964"}],"up":[{"embeddable":true,"href":"https:\/\/www.vos-sosmost.cz\/index.php\/wp-json\/wp\/v2\/pages\/4069"}],"wp:attachment":[{"href":"https:\/\/www.vos-sosmost.cz\/index.php\/wp-json\/wp\/v2\/media?parent=547"}],"curies":[{"name":"wp","href":"https:\/\/api.w.org\/{rel}","templated":true}]}}