{"id":536,"date":"2024-08-22T07:00:24","date_gmt":"2024-08-22T05:00:24","guid":{"rendered":"https:\/\/www.vos-sosmost.cz\/?page_id=536"},"modified":"2025-09-02T19:31:46","modified_gmt":"2025-09-02T17:31:46","slug":"tridy-sos-2019-2020","status":"publish","type":"page","link":"https:\/\/www.vos-sosmost.cz\/index.php\/stredni-odborna-skola\/tridy-sos-2019-2020\/","title":{"rendered":"T\u0159\u00eddy SO\u0160 2025\/2026"},"content":{"rendered":"<p style=\"text-align: center;\"><b>Obchodn\u00ed akademie<\/b><\/p>\n<table id=\"table3\" class=\"mceItemTable\" style=\"height: 248px; width: 100%;\" border=\"0\" width=\"100%\">\n<tbody>\n<tr style=\"background-color: #5a5a5a;\">\n<td style=\"height: 56px; width: 23%;\" colspan=\"2\">\n<p align=\"center\"><span style=\"color: #ffffff;\"><b>Obchodn\u00ed akademie<\/b><\/span><\/p>\n<\/td>\n<td style=\"height: 56px; width: 23%;\" colspan=\"2\">\n<p align=\"center\"><span style=\"color: #ffffff;\"><b>Ekonomick\u00e9 lyceum<\/b><\/span><\/p>\n<\/td>\n<\/tr>\n<tr style=\"height: 24px;\">\n<td style=\"height: 24px; width: 6%;\"><b>1.E<\/b><\/td>\n<td style=\"height: 24px; width: 17%;\">Mgr. Pokorn\u00e1 P.<\/td>\n<td style=\"height: 24px; width: 6%;\"><strong>1.K<\/strong><\/td>\n<td style=\"height: 24px; width: 17%;\">PhDr. Jindr\u00e1\u010dek, PhD.<\/td>\n<\/tr>\n<tr style=\"height: 24px;\">\n<td style=\"height: 24px; width: 6%;\"><b>1.F<\/b><\/td>\n<td style=\"height: 24px; width: 17%;\">Bc. Volenec<\/td>\n<td style=\"height: 24px; width: 6%;\"><strong>2.K<\/strong><\/td>\n<td style=\"width: 17%;\">Ing. Tich\u00e1<\/td>\n<\/tr>\n<tr style=\"height: 24px;\">\n<td style=\"height: 24px; width: 6%;\"><b>2.E<\/b><\/td>\n<td style=\"width: 17%;\">Mgr. L\u00f6blov\u00e1<\/td>\n<td style=\"height: 24px; width: 6%;\"><strong>3.K<\/strong><\/td>\n<td style=\"width: 17%;\">Ing. Langov\u00e1<\/td>\n<\/tr>\n<tr style=\"height: 24px;\">\n<td style=\"height: 24px; width: 6%;\"><b>2.F<\/b><\/td>\n<td style=\"width: 17%;\">Ing. Wildov\u00e1<\/td>\n<td style=\"height: 24px; width: 6%;\"><strong>4.K<\/strong><\/td>\n<td style=\"width: 17%;\">Ing. Varhul\u00edkov\u00e1<\/td>\n<\/tr>\n<tr style=\"height: 24px;\">\n<td style=\"height: 24px; width: 6%;\"><b>3.E<\/b><\/td>\n<td style=\"width: 17%;\">Ing. Rakov\u00e1<\/td>\n<td style=\"height: 24px; width: 6%;\">&nbsp;<\/td>\n<td style=\"height: 24px; width: 17%;\">&nbsp;<\/td>\n<\/tr>\n<tr style=\"height: 24px;\">\n<td style=\"height: 24px; width: 6%;\"><b>3.F<\/b><\/td>\n<td style=\"width: 17%;\">Mgr. Wohlfahrtov\u00e1<\/td>\n<td style=\"height: 24px; width: 6%;\">&nbsp;<\/td>\n<td style=\"height: 24px; width: 17%;\">&nbsp;<\/td>\n<\/tr>\n<tr style=\"height: 24px;\">\n<td style=\"height: 24px; width: 6%;\"><b>4.E<\/b><\/td>\n<td style=\"width: 17%;\">Ing. Pa\u010fourkov\u00e1<\/td>\n<td style=\"height: 24px; width: 6%;\">&nbsp;<\/td>\n<td style=\"height: 24px; width: 17%;\">&nbsp;<\/td>\n<\/tr>\n<tr style=\"height: 24px;\">\n<td style=\"height: 24px; width: 6%;\"><b>4.F<\/b><\/td>\n<td style=\"width: 17%;\">Ing. Borl<\/td>\n<td style=\"height: 24px; width: 6%;\">&nbsp;<\/td>\n<td style=\"height: 24px; width: 17%;\">&nbsp;<\/td>\n<\/tr>\n<\/tbody>\n<\/table>\n<p style=\"text-align: center;\"><b>St\u0159edn\u00ed pedagogick\u00e1 \u0161kola<\/b><\/p>\n<table id=\"table4\" class=\"mceItemTable\" style=\"height: 248px; width: 100%;\" border=\"0\" width=\"100%\">\n<tbody>\n<tr style=\"background-color: #5a5a5a;\">\n<td style=\"height: 56px; width: 36.7566%;\" colspan=\"2\">\n<p align=\"center\"><span style=\"color: #ffffff;\"><b>P\u0159ed\u0161koln\u00ed a mimo\u0161koln\u00ed pedagogika<\/b><\/span><\/p>\n<\/td>\n<td style=\"height: 56px; width: 37.6985%;\" colspan=\"2\">\n<p align=\"center\"><span style=\"color: #ffffff;\"><b>Pedagogick\u00e9 lyceum<\/b><\/span><\/p>\n<\/td>\n<\/tr>\n<tr style=\"height: 24px;\">\n<td style=\"height: 24px; width: 6%;\"><b>1.C<\/b><\/td>\n<td style=\"height: 24px; width: 30.7566%;\">Mr. Ji\u0159\u00edkov\u00e1<\/td>\n<td style=\"width: 5.15874%;\"><b>1.L<\/b><\/td>\n<td style=\"width: 32.5397%;\">&nbsp;Mgr. Hol\u00e1<\/td>\n<\/tr>\n<tr style=\"height: 24px;\">\n<td style=\"height: 24px; width: 6%;\"><b>1.D<\/b><\/td>\n<td style=\"height: 24px; width: 30.7566%;\">Mgr. J\u00edchov\u00e1<\/td>\n<td style=\"width: 5.15874%;\"><b>2.J<\/b><\/td>\n<td style=\"width: 32.5397%;\">Mgr. Kre\u0161ne<\/td>\n<\/tr>\n<tr style=\"height: 24px;\">\n<td style=\"height: 24px; width: 6%;\"><b>2.C<\/b><\/td>\n<td style=\"width: 30.7566%;\">Mgr. Dufkov\u00e1<\/td>\n<td style=\"width: 5.15874%;\"><b>2.L<\/b><\/td>\n<td style=\"width: 32.5397%;\">Mgr. L\u00e1lov\u00e1<\/td>\n<\/tr>\n<tr style=\"height: 24px;\">\n<td style=\"height: 24px; width: 6%;\"><b>2.D<\/b><\/td>\n<td style=\"width: 30.7566%;\">Mgr. Podzemsk\u00e1<\/td>\n<td style=\"width: 5.15874%;\"><b>3.L<\/b><\/td>\n<td style=\"width: 32.5397%;\">Mgr. Pic\u00e1lek<\/td>\n<\/tr>\n<tr style=\"height: 24px;\">\n<td style=\"height: 24px; width: 6%;\"><b>3.C<\/b><\/td>\n<td style=\"width: 30.7566%;\">Mgr. Paulov\u00e1<\/td>\n<td style=\"width: 5.15874%;\"><strong>4.L<\/strong><\/td>\n<td style=\"width: 32.5397%;\">Mgr. Kr\u00e1l\u00edkov\u00e1<\/td>\n<\/tr>\n<tr style=\"height: 24px;\">\n<td style=\"height: 24px; width: 6%;\"><b>3.D<\/b><\/td>\n<td style=\"width: 30.7566%;\">Ing. Hudkov\u00e1<\/td>\n<td style=\"height: 24px; width: 5.15874%;\">&nbsp;<\/td>\n<td style=\"width: 32.5397%;\">&nbsp;<\/td>\n<\/tr>\n<tr style=\"height: 24px;\">\n<td style=\"height: 24px; width: 6%;\"><b>4.C<\/b><\/td>\n<td style=\"width: 30.7566%;\">Mgr. Zwolinsk\u00e1<\/td>\n<td style=\"height: 24px; width: 5.15874%;\">&nbsp;<\/td>\n<td style=\"height: 24px; width: 32.5397%;\">&nbsp;<\/td>\n<\/tr>\n<tr style=\"height: 24px;\">\n<td style=\"height: 24px; width: 6%;\"><b>4.D<\/b><\/td>\n<td style=\"width: 30.7566%;\">Mgr. B\u00edlkov\u00e1<\/td>\n<td style=\"height: 24px; width: 5.15874%;\">&nbsp;<\/td>\n<td style=\"height: 24px; width: 32.5397%;\">&nbsp;<\/td>\n<\/tr>\n<\/tbody>\n<\/table>\n<p style=\"text-align: center;\"><b>St\u0159edn\u00ed zdravotnick\u00e1 \u0161kola<\/b><\/p>\n<table id=\"table10\" class=\"mceItemTable\" style=\"width: 100%; height: 272px;\" border=\"0\" width=\"100%\">\n<tbody>\n<tr style=\"background-color: #5a5a5a;\">\n<td style=\"width: 24%; height: 56px;\" colspan=\"2\">\n<p align=\"center\"><span style=\"color: #ffffff;\"><b>Praktick\u00e1 sestra<\/b><\/span><\/p>\n<\/td>\n<td style=\"width: 24%; height: 56px;\" colspan=\"2\">\n<p align=\"center\"><span style=\"color: #ffffff;\"><b>Zdravotnick\u00e9 lyceum<\/b><\/span><\/p>\n<\/td>\n<td style=\"width: 24%; height: 56px;\" colspan=\"2\" width=\"19%\">\n<p align=\"center\"><span style=\"color: #ffffff;\"><b>Soci\u00e1ln\u00ed \u010dinnost<\/b><\/span><\/p>\n<\/td>\n<td style=\"width: 24%; height: 56px;\" colspan=\"2\">\n<p align=\"center\"><span style=\"color: #ffffff;\"><b>Mas\u00e9r ve zdravotnictv\u00ed<\/b><\/span><\/p>\n<\/td>\n<\/tr>\n<tr style=\"height: 24px;\">\n<td style=\"width: 5%; height: 24px;\"><b>1.A<\/b><\/td>\n<td style=\"width: 19%; height: 24px;\">Mgr. Hejdukov\u00e1<\/td>\n<td style=\"width: 5%; height: 24px;\"><b>1.M<\/b><\/td>\n<td style=\"width: 19%; height: 24px;\">Mgr. Vlas\u00e1kov\u00e1<\/td>\n<td style=\"width: 5%; height: 24px;\"><b>1.H<\/b><\/td>\n<td style=\"width: 19%; height: 24px;\">Mgr. Bab\u00e1kov\u00e1<\/td>\n<td style=\"width: 5%; height: 24px;\"><strong>1.O<\/strong><\/td>\n<td style=\"width: 19%; height: 24px;\">Mgr. Kali\u0161kov\u00e1<\/td>\n<\/tr>\n<tr style=\"height: 25px;\">\n<td style=\"width: 5%; height: 25px;\"><strong>1.B<\/strong><\/td>\n<td style=\"width: 19%; height: 25px;\">Mgr. Mand\u00edkov\u00e1<\/td>\n<td style=\"width: 5%; height: 25px;\"><b>2.M<\/b><\/td>\n<td style=\"width: 19%;\">Mgr. Markov\u00e1<\/td>\n<td style=\"width: 5%; height: 25px;\"><b>2.H<\/b><\/td>\n<td style=\"width: 19%;\">Bc. Surovkov\u00e1<\/td>\n<td style=\"width: 5%;\"><b>2.O<\/b><\/td>\n<td style=\"width: 19%;\">Ing. Scholzov\u00e1<\/td>\n<\/tr>\n<tr style=\"height: 25px;\">\n<td style=\"width: 5%; height: 25px;\"><strong>2.A<\/strong><\/td>\n<td style=\"width: 19%;\">Mgr. Nov\u00e1kov\u00e1<\/td>\n<td style=\"width: 5%; height: 25px;\"><b>3.M<\/b><\/td>\n<td style=\"width: 19%;\">Bc. Hrbek<\/td>\n<td style=\"width: 5%; height: 25px;\"><b>3.H<\/b><\/td>\n<td style=\"width: 19%;\">Ing. \u0160im\u016fnkov\u00e1<\/td>\n<td style=\"width: 5%;\"><b>3.O<\/b><\/td>\n<td style=\"width: 19%;\">Mgr. Dudov\u00e1<\/td>\n<\/tr>\n<tr style=\"height: 24px;\">\n<td style=\"width: 5%; height: 24px;\"><strong>2.B<\/strong><\/td>\n<td style=\"width: 19%;\">Mgr. Fuksov\u00e1<\/td>\n<td style=\"width: 5%; height: 24px;\"><b>4.M<\/b><\/td>\n<td style=\"width: 19%;\">Mgr. Krej\u010dov\u00e1<\/td>\n<td style=\"width: 5%; height: 24px;\"><b>4.H<\/b><\/td>\n<td style=\"width: 19%;\">Ing. Vre\u0161tiak<\/td>\n<td style=\"width: 5%;\"><b>4.O<\/b><\/td>\n<td style=\"width: 19%;\">Mgr. \u0160l\u00e9gelov\u00e1<\/td>\n<\/tr>\n<tr style=\"height: 24px;\">\n<td style=\"width: 5%; height: 24px;\"><strong>3.A<\/strong><\/td>\n<td style=\"width: 19%;\">Mgr. Vernerov\u00e1 Z.<\/td>\n<td style=\"width: 5%; height: 24px;\">&nbsp;<\/td>\n<td style=\"width: 19%; height: 24px;\">&nbsp;<\/td>\n<td style=\"width: 5%; height: 24px;\">&nbsp;<\/td>\n<td style=\"width: 19%; height: 24px;\">&nbsp;<\/td>\n<td style=\"width: 5%;\"><b>4.Q<\/b><\/td>\n<td style=\"width: 19%;\">Mgr. Brani\u0161ov\u00e1<\/td>\n<\/tr>\n<tr style=\"height: 24px;\">\n<td style=\"width: 5%; height: 24px;\"><strong>3.<b>B<\/b><\/strong><\/td>\n<td style=\"width: 19%;\">Mgr. Jen\u00ed\u010dkov\u00e1<\/td>\n<td style=\"width: 5%; height: 24px;\">&nbsp;<\/td>\n<td style=\"width: 19%; height: 24px;\">&nbsp;<\/td>\n<td style=\"width: 5%; height: 24px;\">&nbsp;<\/td>\n<td style=\"width: 19%; height: 24px;\">&nbsp;<\/td>\n<td style=\"width: 5%; height: 24px;\">&nbsp;<\/td>\n<td style=\"width: 19%; height: 24px;\">&nbsp;<\/td>\n<\/tr>\n<tr style=\"height: 24px;\">\n<td style=\"width: 5%; height: 24px;\"><b>4.A<\/b><\/td>\n<td style=\"width: 19%;\">Mgr. \u0160idov\u00e1, DiS.<\/td>\n<td style=\"width: 5%; height: 24px;\">&nbsp;<\/td>\n<td style=\"width: 19%; height: 24px;\">&nbsp;<\/td>\n<td style=\"width: 5%; height: 24px;\">&nbsp;<\/td>\n<td style=\"width: 19%; height: 24px;\">&nbsp;<\/td>\n<td style=\"width: 5%; height: 24px;\">&nbsp;<\/td>\n<td style=\"width: 19%; height: 24px;\">&nbsp;<\/td>\n<\/tr>\n<tr style=\"height: 24px;\">\n<td style=\"width: 5%; height: 24px;\"><b>4.B<\/b><\/td>\n<td style=\"width: 19%;\">Mgr. Holub<\/td>\n<td style=\"width: 5%; height: 24px;\">&nbsp;<\/td>\n<td style=\"width: 19%; height: 24px;\">&nbsp;<\/td>\n<td style=\"width: 5%; height: 24px;\">&nbsp;<\/td>\n<td style=\"width: 19%; height: 24px;\">&nbsp;<\/td>\n<td style=\"width: 5%; height: 24px;\">&nbsp;<\/td>\n<td style=\"width: 19%; height: 24px;\">&nbsp;<\/td>\n<\/tr>\n<tr style=\"height: 24px;\">\n<td style=\"width: 5%; height: 24px;\">&nbsp;<\/td>\n<td style=\"width: 19%; height: 24px;\">&nbsp;<\/td>\n<td style=\"width: 5%; height: 24px;\">&nbsp;<\/td>\n<td style=\"width: 19%; height: 24px;\">&nbsp;<\/td>\n<td style=\"width: 5%; height: 24px;\">&nbsp;<\/td>\n<td style=\"width: 19%; height: 24px;\">&nbsp;<\/td>\n<td style=\"width: 5%; height: 24px;\">&nbsp;<\/td>\n<td style=\"width: 19%; height: 24px;\">&nbsp;<\/td>\n<\/tr>\n<\/tbody>\n<\/table>\n<p>&nbsp;<\/p>\n","protected":false},"excerpt":{"rendered":"<p>Obchodn\u00ed akademie Obchodn\u00ed akademie Ekonomick\u00e9 lyceum 1.E Mgr. Pokorn\u00e1 P. 1.K PhDr. Jindr\u00e1\u010dek, PhD. 1.F Bc. Volenec 2.K Ing. Tich\u00e1 2.E Mgr. L\u00f6blov\u00e1 3.K Ing. Langov\u00e1 2.F Ing. Wildov\u00e1 4.K Ing. Varhul\u00edkov\u00e1 3.E Ing. Rakov\u00e1 &nbsp; &nbsp; 3.F Mgr. Wohlfahrtov\u00e1 <a href=\"https:\/\/www.vos-sosmost.cz\/index.php\/stredni-odborna-skola\/tridy-sos-2019-2020\/\" class=\"read-more\">Read More &#8230;<\/a><\/p>\n","protected":false},"author":1,"featured_media":2400,"parent":2470,"menu_order":0,"comment_status":"closed","ping_status":"closed","template":"","meta":{"ngg_post_thumbnail":0,"footnotes":""},"class_list":["post-536","page","type-page","status-publish","has-post-thumbnail","hentry"],"_links":{"self":[{"href":"https:\/\/www.vos-sosmost.cz\/index.php\/wp-json\/wp\/v2\/pages\/536","targetHints":{"allow":["GET"]}}],"collection":[{"href":"https:\/\/www.vos-sosmost.cz\/index.php\/wp-json\/wp\/v2\/pages"}],"about":[{"href":"https:\/\/www.vos-sosmost.cz\/index.php\/wp-json\/wp\/v2\/types\/page"}],"author":[{"embeddable":true,"href":"https:\/\/www.vos-sosmost.cz\/index.php\/wp-json\/wp\/v2\/users\/1"}],"replies":[{"embeddable":true,"href":"https:\/\/www.vos-sosmost.cz\/index.php\/wp-json\/wp\/v2\/comments?post=536"}],"version-history":[{"count":34,"href":"https:\/\/www.vos-sosmost.cz\/index.php\/wp-json\/wp\/v2\/pages\/536\/revisions"}],"predecessor-version":[{"id":8857,"href":"https:\/\/www.vos-sosmost.cz\/index.php\/wp-json\/wp\/v2\/pages\/536\/revisions\/8857"}],"up":[{"embeddable":true,"href":"https:\/\/www.vos-sosmost.cz\/index.php\/wp-json\/wp\/v2\/pages\/2470"}],"wp:featuredmedia":[{"embeddable":true,"href":"https:\/\/www.vos-sosmost.cz\/index.php\/wp-json\/wp\/v2\/media\/2400"}],"wp:attachment":[{"href":"https:\/\/www.vos-sosmost.cz\/index.php\/wp-json\/wp\/v2\/media?parent=536"}],"curies":[{"name":"wp","href":"https:\/\/api.w.org\/{rel}","templated":true}]}}