{"id":530,"date":"2024-07-26T10:43:16","date_gmt":"2024-07-26T08:43:16","guid":{"rendered":"https:\/\/www.vos-sosmost.cz\/?page_id=530"},"modified":"2026-01-03T12:09:19","modified_gmt":"2026-01-03T11:09:19","slug":"tridy-vos-2024-2025","status":"publish","type":"page","link":"https:\/\/www.vos-sosmost.cz\/index.php\/vyssi-odborna-skola\/student\/tridy-vos-2024-2025\/","title":{"rendered":"Studijn\u00ed skupiny VO\u0160 2025\/2026"},"content":{"rendered":"<p style=\"text-align: center;\"><b>Denn\u00ed forma vzd\u011bl\u00e1v\u00e1n\u00ed<\/b><\/p>\n<table id=\"table1\" class=\"mceItemTable\" style=\"width: 100%; height: 85px;\" border=\"0\" width=\"100%\">\n<tbody>\n<tr style=\"background-color: #5a5a5a; height: 13px;\">\n<td style=\"width: 25%; height: 13px; vertical-align: middle;\" colspan=\"2\">\n<p align=\"center\"><span style=\"color: #ffffff;\"><b>SP\u010c<\/b><\/span><\/p>\n<\/td>\n<td style=\"width: 25%; height: 13px; vertical-align: middle;\" colspan=\"2\">\n<p align=\"center\"><strong><span style=\"color: #ffffff;\">FEK<\/span><\/strong><\/p>\n<\/td>\n<td style=\"width: 25%; height: 13px;\" colspan=\"2\">\n<p align=\"center\"><strong><span style=\"color: #ffffff;\">PRA<\/span><\/strong><\/p>\n<\/td>\n<td style=\"width: 25%; height: 13px;\" colspan=\"2\">\n<p align=\"center\"><span style=\"color: #ffffff;\"><b>PMP<\/b><\/span><\/p>\n<\/td>\n<\/tr>\n<tr style=\"height: 24px;\">\n<td style=\"width: 5%; height: 24px;\"><b>1.P<\/b><\/td>\n<td style=\"width: 20%; height: 24px;\">Mgr. Kro\u010dilov\u00e1<\/td>\n<td style=\"width: 5%; height: 24px;\"><b>1.R<\/b><\/td>\n<td style=\"width: 20%; height: 24px;\">Ing. Rutov\u00e1<\/td>\n<td style=\"width: 5%; height: 24px;\"><b>1.X<\/b><\/td>\n<td style=\"width: 20%; height: 24px; text-align: center;\">&#8211;<\/td>\n<td style=\"width: 5%; height: 24px;\"><b>1.Y<\/b><\/td>\n<td style=\"width: 20%; height: 24px;\">Mgr. Dou\u0161ov\u00e1<\/td>\n<\/tr>\n<tr style=\"height: 24px;\">\n<td style=\"width: 5%; height: 24px;\"><b>2.P<\/b><\/td>\n<td style=\"width: 20%; height: 24px;\">Mgr. Kro\u010dilov\u00e1<\/td>\n<td style=\"width: 5%; height: 24px;\"><b>2.R<\/b><\/td>\n<td style=\"width: 20%; height: 24px;\">Ing. Rutov\u00e1<\/td>\n<td style=\"width: 5%; height: 24px;\"><b>2.X<\/b><\/td>\n<td style=\"width: 20%; height: 24px;\">Ing. Vodr\u00e1\u0161kov\u00e1<\/td>\n<td style=\"width: 5%; height: 24px;\"><b>2.Y<\/b><\/td>\n<td style=\"width: 20%; height: 24px;\">Mgr. Dou\u0161ov\u00e1<\/td>\n<\/tr>\n<tr>\n<td style=\"width: 5%;\"><b>3.P<\/b><\/td>\n<td style=\"width: 20%;\">Mgr. Kro\u010dilov\u00e1<\/td>\n<td style=\"width: 5%; height: 24px;\"><strong>3.R<\/strong><\/td>\n<td style=\"width: 20%; height: 24px;\">Ing. Rutov\u00e1<\/td>\n<td style=\"width: 5%; height: 24px;\"><b>3.X<\/b><\/td>\n<td style=\"width: 20%; height: 24px;\">Ing. Vodr\u00e1\u0161kov\u00e1<\/td>\n<td style=\"width: 5%; height: 24px;\"><b>3.Y<\/b><\/td>\n<td style=\"width: 20%; height: 24px;\">Mgr. Zwolinsk\u00e1<\/td>\n<\/tr>\n<\/tbody>\n<\/table>\n<p>&nbsp;<\/p>\n<table id=\"table1\" class=\"mceItemTable\" style=\"width: 99%;\" border=\"0\">\n<tbody>\n<tr style=\"background-color: #5a5a5a; height: 13px;\">\n<td style=\"width: 33%; height: 13px; vertical-align: middle;\" colspan=\"2\">\n<p align=\"center\"><span style=\"color: #ffffff;\"><b>DVS<\/b><\/span><\/p>\n<\/td>\n<td style=\"width: 33%; height: 13px; vertical-align: middle;\" colspan=\"2\">\n<p align=\"center\"><strong><span style=\"color: #ffffff;\">DDS<\/span><\/strong><\/p>\n<\/td>\n<td style=\"width: 33%; height: 13px;\" colspan=\"2\">\n<p align=\"center\"><strong><span style=\"color: #ffffff;\">DNT<\/span><\/strong><\/p>\n<\/td>\n<\/tr>\n<tr style=\"height: 24px;\">\n<td style=\"width: 7%; height: 24px;\"><b>1.U<\/b><\/td>\n<td style=\"width: 26%; height: 24px;\">Mgr. Dubov\u00e1<\/td>\n<td style=\"width: 7%; height: 24px;\"><b>1.S<\/b><\/td>\n<td style=\"width: 26%; height: 24px; text-align: center;\">&#8211;<\/td>\n<td style=\"width: 7%; height: 24px;\"><b>1.Z<\/b><\/td>\n<td style=\"width: 26%; height: 24px; text-align: center;\">&#8211;<\/td>\n<\/tr>\n<tr style=\"height: 24px;\">\n<td style=\"width: 7%; height: 24px;\"><b>2.U<\/b><\/td>\n<td style=\"width: 26%; height: 24px;\">Mgr. Dubov\u00e1<\/td>\n<td style=\"width: 7%; height: 24px;\"><b>2.S<\/b><\/td>\n<td style=\"width: 26%; height: 24px;\">Mgr. Pje\u0161\u010d\u00e1kov\u00e1<\/td>\n<td style=\"width: 7%; height: 24px;\"><b>2.Z<\/b><\/td>\n<td style=\"width: 26%; height: 24px; text-align: center;\">&#8211;<\/td>\n<\/tr>\n<tr style=\"height: 24px;\">\n<td style=\"width: 7%; height: 24px;\"><b>3.U<\/b><\/td>\n<td style=\"width: 26%; height: 24px;\">Mgr. Dubov\u00e1<\/td>\n<td style=\"width: 7%; height: 24px;\"><b>3.S<\/b><\/td>\n<td style=\"width: 26%; height: 24px; text-align: center;\">&#8211;<\/td>\n<td style=\"width: 7%; height: 24px;\"><b>3.Z<\/b><\/td>\n<td style=\"width: 26%; height: 24px; text-align: center;\">&#8211;<\/td>\n<\/tr>\n<\/tbody>\n<\/table>\n<p>&nbsp;<\/p>\n<p style=\"text-align: center;\"><strong>D\u00e1lkov\u00e1\/kombinovan\u00e1 forma vzd\u011bl\u00e1v\u00e1n\u00ed<\/strong><\/p>\n<table id=\"table7\" class=\"mceItemTable\" style=\"width: 100%; height: 192px;\" border=\"0\">\n<tbody>\n<tr style=\"background-color: #5a5a5a;\">\n<td style=\"text-align: center; vertical-align: middle; width: 25%; height: 56px;\" colspan=\"2\">\n<p align=\"center\"><span style=\"color: #ffffff;\"><b>SP\u010c<\/b><\/span><\/p>\n<\/td>\n<td style=\"text-align: center; vertical-align: middle; width: 25%; height: 56px;\" colspan=\"2\">\n<p align=\"center\"><span style=\"color: #ffffff;\"><b>FEK<\/b><\/span><\/p>\n<\/td>\n<td style=\"text-align: center; vertical-align: middle; width: 25%; height: 56px;\" colspan=\"2\">\n<p align=\"center\"><span style=\"color: #ffffff;\"><b>PRA<\/b><\/span><\/p>\n<\/td>\n<td style=\"text-align: center; vertical-align: middle; height: 56px; width: 25%;\" colspan=\"2\">\n<p align=\"center\"><span style=\"color: #ffffff;\"><b>PMP<\/b><\/span><\/p>\n<\/td>\n<\/tr>\n<tr style=\"height: 24px;\">\n<td style=\"width: 5%; height: 24px;\"><b>1.TD<\/b><\/td>\n<td style=\"width: 20%; height: 24px;\">Mgr. Kro\u010dilov\u00e1<\/td>\n<td style=\"width: 5%; height: 24px;\"><b>1.RD<\/b><\/td>\n<td style=\"width: 20%; height: 24px; text-align: center;\">&#8211;<\/td>\n<td style=\"width: 5%; height: 24px;\"><b>1.XD<\/b><\/td>\n<td style=\"width: 20%; height: 24px; text-align: center;\">&#8211;<\/td>\n<td style=\"width: 5%; height: 24px;\"><strong>1.YD<\/strong><\/td>\n<td style=\"width: 20%; height: 24px;\">Mgr. Dou\u0161ov\u00e1<\/td>\n<\/tr>\n<tr style=\"height: 24px;\">\n<td style=\"width: 5%; height: 24px;\"><b>2.TD<\/b><\/td>\n<td style=\"width: 20%; height: 24px;\">Mgr. Kro\u010dilov\u00e1<\/td>\n<td style=\"width: 5%; height: 24px;\"><b>2.RD<\/b><\/td>\n<td style=\"width: 20%; height: 24px;\">Ing. Rutov\u00e1<\/td>\n<td style=\"width: 5%; height: 24px;\"><b>2.XD<\/b><\/td>\n<td style=\"width: 20%; height: 24px;\">Ing. Vodr\u00e1\u0161kov\u00e1<\/td>\n<td style=\"width: 5%; height: 24px;\"><strong>2.YD<\/strong><\/td>\n<td style=\"width: 20%; height: 24px;\">Mgr. Dou\u0161ov\u00e1<\/td>\n<\/tr>\n<tr style=\"height: 24px;\">\n<td style=\"width: 5%; height: 10px;\"><b>2.VD<\/b><\/td>\n<td style=\"width: 20%; height: 10px;\">Mgr. Kro\u010dilov\u00e1<\/td>\n<td style=\"width: 5%; height: 24px;\"><b>3.RD<\/b><\/td>\n<td style=\"width: 20%; height: 24px;\">Ing. Rutov\u00e1<\/td>\n<td style=\"width: 5%; height: 24px;\"><b>3.XD<\/b><\/td>\n<td style=\"width: 20%; height: 24px;\">Ing. Vodr\u00e1\u0161kov\u00e1<\/td>\n<td style=\"height: 10px; width: 5%;\"><strong>2.WD<\/strong><\/td>\n<td style=\"width: 20%; height: 10px;\">Mgr. Dou\u0161ov\u00e1<\/td>\n<\/tr>\n<tr style=\"height: 24px;\">\n<td style=\"width: 5%; height: 24px;\"><b>3.TD<\/b><\/td>\n<td style=\"width: 20%; height: 24px;\">Mgr. Kro\u010dilov\u00e1<\/td>\n<td style=\"width: 5%; height: 10px;\">&nbsp;<\/td>\n<td style=\"width: 20%; height: 10px;\">&nbsp;<\/td>\n<td style=\"width: 5%; height: 10px;\">&nbsp;<\/td>\n<td style=\"width: 20%; height: 10px;\">&nbsp;<\/td>\n<td style=\"width: 5%; height: 24px;\"><strong>3.YD<\/strong><\/td>\n<td style=\"width: 20%; height: 24px;\">Mgr. Zwolinsk\u00e1<\/td>\n<\/tr>\n<tr style=\"height: 24px;\">\n<td style=\"width: 5%; height: 30px;\"><b>3.VD<\/b><\/td>\n<td style=\"width: 20%; height: 30px;\">Mgr. Kro\u010dilov\u00e1<\/td>\n<td style=\"width: 5%; height: 10px;\">&nbsp;<\/td>\n<td style=\"width: 20%; height: 10px;\">&nbsp;<\/td>\n<td style=\"width: 5%; height: 10px;\">&nbsp;<\/td>\n<td style=\"width: 20%; height: 10px;\">&nbsp;<\/td>\n<td style=\"width: 5%; height: 30px;\"><strong>3.WD<\/strong><\/td>\n<td style=\"width: 20%; height: 30px;\">Mgr. Zwolinsk\u00e1<\/td>\n<\/tr>\n<\/tbody>\n<\/table>\n<p>&nbsp;<\/p>\n<table id=\"table7\" class=\"mceItemTable\" style=\"width: 99%;\" border=\"0\">\n<tbody>\n<tr style=\"background-color: #5a5a5a;\">\n<td style=\"text-align: center; vertical-align: middle; width: 33%; height: 56px;\" colspan=\"2\">\n<p align=\"center\"><span style=\"color: #ffffff;\"><b>DVS<\/b><\/span><\/p>\n<\/td>\n<td style=\"text-align: center; vertical-align: middle; height: 56px; width: 33%;\" colspan=\"2\">\n<p align=\"center\"><span style=\"color: #ffffff;\"><b>DNT<\/b><\/span><\/p>\n<\/td>\n<td style=\"text-align: center; vertical-align: middle; width: 33%; height: 56px;\" colspan=\"2\">\n<p align=\"center\"><span style=\"color: #ffffff;\"><b>DDS<\/b><\/span><b><\/b><\/p>\n<\/td>\n<\/tr>\n<tr style=\"height: 24px;\">\n<td style=\"width: 8%; height: 24px;\"><b>1.UK<\/b><\/td>\n<td style=\"width: 25%; height: 24px;\">Mgr. Dubov\u00e1<\/td>\n<td style=\"width: 8%; height: 24px;\"><b>1.ZK<\/b><\/td>\n<td style=\"width: 25%; height: 24px;\">Mgr. \u0160r\u00e1mkov\u00e1<\/td>\n<td style=\"width: 8%; height: 24px;\"><b>1.SK<\/b><\/td>\n<td style=\"width: 25%; height: 24px; text-align: center;\">&#8211;<\/td>\n<\/tr>\n<tr style=\"height: 24px;\">\n<td style=\"width: 8%; height: 10px;\"><b>2.UK<\/b><\/td>\n<td style=\"width: 25%; height: 10px;\">Mgr. Dubov\u00e1<\/td>\n<td style=\"width: 8%; height: 10px;\"><b>2.ZK<\/b><\/td>\n<td style=\"width: 25%;\">Mgr. \u0160r\u00e1mkov\u00e1<\/td>\n<td style=\"width: 8%; height: 10px;\"><b>2.SK<\/b><\/td>\n<td style=\"width: 25%; height: 10px; text-align: center;\">&#8211;<\/td>\n<\/tr>\n<tr style=\"height: 24px;\">\n<td style=\"width: 8%; height: 10px;\"><b>3.UK<\/b><\/td>\n<td style=\"width: 25%; height: 10px;\">Mgr. Dubov\u00e1<\/td>\n<td style=\"width: 8%; height: 10px;\"><b>3.ZK<\/b><\/td>\n<td style=\"width: 25%;\">Mgr. \u0160r\u00e1mkov\u00e1<\/td>\n<td style=\"width: 8%; height: 10px;\"><b>3.SK<\/b><\/td>\n<td style=\"width: 25%; height: 10px; text-align: center;\">&#8211;<\/td>\n<\/tr>\n<tr style=\"height: 24px;\">\n<td style=\"width: 8%; height: 10px;\"><strong>4.UK<\/strong><\/td>\n<td style=\"width: 25%; height: 10px;\">Mgr. Dubov\u00e1<\/td>\n<td style=\"width: 8%; height: 10px;\">&nbsp;<\/td>\n<td style=\"width: 25%; height: 10px;\">&nbsp;<\/td>\n<td style=\"width: 8%; height: 10px;\">&nbsp;<\/td>\n<td style=\"width: 25%; height: 10px;\">&nbsp;<\/td>\n<\/tr>\n<\/tbody>\n<\/table>\n<p>&nbsp;<\/p>\n","protected":false},"excerpt":{"rendered":"<p>Denn\u00ed forma vzd\u011bl\u00e1v\u00e1n\u00ed SP\u010c FEK PRA PMP 1.P Mgr. Kro\u010dilov\u00e1 1.R Ing. Rutov\u00e1 1.X &#8211; 1.Y Mgr. Dou\u0161ov\u00e1 2.P Mgr. Kro\u010dilov\u00e1 2.R Ing. Rutov\u00e1 2.X Ing. Vodr\u00e1\u0161kov\u00e1 2.Y Mgr. Dou\u0161ov\u00e1 3.P Mgr. Kro\u010dilov\u00e1 3.R Ing. Rutov\u00e1 3.X Ing. Vodr\u00e1\u0161kov\u00e1 3.Y <a href=\"https:\/\/www.vos-sosmost.cz\/index.php\/vyssi-odborna-skola\/student\/tridy-vos-2024-2025\/\" class=\"read-more\">Read More &#8230;<\/a><\/p>\n","protected":false},"author":1,"featured_media":0,"parent":2338,"menu_order":1,"comment_status":"closed","ping_status":"closed","template":"","meta":{"ngg_post_thumbnail":0,"footnotes":""},"class_list":["post-530","page","type-page","status-publish","hentry"],"_links":{"self":[{"href":"https:\/\/www.vos-sosmost.cz\/index.php\/wp-json\/wp\/v2\/pages\/530","targetHints":{"allow":["GET"]}}],"collection":[{"href":"https:\/\/www.vos-sosmost.cz\/index.php\/wp-json\/wp\/v2\/pages"}],"about":[{"href":"https:\/\/www.vos-sosmost.cz\/index.php\/wp-json\/wp\/v2\/types\/page"}],"author":[{"embeddable":true,"href":"https:\/\/www.vos-sosmost.cz\/index.php\/wp-json\/wp\/v2\/users\/1"}],"replies":[{"embeddable":true,"href":"https:\/\/www.vos-sosmost.cz\/index.php\/wp-json\/wp\/v2\/comments?post=530"}],"version-history":[{"count":35,"href":"https:\/\/www.vos-sosmost.cz\/index.php\/wp-json\/wp\/v2\/pages\/530\/revisions"}],"predecessor-version":[{"id":9138,"href":"https:\/\/www.vos-sosmost.cz\/index.php\/wp-json\/wp\/v2\/pages\/530\/revisions\/9138"}],"up":[{"embeddable":true,"href":"https:\/\/www.vos-sosmost.cz\/index.php\/wp-json\/wp\/v2\/pages\/2338"}],"wp:attachment":[{"href":"https:\/\/www.vos-sosmost.cz\/index.php\/wp-json\/wp\/v2\/media?parent=530"}],"curies":[{"name":"wp","href":"https:\/\/api.w.org\/{rel}","templated":true}]}}