{"id":5204,"date":"2021-04-10T16:49:44","date_gmt":"2021-04-10T14:49:44","guid":{"rendered":"https:\/\/www.vos-sosmost.cz\/?page_id=5204"},"modified":"2021-04-10T16:56:46","modified_gmt":"2021-04-10T14:56:46","slug":"informace-k-jednotne-prijimaci-zkousce-a-skolni-prijimaci-zkousce-3-a-4-5-2021","status":"publish","type":"page","link":"https:\/\/www.vos-sosmost.cz\/index.php\/stredni-odborna-skola\/uchazec\/informace-k-jednotne-prijimaci-zkousce-a-skolni-prijimaci-zkousce-3-a-4-5-2021\/","title":{"rendered":"Informace k jednotn\u00e9 p\u0159ij\u00edmac\u00ed zkou\u0161ce a \u0161koln\u00ed p\u0159ij\u00edmac\u00ed zkou\u0161ce 3. a 4. 5. 2021"},"content":{"rendered":"<p>Mil\u00ed uchaze\u010di a v\u00e1\u017een\u00ed rodi\u010de,<\/p>\n<p>od&nbsp; 12. dubna 2021 budeme rozes\u00edlat pozv\u00e1nky a informace k jednotn\u00e9 p\u0159ij\u00edmac\u00ed zkou\u0161ce na OA, SPg\u0160 a SZ\u0160 a \u0161koln\u00ed p\u0159ij\u00edmac\u00ed zkou\u0161ce pro obor PMP na SPg\u0160.<\/p>\n<p>Jedn\u00e1 se o soubor dokument\u016f:<\/p>\n<ol>\n<li>pozv\u00e1nka z Cermatu &#8211; zadavatele jednotn\u00e9 p\u0159ij\u00edmac\u00ed zkou\u0161ky, na kter\u00e9 je vygenerov\u00e1no \u010d\u00edslo zku\u0161ebn\u00ed u\u010debny, podle kter\u00e9ho V\u00e1s budeme shroma\u017e\u010fovat do skupin p\u0159ed budovou \u0161koly a pot\u00e9 roz\u0159azovat do t\u0159\u00edd,<\/li>\n<li>zah\u00e1jen\u00ed spr\u00e1vn\u00edho \u0159\u00edzen\u00ed&nbsp; + pozv\u00e1nka od \u0161koly \u2013 kde je va\u0161e registra\u010dn\u00ed \u010d\u00edslo, pod kter\u00fdm budou zve\u0159ejn\u011bny v\u00fdsledky p\u0159ij\u00edmac\u00edho \u0159\u00edzen\u00ed,&nbsp;<\/li>\n<li>pro obor PMP \u2013 zah\u00e1jen\u00ed spr\u00e1vn\u00edho \u0159\u00edzen\u00ed + pozv\u00e1nka od \u0161koly &#8211; kde je va\u0161e ozna\u010den\u00ed skupiny, do kter\u00e9 jste za\u0159azeny pro \u0161koln\u00ed p\u0159ij\u00edmac\u00ed zkou\u0161ku (2. strana \u2013 vyzna\u010deno r\u016f\u017eovou barvou)<\/li>\n<li>podm\u00ednky ochrany zdrav\u00ed pro p\u0159ij\u00edmac\u00ed zkou\u0161ku, ze kter\u00fdch vypl\u00fdv\u00e1, \u017ee mus\u00edte b\u00fdt p\u0159ed vstupem do \u0161koly p\u0159ed p\u0159ij\u00edmac\u00ed zkou\u0161kou testov\u00e1ni. O test m\u016f\u017eete po\u017e\u00e1dat na domovsk\u00e9 z\u00e1kladn\u00ed \u0161kole nebo ve ve\u0159ejn\u00e9m testovac\u00edm za\u0159\u00edzen\u00ed. Kdo nespl\u0148uje podm\u00ednky testov\u00e1n\u00ed, mus\u00ed p\u0159in\u00e9st jin\u00e9 potvrzen\u00ed, viz obsah tohoto dokumentu <a href=\"\/sos\/prijimacky\/ochrana_zdravi_pzk.pdf\" target=\"_blank\" rel=\"noopener\"><strong>zde<\/strong><\/a>.<\/li>\n<\/ol>\n<p>T\u011b\u0161\u00edme se na V\u00e1s.<\/p>\n<p>Ing. Jitka Ha\u0161kov\u00e1, \u0159editelka \u0161koly<\/p>\n","protected":false},"excerpt":{"rendered":"<p>Mil\u00ed uchaze\u010di a v\u00e1\u017een\u00ed rodi\u010de, od&nbsp; 12. dubna 2021 budeme rozes\u00edlat pozv\u00e1nky a informace k jednotn\u00e9 p\u0159ij\u00edmac\u00ed zkou\u0161ce na OA, SPg\u0160 a SZ\u0160 a \u0161koln\u00ed p\u0159ij\u00edmac\u00ed zkou\u0161ce pro obor PMP na SPg\u0160. Jedn\u00e1 se o soubor dokument\u016f: pozv\u00e1nka z Cermatu <a href=\"https:\/\/www.vos-sosmost.cz\/index.php\/stredni-odborna-skola\/uchazec\/informace-k-jednotne-prijimaci-zkousce-a-skolni-prijimaci-zkousce-3-a-4-5-2021\/\" class=\"read-more\">Read More &#8230;<\/a><\/p>\n","protected":false},"author":2,"featured_media":4924,"parent":4069,"menu_order":0,"comment_status":"closed","ping_status":"closed","template":"","meta":{"ngg_post_thumbnail":0,"footnotes":""},"class_list":["post-5204","page","type-page","status-publish","has-post-thumbnail","hentry"],"_links":{"self":[{"href":"https:\/\/www.vos-sosmost.cz\/index.php\/wp-json\/wp\/v2\/pages\/5204","targetHints":{"allow":["GET"]}}],"collection":[{"href":"https:\/\/www.vos-sosmost.cz\/index.php\/wp-json\/wp\/v2\/pages"}],"about":[{"href":"https:\/\/www.vos-sosmost.cz\/index.php\/wp-json\/wp\/v2\/types\/page"}],"author":[{"embeddable":true,"href":"https:\/\/www.vos-sosmost.cz\/index.php\/wp-json\/wp\/v2\/users\/2"}],"replies":[{"embeddable":true,"href":"https:\/\/www.vos-sosmost.cz\/index.php\/wp-json\/wp\/v2\/comments?post=5204"}],"version-history":[{"count":1,"href":"https:\/\/www.vos-sosmost.cz\/index.php\/wp-json\/wp\/v2\/pages\/5204\/revisions"}],"predecessor-version":[{"id":5205,"href":"https:\/\/www.vos-sosmost.cz\/index.php\/wp-json\/wp\/v2\/pages\/5204\/revisions\/5205"}],"up":[{"embeddable":true,"href":"https:\/\/www.vos-sosmost.cz\/index.php\/wp-json\/wp\/v2\/pages\/4069"}],"wp:featuredmedia":[{"embeddable":true,"href":"https:\/\/www.vos-sosmost.cz\/index.php\/wp-json\/wp\/v2\/media\/4924"}],"wp:attachment":[{"href":"https:\/\/www.vos-sosmost.cz\/index.php\/wp-json\/wp\/v2\/media?parent=5204"}],"curies":[{"name":"wp","href":"https:\/\/api.w.org\/{rel}","templated":true}]}}