{"id":520,"date":"2018-02-10T16:21:29","date_gmt":"2018-02-10T15:21:29","guid":{"rendered":"https:\/\/www.vos-sosmost.cz\/?page_id=520"},"modified":"2018-10-29T10:53:14","modified_gmt":"2018-10-29T09:53:14","slug":"obecne-prospesna-cinnost","status":"publish","type":"page","link":"https:\/\/www.vos-sosmost.cz\/index.php\/o-skole\/obecne-prospesna-cinnost\/","title":{"rendered":"Obecn\u011b prosp\u011b\u0161n\u00e1 \u010dinnost"},"content":{"rendered":"<p>Spole\u010dnost pro podporu VO\u0160, OA, SPg\u0160 a SZ\u0160 v Most\u011b, o. p. s.<\/p>\n<p>Vznik \u201eSpole\u010dnosti\u201c: Spole\u010dnost pro podporu VO\u0160, OA, SPg\u0160 a SZ\u0160 v Most\u011b, o. p. s. (d\u00e1le jen \u201eSpole\u010dnost\u201c) vznikla z&nbsp;d\u016fvod\u016f legislativn\u00edch zm\u011bn&nbsp; p\u0159em\u011bnou Nadace rodi\u010d\u016f a p\u0159\u00e1tel \u0161koly v&nbsp;prosinci 1998.<\/p>\n<p>Zakladatel \u201eSpole\u010dnosti\u201c: Zakladatelem&nbsp; je veden\u00ed \u0161koly.<\/p>\n<p>Zakl\u00e1dac\u00ed dokumenty \u201eSpole\u010dnosti\u201c: Zakl\u00e1dac\u00ed listina a Statut o.p.s.<\/p>\n<p>S\u00eddlo spole\u010dnosti: Zd. Fibicha 2778, 434 01 Most. Telefon: 417 637 477.<\/p>\n<p>I\u010c a DI\u010c \u201eSpole\u010dnosti\u201c: I\u010c: 25044885. DI\u010c: CZ25044885.<\/p>\n<p>Registrace \u201eSpole\u010dnosti\u201c: Obchodn\u00ed rejst\u0159\u00edk v&nbsp;\u00dast\u00ed nad Labem.<\/p>\n<p>Statut\u00e1rn\u00ed org\u00e1n \u201eSpole\u010dnosti\u201c: Statut\u00e1rn\u00edm org\u00e1nem je t\u0159\u00ed\u010dlenn\u00e1 spr\u00e1vn\u00ed rada, kter\u00e1 v sou\u010dasn\u00e9 dob\u011b pracuje ve slo\u017een\u00ed Mgr. Petra Pelcmanov\u00e1, PhDr. Jaroslava Arno\u0161tov\u00e1, Mgr. V\u011bra Z\u00e1rubov\u00e1.<\/p>\n<p>Kontroln\u00ed org\u00e1n \u201eSpole\u010dnosti\u201c: T\u0159\u00ed\u010dlenn\u00e1 dozor\u010d\u00ed rada.<\/p>\n<p>C\u00edl \u201cSpole\u010dnosti\u201c: C\u00edlem&nbsp; je rozv\u00edjet duchovn\u00ed, humanitn\u00ed a hmotn\u00e9 pot\u0159eby \u017e\u00e1k\u016f a student\u016f VO\u0160, SPg\u0160 a OA v&nbsp;Most\u011b. \u201eSpole\u010dnost\u201c neslou\u017e\u00ed k&nbsp;v\u00fdd\u011ble\u010dn\u00e9 \u010dinnosti, ale jej\u00edm \u00fakolem je p\u0159isp\u011bt k&nbsp;pozvednut\u00ed \u00farovn\u011b \u0161koly a p\u0159isp\u011bt ke zv\u00fd\u0161en\u00ed cti\u017e\u00e1dosti a snahy \u017e\u00e1k\u016f a student\u016f \u0161koly pro dosa\u017een\u00ed co nejlep\u0161\u00edch v\u00fdsledk\u016f ve vzd\u011bl\u00e1v\u00e1n\u00ed.<\/p>\n<p>Finan\u010dn\u00ed prost\u0159edky \u201eSpole\u010dnosti\u201c: Zdrojem finan\u010dn\u00edch prost\u0159edk\u016f \u201eSpole\u010dnosti \u201e jsou dary od rodi\u010d\u016f \u017e\u00e1k\u016f \u0161koly, student\u016f \u0161koly, p\u0159\u00e1tel, dal\u0161\u00edch fyzick\u00fdch a pr\u00e1vnick\u00fdch osob nebo finan\u010dn\u00ed prost\u0159edky&nbsp; poskytnut\u00e9 formou dotace.<\/p>\n<p>Informace o \u010dinnosti a hospoda\u0159en\u00ed \u201eSpole\u010dnosti\u201c: Informace o \u010dinnosti&nbsp; a hospoda\u0159en\u00ed jsou zve\u0159ej\u0148ov\u00e1ny&nbsp; ve v\u00fdro\u010dn\u00ed zpr\u00e1v\u011b za dan\u00fd \u0161koln\u00ed rok, s&nbsp;kterou jsou rodi\u010de \u017e\u00e1k\u016f, studenti a ve\u0159ejnost seznamov\u00e1na v&nbsp;listopadu dan\u00e9ho roku p\u0159i&nbsp; sch\u016fzk\u00e1ch &nbsp;rodi\u010d\u016f ve \u0161kole.<\/p>\n<p>Obecn\u011b prosp\u011b\u0161n\u00e9 slu\u017eby \u201eSpole\u010dnosti\u201c:<\/p>\n<p>&#8211; Podpora z\u00e1jmov\u00e9 \u010dinnosti \u017e\u00e1k\u016f a student\u016f \u0161koly<\/p>\n<p>&#8211; Poskytov\u00e1n\u00ed jednor\u00e1zov\u00fdch prosp\u011bchov\u00fdch odm\u011bn pro \u017e\u00e1ky \u0161koly<\/p>\n<p>&#8211; Poskytov\u00e1n\u00ed jednor\u00e1zov\u00fdch soci\u00e1ln\u00edch v\u00fdpomoc\u00ed \u017e\u00e1k\u016fm \u0161koly<\/p>\n<p>&#8211; N\u00e1kup u\u010debn\u00edch pom\u016fcek pro \u0161kolu<\/p>\n<p>&#8211; Poskytov\u00e1n\u00ed p\u0159\u00edsp\u011bvku na odborn\u00e9 exkurze \u017e\u00e1k\u016f \u0161koly<\/p>\n<p>&#8211; Poskytov\u00e1n\u00ed p\u0159\u00edsp\u011bvku na sportovn\u00ed kurzy \u017e\u00e1k\u016f \u0161koly<\/p>\n<p>&#8211; Podpora kulturn\u00edch, spole\u010densk\u00fdch a sportovn\u00edch akc\u00ed \u0161koly<\/p>\n<p>&#8211; P\u0159\u00edsp\u011bvky na propagaci a prezentaci \u0161koly na ve\u0159ejnosti<\/p>\n<p>&#8211; Finan\u010dn\u00ed spolu\u00fa\u010dast v projektech<\/p>\n","protected":false},"excerpt":{"rendered":"<p>Spole\u010dnost pro podporu VO\u0160, OA, SPg\u0160 a SZ\u0160 v Most\u011b, o. p. s. Vznik \u201eSpole\u010dnosti\u201c: Spole\u010dnost pro podporu VO\u0160, OA, SPg\u0160 a SZ\u0160 v Most\u011b, o. p. s. (d\u00e1le jen \u201eSpole\u010dnost\u201c) vznikla z&nbsp;d\u016fvod\u016f legislativn\u00edch zm\u011bn&nbsp; p\u0159em\u011bnou Nadace rodi\u010d\u016f a p\u0159\u00e1tel <a href=\"https:\/\/www.vos-sosmost.cz\/index.php\/o-skole\/obecne-prospesna-cinnost\/\" class=\"read-more\">Read More &#8230;<\/a><\/p>\n","protected":false},"author":1,"featured_media":0,"parent":353,"menu_order":0,"comment_status":"closed","ping_status":"closed","template":"","meta":{"ngg_post_thumbnail":0,"footnotes":""},"class_list":["post-520","page","type-page","status-publish","hentry"],"_links":{"self":[{"href":"https:\/\/www.vos-sosmost.cz\/index.php\/wp-json\/wp\/v2\/pages\/520","targetHints":{"allow":["GET"]}}],"collection":[{"href":"https:\/\/www.vos-sosmost.cz\/index.php\/wp-json\/wp\/v2\/pages"}],"about":[{"href":"https:\/\/www.vos-sosmost.cz\/index.php\/wp-json\/wp\/v2\/types\/page"}],"author":[{"embeddable":true,"href":"https:\/\/www.vos-sosmost.cz\/index.php\/wp-json\/wp\/v2\/users\/1"}],"replies":[{"embeddable":true,"href":"https:\/\/www.vos-sosmost.cz\/index.php\/wp-json\/wp\/v2\/comments?post=520"}],"version-history":[{"count":2,"href":"https:\/\/www.vos-sosmost.cz\/index.php\/wp-json\/wp\/v2\/pages\/520\/revisions"}],"predecessor-version":[{"id":2912,"href":"https:\/\/www.vos-sosmost.cz\/index.php\/wp-json\/wp\/v2\/pages\/520\/revisions\/2912"}],"up":[{"embeddable":true,"href":"https:\/\/www.vos-sosmost.cz\/index.php\/wp-json\/wp\/v2\/pages\/353"}],"wp:attachment":[{"href":"https:\/\/www.vos-sosmost.cz\/index.php\/wp-json\/wp\/v2\/media?parent=520"}],"curies":[{"name":"wp","href":"https:\/\/api.w.org\/{rel}","templated":true}]}}