{"id":517,"date":"2018-02-10T16:18:33","date_gmt":"2018-02-10T15:18:33","guid":{"rendered":"https:\/\/www.vos-sosmost.cz\/?page_id=517"},"modified":"2024-01-16T07:42:29","modified_gmt":"2024-01-16T06:42:29","slug":"sponzori-skoly","status":"publish","type":"page","link":"https:\/\/www.vos-sosmost.cz\/index.php\/o-skole\/sponzori-skoly\/","title":{"rendered":"Sponzoring \u0161koly"},"content":{"rendered":"<p><a href=\"\/index.php\/sponzori-skoly-2\/\">Sponzo\u0159i \u0161koly<\/a><\/p>\n<p><a href=\"https:\/\/www.vos-sosmost.cz\/index.php\/sponzori-maturitni-plesu\/\">Sponzo\u0159i maturitn\u00edch ples\u016f<\/a><\/p>\n<p><a href=\"\/index.php\/sponzori-fiktivnich-firem\/\">Sponzo\u0159i fiktivn\u00edch firem<\/a><\/p>\n<p><a href=\"\/index.php\/sponzori-pedagogicke-poemy\">Sponzo\u0159i Pedagogick\u00e9 poemy<\/a><\/p>\n","protected":false},"excerpt":{"rendered":"<p>Sponzo\u0159i \u0161koly Sponzo\u0159i maturitn\u00edch ples\u016f Sponzo\u0159i fiktivn\u00edch firem Sponzo\u0159i Pedagogick\u00e9 poemy<\/p>\n","protected":false},"author":1,"featured_media":0,"parent":353,"menu_order":0,"comment_status":"closed","ping_status":"closed","template":"","meta":{"ngg_post_thumbnail":0,"footnotes":""},"class_list":["post-517","page","type-page","status-publish","hentry"],"_links":{"self":[{"href":"https:\/\/www.vos-sosmost.cz\/index.php\/wp-json\/wp\/v2\/pages\/517","targetHints":{"allow":["GET"]}}],"collection":[{"href":"https:\/\/www.vos-sosmost.cz\/index.php\/wp-json\/wp\/v2\/pages"}],"about":[{"href":"https:\/\/www.vos-sosmost.cz\/index.php\/wp-json\/wp\/v2\/types\/page"}],"author":[{"embeddable":true,"href":"https:\/\/www.vos-sosmost.cz\/index.php\/wp-json\/wp\/v2\/users\/1"}],"replies":[{"embeddable":true,"href":"https:\/\/www.vos-sosmost.cz\/index.php\/wp-json\/wp\/v2\/comments?post=517"}],"version-history":[{"count":11,"href":"https:\/\/www.vos-sosmost.cz\/index.php\/wp-json\/wp\/v2\/pages\/517\/revisions"}],"predecessor-version":[{"id":7709,"href":"https:\/\/www.vos-sosmost.cz\/index.php\/wp-json\/wp\/v2\/pages\/517\/revisions\/7709"}],"up":[{"embeddable":true,"href":"https:\/\/www.vos-sosmost.cz\/index.php\/wp-json\/wp\/v2\/pages\/353"}],"wp:attachment":[{"href":"https:\/\/www.vos-sosmost.cz\/index.php\/wp-json\/wp\/v2\/media?parent=517"}],"curies":[{"name":"wp","href":"https:\/\/api.w.org\/{rel}","templated":true}]}}