{"id":5161,"date":"2021-03-23T13:18:58","date_gmt":"2021-03-23T12:18:58","guid":{"rendered":"https:\/\/www.vos-sosmost.cz\/?page_id=5161"},"modified":"2021-04-12T10:52:07","modified_gmt":"2021-04-12T08:52:07","slug":"informace-pro-opravne-a-nahradni-mz","status":"publish","type":"page","link":"https:\/\/www.vos-sosmost.cz\/index.php\/stredni-odborna-skola\/maturita\/informace-pro-opravne-a-nahradni-mz\/","title":{"rendered":"Informace k n\u00e1hradn\u00edmu\/opravn\u00e9mu term\u00ednu maturitn\u00edch zkou\u0161ek &#8211; JARO 2021"},"content":{"rendered":"<p><strong>Informace pro maturanty, kte\u0159\u00ed p\u0159istupuj\u00ed k maturitn\u00ed zkou\u0161ce ve \u0161koln\u00edm roce 2020\/2021 v opravn\u00e9m\/n\u00e1hradn\u00edm term\u00ednu vypl\u00fdvaj\u00edc\u00ed z OOP<\/strong> <strong>\u010d. j. MSMT 3267\/2021-3<\/strong> &#8211; <a href=\"\/sos\/maturita\/info_opravny_nahradni_leto.pdf\" target=\"_blank\" rel=\"noopener noreferrer\">ve form\u00e1tu PDF<\/a><\/p>\n<p><strong>Harmonogram maturitn\u00edch zkou\u0161ek 2021<\/strong> &#8211; <a href=\"\/sos\/maturita\/harmonogram_barevny_upr.pdf\" target=\"_blank\" rel=\"noopener noreferrer\">ve form\u00e1tu PDF<\/a> (aktualizace 22. 3. 2021)<\/p>\n<p><strong>D\u016fle\u017eit\u00e9 term\u00edny maturitn\u00edch zkou\u0161ek 2021<\/strong> &#8211; <a href=\"\/sos\/maturita\/datumovnik_mz_2021_upr.pdf\" target=\"_blank\" rel=\"noopener noreferrer\">ve form\u00e1tu PDF<\/a><\/p>\n<p><strong>Metodika M\u0160MT k Opat\u0159en\u00ed obecn\u00e9 povahy \u010d. j. MSMT 3267\/2021-3 &#8211;&nbsp;<\/strong> <a href=\"\/sos\/maturita\/metodika_k_novemu_oop.pdf\" target=\"_blank\" rel=\"noopener noreferrer\">ve form\u00e1tu PDF<\/a><\/p>\n<p><strong>Jednotn\u00e9 zku\u0161ebn\u00ed sch\u00e9ma didaktick\u00fdch test\u016f spole\u010dn\u00e9 \u010d\u00e1sti<\/strong> &#8211; <a href=\"\/sos\/maturita\/jzs_jaro_2021_posunuty_termin.pdf\" target=\"_blank\" rel=\"noopener noreferrer\">\u0159\u00e1dn\u00fd term\u00edn<\/a><\/p>\n<p><b>Profilov\u00e1 \u010d\u00e1st maturitn\u00ed zkou\u0161ky<\/b> \u2013 <a href=\"\/sos\/maturita\/profil_oa_2021_2.pdf\" target=\"_blank\" rel=\"noopener noreferrer\">OA<\/a>, <a href=\"\/sos\/maturita\/profil_el_2021_2.pdf\" target=\"_blank\" rel=\"noopener noreferrer\">EL<\/a>, <a href=\"\/sos\/maturita\/profil_pmp_2021_2.pdf\" target=\"_blank\" rel=\"noopener noreferrer\">PMP<\/a>, <a href=\"\/sos\/maturita\/profil_pl_2021_2.pdf\" target=\"_blank\" rel=\"noopener noreferrer\">PL<\/a>, <a href=\"\/sos\/maturita\/profil_za_2021_2.pdf\" target=\"_blank\" rel=\"noopener noreferrer\">ZA<\/a>, <a href=\"\/sos\/maturita\/profil_zl_2021_2.pdf\" target=\"_blank\" rel=\"noopener noreferrer\">ZL<\/a>, <a href=\"\/sos\/maturita\/profil_sc_2021_2.pdf\" target=\"_blank\" rel=\"noopener noreferrer\">S\u010c<\/a>, <a href=\"\/sos\/maturita\/profil_msr_2021_3.pdf\" target=\"_blank\" rel=\"noopener noreferrer\">MSR<\/a><\/p>\n<p><b>Z\u00e1sady hodnocen\u00ed maturitn\u00ed zkou\u0161ky<\/b> \u2013 <a href=\"\/sos\/maturita\/hodnoceni_zkousky_oa_2021.pdf\" target=\"_blank\" rel=\"noopener noreferrer\">OA<\/a>, <a href=\"\/sos\/maturita\/hodnoceni_zkousky_el_2021.pdf\" target=\"_blank\" rel=\"noopener noreferrer\">EL<\/a>, <a href=\"\/sos\/maturita\/hodnoceni_zkousky_pmp_2021.pdf\" target=\"_blank\" rel=\"noopener noreferrer\">PMP<\/a>, <a href=\"\/sos\/maturita\/hodnoceni_zkousky_pl_2021.pdf\" target=\"_blank\" rel=\"noopener noreferrer\">PL<\/a>, <a href=\"\/sos\/maturita\/hodnoceni_zkousky_za_2021.pdf\" target=\"_blank\" rel=\"noopener noreferrer\">ZA<\/a>, <a href=\"\/sos\/maturita\/hodnoceni_zkousky_zl_2021.pdf\" target=\"_blank\" rel=\"noopener noreferrer\">ZL<\/a>, <a href=\"\/sos\/maturita\/hodnoceni_zkousky_sc_2021.pdf\" target=\"_blank\" rel=\"noopener noreferrer\">S\u010c<\/a>, <a href=\"\/sos\/maturita\/hodnoceni_zkousky_msr_2021.pdf\" target=\"_blank\" rel=\"noopener noreferrer\">MSR<\/a>, <a href=\"\/sos\/maturita\/hodnoceni_zkousky_jmz_pmp_2021.pdf\" target=\"_blank\" rel=\"noopener\">JMZ PMP<\/a><\/p>\n<p><strong>Charakteristika profilov\u00e9 zkou\u0161ky z \u010desk\u00e9ho jazyka a literatury<\/strong> &#8211; <a href=\"\/sos\/maturita\/pisemna_prace_cjl_2021.pdf\" target=\"_blank\" rel=\"noopener noreferrer\">p\u00edsemn\u00e1 \u010d\u00e1st<\/a>, <a href=\"\/sos\/maturita\/ustni_zkouska_cjl_2021.pdf\" target=\"_blank\" rel=\"noopener noreferrer\">\u00fastn\u00ed \u010d\u00e1st<\/a><\/p>\n<p><strong>Charakteristika profilov\u00e9 zkou\u0161ky z ciz\u00edho jazyka<\/strong> &#8211; <a href=\"\/sos\/maturita\/pisemna_prace_czj_2021.pdf\" target=\"_blank\" rel=\"noopener noreferrer\">p\u00edsemn\u00e1 \u010d\u00e1st<\/a>, <a href=\"\/sos\/maturita\/ustni_zkouska_czj_2021.pdf\" target=\"_blank\" rel=\"noopener noreferrer\">\u00fastn\u00ed \u010d\u00e1st<\/a><\/p>\n<p><strong>Krit\u00e9ria hodnocen\u00ed profilov\u00e9 maturitn\u00ed zkou\u0161ky<\/strong> \u2013 <a href=\"\/sos\/maturita\/kriteria_hodnoceni_cjl_2021.pdf\" target=\"_blank\" rel=\"noopener noreferrer\">\u010cesk\u00fd jazyk a literatura<\/a>, <a href=\"\/sos\/maturita\/kriteria_hodnoceni_czj_2021.pdf\" target=\"_blank\" rel=\"noopener noreferrer\">Ciz\u00ed jazyk<\/a><\/p>\n<p><strong>Seznam liter\u00e1rn\u00edch d\u011bl \u2013 <\/strong><a href=\"\/sos\/maturita\/seznam_liter_del_2021.pdf\" target=\"_blank\" rel=\"noopener noreferrer\">ve form\u00e1tu PDF<\/a><\/p>\n<p>Formul\u00e1\u0159 <strong>\u017d\u00e1kovsk\u00fd seznam liter\u00e1rn\u00edch d\u011bl<\/strong> \u2013 <a href=\"\/sos\/maturita\/formular_seznam_ld_2020.doc\" target=\"_blank\" rel=\"noopener noreferrer\">ve form\u00e1tu DOC<\/a> (odevzdat do 30. 4. 2021)<\/p>\n<p>&nbsp;<\/p>\n<p>&nbsp;<\/p>\n<p>&nbsp;<\/p>\n","protected":false},"excerpt":{"rendered":"<p>Informace pro maturanty, kte\u0159\u00ed p\u0159istupuj\u00ed k maturitn\u00ed zkou\u0161ce ve \u0161koln\u00edm roce 2020\/2021 v opravn\u00e9m\/n\u00e1hradn\u00edm term\u00ednu vypl\u00fdvaj\u00edc\u00ed z OOP \u010d. j. MSMT 3267\/2021-3 &#8211; ve form\u00e1tu PDF Harmonogram maturitn\u00edch zkou\u0161ek 2021 &#8211; ve form\u00e1tu PDF (aktualizace 22. 3. 2021) D\u016fle\u017eit\u00e9 term\u00edny <a href=\"https:\/\/www.vos-sosmost.cz\/index.php\/stredni-odborna-skola\/maturita\/informace-pro-opravne-a-nahradni-mz\/\" class=\"read-more\">Read More &#8230;<\/a><\/p>\n","protected":false},"author":2,"featured_media":0,"parent":4072,"menu_order":0,"comment_status":"closed","ping_status":"closed","template":"","meta":{"ngg_post_thumbnail":0,"footnotes":""},"class_list":["post-5161","page","type-page","status-publish","hentry"],"_links":{"self":[{"href":"https:\/\/www.vos-sosmost.cz\/index.php\/wp-json\/wp\/v2\/pages\/5161","targetHints":{"allow":["GET"]}}],"collection":[{"href":"https:\/\/www.vos-sosmost.cz\/index.php\/wp-json\/wp\/v2\/pages"}],"about":[{"href":"https:\/\/www.vos-sosmost.cz\/index.php\/wp-json\/wp\/v2\/types\/page"}],"author":[{"embeddable":true,"href":"https:\/\/www.vos-sosmost.cz\/index.php\/wp-json\/wp\/v2\/users\/2"}],"replies":[{"embeddable":true,"href":"https:\/\/www.vos-sosmost.cz\/index.php\/wp-json\/wp\/v2\/comments?post=5161"}],"version-history":[{"count":7,"href":"https:\/\/www.vos-sosmost.cz\/index.php\/wp-json\/wp\/v2\/pages\/5161\/revisions"}],"predecessor-version":[{"id":5213,"href":"https:\/\/www.vos-sosmost.cz\/index.php\/wp-json\/wp\/v2\/pages\/5161\/revisions\/5213"}],"up":[{"embeddable":true,"href":"https:\/\/www.vos-sosmost.cz\/index.php\/wp-json\/wp\/v2\/pages\/4072"}],"wp:attachment":[{"href":"https:\/\/www.vos-sosmost.cz\/index.php\/wp-json\/wp\/v2\/media?parent=5161"}],"curies":[{"name":"wp","href":"https:\/\/api.w.org\/{rel}","templated":true}]}}