{"id":477,"date":"2018-02-10T15:29:27","date_gmt":"2018-02-10T14:29:27","guid":{"rendered":"https:\/\/www.vos-sosmost.cz\/?page_id=477"},"modified":"2026-03-06T16:21:31","modified_gmt":"2026-03-06T15:21:31","slug":"svp","status":"publish","type":"page","link":"https:\/\/www.vos-sosmost.cz\/index.php\/stredni-odborna-skola\/svp\/","title":{"rendered":"\u0160koln\u00ed vzd\u011bl\u00e1vac\u00ed programy"},"content":{"rendered":"<table id=\"table1\" style=\"height: 768px; width: 82.6189%;\" border=\"0\" width=\"60%\">\n<tbody>\n<tr style=\"height: 24px;\">\n<td style=\"background-color: #5a5a5a; text-align: center; height: 24px; width: 78.335%;\"><span style=\"color: #ffffff;\"><strong>Obchodn\u00ed akademie<\/strong><\/span><\/td>\n<\/tr>\n<tr style=\"height: 24px;\">\n<td style=\"width: 78.335%; height: 24px;\">\u2013&nbsp;<a href=\"\/sos\/svp\/svp_oa.pdf\" target=\"_blank\" rel=\"noopener\">\u0161koln\u00ed vzd\u011bl\u00e1vac\u00ed program<\/a><\/td>\n<\/tr>\n<tr style=\"height: 24px;\">\n<td style=\"height: 24px; width: 78.335%;\" width=\"91%\">\u2013&nbsp;<a href=\"\/sos\/svp\/profil_absolventa_oa.pdf\" target=\"_blank\" rel=\"noopener\">profil absolventa<\/a><\/td>\n<\/tr>\n<tr style=\"height: 24px;\">\n<td style=\"height: 24px; width: 78.335%;\" width=\"91%\">\u2013&nbsp;<a href=\"\/sos\/svp\/up_oa.pdf\" target=\"_blank\" rel=\"noopener\">u\u010debn\u00ed pl\u00e1n<\/a><\/td>\n<\/tr>\n<tr style=\"background-color: #5a5a5a;\">\n<td style=\"text-align: center; height: 24px; width: 78.335%;\" width=\"99%\"><span style=\"color: #ffffff;\"><strong>Ekonomick\u00e9 lyceum<\/strong><\/span><\/td>\n<\/tr>\n<tr style=\"height: 24px;\">\n<td style=\"width: 78.335%; height: 24px;\">\u2013&nbsp;<a href=\"\/sos\/svp\/svp_el.pdf\" target=\"_blank\" rel=\"noopener\">\u0161koln\u00ed vzd\u011bl\u00e1vac\u00ed program<\/a><\/td>\n<\/tr>\n<tr style=\"height: 24px;\">\n<td style=\"height: 24px; width: 78.335%;\" width=\"91%\">\u2013&nbsp;<a href=\"\/sos\/svp\/profil_absolventa_el.pdf\" target=\"_blank\" rel=\"noopener\">profil absolventa<\/a><\/td>\n<\/tr>\n<tr style=\"height: 24px;\">\n<td style=\"height: 24px; width: 78.335%;\" width=\"91%\">\u2013&nbsp;<a href=\"\/sos\/svp\/up_el.pdf\" target=\"_blank\" rel=\"noopener\">u\u010debn\u00ed pl\u00e1n<\/a><\/td>\n<\/tr>\n<tr style=\"background-color: #5a5a5a;\">\n<td style=\"text-align: center; height: 24px; width: 78.335%;\" width=\"99%\"><span style=\"color: #ffffff;\"><strong>P\u0159ed\u0161koln\u00ed a mimo\u0161koln\u00ed pedagogika<\/strong><\/span><\/td>\n<\/tr>\n<tr style=\"height: 24px;\">\n<td style=\"width: 78.335%; height: 24px;\">\u2013&nbsp;<a href=\"\/sos\/svp\/svp_pmp.pdf\" target=\"_blank\" rel=\"noopener\">\u0161koln\u00ed vzd\u011bl\u00e1vac\u00ed program<\/a><\/td>\n<\/tr>\n<tr style=\"height: 24px;\">\n<td style=\"height: 24px; width: 78.335%;\" width=\"91%\">\u2013&nbsp;<a href=\"\/sos\/svp\/profil_absolventa_pmp.pdf\" target=\"_blank\" rel=\"noopener\">profil absolventa<\/a><\/td>\n<\/tr>\n<tr style=\"height: 24px;\">\n<td style=\"height: 24px; width: 78.335%;\" width=\"91%\">\u2013&nbsp;<a href=\"\/sos\/svp\/up_pmp.pdf\" target=\"_blank\" rel=\"noopener\">u\u010debn\u00ed pl\u00e1n<\/a><\/td>\n<\/tr>\n<tr style=\"background-color: #5a5a5a;\">\n<td style=\"text-align: center; height: 24px; width: 78.335%;\" width=\"99%\"><span style=\"color: #ffffff;\"><strong>Pedagogick\u00e9 lyceum<\/strong><\/span><\/td>\n<\/tr>\n<tr style=\"height: 24px;\">\n<td style=\"width: 78.335%; height: 24px;\">\u2013&nbsp;<a href=\"\/sos\/svp\/svp_pl.pdf\" target=\"_blank\" rel=\"noopener\">\u0161koln\u00ed vzd\u011bl\u00e1vac\u00ed program<\/a><\/td>\n<\/tr>\n<tr style=\"height: 24px;\">\n<td style=\"height: 24px; width: 78.335%;\" width=\"91%\">\u2013&nbsp;<a href=\"\/sos\/svp\/profil_absolventa_pl.pdf\" target=\"_blank\" rel=\"noopener\">profil absolventa<\/a><\/td>\n<\/tr>\n<tr style=\"height: 24px;\">\n<td style=\"height: 24px; width: 78.335%;\" width=\"91%\">\u2013&nbsp;<a href=\"\/sos\/svp\/up_pl.pdf\" target=\"_blank\" rel=\"noopener\">u\u010debn\u00ed pl\u00e1n<\/a><\/td>\n<\/tr>\n<tr style=\"background-color: #5a5a5a;\">\n<td style=\"text-align: center; height: 24px; width: 78.335%;\" width=\"99%\"><span style=\"color: #ffffff;\"><strong>Soci\u00e1ln\u00ed \u010dinnost<\/strong><\/span><\/td>\n<\/tr>\n<tr style=\"height: 24px;\">\n<td style=\"width: 78.335%; height: 24px;\">\u2013&nbsp;<a href=\"\/sos\/svp\/svp_sc.pdf\" target=\"_blank\" rel=\"noopener\">\u0161koln\u00ed vzd\u011bl\u00e1vac\u00ed program<\/a><\/td>\n<\/tr>\n<tr style=\"height: 24px;\">\n<td style=\"height: 24px; width: 78.335%;\" width=\"91%\">\u2013&nbsp;<a href=\"\/sos\/svp\/profil_absolventa_sc.pdf\" target=\"_blank\" rel=\"noopener\">profil absolventa<\/a><\/td>\n<\/tr>\n<tr style=\"height: 24px;\">\n<td style=\"height: 24px; width: 78.335%;\" width=\"91%\">\u2013&nbsp;<a href=\"\/sos\/svp\/up_sc.pdf\" target=\"_blank\" rel=\"noopener\">u\u010debn\u00ed pl\u00e1n<\/a><\/td>\n<\/tr>\n<tr style=\"background-color: #5a5a5a;\">\n<td style=\"text-align: center; height: 24px; width: 78.335%;\"><span style=\"color: #ffffff;\"><strong>Praktick\u00e1 sestra<\/strong><\/span><\/td>\n<\/tr>\n<tr style=\"height: 24px;\">\n<td style=\"width: 78.335%; height: 24px;\">\u2013&nbsp;<a href=\"\/sos\/svp\/svp_ps.pdf\" target=\"_blank\" rel=\"noopener\">\u0161koln\u00ed vzd\u011bl\u00e1vac\u00ed program<\/a><\/td>\n<\/tr>\n<tr style=\"height: 24px;\">\n<td style=\"height: 24px; width: 78.335%;\">\u2013&nbsp;<a href=\"\/sos\/svp\/profil_absolventa_ps.pdf\" target=\"_blank\" rel=\"noopener\">profil absolventa<\/a><\/td>\n<\/tr>\n<tr style=\"height: 24px;\">\n<td style=\"width: 78.335%; height: 24px;\">\u2013&nbsp;<a href=\"\/sos\/svp\/up_ps.pdf\" target=\"_blank\" rel=\"noopener\">u\u010debn\u00ed pl\u00e1n<\/a><\/td>\n<\/tr>\n<tr style=\"height: 24px; background-color: #5a5a5a;\">\n<td style=\"width: 78.335%; height: 24px; text-align: center;\">&nbsp;&nbsp;<span style=\"color: #ffffff;\"><strong>Zdravotnick\u00e9 lyceum<\/strong><\/span><\/td>\n<\/tr>\n<tr style=\"height: 24px;\">\n<td style=\"width: 78.335%; height: 24px;\">\u2013&nbsp;<a href=\"\/sos\/svp\/svp_zl.pdf\" target=\"_blank\" rel=\"noopener\">\u0161koln\u00ed vzd\u011bl\u00e1vac\u00ed program<\/a><\/td>\n<\/tr>\n<tr style=\"height: 24px;\">\n<td style=\"width: 78.335%; height: 24px;\">\u2013&nbsp;<a href=\"\/sos\/svp\/profil_absolventa_zl.pdf\" target=\"_blank\" rel=\"noopener\">profil absolventa<\/a><\/td>\n<\/tr>\n<tr style=\"height: 24px;\">\n<td style=\"height: 24px; width: 78.335%;\" width=\"91%\">\u2013&nbsp;<a href=\"\/sos\/svp\/up_zl.pdf\" target=\"_blank\" rel=\"noopener\">u\u010debn\u00ed pl\u00e1n<\/a><\/td>\n<\/tr>\n<tr style=\"background-color: #5a5a5a;\">\n<td style=\"text-align: center; height: 24px; width: 78.335%;\" width=\"99%\"><span style=\"color: #ffffff;\"><strong>Mas\u00e9r ve zdravotnictv\u00ed<br \/>\n<\/strong><\/span><\/td>\n<\/tr>\n<tr style=\"height: 24px;\">\n<td style=\"width: 78.335%; height: 24px;\">\u2013&nbsp;<a href=\"\/sos\/svp\/svp_msz.pdf\" target=\"_blank\" rel=\"noopener\">\u0161koln\u00ed vzd\u011bl\u00e1vac\u00ed program<\/a><\/td>\n<\/tr>\n<tr style=\"height: 24px;\">\n<td style=\"height: 24px; width: 78.335%;\" width=\"91%\">\u2013&nbsp;<a href=\"\/sos\/svp\/profil_absolventa_msz.pdf\" target=\"_blank\" rel=\"noopener\">profil absolventa<\/a><\/td>\n<\/tr>\n<tr style=\"height: 24px;\">\n<td style=\"height: 24px; width: 78.335%;\" width=\"91%\">\u2013&nbsp;<a href=\"\/sos\/svp\/up_msz.pdf\" target=\"_blank\" rel=\"noopener\">u\u010debn\u00ed pl\u00e1n<\/a><\/td>\n<\/tr>\n<\/tbody>\n<\/table>\n","protected":false},"excerpt":{"rendered":"<p>Obchodn\u00ed akademie \u2013&nbsp;\u0161koln\u00ed vzd\u011bl\u00e1vac\u00ed program \u2013&nbsp;profil absolventa \u2013&nbsp;u\u010debn\u00ed pl\u00e1n Ekonomick\u00e9 lyceum \u2013&nbsp;\u0161koln\u00ed vzd\u011bl\u00e1vac\u00ed program \u2013&nbsp;profil absolventa \u2013&nbsp;u\u010debn\u00ed pl\u00e1n P\u0159ed\u0161koln\u00ed a mimo\u0161koln\u00ed pedagogika \u2013&nbsp;\u0161koln\u00ed vzd\u011bl\u00e1vac\u00ed program \u2013&nbsp;profil absolventa \u2013&nbsp;u\u010debn\u00ed pl\u00e1n Pedagogick\u00e9 lyceum \u2013&nbsp;\u0161koln\u00ed vzd\u011bl\u00e1vac\u00ed program \u2013&nbsp;profil absolventa \u2013&nbsp;u\u010debn\u00ed pl\u00e1n Soci\u00e1ln\u00ed \u010dinnost <a href=\"https:\/\/www.vos-sosmost.cz\/index.php\/stredni-odborna-skola\/svp\/\" class=\"read-more\">Read More &#8230;<\/a><\/p>\n","protected":false},"author":1,"featured_media":0,"parent":2470,"menu_order":0,"comment_status":"closed","ping_status":"closed","template":"","meta":{"ngg_post_thumbnail":0,"footnotes":""},"class_list":["post-477","page","type-page","status-publish","hentry"],"_links":{"self":[{"href":"https:\/\/www.vos-sosmost.cz\/index.php\/wp-json\/wp\/v2\/pages\/477","targetHints":{"allow":["GET"]}}],"collection":[{"href":"https:\/\/www.vos-sosmost.cz\/index.php\/wp-json\/wp\/v2\/pages"}],"about":[{"href":"https:\/\/www.vos-sosmost.cz\/index.php\/wp-json\/wp\/v2\/types\/page"}],"author":[{"embeddable":true,"href":"https:\/\/www.vos-sosmost.cz\/index.php\/wp-json\/wp\/v2\/users\/1"}],"replies":[{"embeddable":true,"href":"https:\/\/www.vos-sosmost.cz\/index.php\/wp-json\/wp\/v2\/comments?post=477"}],"version-history":[{"count":24,"href":"https:\/\/www.vos-sosmost.cz\/index.php\/wp-json\/wp\/v2\/pages\/477\/revisions"}],"predecessor-version":[{"id":9264,"href":"https:\/\/www.vos-sosmost.cz\/index.php\/wp-json\/wp\/v2\/pages\/477\/revisions\/9264"}],"up":[{"embeddable":true,"href":"https:\/\/www.vos-sosmost.cz\/index.php\/wp-json\/wp\/v2\/pages\/2470"}],"wp:attachment":[{"href":"https:\/\/www.vos-sosmost.cz\/index.php\/wp-json\/wp\/v2\/media?parent=477"}],"curies":[{"name":"wp","href":"https:\/\/api.w.org\/{rel}","templated":true}]}}