{"id":470,"date":"2023-12-07T09:30:54","date_gmt":"2023-12-07T08:30:54","guid":{"rendered":"https:\/\/www.vos-sosmost.cz\/?page_id=470"},"modified":"2025-02-03T09:50:43","modified_gmt":"2025-02-03T08:50:43","slug":"vzdelavaci-nabidka-skoly","status":"publish","type":"page","link":"https:\/\/www.vos-sosmost.cz\/index.php\/stredni-odborna-skola\/vzdelavaci-nabidka-skoly\/","title":{"rendered":"P\u0159ehled vzd\u011bl\u00e1vac\u00edch obor\u016f SO\u0160"},"content":{"rendered":"<p><iframe loading=\"lazy\" class=\"aligncenter\" src=\"\/\/www.youtube.com\/embed\/SdkwwwTnmqs?feature=youtu\" width=\"560\" height=\"314\" allowfullscreen=\"allowfullscreen\"><\/iframe><\/p>\n<p>Obchodn\u00ed akademie, St\u0159edn\u00ed pedagogick\u00e1 \u0161kola a St\u0159edn\u00ed zdravotnick\u00e1 \u0161kola nab\u00edz\u00ed v r\u00e1mci denn\u00ed formy vzd\u011bl\u00e1v\u00e1n\u00ed n\u00e1sleduj\u00edc\u00ed obory vzd\u011bl\u00e1n\u00ed:<\/p>\n<p><strong>Obchodn\u00ed akademie<\/strong><\/p>\n<table id=\"table1\" border=\"0\" width=\"100%\">\n<tbody>\n<tr style=\"height: 25px;\">\n<td style=\"text-align: left; vertical-align: middle; height: 25px;\"><a href=\"\/sos\/studium\/oa_2023.pdf\" target=\"_blank\" rel=\"noopener noreferrer\"><strong>Obchodn\u00ed akademie<\/strong><\/a>&nbsp;\u2013 maturitn\u00ed v denn\u00ed form\u011b vzd\u011bl\u00e1v\u00e1n\u00ed<\/td>\n<\/tr>\n<tr style=\"height: 40px;\">\n<td style=\"text-align: left; vertical-align: middle; height: 40px;\"><strong><a href=\"\/sos\/studium\/el_2023.pdf\" target=\"_blank\" rel=\"noopener noreferrer\">Ekonomick\u00e9 lyceum<\/a><\/strong>&nbsp;\u2013 maturitn\u00ed v denn\u00ed form\u011b vzd\u011bl\u00e1v\u00e1n\u00ed<\/td>\n<\/tr>\n<\/tbody>\n<\/table>\n<p><strong>St\u0159edn\u00ed pedagogick\u00e1 \u0161kola<\/strong><\/p>\n<table id=\"table1\" border=\"0\" width=\"738\">\n<tbody>\n<tr>\n<td style=\"text-align: left; vertical-align: middle;\"><a href=\"\/sos\/studium\/pmp_2023.pdf\" target=\"_blank\" rel=\"noopener noreferrer\"><strong>P\u0159ed\u0161koln\u00ed a mimo\u0161koln\u00ed pedagogika<\/strong><\/a>&nbsp;\u2013 maturitn\u00ed v denn\u00ed form\u011b vzd\u011bl\u00e1v\u00e1n\u00ed<\/td>\n<\/tr>\n<tr>\n<td style=\"text-align: left; vertical-align: middle;\"><a href=\"\/sos\/studium\/pl_2023.pdf\" target=\"_blank\" rel=\"noopener noreferrer\"><strong>Pedagogick\u00e9 lyceum<\/strong><\/a>&nbsp;\u2013 maturitn\u00ed v denn\u00ed form\u011b vzd\u011bl\u00e1v\u00e1n\u00ed<\/td>\n<\/tr>\n<\/tbody>\n<\/table>\n<p><strong>St\u0159edn\u00ed zdravotnick\u00e1 \u0161kola<\/strong><\/p>\n<table id=\"table1\" border=\"0\" width=\"100%\">\n<tbody>\n<tr>\n<td style=\"text-align: left; vertical-align: middle;\"><strong><a href=\"\/sos\/studium\/ps_2023.pdf\" target=\"_blank\" rel=\"noopener noreferrer\">Praktick\u00e1 sestra<\/a>&nbsp;<\/strong>\u2013 maturitn\u00ed v denn\u00ed form\u011b vzd\u011bl\u00e1v\u00e1n\u00ed<\/td>\n<\/tr>\n<tr>\n<td style=\"text-align: left; vertical-align: middle;\"><strong><a href=\"\/sos\/studium\/zl_2023.pdf\" target=\"_blank\" rel=\"noopener noreferrer\">Zdravotnick\u00e9 lyceum<\/a>&nbsp;<\/strong>\u2013 maturitn\u00ed v denn\u00ed form\u011b vzd\u011bl\u00e1v\u00e1n\u00ed<\/td>\n<\/tr>\n<tr>\n<td style=\"text-align: left; vertical-align: middle;\"><strong><a href=\"\/sos\/studium\/sc_2023.pdf\" target=\"_blank\" rel=\"noopener noreferrer\">Soci\u00e1ln\u00ed \u010dinnost<\/a><\/strong>&nbsp;\u2013 maturitn\u00ed v denn\u00ed form\u011b vzd\u011bl\u00e1v\u00e1n\u00ed<\/td>\n<\/tr>\n<tr>\n<td style=\"text-align: left; vertical-align: middle;\"><strong><a href=\"\/sos\/studium\/msz_2023.pdf\" target=\"_blank\" rel=\"noopener noreferrer\">Mas\u00e9r ve zdravotnictv\u00ed<\/a><\/strong>&nbsp;\u2013 maturitn\u00ed v denn\u00ed form\u011b vzd\u011bl\u00e1v\u00e1n\u00ed<\/td>\n<\/tr>\n<\/tbody>\n<\/table>\n<p>&nbsp;<\/p>\n","protected":false},"excerpt":{"rendered":"<p>Obchodn\u00ed akademie, St\u0159edn\u00ed pedagogick\u00e1 \u0161kola a St\u0159edn\u00ed zdravotnick\u00e1 \u0161kola nab\u00edz\u00ed v r\u00e1mci denn\u00ed formy vzd\u011bl\u00e1v\u00e1n\u00ed n\u00e1sleduj\u00edc\u00ed obory vzd\u011bl\u00e1n\u00ed: Obchodn\u00ed akademie Obchodn\u00ed akademie&nbsp;\u2013 maturitn\u00ed v denn\u00ed form\u011b vzd\u011bl\u00e1v\u00e1n\u00ed Ekonomick\u00e9 lyceum&nbsp;\u2013 maturitn\u00ed v denn\u00ed form\u011b vzd\u011bl\u00e1v\u00e1n\u00ed St\u0159edn\u00ed pedagogick\u00e1 \u0161kola P\u0159ed\u0161koln\u00ed a mimo\u0161koln\u00ed <a href=\"https:\/\/www.vos-sosmost.cz\/index.php\/stredni-odborna-skola\/vzdelavaci-nabidka-skoly\/\" class=\"read-more\">Read More &#8230;<\/a><\/p>\n","protected":false},"author":1,"featured_media":0,"parent":2470,"menu_order":0,"comment_status":"closed","ping_status":"closed","template":"","meta":{"ngg_post_thumbnail":0,"footnotes":""},"class_list":["post-470","page","type-page","status-publish","hentry"],"_links":{"self":[{"href":"https:\/\/www.vos-sosmost.cz\/index.php\/wp-json\/wp\/v2\/pages\/470","targetHints":{"allow":["GET"]}}],"collection":[{"href":"https:\/\/www.vos-sosmost.cz\/index.php\/wp-json\/wp\/v2\/pages"}],"about":[{"href":"https:\/\/www.vos-sosmost.cz\/index.php\/wp-json\/wp\/v2\/types\/page"}],"author":[{"embeddable":true,"href":"https:\/\/www.vos-sosmost.cz\/index.php\/wp-json\/wp\/v2\/users\/1"}],"replies":[{"embeddable":true,"href":"https:\/\/www.vos-sosmost.cz\/index.php\/wp-json\/wp\/v2\/comments?post=470"}],"version-history":[{"count":27,"href":"https:\/\/www.vos-sosmost.cz\/index.php\/wp-json\/wp\/v2\/pages\/470\/revisions"}],"predecessor-version":[{"id":8509,"href":"https:\/\/www.vos-sosmost.cz\/index.php\/wp-json\/wp\/v2\/pages\/470\/revisions\/8509"}],"up":[{"embeddable":true,"href":"https:\/\/www.vos-sosmost.cz\/index.php\/wp-json\/wp\/v2\/pages\/2470"}],"wp:attachment":[{"href":"https:\/\/www.vos-sosmost.cz\/index.php\/wp-json\/wp\/v2\/media?parent=470"}],"curies":[{"name":"wp","href":"https:\/\/api.w.org\/{rel}","templated":true}]}}