{"id":4502,"date":"2020-05-07T12:22:40","date_gmt":"2020-05-07T10:22:40","guid":{"rendered":"https:\/\/www.vos-sosmost.cz\/?page_id=4502"},"modified":"2020-05-19T19:10:15","modified_gmt":"2020-05-19T17:10:15","slug":"ochrana-zdravi-a-provoz-vos-oa-spgs-a-szs-most","status":"publish","type":"page","link":"https:\/\/www.vos-sosmost.cz\/index.php\/o-skole\/ochrana-zdravi-a-provoz-vos-oa-spgs-a-szs-most\/","title":{"rendered":"Ochrana zdrav\u00ed a provoz VO\u0160, OA, SPg\u0160 a SZ\u0160 Most"},"content":{"rendered":"<p>Na z\u00e1klad\u011b materi\u00e1lu Ochrana zdrav\u00ed na st\u0159edn\u00edch \u0161kol\u00e1ch, konzervato\u0159\u00edch a vy\u0161\u0161\u00edch odborn\u00fdch \u0161kol\u00e1ch v pr\u016fb\u011bhu p\u0159ij\u00edmac\u00edch zkou\u0161ek, maturitn\u00edch zkou\u0161ek, z\u00e1v\u011bre\u010dn\u00fdch zkou\u0161ek a absolutori\u00ed 2019\/2020 veden\u00ed \u0161koly zve\u0159ej\u0148uje:<\/p>\n<ul>\n<li>pokyn k dodr\u017eov\u00e1n\u00ed hygienick\u00fdch opat\u0159en\u00ed pro \u017e\u00e1ky\/ a studenty &#8211; <a href=\"\/titulni\/dokumenty\/koronavirus\/ochrana_zdravi_mz_zz_abs.pdf\" target=\"_blank\" rel=\"noopener noreferrer\">ke sta\u017een\u00ed ve form\u00e1tu PDF zde<\/a>,<\/li>\n<li>pokyn k provozu \u0161koln\u00edho stravov\u00e1n\u00ed &#8211; <a href=\"\/titulni\/dokumenty\/koronavirus\/ochrana_zdravi_mz_zz_abs.pdf\" target=\"_blank\" rel=\"noopener noreferrer\">ke sta\u017een\u00ed ve form\u00e1tu PDF zde<\/a>.<\/li>\n<\/ul>\n<p>Na z\u00e1klad\u011b materi\u00e1lu Ochrana zdrav\u00ed a provoz st\u0159edn\u00edch \u0161kol pro obdob\u00ed p\u0159\u00edpravy na maturitn\u00ed a z\u00e1v\u011bre\u010dnou zkou\u0161ku v obdob\u00ed do konce \u0161koln\u00edho roku 2019\/2020 a Ochrana zdrav\u00ed a provoz vy\u0161\u0161\u00edch odborn\u00fdch \u0161kol v obdob\u00ed do konce \u0161koln\u00edho roku 2019\/2020 veden\u00ed \u0161koly zve\u0159ej\u0148uje:<\/p>\n<ul style=\"list-style-type: disc;\">\n<li>pokyn k dodr\u017eov\u00e1n\u00ed hygienick\u00fdch opat\u0159en\u00ed pro \u017e\u00e1ky a studenty \u0161koly platn\u00fd od&nbsp; 11. 5. 2020 &#8211; <a href=\"\/titulni\/dokumenty\/koronavirus\/hygienicka_pravidla.pdf\" target=\"_blank\" rel=\"noopener noreferrer\">ke sta\u017een\u00ed ve form\u00e1tu PDF zde<\/a>,<\/li>\n<li>\u010destn\u00e9 prohl\u00e1\u0161en\u00ed &#8211; <a href=\"\/titulni\/dokumenty\/koronavirus\/cestne_prohlaseni.pdf\" target=\"_blank\" rel=\"noopener noreferrer\">ke sta\u017een\u00ed ve form\u00e1tu PDF zde<\/a>.<\/li>\n<\/ul>\n<p>Na z\u00e1klad\u011b materi\u00e1lu Ochrana zdrav\u00ed a provoz st\u0159edn\u00edch \u0161kol pro obdob\u00ed p\u0159\u00edpravy na maturitn\u00ed a z\u00e1v\u011bre\u010dnou zkou\u0161ku v obdob\u00ed do konce \u0161koln\u00edho roku 2019\/2020 a Ochrana zdrav\u00ed a provoz vy\u0161\u0161\u00edch odborn\u00fdch \u0161kol v obdob\u00ed do konce \u0161koln\u00edho roku 2019\/2020 veden\u00ed \u0161koly zve\u0159ej\u0148uje:<\/p>\n<ul style=\"list-style-type: disc;\">\n<li>pokyn k dodr\u017eov\u00e1n\u00ed hygienick\u00fdch opat\u0159en\u00ed pro n\u00e1v\u0161t\u011bvn\u00edky \u0161koly platn\u00fd od&nbsp; 11. 5. 2020 &#8211; <a href=\"\/titulni\/dokumenty\/koronavirus\/hygienicka_pravidla_verejnost.pdf\" target=\"_blank\" rel=\"noopener noreferrer\">ke sta\u017een\u00ed ve form\u00e1tu PDF zde<\/a>.<\/li>\n<\/ul>\n<p>Na z\u00e1klad\u011b materi\u00e1lu Ochrana zdrav\u00ed a provoz DM v obdob\u00ed do konce \u0161koln\u00edho roku 2019\/2020 veden\u00ed \u0161koly zve\u0159ej\u0148uje:<\/p>\n<ul>\n<li>pokyn k dodr\u017eov\u00e1n\u00ed hygienick\u00fdch opat\u0159en\u00ed pro ubytovan\u00e9 na DM platn\u00fd od&nbsp; 11. 5. 2020 &#8211; <a href=\"\/titulni\/dokumenty\/koronavirus\/hygienicka_pravidla_dm.pdf\" target=\"_blank\" rel=\"noopener noreferrer\">ke sta\u017een\u00ed ve form\u00e1tu PDF zde<\/a>.<\/li>\n<\/ul>\n","protected":false},"excerpt":{"rendered":"<p>Na z\u00e1klad\u011b materi\u00e1lu Ochrana zdrav\u00ed na st\u0159edn\u00edch \u0161kol\u00e1ch, konzervato\u0159\u00edch a vy\u0161\u0161\u00edch odborn\u00fdch \u0161kol\u00e1ch v pr\u016fb\u011bhu p\u0159ij\u00edmac\u00edch zkou\u0161ek, maturitn\u00edch zkou\u0161ek, z\u00e1v\u011bre\u010dn\u00fdch zkou\u0161ek a absolutori\u00ed 2019\/2020 veden\u00ed \u0161koly zve\u0159ej\u0148uje: pokyn k dodr\u017eov\u00e1n\u00ed hygienick\u00fdch opat\u0159en\u00ed pro \u017e\u00e1ky\/ a studenty &#8211; ke sta\u017een\u00ed ve <a href=\"https:\/\/www.vos-sosmost.cz\/index.php\/o-skole\/ochrana-zdravi-a-provoz-vos-oa-spgs-a-szs-most\/\" class=\"read-more\">Read More &#8230;<\/a><\/p>\n","protected":false},"author":2,"featured_media":3080,"parent":353,"menu_order":0,"comment_status":"closed","ping_status":"closed","template":"","meta":{"ngg_post_thumbnail":0,"footnotes":""},"class_list":["post-4502","page","type-page","status-publish","has-post-thumbnail","hentry"],"_links":{"self":[{"href":"https:\/\/www.vos-sosmost.cz\/index.php\/wp-json\/wp\/v2\/pages\/4502","targetHints":{"allow":["GET"]}}],"collection":[{"href":"https:\/\/www.vos-sosmost.cz\/index.php\/wp-json\/wp\/v2\/pages"}],"about":[{"href":"https:\/\/www.vos-sosmost.cz\/index.php\/wp-json\/wp\/v2\/types\/page"}],"author":[{"embeddable":true,"href":"https:\/\/www.vos-sosmost.cz\/index.php\/wp-json\/wp\/v2\/users\/2"}],"replies":[{"embeddable":true,"href":"https:\/\/www.vos-sosmost.cz\/index.php\/wp-json\/wp\/v2\/comments?post=4502"}],"version-history":[{"count":5,"href":"https:\/\/www.vos-sosmost.cz\/index.php\/wp-json\/wp\/v2\/pages\/4502\/revisions"}],"predecessor-version":[{"id":4529,"href":"https:\/\/www.vos-sosmost.cz\/index.php\/wp-json\/wp\/v2\/pages\/4502\/revisions\/4529"}],"up":[{"embeddable":true,"href":"https:\/\/www.vos-sosmost.cz\/index.php\/wp-json\/wp\/v2\/pages\/353"}],"wp:featuredmedia":[{"embeddable":true,"href":"https:\/\/www.vos-sosmost.cz\/index.php\/wp-json\/wp\/v2\/media\/3080"}],"wp:attachment":[{"href":"https:\/\/www.vos-sosmost.cz\/index.php\/wp-json\/wp\/v2\/media?parent=4502"}],"curies":[{"name":"wp","href":"https:\/\/api.w.org\/{rel}","templated":true}]}}