{"id":4420,"date":"2024-07-31T08:51:22","date_gmt":"2024-07-31T06:51:22","guid":{"rendered":"https:\/\/www.vos-sosmost.cz\/?page_id=4420"},"modified":"2025-09-24T21:33:42","modified_gmt":"2025-09-24T19:33:42","slug":"odborna-praxe-sos","status":"publish","type":"page","link":"https:\/\/www.vos-sosmost.cz\/index.php\/stredni-odborna-skola\/odborna-praxe-sos\/","title":{"rendered":"Odborn\u00e1 praxe SO\u0160"},"content":{"rendered":"<p>Pl\u00e1n odborn\u00e9 praxe 2025\/2026 &#8211; <a href=\"\/sos\/praxe\/plan_odborne_praxe_sos_2025_2026.pdf\" target=\"_blank\" rel=\"noopener noreferrer\">ve form\u00e1tu PDF<\/a><\/p>\n<p>Z\u00e1v\u011bre\u010dn\u00e9 hodnocen\u00ed pro 1. ro\u010dn\u00edk &#8211; <a href=\"\/sos\/praxe\/pmp_hodnocen_1_20.doc\" target=\"_blank\" rel=\"noopener noreferrer\">ve form\u00e1tu DOC<\/a><\/p>\n<p>Z\u00e1v\u011bre\u010dn\u00e9 hodnocen\u00ed pro 2. ro\u010dn\u00edk &#8211; <a href=\"\/sos\/praxe\/pmp_hodnocen_2_20.doc\" target=\"_blank\" rel=\"noopener noreferrer\">ve form\u00e1tu DOC<\/a><\/p>\n<p>Z\u00e1v\u011bre\u010dn\u00e9 hodnocen\u00ed pro 3. ro\u010dn\u00edk &#8211; <a href=\"\/sos\/praxe\/pmp_hodnocen_3_20.doc\" target=\"_blank\" rel=\"noopener noreferrer\">ve form\u00e1tu DOC<\/a><\/p>\n","protected":false},"excerpt":{"rendered":"<p>Pl\u00e1n odborn\u00e9 praxe 2025\/2026 &#8211; ve form\u00e1tu PDF Z\u00e1v\u011bre\u010dn\u00e9 hodnocen\u00ed pro 1. ro\u010dn\u00edk &#8211; ve form\u00e1tu DOC Z\u00e1v\u011bre\u010dn\u00e9 hodnocen\u00ed pro 2. ro\u010dn\u00edk &#8211; ve form\u00e1tu DOC Z\u00e1v\u011bre\u010dn\u00e9 hodnocen\u00ed pro 3. ro\u010dn\u00edk &#8211; ve form\u00e1tu DOC<\/p>\n","protected":false},"author":2,"featured_media":0,"parent":2470,"menu_order":0,"comment_status":"closed","ping_status":"closed","template":"","meta":{"ngg_post_thumbnail":0,"footnotes":""},"class_list":["post-4420","page","type-page","status-publish","hentry"],"_links":{"self":[{"href":"https:\/\/www.vos-sosmost.cz\/index.php\/wp-json\/wp\/v2\/pages\/4420","targetHints":{"allow":["GET"]}}],"collection":[{"href":"https:\/\/www.vos-sosmost.cz\/index.php\/wp-json\/wp\/v2\/pages"}],"about":[{"href":"https:\/\/www.vos-sosmost.cz\/index.php\/wp-json\/wp\/v2\/types\/page"}],"author":[{"embeddable":true,"href":"https:\/\/www.vos-sosmost.cz\/index.php\/wp-json\/wp\/v2\/users\/2"}],"replies":[{"embeddable":true,"href":"https:\/\/www.vos-sosmost.cz\/index.php\/wp-json\/wp\/v2\/comments?post=4420"}],"version-history":[{"count":11,"href":"https:\/\/www.vos-sosmost.cz\/index.php\/wp-json\/wp\/v2\/pages\/4420\/revisions"}],"predecessor-version":[{"id":8898,"href":"https:\/\/www.vos-sosmost.cz\/index.php\/wp-json\/wp\/v2\/pages\/4420\/revisions\/8898"}],"up":[{"embeddable":true,"href":"https:\/\/www.vos-sosmost.cz\/index.php\/wp-json\/wp\/v2\/pages\/2470"}],"wp:attachment":[{"href":"https:\/\/www.vos-sosmost.cz\/index.php\/wp-json\/wp\/v2\/media?parent=4420"}],"curies":[{"name":"wp","href":"https:\/\/api.w.org\/{rel}","templated":true}]}}