{"id":429,"date":"2018-02-09T15:11:42","date_gmt":"2018-02-09T14:11:42","guid":{"rendered":"https:\/\/www.vos-sosmost.cz\/?page_id=429"},"modified":"2018-10-17T08:36:11","modified_gmt":"2018-10-17T06:36:11","slug":"skolne","status":"publish","type":"page","link":"https:\/\/www.vos-sosmost.cz\/index.php\/vyssi-odborna-skola\/student\/skolne\/","title":{"rendered":"\u0160koln\u00e9"},"content":{"rendered":"<h3><strong>PLATBA \u0160KOLN\u00c9HO NA VO\u0160 \u2013 1. RO\u010cN\u00cdKY<\/strong><\/h3>\n<p>\u2013 za zimn\u00ed obdob\u00ed nejpozd\u011bji do 15.&nbsp;dne od&nbsp;doru\u010den\u00ed rozhodnut\u00ed o p\u0159ijet\u00ed ke studiu,<\/p>\n<p>\u2013 za letn\u00ed obdob\u00ed nejpozd\u011bji do 15. \u00fanora dan\u00e9ho \u0161koln\u00edho roku.<\/p>\n<h3><strong>PLATBA \u0160KOLN\u00c9HO NA VO\u0160 \u2013 VY\u0160\u0160\u00cd RO\u010cN\u00cdKY<\/strong><\/h3>\n<p>\u2013 za zimn\u00ed obdob\u00ed nejpozd\u011bji do 15. \u0159\u00edjna dan\u00e9ho \u0161koln\u00edho roku,<\/p>\n<p>\u2013 za letn\u00ed obdob\u00ed nejpozd\u011bji do 15. \u00fanora dan\u00e9ho \u0161koln\u00edho roku.<\/p>\n<h3><strong>STUDENTI MOHOU \u0160KOLN\u00c9 UHRADIT<\/strong><\/h3>\n<p>\u2013 bezhotovostn\u011b na \u00fa\u010det&nbsp;<strong>3295460277\/0100<\/strong>, VS&nbsp;<strong>p\u0159id\u011blen\u00e9 osobn\u00ed \u010d\u00edslo, <\/strong>SS<strong> 602600&nbsp;<\/strong>\u2013 UP\u0158EDNOST\u0147UJEME,<\/p>\n<p>\u2013 hotov\u011b skupinov\u00e9mu u\u010diteli na 1. konzultaci p\u0159i zah\u00e1jen\u00ed obdob\u00ed.<\/p>\n","protected":false},"excerpt":{"rendered":"<p>PLATBA \u0160KOLN\u00c9HO NA VO\u0160 \u2013 1. RO\u010cN\u00cdKY \u2013 za zimn\u00ed obdob\u00ed nejpozd\u011bji do 15.&nbsp;dne od&nbsp;doru\u010den\u00ed rozhodnut\u00ed o p\u0159ijet\u00ed ke studiu, \u2013 za letn\u00ed obdob\u00ed nejpozd\u011bji do 15. \u00fanora dan\u00e9ho \u0161koln\u00edho roku. PLATBA \u0160KOLN\u00c9HO NA VO\u0160 \u2013 VY\u0160\u0160\u00cd RO\u010cN\u00cdKY \u2013 za <a href=\"https:\/\/www.vos-sosmost.cz\/index.php\/vyssi-odborna-skola\/student\/skolne\/\" class=\"read-more\">Read More &#8230;<\/a><\/p>\n","protected":false},"author":1,"featured_media":0,"parent":2338,"menu_order":0,"comment_status":"closed","ping_status":"closed","template":"","meta":{"ngg_post_thumbnail":0,"footnotes":""},"class_list":["post-429","page","type-page","status-publish","hentry"],"_links":{"self":[{"href":"https:\/\/www.vos-sosmost.cz\/index.php\/wp-json\/wp\/v2\/pages\/429","targetHints":{"allow":["GET"]}}],"collection":[{"href":"https:\/\/www.vos-sosmost.cz\/index.php\/wp-json\/wp\/v2\/pages"}],"about":[{"href":"https:\/\/www.vos-sosmost.cz\/index.php\/wp-json\/wp\/v2\/types\/page"}],"author":[{"embeddable":true,"href":"https:\/\/www.vos-sosmost.cz\/index.php\/wp-json\/wp\/v2\/users\/1"}],"replies":[{"embeddable":true,"href":"https:\/\/www.vos-sosmost.cz\/index.php\/wp-json\/wp\/v2\/comments?post=429"}],"version-history":[{"count":7,"href":"https:\/\/www.vos-sosmost.cz\/index.php\/wp-json\/wp\/v2\/pages\/429\/revisions"}],"predecessor-version":[{"id":2861,"href":"https:\/\/www.vos-sosmost.cz\/index.php\/wp-json\/wp\/v2\/pages\/429\/revisions\/2861"}],"up":[{"embeddable":true,"href":"https:\/\/www.vos-sosmost.cz\/index.php\/wp-json\/wp\/v2\/pages\/2338"}],"wp:attachment":[{"href":"https:\/\/www.vos-sosmost.cz\/index.php\/wp-json\/wp\/v2\/media?parent=429"}],"curies":[{"name":"wp","href":"https:\/\/api.w.org\/{rel}","templated":true}]}}