{"id":415,"date":"2024-09-08T07:00:12","date_gmt":"2024-09-08T05:00:12","guid":{"rendered":"https:\/\/www.vos-sosmost.cz\/?page_id=415"},"modified":"2025-10-16T13:00:59","modified_gmt":"2025-10-16T11:00:59","slug":"absolutorium","status":"publish","type":"page","link":"https:\/\/www.vos-sosmost.cz\/index.php\/vyssi-odborna-skola\/student\/absolutorium\/","title":{"rendered":"Absolutorium"},"content":{"rendered":"<p>Vy\u0161\u0161\u00ed odborn\u00e9 vzd\u011bl\u00e1v\u00e1n\u00ed formou denn\u00edho vzd\u011bl\u00e1v\u00e1n\u00ed se ukon\u010duje absolutoriem. Dokladem o dosa\u017een\u00ed vy\u0161\u0161\u00edho odborn\u00e9ho vzd\u011bl\u00e1v\u00e1n\u00ed je vysv\u011bd\u010den\u00ed o absolutoriu, Europass a diplom absolventa vy\u0161\u0161\u00ed odborn\u00e9 \u0161koly.<\/p>\n<p><strong>Aktu\u00e1ln\u00ed informace k absolutoriu ve \u0161koln\u00edm roce 2025\/2026<\/strong><\/p>\n<p><strong>\u0158editelka \u0161koly vyhla\u0161uje pro \u0161koln\u00ed rok 2025\/2026 n\u00e1sleduj\u00edc\u00ed term\u00edny absolutori\u00ed:<\/strong><\/p>\n<ul style=\"list-style-type: disc;\">\n<li>Soci\u00e1ln\u011b pr\u00e1vn\u00ed \u010dinnost v denn\u00ed\/d\u00e1lkov\u00e9 form\u011b, Firemn\u00ed ekonomika v denn\u00ed\/d\u00e1lkov\u00e9 form\u011b, Pr\u00e1vn\u00ed asistence v denn\u00ed\/d\u00e1lkov\u00e9 form\u011b, P\u0159ed\u0161koln\u00ed a mimo\u0161koln\u00ed pedagogika v denn\u00ed\/d\u00e1lkov\u00e9 form\u011b, Diplomovan\u00e1 v\u0161eobecn\u00e1 sestra v denn\u00ed form\u011b, Diplomovan\u00fd nutri\u010dn\u00ed terapeut v kombinovan\u00e9 form\u011b &#8211; <strong>3. 6. 2026 &#8211; 19. 6. 2026.<\/strong> Fin\u00e1ln\u00ed harmonogramy absolutori\u00ed naleznete <strong><a href=\"\/vos\/absolutorium\/harmonogram_absolutorium_25_26.pdf\">zde<\/a>.<\/strong><\/li>\n<\/ul>\n<p>P\u0159ihl\u00e1\u0161ky k \u0159\u00e1dn\u00e9mu term\u00ednu absolutoria ve \u0161koln\u00edm roce 2025\/2026 (3.P, 3.R, 3.X, 3.Y, 3.U, 3. RD, 3.TD, 3.VD, 3.XD, 3.YD, 3.WD, 3.ZK) mus\u00ed b\u00fdt pod\u00e1ny v elektronick\u00e9 podob\u011b v IS VO\u0160 do 28. 2. 2026. P\u0159ihla\u0161ov\u00e1n\u00ed bude otev\u0159eno 1. 2. 2026.<\/p>\n<p>P\u0159ihl\u00e1\u0161ky k \u0159\u00e1dn\u00e9mu term\u00ednu absolutoria ve \u0161koln\u00edm roce 2025\/2026 pro vzd\u011bl\u00e1vac\u00ed program Diplomovan\u00e1 v\u0161eobecn\u00e1 sestra v kombinovan\u00e9 form\u011b (4.UK) mus\u00ed b\u00fdt pod\u00e1ny v elektronick\u00e9 podob\u011b v IS VO\u0160 do 30. 11. 2025. P\u0159ihla\u0161ov\u00e1n\u00ed bude otev\u0159eno 1. 11. 2025.<\/p>\n<p><b>Struktura absolutoria<\/b><\/p>\n<table id=\"table1\" border=\"0\" width=\"100%\">\n<tbody>\n<tr style=\"background-color: #4d4b4b;\">\n<td width=\"99%\"><span style=\"color: #ffffff;\">Vzd\u011bl\u00e1vac\u00ed program\u00a0<strong>Soci\u00e1ln\u011b pr\u00e1vn\u00ed \u010dinnost<\/strong><\/span><\/td>\n<\/tr>\n<tr>\n<td width=\"95%\">\n<p style=\"text-align: left;\" align=\"justify\">Obhajoba absolventsk\u00e9 pr\u00e1ce.<\/p>\n<p style=\"text-align: left;\" align=\"justify\">Zkou\u0161ka z odborn\u00fdch p\u0159edm\u011bt\u016f\u00a0\u2013\u00a0<strong><a href=\"\/vos\/absolutorium\/odborne_spc_2025-26.pdf\" target=\"_blank\" rel=\"noopener noreferrer\">okruhy ot\u00e1zek ve form\u00e1tu PDF<\/a><\/strong><\/p>\n<p style=\"text-align: left;\" align=\"justify\">\u2013 metody soci\u00e1ln\u00ed pr\u00e1ce,<\/p>\n<p style=\"text-align: left;\" align=\"justify\">\u2013 soci\u00e1ln\u00ed politika a soci\u00e1ln\u00ed zabezpe\u010den\u00ed,<\/p>\n<p style=\"text-align: left;\" align=\"justify\">\u2013 pr\u00e1vo.<\/p>\n<p style=\"text-align: left;\" align=\"justify\">Zkou\u0161ka z ciz\u00edho jazyka \u2013\u00a0<strong><a href=\"\/vos\/absolutorium\/anj_spc_2025-26.pdf\" target=\"_blank\" rel=\"noopener noreferrer\">okruhy ot\u00e1zek z anglick\u00e9ho jazyka<\/a><\/strong>, <a href=\"\/vos\/absolutorium\/nej_spc_2025-26.pdf\" target=\"_blank\" rel=\"noopener noreferrer\"><strong>okruhy ot\u00e1zek z n\u011bmeck\u00e9ho jazyka<\/strong><\/a>, <a href=\"\/vos\/absolutorium\/ruj_spc_2025-26.pdf\" target=\"_blank\" rel=\"noopener noreferrer\"><strong>okruhy ot\u00e1zek z rusk\u00e9ho jazyka<\/strong>.<\/a><\/p>\n<\/td>\n<\/tr>\n<tr style=\"background-color: #4d4b4b;\">\n<td width=\"99%\"><span style=\"color: #ffffff;\">Vzd\u011bl\u00e1vac\u00ed program\u00a0<strong>Firemn\u00ed ekonomika<\/strong><\/span><\/td>\n<\/tr>\n<tr>\n<td width=\"95%\">\n<p style=\"text-align: left;\">Obhajoba absolventsk\u00e9 pr\u00e1ce.<\/p>\n<p style=\"text-align: left;\">Zkou\u0161ka z odborn\u00fdch p\u0159edm\u011bt\u016f \u2013\u00a0<strong><a href=\"\/vos\/absolutorium\/odborne_fek_2025-26.pdf\" target=\"_blank\" rel=\"noopener noreferrer\">okruhy ot\u00e1zek ve form\u00e1tu PDF<\/a><\/strong><\/p>\n<p style=\"text-align: left;\">\u2013 ekonomika podniku,<\/p>\n<p style=\"text-align: left;\">\u2013 finan\u010dn\u00ed pr\u00e1vo,<\/p>\n<p style=\"text-align: left;\">\u2013 firemn\u00ed provoz.<\/p>\n<p style=\"text-align: left;\">Zkou\u0161ka z ciz\u00edho jazyka \u2013 <strong><a href=\"\/vos\/absolutorium\/anj_fek_2025-26.pdf\" target=\"_blank\" rel=\"noopener noreferrer\">okruhy ot\u00e1zek z anglick\u00e9ho jazyka<\/a><\/strong>, <strong><a href=\"\/vos\/absolutorium\/nej_fek_2025-26.pdf\" target=\"_blank\" rel=\"noopener noreferrer\">okruhy ot\u00e1zek z n\u011bmeck\u00e9ho jazyka<\/a><\/strong>.<\/p>\n<\/td>\n<\/tr>\n<tr style=\"background-color: #4d4b4b;\">\n<td width=\"99%\"><span style=\"color: #ffffff;\">Vzd\u011bl\u00e1vac\u00ed program\u00a0<strong>Pr\u00e1vn\u00ed asistence<\/strong><\/span><\/td>\n<\/tr>\n<tr>\n<td width=\"95%\">\n<p style=\"text-align: left;\">Obhajoba absolventsk\u00e9 pr\u00e1ce.<\/p>\n<p style=\"text-align: left;\">Zkou\u0161ka z odborn\u00fdch p\u0159edm\u011bt\u016f \u2013\u00a0<strong><a href=\"\/vos\/absolutorium\/odborne_pra_2025-26.pdf\" target=\"_blank\" rel=\"noopener noreferrer\">okruhy ot\u00e1zek ve form\u00e1tu PDF<\/a><\/strong><\/p>\n<p style=\"text-align: left;\">\u2013 ob\u010dansk\u00e9 pr\u00e1vo,<\/p>\n<p style=\"text-align: left;\">\u2013 spr\u00e1vn\u00ed pr\u00e1vo,<\/p>\n<p style=\"text-align: left;\">\u2013 pr\u00e1vo Evropsk\u00e9 unie,<\/p>\n<p style=\"text-align: left;\">Zkou\u0161ka z ciz\u00edho jazyka \u2013<strong>\u00a0<a href=\"\/vos\/absolutorium\/anj_pra_2025-26.pdf\" target=\"_blank\" rel=\"noopener noreferrer\">okruhy ot\u00e1zek z anglick\u00e9ho jazyka<\/a><\/strong><\/p>\n<\/td>\n<\/tr>\n<tr style=\"background-color: #4d4b4b;\">\n<td width=\"99%\"><span style=\"color: #ffffff;\">Vzd\u011bl\u00e1vac\u00ed program\u00a0<strong>P\u0159ed\u0161koln\u00ed a mimo\u0161koln\u00ed pedagogika<\/strong><\/span><\/td>\n<\/tr>\n<tr>\n<td width=\"95%\">\n<p style=\"text-align: left;\">Obhajoba absolventsk\u00e9 pr\u00e1ce.<\/p>\n<p style=\"text-align: left;\">Zkou\u0161ka z odborn\u00fdch p\u0159edm\u011bt\u016f \u2013\u00a0<strong><a href=\"\/vos\/absolutorium\/odborne_pmp_2025-26.pdf\" target=\"_blank\" rel=\"noopener noreferrer\">okruhy ot\u00e1zek ve form\u00e1tu PDF<\/a><\/strong><\/p>\n<p style=\"text-align: left;\">\u2013 modul pedagogika,<\/p>\n<p style=\"text-align: left;\">\u2013 modul pedagogika p\u0159ed\u0161koln\u00ed a voln\u00e9ho \u010dasu,<\/p>\n<p style=\"text-align: left;\">\u2013 modul psychologie.<\/p>\n<p style=\"text-align: left;\">Zkou\u0161ka z ciz\u00edho jazyka\u2013 <strong><a href=\"\/vos\/absolutorium\/anj_pmp_2025-26.pdf\" target=\"_blank\" rel=\"noopener noreferrer\">okruhy ot\u00e1zek z anglick\u00e9ho jazyka<\/a><\/strong>, <strong><a href=\"\/vos\/absolutorium\/nej_pmp_2025-26.pdf\" target=\"_blank\" rel=\"noopener noreferrer\">okruhy ot\u00e1zek z n\u011bmeck\u00e9ho jazyka<\/a><\/strong>, <strong><a href=\"\/vos\/absolutorium\/ruj_pmp_2025-26.pdf\" target=\"_blank\" rel=\"noopener noreferrer\">okruhy ot\u00e1zek z rusk\u00e9ho jazyka<\/a><\/strong>.<\/p>\n<\/td>\n<\/tr>\n<tr style=\"background-color: #4d4b4b;\">\n<td width=\"99%\"><span style=\"color: #ffffff;\">Vzd\u011bl\u00e1vac\u00ed program\u00a0<strong>Diplomovan\u00e1 v\u0161eobecn\u00e1 sestra<\/strong><\/span><\/td>\n<\/tr>\n<tr>\n<td width=\"95%\">\n<p style=\"text-align: left;\">Obhajoba absolventsk\u00e9 pr\u00e1ce.<\/p>\n<p style=\"text-align: left;\">Zkou\u0161ka z odborn\u00fdch p\u0159edm\u011bt\u016f \u2013\u00a0<strong><a href=\"\/vos\/absolutorium\/odborne_dvs_2025-26.pdf\" target=\"_blank\" rel=\"noopener noreferrer\">okruhy ot\u00e1zek ve form\u00e1tu PDF<\/a><\/strong><\/p>\n<p style=\"text-align: left;\">\u2013 modul humanitn\u00ed v\u011bdy,<\/p>\n<p style=\"text-align: left;\">\u2013 modul o\u0161et\u0159ovatelstv\u00ed,<\/p>\n<p style=\"text-align: left;\">\u2013 modul o\u0161et\u0159ovatelstv\u00ed v klinick\u00fdch oborech.<\/p>\n<p style=\"text-align: left;\">Zkou\u0161ka z ciz\u00edho jazyka \u2013\u00a0<strong><a href=\"\/vos\/absolutorium\/anj_dvs_2025-26.pdf\" target=\"_blank\" rel=\"noopener noreferrer\">okruhy ot\u00e1zek z anglick\u00e9ho jazyka<\/a>,\u00a0<a href=\"\/vos\/absolutorium\/nej_dvs_2025-26.pdf\" target=\"_blank\" rel=\"noopener noreferrer\">okruhy ot\u00e1zek z n\u011bmeck\u00e9ho jazyka<\/a>,\u00a0<a href=\"\/vos\/absolutorium\/ruj_dvs_2025-26.pdf\" target=\"_blank\" rel=\"noopener noreferrer\">okruhy ot\u00e1zek z rusk\u00e9ho jazyka<\/a><\/strong><\/p>\n<\/td>\n<\/tr>\n<tr style=\"background-color: #4d4b4b;\">\n<td width=\"99%\"><span style=\"color: #ffffff;\">Vzd\u011bl\u00e1vac\u00ed program\u00a0<strong>Diplomovan\u00e1 d\u011btsk\u00e1 sestra (nekon\u00e1 absolutorium ve \u0161koln\u00edm roce 2025\/2026)<\/strong><\/span><\/td>\n<\/tr>\n<tr>\n<td width=\"95%\">\n<p style=\"text-align: left;\">Obhajoba absolventsk\u00e9 pr\u00e1ce.<\/p>\n<p style=\"text-align: left;\">Zkou\u0161ka z odborn\u00fdch p\u0159edm\u011bt\u016f \u2013\u00a0<strong>okruhy ot\u00e1zek ve form\u00e1tu PDF<\/strong><\/p>\n<p style=\"text-align: left;\">\u2013 modul humanitn\u00ed v\u011bdy,<\/p>\n<p style=\"text-align: left;\">\u2013 modul o\u0161et\u0159ovatelstv\u00ed,<\/p>\n<p style=\"text-align: left;\">\u2013 modul o\u0161et\u0159ovatelstv\u00ed v klinick\u00fdch oborech.<\/p>\n<p style=\"text-align: left;\">Zkou\u0161ka z ciz\u00edho jazyka \u2013\u00a0<strong>okruhy ot\u00e1zek z anglick\u00e9ho jazyka,\u00a0okruhy ot\u00e1zek z n\u011bmeck\u00e9ho jazyka,\u00a0okruhy ot\u00e1zek z rusk\u00e9ho jazyka<\/strong><\/p>\n<\/td>\n<\/tr>\n<tr style=\"background-color: #4d4b4b;\">\n<td width=\"99%\"><span style=\"color: #ffffff;\">Vzd\u011bl\u00e1vac\u00ed program\u00a0<strong>Diplomovan\u00fd nutri\u010dn\u00ed terapeut<br \/>\n<\/strong><\/span><\/td>\n<\/tr>\n<tr>\n<td width=\"95%\">\n<p style=\"text-align: left;\">Obhajoba absolventsk\u00e9 pr\u00e1ce.<\/p>\n<p style=\"text-align: left;\">Zkou\u0161ka z odborn\u00fdch p\u0159edm\u011bt\u016f \u2013\u00a0<a href=\"\/vos\/absolutorium\/odborne_dnt_2025-26.pdf\" target=\"_blank\" rel=\"noopener noreferrer\"><strong>okruhy ot\u00e1zek ve form\u00e1tu PDF<\/strong><\/a><\/p>\n<p style=\"text-align: left;\">\u2013 modul klinika nemoc\u00ed a dietologie,<\/p>\n<p style=\"text-align: left;\">\u2013 modul l\u00e9\u010debn\u00e1 v\u00fd\u017eiva.<\/p>\n<p style=\"text-align: left;\">Zkou\u0161ka z ciz\u00edho jazyka \u2013\u00a0<strong><a href=\"\/vos\/absolutorium\/anj_dnt_2025-26.pdf\" target=\"_blank\" rel=\"noopener noreferrer\">okruhy ot\u00e1zek z anglick\u00e9ho jazyka<\/a>,\u00a0<a href=\"\/vos\/absolutorium\/ruj_dnt_2025-26.pdf\" target=\"_blank\" rel=\"noopener noreferrer\">okruhy ot\u00e1zek z rusk\u00e9ho jazyka<\/a><\/strong><\/p>\n<\/td>\n<\/tr>\n<\/tbody>\n<\/table>\n","protected":false},"excerpt":{"rendered":"<p>Vy\u0161\u0161\u00ed odborn\u00e9 vzd\u011bl\u00e1v\u00e1n\u00ed formou denn\u00edho vzd\u011bl\u00e1v\u00e1n\u00ed se ukon\u010duje absolutoriem. Dokladem o dosa\u017een\u00ed vy\u0161\u0161\u00edho odborn\u00e9ho vzd\u011bl\u00e1v\u00e1n\u00ed je vysv\u011bd\u010den\u00ed o absolutoriu, Europass a diplom absolventa vy\u0161\u0161\u00ed odborn\u00e9 \u0161koly. Aktu\u00e1ln\u00ed informace k absolutoriu ve \u0161koln\u00edm roce 2025\/2026 \u0158editelka \u0161koly vyhla\u0161uje pro \u0161koln\u00ed rok <a href=\"https:\/\/www.vos-sosmost.cz\/index.php\/vyssi-odborna-skola\/student\/absolutorium\/\" class=\"read-more\">Read More &#8230;<\/a><\/p>\n","protected":false},"author":1,"featured_media":0,"parent":2338,"menu_order":0,"comment_status":"closed","ping_status":"closed","template":"","meta":{"ngg_post_thumbnail":0,"footnotes":""},"class_list":["post-415","page","type-page","status-publish","hentry"],"_links":{"self":[{"href":"https:\/\/www.vos-sosmost.cz\/index.php\/wp-json\/wp\/v2\/pages\/415","targetHints":{"allow":["GET"]}}],"collection":[{"href":"https:\/\/www.vos-sosmost.cz\/index.php\/wp-json\/wp\/v2\/pages"}],"about":[{"href":"https:\/\/www.vos-sosmost.cz\/index.php\/wp-json\/wp\/v2\/types\/page"}],"author":[{"embeddable":true,"href":"https:\/\/www.vos-sosmost.cz\/index.php\/wp-json\/wp\/v2\/users\/1"}],"replies":[{"embeddable":true,"href":"https:\/\/www.vos-sosmost.cz\/index.php\/wp-json\/wp\/v2\/comments?post=415"}],"version-history":[{"count":124,"href":"https:\/\/www.vos-sosmost.cz\/index.php\/wp-json\/wp\/v2\/pages\/415\/revisions"}],"predecessor-version":[{"id":9012,"href":"https:\/\/www.vos-sosmost.cz\/index.php\/wp-json\/wp\/v2\/pages\/415\/revisions\/9012"}],"up":[{"embeddable":true,"href":"https:\/\/www.vos-sosmost.cz\/index.php\/wp-json\/wp\/v2\/pages\/2338"}],"wp:attachment":[{"href":"https:\/\/www.vos-sosmost.cz\/index.php\/wp-json\/wp\/v2\/media?parent=415"}],"curies":[{"name":"wp","href":"https:\/\/api.w.org\/{rel}","templated":true}]}}