{"id":409,"date":"2024-10-16T09:00:25","date_gmt":"2024-10-16T07:00:25","guid":{"rendered":"https:\/\/www.vos-sosmost.cz\/?page_id=409"},"modified":"2024-10-16T09:53:52","modified_gmt":"2024-10-16T07:53:52","slug":"harmonogram-konzultaci","status":"publish","type":"page","link":"https:\/\/www.vos-sosmost.cz\/index.php\/vyssi-odborna-skola\/student\/harmonogram-konzultaci\/","title":{"rendered":"Harmonogram konzultac\u00ed &#8211; l\u00e9to 2024\/2025"},"content":{"rendered":"<p><strong>Letn\u00ed obdob\u00ed 2024\/2025<\/strong><\/p>\n<ol>\n<li>Soci\u00e1ln\u011b pr\u00e1vn\u00ed \u010dinnost &#8211; <a href=\"\/vos\/rozvrhy\/harmonogram\/ctvrtek_spc_leto.pdf\" target=\"_blank\" rel=\"noopener noreferrer\">1.TD, 1.VD, 2.TD, 2.VD, 3.TD, 3.VD<\/a><\/li>\n<li>Firemn\u00ed ekonomika &#8211; <a href=\"\/vos\/rozvrhy\/harmonogram\/utery_fek_pra_leto.pdf\" target=\"_blank\" rel=\"noopener noreferrer\">1.RD, 2.RD<\/a><\/li>\n<li>Pr\u00e1vn\u00ed asistence &#8211; <a href=\"\/vos\/rozvrhy\/harmonogram\/utery_fek_pra_leto.pdf\" target=\"_blank\" rel=\"noopener noreferrer\">1.XD, 2.XD, 3.XD<\/a><\/li>\n<li>P\u0159ed\u0161koln\u00ed a mimo\u0161koln\u00ed pedagogika &#8211; <a href=\"\/vos\/rozvrhy\/harmonogram\/pmp_leto.pdf\" target=\"_blank\" rel=\"noopener noreferrer\">1.YD, 1.WD, 2.YD, 2.WD, 3.YD, 3.WD<\/a><\/li>\n<li>Diplomovan\u00e1 v\u0161eobecn\u00e1 sestra &#8211; <a href=\"\/vos\/rozvrhy\/harmonogram\/dvs_dds_1uk_3uk_3sk_leto.pdf\" target=\"_blank\" rel=\"noopener noreferrer\">1.UK,<\/a> <a href=\"\/vos\/rozvrhy\/harmonogram\/dvs_2uk_leto.pdf\" target=\"_blank\" rel=\"noopener noreferrer\">2.UK,<\/a> <a href=\"\/vos\/rozvrhy\/harmonogram\/dvs_dds_1uk_3uk_3sk_leto.pdf\" target=\"_blank\" rel=\"noopener noreferrer\">3.UK<\/a><\/li>\n<li>Diplomovan\u00e1 d\u011btsk\u00e1 sestra &#8211; <a href=\"\/vos\/rozvrhy\/harmonogram\/dvs_dds_1uk_3uk_3sk_leto.pdf\" target=\"_blank\" rel=\"noopener noreferrer\">3.SK<\/a><\/li>\n<li>Diplomovan\u00fd nutri\u010dn\u00ed terapeut &#8211; <a href=\"\/vos\/rozvrhy\/harmonogram\/dnt_leto.pdf\" target=\"_blank\" rel=\"noopener noreferrer\">1.ZK, 2.ZK<\/a><\/li>\n<\/ol>\n","protected":false},"excerpt":{"rendered":"<p>Letn\u00ed obdob\u00ed 2024\/2025 Soci\u00e1ln\u011b pr\u00e1vn\u00ed \u010dinnost &#8211; 1.TD, 1.VD, 2.TD, 2.VD, 3.TD, 3.VD Firemn\u00ed ekonomika &#8211; 1.RD, 2.RD Pr\u00e1vn\u00ed asistence &#8211; 1.XD, 2.XD, 3.XD P\u0159ed\u0161koln\u00ed a mimo\u0161koln\u00ed pedagogika &#8211; 1.YD, 1.WD, 2.YD, 2.WD, 3.YD, 3.WD Diplomovan\u00e1 v\u0161eobecn\u00e1 sestra &#8211; 1.UK, <a href=\"https:\/\/www.vos-sosmost.cz\/index.php\/vyssi-odborna-skola\/student\/harmonogram-konzultaci\/\" class=\"read-more\">Read More &#8230;<\/a><\/p>\n","protected":false},"author":1,"featured_media":0,"parent":2338,"menu_order":0,"comment_status":"closed","ping_status":"closed","template":"","meta":{"ngg_post_thumbnail":0,"footnotes":""},"class_list":["post-409","page","type-page","status-publish","hentry"],"_links":{"self":[{"href":"https:\/\/www.vos-sosmost.cz\/index.php\/wp-json\/wp\/v2\/pages\/409","targetHints":{"allow":["GET"]}}],"collection":[{"href":"https:\/\/www.vos-sosmost.cz\/index.php\/wp-json\/wp\/v2\/pages"}],"about":[{"href":"https:\/\/www.vos-sosmost.cz\/index.php\/wp-json\/wp\/v2\/types\/page"}],"author":[{"embeddable":true,"href":"https:\/\/www.vos-sosmost.cz\/index.php\/wp-json\/wp\/v2\/users\/1"}],"replies":[{"embeddable":true,"href":"https:\/\/www.vos-sosmost.cz\/index.php\/wp-json\/wp\/v2\/comments?post=409"}],"version-history":[{"count":17,"href":"https:\/\/www.vos-sosmost.cz\/index.php\/wp-json\/wp\/v2\/pages\/409\/revisions"}],"predecessor-version":[{"id":8298,"href":"https:\/\/www.vos-sosmost.cz\/index.php\/wp-json\/wp\/v2\/pages\/409\/revisions\/8298"}],"up":[{"embeddable":true,"href":"https:\/\/www.vos-sosmost.cz\/index.php\/wp-json\/wp\/v2\/pages\/2338"}],"wp:attachment":[{"href":"https:\/\/www.vos-sosmost.cz\/index.php\/wp-json\/wp\/v2\/media?parent=409"}],"curies":[{"name":"wp","href":"https:\/\/api.w.org\/{rel}","templated":true}]}}