{"id":3977,"date":"2019-09-18T12:00:34","date_gmt":"2019-09-18T10:00:34","guid":{"rendered":"https:\/\/www.vos-sosmost.cz\/?page_id=3977"},"modified":"2026-02-20T15:12:36","modified_gmt":"2026-02-20T14:12:36","slug":"objednani-vazby","status":"publish","type":"page","link":"https:\/\/www.vos-sosmost.cz\/index.php\/objednani-vazby\/","title":{"rendered":"Objedn\u00e1n\u00ed vazby"},"content":{"rendered":"<p>V tomto formul\u00e1\u0159i si m\u016f\u017eete objednat desky a sv\u00e1z\u00e1n\u00ed sv\u00e9 ro\u010dn\u00edkov\u00e9, maturitn\u00ed nebo absolventsk\u00e9 pr\u00e1ce.<\/p>\n<p>Vazba pr\u00e1ce prob\u00edh\u00e1 n\u00e1sledovn\u011b: student si objedn\u00e1 p\u0159es formul\u00e1\u0159 n\u00ed\u017ee vazbu (po objedn\u00e1vce V\u00e1m p\u0159ijde potvrzovac\u00ed e-mail). My objedn\u00e1vku zaregistrujeme, ale samotn\u00e9 desky vytvo\u0159\u00edme a\u017e po dod\u00e1n\u00ed schv\u00e1len\u00e9 pr\u00e1ce (elektronickou formou nebo fyzick\u00fdm dod\u00e1n\u00edm vyti\u0161t\u011bn\u00e9 pr\u00e1ce). Po vytvo\u0159en\u00ed vazby V\u00e1m na e-mail, kter\u00fd jste zadal\/a v objedn\u00e1vce za\u0161leme platebn\u00ed \u00fadaje a pokyny pro vyzvednut\u00ed.<\/p>\n<p><span style=\"color: #ff0000;\"><strong>Objedn\u00e1vky pro vazbu<\/strong><\/span> <strong><span style=\"color: #ff0000;\">absolventsk\u00fdch prac\u00ed<\/span><span style=\"color: #ff0000;\">&nbsp;p\u0159ij\u00edm\u00e1me nejpozd\u011bji do 20. 4. 2026 v\u010detn\u011b dod\u00e1n\u00ed elektronick\u00e9 nebo ti\u0161t\u011bn\u00e9 verze do studovny na budov\u011b A.&nbsp;<\/span><\/strong><br \/>\nV p\u0159\u00edpad\u011b zasl\u00e1n\u00ed podklad\u016f a objedn\u00e1vky pozd\u011bji, nejsme schopni zaru\u010dit&nbsp; v\u00fdrobu do term\u00ednu odevzd\u00e1n\u00ed.<\/p>\n<p>&nbsp;<\/p>\n<p style=\"text-align: left;\"><strong>Cen\u00edk desek a tisku:<\/strong><\/p>\n<table style=\"width: 45.7462%; border-collapse: collapse; border-style: solid; border-color: #000000; height: 96px;\" border=\"#000000\">\n<tbody>\n<tr style=\"height: 24px;\">\n<td style=\"width: 20.0249%; height: 24px; text-align: center;\">Tvrd\u00e9 desky<\/td>\n<td style=\"width: 25.6841%; height: 24px; text-align: center;\">150 K\u010d<\/td>\n<\/tr>\n<tr style=\"height: 24px;\">\n<td style=\"width: 20.0249%; height: 24px; text-align: center;\">M\u011bkk\u00e9 desky<\/td>\n<td style=\"width: 25.6841%; height: 24px; text-align: center;\">100 K\u010d<\/td>\n<\/tr>\n<tr>\n<td style=\"width: 20.0249%; text-align: center;\">Krou\u017ekov\u00e1 vazba<\/td>\n<td style=\"width: 25.6841%; text-align: center;\">40 K\u010d<\/td>\n<\/tr>\n<tr style=\"height: 24px;\">\n<td style=\"width: 20.0249%; height: 24px; text-align: center;\">\u010cernob\u00edl\u00fd tisk<\/td>\n<td style=\"width: 25.6841%; height: 24px; text-align: center;\">2 K\u010d\/strana<\/td>\n<\/tr>\n<tr style=\"height: 24px;\">\n<td style=\"width: 20.0249%; height: 24px; text-align: center;\">Barevn\u00fd tisk<\/td>\n<td style=\"width: 25.6841%; height: 24px; text-align: center;\">3 K\u010d\/strana<\/td>\n<\/tr>\n<\/tbody>\n<\/table>\n<p><strong>M\u011bkk\u00e9 desky lze vyrobit pouze pro pr\u00e1ce obsahuj\u00edc\u00ed maxim\u00e1ln\u011b 80 list\u016f!<\/strong><\/p>\n<p>&nbsp;<\/p>\n<p>N\u00e1\u0161 tip:<\/p>\n<p>Pro <strong>maturitn\u00ed<\/strong> pr\u00e1ci si zvolte m\u011bkk\u00e9 desky, vypadaj\u00ed elegantn\u011b a jsou cenov\u011b v\u00fdhodn\u011bj\u0161\u00ed ne\u017e tvrd\u00e9.<\/p>\n<div style=\"width: 480px;\" class=\"wp-video\"><video class=\"wp-video-shortcode\" id=\"video-3977-1\" width=\"480\" height=\"600\" loop autoplay preload=\"metadata\" controls=\"controls\"><source type=\"video\/mp4\" src=\"https:\/\/www.vos-sosmost.cz\/wp-content\/uploads\/2024\/03\/video-output-726B6828-F263-45B6-B7FA-A3E011FD2AE1.mp4?_=1\" \/><a href=\"https:\/\/www.vos-sosmost.cz\/wp-content\/uploads\/2024\/03\/video-output-726B6828-F263-45B6-B7FA-A3E011FD2AE1.mp4\">https:\/\/www.vos-sosmost.cz\/wp-content\/uploads\/2024\/03\/video-output-726B6828-F263-45B6-B7FA-A3E011FD2AE1.mp4<\/a><\/video><\/div>\n<p>&nbsp;<\/p>\n<p>&nbsp;<\/p>\n<div class=\"caldera-grid\" id=\"caldera_form_1\" data-cf-ver=\"1.9.6\" data-cf-form-id=\"CF5d81f05431da9\"><div id=\"caldera_notices_1\" data-spinner=\"https:\/\/www.vos-sosmost.cz\/wp-admin\/images\/spinner.gif\"><\/div><form data-instance=\"1\" class=\"CF5d81f05431da9 caldera_forms_form\" method=\"POST\" enctype=\"multipart\/form-data\" id=\"CF5d81f05431da9_1\" data-form-id=\"CF5d81f05431da9\" aria-label=\"Vazby\">\r\n<input type=\"hidden\" id=\"_cf_verify_CF5d81f05431da9\" name=\"_cf_verify\" value=\"073273b951\"  data-nonce-time=\"1777688396\" \/><input type=\"hidden\" name=\"_wp_http_referer\" value=\"\/index.php\/wp-json\/wp\/v2\/pages\/3977\" \/><div id=\"cf2-CF5d81f05431da9_1\"><\/div><input type=\"hidden\" name=\"_cf_frm_id\" value=\"CF5d81f05431da9\">\r\n<input type=\"hidden\" name=\"_cf_frm_ct\" value=\"1\">\r\n<input type=\"hidden\" name=\"_cf_cr_pst\" value=\"3977\">\r\n<div class=\"hide\" style=\"display:none; overflow:hidden;height:0;width:0;\">\r\n<label>Url<\/label><input type=\"text\" name=\"url\" value=\"\" autocomplete=\"off\">\r\n<\/div><div id=\"CF5d81f05431da9_1-row-1\"  class=\"row  first_row\"><div  class=\"col-sm-12  single\"><\/div><\/div><div id=\"CF5d81f05431da9_1-row-2\"  class=\"row \"><div  class=\"col-sm-6  first_col\"><div data-field-wrapper=\"fld_4602297\" class=\"form-group\" id=\"fld_4602297_1-wrap\">\r\n\t<label id=\"fld_4602297Label\" for=\"fld_4602297_1\" class=\"control-label\">Jm\u00e9no <span aria-hidden=\"true\" role=\"presentation\" class=\"field_required\" style=\"color:#ee0000;\">*<\/span><\/label>\r\n\t<div class=\"\">\r\n\t\t<input   required type=\"text\" data-field=\"fld_4602297\" class=\" form-control\" id=\"fld_4602297_1\" name=\"fld_4602297\" value=\"\" data-type=\"text\" aria-required=\"true\"   aria-labelledby=\"fld_4602297Label\" >\t\t\t<\/div>\r\n<\/div>\r\n<\/div><div  class=\"col-sm-6  last_col\"><div data-field-wrapper=\"fld_6263660\" class=\"form-group\" id=\"fld_6263660_1-wrap\">\r\n\t<label id=\"fld_6263660Label\" for=\"fld_6263660_1\" class=\"control-label\">P\u0159\u00edjmen\u00ed <span aria-hidden=\"true\" role=\"presentation\" class=\"field_required\" style=\"color:#ee0000;\">*<\/span><\/label>\r\n\t<div class=\"\">\r\n\t\t<input   required type=\"text\" data-field=\"fld_6263660\" class=\" form-control\" id=\"fld_6263660_1\" name=\"fld_6263660\" value=\"\" data-type=\"text\" aria-required=\"true\"   aria-labelledby=\"fld_6263660Label\" >\t\t\t<\/div>\r\n<\/div>\r\n<\/div><\/div><div id=\"CF5d81f05431da9_1-row-3\"  class=\"row \"><div  class=\"col-sm-6  first_col\"><div data-field-wrapper=\"fld_2234568\" class=\"form-group\" id=\"fld_2234568_1-wrap\">\r\n\t<label id=\"fld_2234568Label\" for=\"fld_2234568_1\" class=\"control-label\">E-mailov\u00e1 adresa <span aria-hidden=\"true\" role=\"presentation\" class=\"field_required\" style=\"color:#ee0000;\">*<\/span><\/label>\r\n\t<div class=\"\">\r\n\t\t<input   required type=\"email\" data-field=\"fld_2234568\" class=\" form-control\" id=\"fld_2234568_1\" name=\"fld_2234568\" value=\"\" data-type=\"email\" aria-required=\"true\"   aria-labelledby=\"fld_2234568Label\" >\t\t\t<\/div>\r\n<\/div>\r\n<\/div><div  class=\"col-sm-6  last_col\"><div data-field-wrapper=\"fld_6244362\" class=\"form-group\" id=\"fld_6244362_1-wrap\">\r\n\t<label id=\"fld_6244362Label\" for=\"fld_6244362_1\" class=\"control-label\">T\u0159\u00edda <span aria-hidden=\"true\" role=\"presentation\" class=\"field_required\" style=\"color:#ee0000;\">*<\/span><\/label>\r\n\t<div class=\"\">\r\n\t\t<input   required type=\"text\" data-field=\"fld_6244362\" class=\" form-control\" id=\"fld_6244362_1\" name=\"fld_6244362\" value=\"\" data-type=\"text\" aria-required=\"true\"   aria-labelledby=\"fld_6244362Label\" >\t\t\t<\/div>\r\n<\/div>\r\n<\/div><\/div><div id=\"CF5d81f05431da9_1-row-4\"  class=\"row \"><div  class=\"col-sm-12  single\"><div data-field-wrapper=\"fld_9740869\" class=\"form-group\" id=\"fld_9740869_1-wrap\">\r\n\t<label id=\"fld_9740869Label\" for=\"fld_9740869_1\" class=\"control-label\">Typ pr\u00e1ce <span aria-hidden=\"true\" role=\"presentation\" class=\"field_required\" style=\"color:#ee0000;\">*<\/span><\/label>\r\n\t<div class=\"\">\r\n\t\t<select name=\"fld_9740869\" value=\"\" data-field=\"fld_9740869\" class=\"form-control\" id=\"fld_9740869_1\"  required=\"required\"  aria-labelledby=\"fld_9740869Label\" >\n\t\t<option value=\"\"><\/option>\r\n\t\t\t\t\t<option value=\"Absolventsk\u00e1\"  data-calc-value=\"Absolventsk\u00e1\" >\n\t\t\t\t\t\tAbsolventsk\u00e1\t\t\t\t\t<\/option>\n\t\t\t\t\t\t\t\t\t\t<option value=\"Maturitn\u00ed\"  data-calc-value=\"Maturitn\u00ed\" >\n\t\t\t\t\t\tMaturitn\u00ed\t\t\t\t\t<\/option>\n\t\t\t\t\t\t\t<\/select>\n\t\t\t<\/div>\r\n<\/div>\r\n<div data-field-wrapper=\"fld_3052241\" class=\"form-group\" id=\"fld_3052241_1-wrap\">\r\n\t<label id=\"fld_3052241Label\" for=\"fld_3052241_1\" class=\"control-label\">N\u00e1zev pr\u00e1ce <span aria-hidden=\"true\" role=\"presentation\" class=\"field_required\" style=\"color:#ee0000;\">*<\/span><\/label>\r\n\t<div class=\"\">\r\n\t\t<input   required type=\"text\" data-field=\"fld_3052241\" class=\" form-control\" id=\"fld_3052241_1\" name=\"fld_3052241\" value=\"\" data-type=\"text\" aria-required=\"true\"   aria-labelledby=\"fld_3052241Label\" >\t\t\t<\/div>\r\n<\/div>\r\n<\/div><\/div><div id=\"CF5d81f05431da9_1-row-5\"  class=\"row \"><div  class=\"col-sm-6  first_col\"><div data-field-wrapper=\"fld_2623926\" class=\"form-group\" id=\"fld_2623926_1-wrap\">\r\n\t<label id=\"fld_2623926Label\" for=\"fld_2623926_1\" class=\"control-label\">Mno\u017estv\u00ed tvrd\u00e9 vazby <span aria-hidden=\"true\" role=\"presentation\" class=\"field_required\" style=\"color:#ee0000;\">*<\/span><\/label>\r\n\t<div class=\"\">\r\n\t\t<select name=\"fld_2623926\" value=\"\" data-field=\"fld_2623926\" class=\"form-control\" id=\"fld_2623926_1\"  required=\"required\"  aria-labelledby=\"fld_2623926Label\" >\n\t\t<option value=\"\"><\/option>\r\n\t\t\t\t\t<option value=\"0\" selected=\"selected\" data-calc-value=\"0\" >\n\t\t\t\t\t\t0\t\t\t\t\t<\/option>\n\t\t\t\t\t\t\t\t\t\t<option value=\"1\"  data-calc-value=\"1\" >\n\t\t\t\t\t\t1\t\t\t\t\t<\/option>\n\t\t\t\t\t\t\t\t\t\t<option value=\"2\"  data-calc-value=\"2\" >\n\t\t\t\t\t\t2\t\t\t\t\t<\/option>\n\t\t\t\t\t\t\t\t\t\t<option value=\"3\"  data-calc-value=\"3\" >\n\t\t\t\t\t\t3\t\t\t\t\t<\/option>\n\t\t\t\t\t\t\t\t\t\t<option value=\"4\"  data-calc-value=\"4\" >\n\t\t\t\t\t\t4\t\t\t\t\t<\/option>\n\t\t\t\t\t\t\t\t\t\t<option value=\"5\"  data-calc-value=\"5\" >\n\t\t\t\t\t\t5\t\t\t\t\t<\/option>\n\t\t\t\t\t\t\t<\/select>\n\t\t\t<\/div>\r\n<\/div>\r\n<\/div><div  class=\"col-sm-3 \"><div data-field-wrapper=\"fld_4724544\" class=\"form-group\" id=\"fld_4724544_1-wrap\">\r\n\t<label id=\"fld_4724544Label\" for=\"fld_4724544_1\" class=\"control-label\">Mno\u017estv\u00ed m\u011bkk\u00e9 vazby<\/label>\r\n\t<div class=\"\">\r\n\t\t<select name=\"fld_4724544\" value=\"\" data-field=\"fld_4724544\" class=\"form-control\" id=\"fld_4724544_1\"    aria-labelledby=\"fld_4724544Label\" aria-describedby=\"fld_4724544Caption\" >\n\t\t<option value=\"\"><\/option>\r\n\t\t\t\t\t<option value=\"0\" selected=\"selected\" data-calc-value=\"0\" >\n\t\t\t\t\t\t0\t\t\t\t\t<\/option>\n\t\t\t\t\t\t\t\t\t\t<option value=\"1\"  data-calc-value=\"1\" >\n\t\t\t\t\t\t1\t\t\t\t\t<\/option>\n\t\t\t\t\t\t\t\t\t\t<option value=\"2\"  data-calc-value=\"2\" >\n\t\t\t\t\t\t2\t\t\t\t\t<\/option>\n\t\t\t\t\t\t\t\t\t\t<option value=\"3\"  data-calc-value=\"3\" >\n\t\t\t\t\t\t3\t\t\t\t\t<\/option>\n\t\t\t\t\t\t\t\t\t\t<option value=\"4\"  data-calc-value=\"4\" >\n\t\t\t\t\t\t4\t\t\t\t\t<\/option>\n\t\t\t\t\t\t\t\t\t\t<option value=\"5\"  data-calc-value=\"5\" >\n\t\t\t\t\t\t5\t\t\t\t\t<\/option>\n\t\t\t\t\t\t\t<\/select>\n\t\t<span id=\"fld_4724544Caption\" class=\"help-block\">M\u011bkk\u00e9 desky lze vyrobit pouze pro pr\u00e1ce obsahuj\u00edc\u00ed maxim\u00e1ln\u011b 80 list\u016f!<\/span>\r\n\t<\/div>\r\n<\/div>\r\n<\/div><div  class=\"col-sm-3  last_col\"><div data-field-wrapper=\"fld_1289444\" class=\"form-group\" id=\"fld_1289444_1-wrap\">\r\n\t<label id=\"fld_1289444Label\" for=\"fld_1289444_1\" class=\"control-label\">Mno\u017estv\u00ed krou\u017ekov\u00e9 vazby<\/label>\r\n\t<div class=\"\">\r\n\t\t<select name=\"fld_1289444\" value=\"\" data-field=\"fld_1289444\" class=\"form-control\" id=\"fld_1289444_1\"    aria-labelledby=\"fld_1289444Label\" >\n\t\t<option value=\"\"><\/option>\r\n\t\t\t\t\t<option value=\"0\" selected=\"selected\" data-calc-value=\"0\" >\n\t\t\t\t\t\t0\t\t\t\t\t<\/option>\n\t\t\t\t\t\t\t\t\t\t<option value=\"1\"  data-calc-value=\"1\" >\n\t\t\t\t\t\t1\t\t\t\t\t<\/option>\n\t\t\t\t\t\t\t\t\t\t<option value=\"2\"  data-calc-value=\"2\" >\n\t\t\t\t\t\t2\t\t\t\t\t<\/option>\n\t\t\t\t\t\t\t\t\t\t<option value=\"3\"  data-calc-value=\"3\" >\n\t\t\t\t\t\t3\t\t\t\t\t<\/option>\n\t\t\t\t\t\t\t\t\t\t<option value=\"4\"  data-calc-value=\"4\" >\n\t\t\t\t\t\t4\t\t\t\t\t<\/option>\n\t\t\t\t\t\t\t\t\t\t<option value=\"5\"  data-calc-value=\"5\" >\n\t\t\t\t\t\t5\t\t\t\t\t<\/option>\n\t\t\t\t\t\t\t<\/select>\n\t\t\t<\/div>\r\n<\/div>\r\n<\/div><\/div><div id=\"CF5d81f05431da9_1-row-6\"  class=\"row \"><div  class=\"col-sm-6  first_col\"><div data-field-wrapper=\"fld_7550284\" class=\"form-group\" id=\"fld_7550284_1-wrap\">\r\n\t<label id=\"fld_7550284Label\" for=\"fld_7550284_1\" class=\"control-label\">Barva desek <span aria-hidden=\"true\" role=\"presentation\" class=\"field_required\" style=\"color:#ee0000;\">*<\/span><\/label>\r\n\t<div class=\"\">\r\n\t\t<select name=\"fld_7550284\" value=\"\" data-field=\"fld_7550284\" class=\"form-control\" id=\"fld_7550284_1\"  required=\"required\"  aria-labelledby=\"fld_7550284Label\" >\n\t\t<option value=\"\"><\/option>\r\n\t\t\t\t\t<option value=\"\u010cern\u00e1\"  data-calc-value=\"\u010cern\u00e1\" >\n\t\t\t\t\t\t\u010cern\u00e1\t\t\t\t\t<\/option>\n\t\t\t\t\t\t\t\t\t\t<option value=\"Tmav\u011b modr\u00e1\"  data-calc-value=\"Tmav\u011b modr\u00e1\" >\n\t\t\t\t\t\tTmav\u011b modr\u00e1\t\t\t\t\t<\/option>\n\t\t\t\t\t\t\t<\/select>\n\t\t\t<\/div>\r\n<\/div>\r\n<\/div><div  class=\"col-sm-6  last_col\"><div data-field-wrapper=\"fld_5857918\" class=\"form-group\" id=\"fld_5857918_1-wrap\">\r\n\t<label id=\"fld_5857918Label\" for=\"fld_5857918_1\" class=\"control-label\">Barva potisku <span aria-hidden=\"true\" role=\"presentation\" class=\"field_required\" style=\"color:#ee0000;\">*<\/span><\/label>\r\n\t<div class=\"\">\r\n\t\t<select name=\"fld_5857918\" value=\"\" data-field=\"fld_5857918\" class=\"form-control\" id=\"fld_5857918_1\"  required=\"required\"  aria-labelledby=\"fld_5857918Label\" >\n\t\t<option value=\"\"><\/option>\r\n\t\t\t\t\t<option value=\"Zlat\u00e1\"  data-calc-value=\"Zlat\u00e1\" >\n\t\t\t\t\t\tZlat\u00e1\t\t\t\t\t<\/option>\n\t\t\t\t\t\t\t\t\t\t<option value=\"St\u0159\u00edbrn\u00e1\"  data-calc-value=\"St\u0159\u00edbrn\u00e1\" >\n\t\t\t\t\t\tSt\u0159\u00edbrn\u00e1\t\t\t\t\t<\/option>\n\t\t\t\t\t\t\t<\/select>\n\t\t\t<\/div>\r\n<\/div>\r\n<\/div><\/div><div id=\"CF5d81f05431da9_1-row-7\"  class=\"row  last_row\"><div  class=\"col-sm-6  first_col\"><div data-field-wrapper=\"fld_6221069\" class=\"form-group\" id=\"fld_6221069_1-wrap\">\r\n\t<label id=\"fld_6221069Label\" for=\"fld_6221069_1\" class=\"control-label\">Po\u010det stran pr\u00e1ce <span aria-hidden=\"true\" role=\"presentation\" class=\"field_required\" style=\"color:#ee0000;\">*<\/span><\/label>\r\n\t<div class=\"\">\r\n\t\t<select name=\"fld_6221069\" value=\"\" data-field=\"fld_6221069\" class=\"form-control\" id=\"fld_6221069_1\"  required=\"required\"  aria-labelledby=\"fld_6221069Label\" >\n\t\t<option value=\"\"><\/option>\r\n\t\t\t\t\t<option value=\"Do 40\"  data-calc-value=\"Do 40\" >\n\t\t\t\t\t\tDo 40\t\t\t\t\t<\/option>\n\t\t\t\t\t\t\t\t\t\t<option value=\"41-80\"  data-calc-value=\"41-80\" >\n\t\t\t\t\t\t41-80\t\t\t\t\t<\/option>\n\t\t\t\t\t\t\t\t\t\t<option value=\"81-100\"  data-calc-value=\"81-100\" >\n\t\t\t\t\t\t81-100\t\t\t\t\t<\/option>\n\t\t\t\t\t\t\t\t\t\t<option value=\"101-120\"  data-calc-value=\"101-120\" >\n\t\t\t\t\t\t101-120\t\t\t\t\t<\/option>\n\t\t\t\t\t\t\t\t\t\t<option value=\"121-160\"  data-calc-value=\"121-160\" >\n\t\t\t\t\t\t121-160\t\t\t\t\t<\/option>\n\t\t\t\t\t\t\t\t\t\t<option value=\"161-190\"  data-calc-value=\"161-190\" >\n\t\t\t\t\t\t161-190\t\t\t\t\t<\/option>\n\t\t\t\t\t\t\t\t\t\t<option value=\"191-220\"  data-calc-value=\"191-220\" >\n\t\t\t\t\t\t191-220\t\t\t\t\t<\/option>\n\t\t\t\t\t\t\t<\/select>\n\t\t\t<\/div>\r\n<\/div>\r\n<div data-field-wrapper=\"fld_7908577\" class=\"form-group\" id=\"fld_7908577_1-wrap\">\r\n<div class=\"\">\r\n\t<input  class=\"btn btn-default\" type=\"submit\" name=\"fld_7908577\" id=\"fld_7908577_1\" value=\"Odeslat\" data-field=\"fld_7908577\"  >\n<\/div>\r\n<\/div>\r\n\t<input class=\"button_trigger_1\" type=\"hidden\" name=\"fld_7908577\" id=\"fld_7908577_1_btn\" value=\"\" data-field=\"fld_7908577\"  \/>\n<\/div><div  class=\"col-sm-6  last_col\"><div data-field-wrapper=\"fld_8671158\" class=\"form-group\" id=\"fld_8671158_1-wrap\">\r\n\t<label id=\"fld_8671158Label\" for=\"fld_8671158_1\" class=\"control-label\">Tisk pr\u00e1ce <span aria-hidden=\"true\" role=\"presentation\" class=\"field_required\" style=\"color:#ee0000;\">*<\/span><\/label>\r\n\t<div class=\"\">\r\n\t\t<select name=\"fld_8671158\" value=\"\" data-field=\"fld_8671158\" class=\"form-control\" id=\"fld_8671158_1\"  required=\"required\"  aria-labelledby=\"fld_8671158Label\" >\n\t\t<option value=\"\"><\/option>\r\n\t\t\t\t\t<option value=\"Ve \u0161kole dle cen\u00edku spole\u010dn\u011b s vazbou pr\u00e1ce\"  data-calc-value=\"Ve \u0161kole dle cen\u00edku spole\u010dn\u011b s vazbou pr\u00e1ce\" >\n\t\t\t\t\t\tVe \u0161kole dle cen\u00edku spole\u010dn\u011b s vazbou pr\u00e1ce\t\t\t\t\t<\/option>\n\t\t\t\t\t\t\t\t\t\t<option value=\"Vyti\u0161t\u011bnou pr\u00e1ci dod\u00e1m\"  data-calc-value=\"Vyti\u0161t\u011bnou pr\u00e1ci dod\u00e1m\" >\n\t\t\t\t\t\tVyti\u0161t\u011bnou pr\u00e1ci dod\u00e1m\t\t\t\t\t<\/option>\n\t\t\t\t\t\t\t<\/select>\n\t\t\t<\/div>\r\n<\/div>\r\n<\/div><\/div><\/form>\r\n<\/div>\r\n\n<p>&nbsp;<\/p>\n","protected":false},"excerpt":{"rendered":"<p>V tomto formul\u00e1\u0159i si m\u016f\u017eete objednat desky a sv\u00e1z\u00e1n\u00ed sv\u00e9 ro\u010dn\u00edkov\u00e9, maturitn\u00ed nebo absolventsk\u00e9 pr\u00e1ce. Vazba pr\u00e1ce prob\u00edh\u00e1 n\u00e1sledovn\u011b: student si objedn\u00e1 p\u0159es formul\u00e1\u0159 n\u00ed\u017ee vazbu (po objedn\u00e1vce V\u00e1m p\u0159ijde potvrzovac\u00ed e-mail). My objedn\u00e1vku zaregistrujeme, ale samotn\u00e9 desky vytvo\u0159\u00edme a\u017e <a href=\"https:\/\/www.vos-sosmost.cz\/index.php\/objednani-vazby\/\" class=\"read-more\">Read More &#8230;<\/a><\/p>\n","protected":false},"author":1,"featured_media":0,"parent":0,"menu_order":0,"comment_status":"closed","ping_status":"closed","template":"","meta":{"ngg_post_thumbnail":0,"footnotes":""},"class_list":["post-3977","page","type-page","status-publish","hentry"],"_links":{"self":[{"href":"https:\/\/www.vos-sosmost.cz\/index.php\/wp-json\/wp\/v2\/pages\/3977","targetHints":{"allow":["GET"]}}],"collection":[{"href":"https:\/\/www.vos-sosmost.cz\/index.php\/wp-json\/wp\/v2\/pages"}],"about":[{"href":"https:\/\/www.vos-sosmost.cz\/index.php\/wp-json\/wp\/v2\/types\/page"}],"author":[{"embeddable":true,"href":"https:\/\/www.vos-sosmost.cz\/index.php\/wp-json\/wp\/v2\/users\/1"}],"replies":[{"embeddable":true,"href":"https:\/\/www.vos-sosmost.cz\/index.php\/wp-json\/wp\/v2\/comments?post=3977"}],"version-history":[{"count":36,"href":"https:\/\/www.vos-sosmost.cz\/index.php\/wp-json\/wp\/v2\/pages\/3977\/revisions"}],"predecessor-version":[{"id":8550,"href":"https:\/\/www.vos-sosmost.cz\/index.php\/wp-json\/wp\/v2\/pages\/3977\/revisions\/8550"}],"wp:attachment":[{"href":"https:\/\/www.vos-sosmost.cz\/index.php\/wp-json\/wp\/v2\/media?parent=3977"}],"curies":[{"name":"wp","href":"https:\/\/api.w.org\/{rel}","templated":true}]}}