{"id":3837,"date":"2024-09-23T10:00:09","date_gmt":"2024-09-23T08:00:09","guid":{"rendered":"https:\/\/www.vos-sosmost.cz\/?page_id=3837"},"modified":"2024-09-23T19:15:11","modified_gmt":"2024-09-23T17:15:11","slug":"vysledky-2-kola-prijimaciho-rizeni-denni-vos","status":"publish","type":"page","link":"https:\/\/www.vos-sosmost.cz\/index.php\/vyssi-odborna-skola\/uchazec\/vysledky-2-kola-prijimaciho-rizeni-denni-vos\/","title":{"rendered":"V\u00fdsledky 3. kola p\u0159ij\u00edmac\u00edho \u0159\u00edzen\u00ed &#8211; denn\u00ed VO\u0160"},"content":{"rendered":"<h1>V\u00fdsledky 3. kola p\u0159ij\u00edmac\u00edho \u0159\u00edzen\u00ed na VO\u0160 23. 9. 2024<\/h1>\n<h1>denn\u00ed forma vzd\u011bl\u00e1v\u00e1n\u00ed<\/h1>\n<p>1. Soci\u00e1ln\u011b pr\u00e1vn\u00ed \u010dinnost \u2013 <a href=\"\/vos\/prijimacky\/vysledky_spc_denni_3.pdf\" target=\"_blank\" rel=\"noopener noreferrer\">v\u00fdsledkov\u00e1 listina<\/a>, <a href=\"\/vos\/prijimacky\/protokol_spc_denni_3.pdf\" target=\"_blank\" rel=\"noopener noreferrer\">protokol<\/a><\/p>\n<p>2. Firemn\u00ed ekonomika \u2013 <a href=\"\/vos\/prijimacky\/vysledky_fek_denni_3.pdf\" target=\"_blank\" rel=\"noopener noreferrer\">v\u00fdsledkov\u00e1 listina<\/a>, <a href=\"\/vos\/prijimacky\/protokol_fek_denni_3.pdf\" target=\"_blank\" rel=\"noopener noreferrer\">protokol<\/a><\/p>\n<p>3. Pr\u00e1vn\u00ed asistence \u2013 <a href=\"\/vos\/prijimacky\/vysledky_pra_denni_3.pdf\" target=\"_blank\" rel=\"noopener noreferrer\">v\u00fdsledkov\u00e1 listina<\/a>, <a href=\"\/vos\/prijimacky\/protokol_pra_denni_3.pdf\" target=\"_blank\" rel=\"noopener noreferrer\">protokol<\/a><\/p>\n<p>4. P\u0159ed\u0161koln\u00ed a mimo\u0161koln\u00ed pedagogika \u2013 <a href=\"\/vos\/prijimacky\/vysledky_pmp_denni_3.pdf\" target=\"_blank\" rel=\"noopener noreferrer\">v\u00fdsledkov\u00e1 listina<\/a>,&nbsp;<a href=\"\/vos\/prijimacky\/protokol_pmp_denni_3.pdf\" target=\"_blank\" rel=\"noopener noreferrer\">protokol<\/a><\/p>\n<p>5. Diplomovan\u00e1 v\u0161eobecn\u00e1 sestra \u2013 <a href=\"\/vos\/prijimacky\/vysledky_dvs_denni_3.pdf\" target=\"_blank\" rel=\"noopener noreferrer\">v\u00fdsledkov\u00e1 listina<\/a>, <a href=\"\/vos\/prijimacky\/protokol_dvs_denni_3.pdf\" target=\"_blank\" rel=\"noopener noreferrer\">protokol<\/a><\/p>\n<p>6. Diplomovan\u00e1 d\u011btsk\u00e1 sestra \u2013 <a href=\"\/vos\/prijimacky\/vysledky_dds_denni_3.pdf\" target=\"_blank\" rel=\"noopener noreferrer\">v\u00fdsledkov\u00e1 listina<\/a>, <a href=\"\/vos\/prijimacky\/protokol_dds_denni_3.pdf\" target=\"_blank\" rel=\"noopener noreferrer\">protokol<\/a><\/p>\n<p>7. Diplomovan\u00fd nutri\u010dn\u00ed terapeut \u2013 <a href=\"\/vos\/prijimacky\/vysledky_dnt_denni_3.pdf\" target=\"_blank\" rel=\"noopener noreferrer\">v\u00fdsledkov\u00e1 listina<\/a>, <a href=\"\/vos\/prijimacky\/protokol_dnt_denni_3.pdf\" target=\"_blank\" rel=\"noopener noreferrer\">protokol<\/a><\/p>\n<p>&nbsp;<\/p>\n<p>&nbsp;<\/p>\n<p>&nbsp;<\/p>\n","protected":false},"excerpt":{"rendered":"<p>V\u00fdsledky 3. kola p\u0159ij\u00edmac\u00edho \u0159\u00edzen\u00ed na VO\u0160 23. 9. 2024 denn\u00ed forma vzd\u011bl\u00e1v\u00e1n\u00ed 1. Soci\u00e1ln\u011b pr\u00e1vn\u00ed \u010dinnost \u2013 v\u00fdsledkov\u00e1 listina, protokol 2. Firemn\u00ed ekonomika \u2013 v\u00fdsledkov\u00e1 listina, protokol 3. Pr\u00e1vn\u00ed asistence \u2013 v\u00fdsledkov\u00e1 listina, protokol 4. P\u0159ed\u0161koln\u00ed a mimo\u0161koln\u00ed pedagogika <a href=\"https:\/\/www.vos-sosmost.cz\/index.php\/vyssi-odborna-skola\/uchazec\/vysledky-2-kola-prijimaciho-rizeni-denni-vos\/\" class=\"read-more\">Read More &#8230;<\/a><\/p>\n","protected":false},"author":2,"featured_media":2400,"parent":2336,"menu_order":0,"comment_status":"closed","ping_status":"closed","template":"","meta":{"ngg_post_thumbnail":0,"footnotes":""},"class_list":["post-3837","page","type-page","status-publish","has-post-thumbnail","hentry"],"_links":{"self":[{"href":"https:\/\/www.vos-sosmost.cz\/index.php\/wp-json\/wp\/v2\/pages\/3837","targetHints":{"allow":["GET"]}}],"collection":[{"href":"https:\/\/www.vos-sosmost.cz\/index.php\/wp-json\/wp\/v2\/pages"}],"about":[{"href":"https:\/\/www.vos-sosmost.cz\/index.php\/wp-json\/wp\/v2\/types\/page"}],"author":[{"embeddable":true,"href":"https:\/\/www.vos-sosmost.cz\/index.php\/wp-json\/wp\/v2\/users\/2"}],"replies":[{"embeddable":true,"href":"https:\/\/www.vos-sosmost.cz\/index.php\/wp-json\/wp\/v2\/comments?post=3837"}],"version-history":[{"count":15,"href":"https:\/\/www.vos-sosmost.cz\/index.php\/wp-json\/wp\/v2\/pages\/3837\/revisions"}],"predecessor-version":[{"id":8230,"href":"https:\/\/www.vos-sosmost.cz\/index.php\/wp-json\/wp\/v2\/pages\/3837\/revisions\/8230"}],"up":[{"embeddable":true,"href":"https:\/\/www.vos-sosmost.cz\/index.php\/wp-json\/wp\/v2\/pages\/2336"}],"wp:featuredmedia":[{"embeddable":true,"href":"https:\/\/www.vos-sosmost.cz\/index.php\/wp-json\/wp\/v2\/media\/2400"}],"wp:attachment":[{"href":"https:\/\/www.vos-sosmost.cz\/index.php\/wp-json\/wp\/v2\/media?parent=3837"}],"curies":[{"name":"wp","href":"https:\/\/api.w.org\/{rel}","templated":true}]}}