{"id":3710,"date":"2023-05-30T17:00:44","date_gmt":"2023-05-30T15:00:44","guid":{"rendered":"https:\/\/www.vos-sosmost.cz\/?page_id=3710"},"modified":"2025-08-01T07:40:59","modified_gmt":"2025-08-01T05:40:59","slug":"harmonogram-konzultaci-zima-2019-2020","status":"publish","type":"page","link":"https:\/\/www.vos-sosmost.cz\/index.php\/vyssi-odborna-skola\/student\/harmonogram-konzultaci-zima-2019-2020\/","title":{"rendered":"Harmonogram konzultac\u00ed &#8211; zima 2025\/2026"},"content":{"rendered":"<p><strong>Zimn\u00ed obdob\u00ed 2025\/2026<\/strong><\/p>\n<ol>\n<li>Soci\u00e1ln\u011b pr\u00e1vn\u00ed \u010dinnost &#8211; <a href=\"\/vos\/rozvrhy\/harmonogram\/spc_zima.pdf\" target=\"_blank\" rel=\"noopener noreferrer\">1.TD, 2.TD, 2.VD, 3.TD, 3.VD<\/a><\/li>\n<li>Firemn\u00ed ekonomika &#8211; <a href=\"\/vos\/rozvrhy\/harmonogram\/fek_pra_zima.pdf\" target=\"_blank\" rel=\"noopener noreferrer\">1.RD, 2.RD, 3.RD<\/a><\/li>\n<li>Pr\u00e1vn\u00ed asistence &#8211; <a href=\"\/vos\/rozvrhy\/harmonogram\/fek_pra_zima.pdf\">2.XD, 3.XD<\/a><\/li>\n<li>P\u0159ed\u0161koln\u00ed a mimo\u0161koln\u00ed pedagogika &#8211; <a href=\"\/vos\/rozvrhy\/harmonogram\/pmp_zima.pdf\" target=\"_blank\" rel=\"noopener noreferrer\">1.YD, 2.YD, 2.WD, 3.YD, 3.WD<\/a><\/li>\n<li>Diplomovan\u00e1 v\u0161eobecn\u00e1 sestra &#8211; <a href=\"\/vos\/rozvrhy\/harmonogram\/dvs_dds_1uk_1sk_zima.pdf\" target=\"_blank\" rel=\"noopener noreferrer\">1.UK,<\/a> <a href=\"\/vos\/rozvrhy\/harmonogram\/dvs_2uk_zima.pdf\" target=\"_blank\" rel=\"noopener noreferrer\">2.UK<\/a>, <a href=\"\/vos\/rozvrhy\/harmonogram\/dvs_3uk_zima.pdf\" target=\"_blank\" rel=\"noopener noreferrer\">3.UK<\/a>, <a href=\"\/vos\/rozvrhy\/harmonogram\/dvs_4uk_zima.pdf\" target=\"_blank\" rel=\"noopener noreferrer\">4.UK<\/a><\/li>\n<li>Diplomovan\u00e1 d\u011btsk\u00e1 sestra &#8211; <a href=\"\/vos\/rozvrhy\/harmonogram\/dvs_dds_1uk_1sk_zima.pdf\" target=\"_blank\" rel=\"noopener noreferrer\">1.SK<\/a><\/li>\n<li>Diplomovan\u00fd nutri\u010dn\u00ed terapeut &#8211; <a href=\"\/vos\/rozvrhy\/harmonogram\/dnt_zima.pdf\" target=\"_blank\" rel=\"noopener noreferrer\">1.ZK, 2.ZK, 3.ZK<\/a><\/li>\n<\/ol>\n","protected":false},"excerpt":{"rendered":"<p>Zimn\u00ed obdob\u00ed 2025\/2026 Soci\u00e1ln\u011b pr\u00e1vn\u00ed \u010dinnost &#8211; 1.TD, 2.TD, 2.VD, 3.TD, 3.VD Firemn\u00ed ekonomika &#8211; 1.RD, 2.RD, 3.RD Pr\u00e1vn\u00ed asistence &#8211; 2.XD, 3.XD P\u0159ed\u0161koln\u00ed a mimo\u0161koln\u00ed pedagogika &#8211; 1.YD, 2.YD, 2.WD, 3.YD, 3.WD Diplomovan\u00e1 v\u0161eobecn\u00e1 sestra &#8211; 1.UK, 2.UK, 3.UK, <a href=\"https:\/\/www.vos-sosmost.cz\/index.php\/vyssi-odborna-skola\/student\/harmonogram-konzultaci-zima-2019-2020\/\" class=\"read-more\">Read More &#8230;<\/a><\/p>\n","protected":false},"author":2,"featured_media":0,"parent":2338,"menu_order":0,"comment_status":"closed","ping_status":"closed","template":"","meta":{"ngg_post_thumbnail":0,"footnotes":""},"class_list":["post-3710","page","type-page","status-publish","hentry"],"_links":{"self":[{"href":"https:\/\/www.vos-sosmost.cz\/index.php\/wp-json\/wp\/v2\/pages\/3710","targetHints":{"allow":["GET"]}}],"collection":[{"href":"https:\/\/www.vos-sosmost.cz\/index.php\/wp-json\/wp\/v2\/pages"}],"about":[{"href":"https:\/\/www.vos-sosmost.cz\/index.php\/wp-json\/wp\/v2\/types\/page"}],"author":[{"embeddable":true,"href":"https:\/\/www.vos-sosmost.cz\/index.php\/wp-json\/wp\/v2\/users\/2"}],"replies":[{"embeddable":true,"href":"https:\/\/www.vos-sosmost.cz\/index.php\/wp-json\/wp\/v2\/comments?post=3710"}],"version-history":[{"count":18,"href":"https:\/\/www.vos-sosmost.cz\/index.php\/wp-json\/wp\/v2\/pages\/3710\/revisions"}],"predecessor-version":[{"id":8767,"href":"https:\/\/www.vos-sosmost.cz\/index.php\/wp-json\/wp\/v2\/pages\/3710\/revisions\/8767"}],"up":[{"embeddable":true,"href":"https:\/\/www.vos-sosmost.cz\/index.php\/wp-json\/wp\/v2\/pages\/2338"}],"wp:attachment":[{"href":"https:\/\/www.vos-sosmost.cz\/index.php\/wp-json\/wp\/v2\/media?parent=3710"}],"curies":[{"name":"wp","href":"https:\/\/api.w.org\/{rel}","templated":true}]}}