{"id":3669,"date":"2024-04-02T13:32:01","date_gmt":"2024-04-02T11:32:01","guid":{"rendered":"https:\/\/www.vos-sosmost.cz\/?page_id=3669"},"modified":"2026-04-09T09:36:05","modified_gmt":"2026-04-09T07:36:05","slug":"europass-dodatek-k-osvedceni-maturitnimu-vysvedceni","status":"publish","type":"page","link":"https:\/\/www.vos-sosmost.cz\/index.php\/stredni-odborna-skola\/maturita\/europass-dodatek-k-osvedceni-maturitnimu-vysvedceni\/","title":{"rendered":"Europass &#8211; dodatek k osv\u011bd\u010den\u00ed (maturitn\u00edmu vysv\u011bd\u010den\u00ed)"},"content":{"rendered":"<p><img loading=\"lazy\" decoding=\"async\" class=\"size-medium wp-image-8709 aligncenter\" src=\"https:\/\/www.vos-sosmost.cz\/wp-content\/uploads\/2025\/06\/logo-europass-300x57.jpg\" alt=\"\" width=\"300\" height=\"57\" srcset=\"https:\/\/www.vos-sosmost.cz\/wp-content\/uploads\/2025\/06\/logo-europass-300x57.jpg 300w, https:\/\/www.vos-sosmost.cz\/wp-content\/uploads\/2025\/06\/logo-europass-1024x196.jpg 1024w, https:\/\/www.vos-sosmost.cz\/wp-content\/uploads\/2025\/06\/logo-europass-768x147.jpg 768w, https:\/\/www.vos-sosmost.cz\/wp-content\/uploads\/2025\/06\/logo-europass-1536x294.jpg 1536w, https:\/\/www.vos-sosmost.cz\/wp-content\/uploads\/2025\/06\/logo-europass-2048x392.jpg 2048w, https:\/\/www.vos-sosmost.cz\/wp-content\/uploads\/2025\/06\/logo-europass-360x69.jpg 360w, https:\/\/www.vos-sosmost.cz\/wp-content\/uploads\/2025\/06\/logo-europass-24x5.jpg 24w, https:\/\/www.vos-sosmost.cz\/wp-content\/uploads\/2025\/06\/logo-europass-36x7.jpg 36w, https:\/\/www.vos-sosmost.cz\/wp-content\/uploads\/2025\/06\/logo-europass-48x9.jpg 48w\" sizes=\"auto, (max-width: 300px) 100vw, 300px\" \/><\/p>\n<p>Co je Europass &#8211; dodatek k osv\u011bd\u010den\u00ed?<\/p>\n<ul>\n<li>Tento dokument&nbsp;<strong>dopl\u0148uje osv\u011bd\u010den\u00ed o st\u0159edn\u00edm a st\u0159edn\u00edm odborn\u00e9m vzd\u011bl\u00e1n\u00ed&nbsp;<\/strong>(vysv\u011bd\u010den\u00ed o z\u00e1v\u011bre\u010dn\u00e9 zkou\u0161ce, v\u00fdu\u010dn\u00ed&nbsp;list, vysv\u011bd\u010den\u00ed o maturitn\u00ed zkou\u0161ce), kter\u00fd vyu\u017eijete p\u0159i hled\u00e1n\u00ed studia, pr\u00e1ce nebo brig\u00e1dy.<\/li>\n<li>Vztahuje se na kvalifikaci dr\u017eitele. Je tedy toto\u017en\u00fd pro v\u0161echny osoby se stejn\u00fdm oborem vzd\u011bl\u00e1v\u00e1n\u00ed. Neuv\u00e1d\u00ed se na n\u011bm jm\u00e9no, ale k\u00f3d a n\u00e1zev oboru a adresa \u0161koly.<\/li>\n<li>Na rozd\u00edl od zn\u00e1mek <strong>slovn\u011b popisuje z\u00edskan\u00e9 obecn\u00e9 a odborn\u00e9 kompetence a mo\u017en\u00e9 profesn\u00ed uplatn\u011bn\u00ed<\/strong>.<\/li>\n<li>Uv\u00e1d\u00ed dosa\u017eenou \u00farove\u0148 kvalifikace podle Evropsk\u00e9ho r\u00e1mce kvalifikac\u00ed&nbsp;(<u><a href=\"http:\/\/www.nuv.cz\/eqf\">EQF<\/a><\/u>),&nbsp;kter\u00e1 umo\u017e\u0148uje porozum\u011bt a porovnat dosa\u017eenou kvalifikaci s&nbsp;jin\u00fdm syst\u00e9mem&nbsp;v&nbsp;Evrop\u011b.<\/li>\n<li>Je vyd\u00e1v\u00e1n <strong>zdarma<\/strong>.<\/li>\n<li>V\u00edce informac\u00ed najdete na&nbsp;<a href=\"https:\/\/edo.europass.cz\/\">https:\/\/edo.europass.cz<\/a><\/li>\n<\/ul>\n<table style=\"width: 100%; height: 216px;\">\n<tbody>\n<tr style=\"height: 24px;\">\n<td style=\"width: 37.5661%; height: 24px;\">63-41-M\/02<\/td>\n<td style=\"width: 38.0952%; height: 24px;\">Obchodn\u00ed akademie<\/td>\n<td style=\"width: 5.95238%; text-align: center; height: 24px;\"><a href=\"\/sos\/europass\/2026_edo_oa_cestina.pdf\" target=\"_blank\" rel=\"noopener noreferrer\">CZ<\/a><\/td>\n<td style=\"width: 5.68784%; text-align: center; height: 24px;\"><a href=\"\/sos\/europass\/2026_edo_oa_anglictina.pdf\" target=\"_blank\" rel=\"noopener noreferrer\">EN<\/a><\/td>\n<td style=\"width: 6.08465%; text-align: center; height: 24px;\"><a href=\"\/sos\/europass\/2026_edo_oa_nemcina.pdf\" target=\"_blank\" rel=\"noopener noreferrer\">DE<\/a><\/td>\n<td style=\"width: 4.62964%; height: 24px; text-align: center;\"><a href=\"\/sos\/europass\/2026_edo_oa_francouzstina.pdf\">FR<\/a><\/td>\n<\/tr>\n<tr style=\"height: 24px;\">\n<td style=\"width: 37.5661%; height: 24px;\">78-42-M\/02<\/td>\n<td style=\"width: 38.0952%; height: 24px;\">Ekonomick\u00e9 lyceum<\/td>\n<td style=\"width: 5.95238%; text-align: center; height: 24px;\"><a href=\"\/sos\/europass\/2026_edo_el_cestina.pdf\" target=\"_blank\" rel=\"noopener noreferrer\">CZ<\/a><\/td>\n<td style=\"width: 5.68784%; text-align: center; height: 24px;\"><a href=\"\/sos\/europass\/2026_edo_el_anglictina.pdf\" target=\"_blank\" rel=\"noopener noreferrer\">EN<\/a><\/td>\n<td style=\"width: 6.08465%; text-align: center; height: 24px;\"><a href=\"\/sos\/europass\/2026_edo_el_nemcina.pdf\" target=\"_blank\" rel=\"noopener noreferrer\">DE<\/a><\/td>\n<td style=\"width: 4.62964%; height: 24px; text-align: center;\"><a href=\"\/sos\/europass\/2026_edo_el_francouzstina.pdf\">FR<\/a><\/td>\n<\/tr>\n<tr style=\"height: 24px;\">\n<td style=\"width: 37.5661%; height: 24px;\">75-31-M\/01<\/td>\n<td style=\"width: 38.0952%; height: 24px;\">P\u0159ed\u0161koln\u00ed a mimo\u0161koln\u00ed pedagogika<\/td>\n<td style=\"width: 5.95238%; text-align: center; height: 24px;\"><a href=\"\/sos\/europass\/2026_edo_pmp_cestina.pdf\" target=\"_blank\" rel=\"noopener noreferrer\">CZ<\/a><\/td>\n<td style=\"width: 5.68784%; text-align: center; height: 24px;\"><a href=\"\/sos\/europass\/2026_edo_pmp_anglictina.pdf\" target=\"_blank\" rel=\"noopener noreferrer\">EN<\/a><\/td>\n<td style=\"width: 6.08465%; text-align: center; height: 24px;\"><a href=\"\/sos\/europass\/2026_edo_pmp_nemcina.pdf\" target=\"_blank\" rel=\"noopener noreferrer\">DE<\/a><\/td>\n<td style=\"width: 4.62964%; height: 24px; text-align: center;\">&#8211;<\/td>\n<\/tr>\n<tr style=\"height: 24px;\">\n<td style=\"width: 37.5661%; height: 24px;\">78-42-M\/03<\/td>\n<td style=\"width: 38.0952%; height: 24px;\">Pedagogick\u00e9 lyceum<\/td>\n<td style=\"width: 5.95238%; text-align: center; height: 24px;\"><a href=\"\/sos\/europass\/2026_edo_pl_cestina.pdf\" target=\"_blank\" rel=\"noopener noreferrer\">CZ<\/a><\/td>\n<td style=\"width: 5.68784%; text-align: center; height: 24px;\"><a href=\"\/sos\/europass\/2026_edo_pl_anglictina.pdf\" target=\"_blank\" rel=\"noopener noreferrer\">EN<\/a><\/td>\n<td style=\"width: 6.08465%; text-align: center; height: 24px;\"><a href=\"\/sos\/europass\/2026_edo_pl_nemcina.pdf\" target=\"_blank\" rel=\"noopener noreferrer\">DE<\/a><\/td>\n<td style=\"width: 4.62964%; height: 24px; text-align: center;\"><a href=\"\/sos\/europass\/2026_edo_pl_francouzstina.pdf\">FR<\/a><\/td>\n<\/tr>\n<tr style=\"height: 24px;\">\n<td style=\"width: 37.5661%; height: 24px;\">53-41-M\/03<\/td>\n<td style=\"width: 38.0952%; height: 24px;\">Praktick\u00e1 sestra<\/td>\n<td style=\"width: 5.95238%; text-align: center; height: 24px;\"><a href=\"\/sos\/europass\/2026_edo_ps_cestina.pdf\" target=\"_blank\" rel=\"noopener noreferrer\">CZ<\/a><\/td>\n<td style=\"width: 5.68784%; text-align: center; height: 24px;\"><a href=\"\/sos\/europass\/2026_edo_ps_anglictina.pdf\" target=\"_blank\" rel=\"noopener noreferrer\">EN<\/a><\/td>\n<td style=\"width: 6.08465%; text-align: center; height: 24px;\"><a href=\"\/sos\/europass\/2026_edo_ps_nemcina.pdf\" target=\"_blank\" rel=\"noopener noreferrer\">DE<\/a><\/td>\n<td style=\"width: 4.62964%; height: 24px; text-align: center;\"><a href=\"\/sos\/europass\/2026_edo_ps_francouzstina.pdf\">FR<\/a><\/td>\n<\/tr>\n<tr style=\"height: 24px;\">\n<td style=\"width: 37.5661%; height: 24px;\">78-42-M\/04<\/td>\n<td style=\"width: 38.0952%; height: 24px;\">Zdravotnick\u00e9 lyceum<\/td>\n<td style=\"width: 5.95238%; text-align: center; height: 24px;\"><a href=\"\/sos\/europass\/2026_edo_zl_cestina.pdf\" target=\"_blank\" rel=\"noopener noreferrer\">CZ<\/a><\/td>\n<td style=\"width: 5.68784%; text-align: center; height: 24px;\"><a href=\"\/sos\/europass\/2026_edo_zl_anglictina.pdf\" target=\"_blank\" rel=\"noopener noreferrer\">EN<\/a><\/td>\n<td style=\"width: 6.08465%; text-align: center; height: 24px;\"><a href=\"\/sos\/europass\/2026_edo_zl_nemcina.pdf\" target=\"_blank\" rel=\"noopener noreferrer\">DE<\/a><\/td>\n<td style=\"width: 4.62964%; height: 24px; text-align: center;\"><a href=\"\/sos\/europass\/2026_edo_zl_francouzstina.pdf\">FR<\/a><\/td>\n<\/tr>\n<tr style=\"height: 24px;\">\n<td style=\"width: 37.5661%; height: 24px;\">69-41-L\/02<\/td>\n<td style=\"width: 38.0952%; height: 24px;\">Mas\u00e9r ve zdravotnictv\u00ed<\/td>\n<td style=\"width: 5.95238%; text-align: center; height: 24px;\"><a href=\"\/sos\/europass\/2026_edo_msz_cestina.pdf\" target=\"_blank\" rel=\"noopener noreferrer\">CZ<\/a><\/td>\n<td style=\"width: 5.68784%; text-align: center; height: 24px;\"><a href=\"\/sos\/europass\/2026_edo_msz_anglictina.pdf\" target=\"_blank\" rel=\"noopener noreferrer\">EN<\/a><\/td>\n<td style=\"width: 6.08465%; text-align: center; height: 24px;\"><a href=\"\/sos\/europass\/2026_edo_msz_nemcina.pdf\" target=\"_blank\" rel=\"noopener noreferrer\">DE<\/a><\/td>\n<td style=\"width: 4.62964%; height: 24px; text-align: center;\"><a href=\"\/sos\/europass\/2026_edo_msz_francouzstina.pdf\">FR<\/a><\/td>\n<\/tr>\n<tr style=\"height: 24px;\">\n<td style=\"width: 37.5661%; height: 24px;\">75-41-M\/01<\/td>\n<td style=\"width: 38.0952%; height: 24px;\">Soci\u00e1ln\u00ed \u010dinnost<\/td>\n<td style=\"width: 5.95238%; text-align: center; height: 24px;\"><a href=\"\/sos\/europass\/2026_edo_sc_cestina.pdf\" target=\"_blank\" rel=\"noopener noreferrer\">CZ<\/a><\/td>\n<td style=\"width: 5.68784%; text-align: center; height: 24px;\"><a href=\"\/sos\/europass\/2026_edo_sc_anglictina.pdf\" target=\"_blank\" rel=\"noopener noreferrer\">EN<\/a><\/td>\n<td style=\"width: 6.08465%; text-align: center; height: 24px;\"><a href=\"\/sos\/europass\/2026_edo_sc_nemcina.pdf\" target=\"_blank\" rel=\"noopener noreferrer\">DE<\/a><\/td>\n<td style=\"width: 4.62964%; height: 24px; text-align: center;\"><a href=\"\/sos\/europass\/2026_edo_sc_francouzstina.pdf\">FR<\/a><\/td>\n<\/tr>\n<tr style=\"height: 24px;\">\n<td style=\"width: 37.5661%; height: 24px;\">53-41-H\/01<\/td>\n<td style=\"width: 38.0952%; height: 24px;\">O\u0161et\u0159ovatel<\/td>\n<td style=\"width: 5.95238%; text-align: center; height: 24px;\"><a href=\"\/sos\/europass\/2026_edo_ose_cestina.pdf\" target=\"_blank\" rel=\"noopener noreferrer\">CZ<\/a><\/td>\n<td style=\"width: 5.68784%; text-align: center; height: 24px;\"><a href=\"\/sos\/europass\/2026_edo_ose_anglictina.pdf\" target=\"_blank\" rel=\"noopener noreferrer\">EN<\/a><\/td>\n<td style=\"width: 6.08465%; text-align: center; height: 24px;\"><a href=\"\/sos\/europass\/2026_edo_ose_nemcina.pdf\" target=\"_blank\" rel=\"noopener noreferrer\">DE<\/a><\/td>\n<td style=\"width: 4.62964%; text-align: center; height: 24px;\">&#8211;<\/td>\n<\/tr>\n<\/tbody>\n<\/table>\n<p>&nbsp;<\/p>\n","protected":false},"excerpt":{"rendered":"<p>Co je Europass &#8211; dodatek k osv\u011bd\u010den\u00ed? Tento dokument&nbsp;dopl\u0148uje osv\u011bd\u010den\u00ed o st\u0159edn\u00edm a st\u0159edn\u00edm odborn\u00e9m vzd\u011bl\u00e1n\u00ed&nbsp;(vysv\u011bd\u010den\u00ed o z\u00e1v\u011bre\u010dn\u00e9 zkou\u0161ce, v\u00fdu\u010dn\u00ed&nbsp;list, vysv\u011bd\u010den\u00ed o maturitn\u00ed zkou\u0161ce), kter\u00fd vyu\u017eijete p\u0159i hled\u00e1n\u00ed studia, pr\u00e1ce nebo brig\u00e1dy. Vztahuje se na kvalifikaci dr\u017eitele. Je tedy toto\u017en\u00fd <a href=\"https:\/\/www.vos-sosmost.cz\/index.php\/stredni-odborna-skola\/maturita\/europass-dodatek-k-osvedceni-maturitnimu-vysvedceni\/\" class=\"read-more\">Read More &#8230;<\/a><\/p>\n","protected":false},"author":2,"featured_media":0,"parent":4072,"menu_order":0,"comment_status":"closed","ping_status":"closed","template":"","meta":{"ngg_post_thumbnail":0,"footnotes":""},"class_list":["post-3669","page","type-page","status-publish","hentry"],"_links":{"self":[{"href":"https:\/\/www.vos-sosmost.cz\/index.php\/wp-json\/wp\/v2\/pages\/3669","targetHints":{"allow":["GET"]}}],"collection":[{"href":"https:\/\/www.vos-sosmost.cz\/index.php\/wp-json\/wp\/v2\/pages"}],"about":[{"href":"https:\/\/www.vos-sosmost.cz\/index.php\/wp-json\/wp\/v2\/types\/page"}],"author":[{"embeddable":true,"href":"https:\/\/www.vos-sosmost.cz\/index.php\/wp-json\/wp\/v2\/users\/2"}],"replies":[{"embeddable":true,"href":"https:\/\/www.vos-sosmost.cz\/index.php\/wp-json\/wp\/v2\/comments?post=3669"}],"version-history":[{"count":16,"href":"https:\/\/www.vos-sosmost.cz\/index.php\/wp-json\/wp\/v2\/pages\/3669\/revisions"}],"predecessor-version":[{"id":9367,"href":"https:\/\/www.vos-sosmost.cz\/index.php\/wp-json\/wp\/v2\/pages\/3669\/revisions\/9367"}],"up":[{"embeddable":true,"href":"https:\/\/www.vos-sosmost.cz\/index.php\/wp-json\/wp\/v2\/pages\/4072"}],"wp:attachment":[{"href":"https:\/\/www.vos-sosmost.cz\/index.php\/wp-json\/wp\/v2\/media?parent=3669"}],"curies":[{"name":"wp","href":"https:\/\/api.w.org\/{rel}","templated":true}]}}