{"id":3427,"date":"2019-04-02T11:22:19","date_gmt":"2019-04-02T09:22:19","guid":{"rendered":"https:\/\/www.vos-sosmost.cz\/?page_id=3427"},"modified":"2026-04-21T07:32:37","modified_gmt":"2026-04-21T05:32:37","slug":"prihlaska-do-specializacniho-kurzu","status":"publish","type":"page","link":"https:\/\/www.vos-sosmost.cz\/index.php\/stredni-odborna-skola\/prihlaska-do-specializacniho-kurzu\/","title":{"rendered":"P\u0159ihl\u00e1\u0161ka a informace ke specializa\u010dn\u00edm kurz\u016fm"},"content":{"rendered":"<p><strong>Informa\u010dn\u00ed let\u00e1ky:<\/strong><\/p>\n<p><a href=\"https:\/\/www.vos-sosmost.cz\/wp-content\/uploads\/2026\/04\/vytvarny-kurz-program-VVS-2026_Milerova-J.pdf\" target=\"_blank\" rel=\"noopener\">Program v\u00fdtvarn\u00e9ho kurzu<\/a><\/p>\n<p>&nbsp;<\/p>\n<div class=\"caldera-grid\" id=\"caldera_form_1\" data-cf-ver=\"1.9.6\" data-cf-form-id=\"CF5ca1ae8943a7a\"><div id=\"caldera_notices_1\" data-spinner=\"https:\/\/www.vos-sosmost.cz\/wp-admin\/images\/spinner.gif\"><\/div><form data-instance=\"1\" class=\"CF5ca1ae8943a7a caldera_forms_form\" method=\"POST\" enctype=\"multipart\/form-data\" id=\"CF5ca1ae8943a7a_1\" data-form-id=\"CF5ca1ae8943a7a\" aria-label=\"Specializa\u010dn&iacute; kurzy\">\r\n<input type=\"hidden\" id=\"_cf_verify_CF5ca1ae8943a7a\" name=\"_cf_verify\" value=\"96037f6811\"  data-nonce-time=\"1776764900\" \/><input type=\"hidden\" name=\"_wp_http_referer\" value=\"\/index.php\/wp-json\/wp\/v2\/pages\/3427\" \/><div id=\"cf2-CF5ca1ae8943a7a_1\"><\/div><input type=\"hidden\" name=\"_cf_frm_id\" value=\"CF5ca1ae8943a7a\">\r\n<input type=\"hidden\" name=\"_cf_frm_ct\" value=\"1\">\r\n<input type=\"hidden\" name=\"_cf_cr_pst\" value=\"3427\">\r\n<div class=\"hide\" style=\"display:none; overflow:hidden;height:0;width:0;\">\r\n<label>Order Number<\/label><input type=\"text\" name=\"order_number\" value=\"\" autocomplete=\"off\">\r\n<\/div><div id=\"CF5ca1ae8943a7a_1-row-1\"  class=\"row  first_row\"><div  class=\"col-sm-6  first_col\"><div data-field-wrapper=\"fld_8768091\" class=\"form-group\" id=\"fld_8768091_1-wrap\">\r\n\t<label id=\"fld_8768091Label\" for=\"fld_8768091_1\" class=\"control-label\">Jm\u00e9no <span aria-hidden=\"true\" role=\"presentation\" class=\"field_required\" style=\"color:#ee0000;\">*<\/span><\/label>\r\n\t<div class=\"\">\r\n\t\t<input   required type=\"text\" data-field=\"fld_8768091\" class=\" form-control\" id=\"fld_8768091_1\" name=\"fld_8768091\" value=\"\" data-type=\"text\" aria-required=\"true\"   aria-labelledby=\"fld_8768091Label\" >\t\t\t<\/div>\r\n<\/div>\r\n<div data-field-wrapper=\"fld_9970286\" class=\"form-group\" id=\"fld_9970286_1-wrap\">\r\n\t<label id=\"fld_9970286Label\" for=\"fld_9970286_1\" class=\"control-label\">P\u0159\u00edjmen\u00ed <span aria-hidden=\"true\" role=\"presentation\" class=\"field_required\" style=\"color:#ee0000;\">*<\/span><\/label>\r\n\t<div class=\"\">\r\n\t\t<input   required type=\"text\" data-field=\"fld_9970286\" class=\" form-control\" id=\"fld_9970286_1\" name=\"fld_9970286\" value=\"\" data-type=\"text\" aria-required=\"true\"   aria-labelledby=\"fld_9970286Label\" >\t\t\t<\/div>\r\n<\/div>\r\n<div data-field-wrapper=\"fld_4755410\" class=\"form-group\" id=\"fld_4755410_1-wrap\">\r\n\t<label id=\"fld_4755410Label\" for=\"fld_4755410_1\" class=\"control-label\">V\u00fdb\u011br kurzu <span aria-hidden=\"true\" role=\"presentation\" class=\"field_required\" style=\"color:#ee0000;\">*<\/span><\/label>\r\n\t<div class=\"\">\r\n\t\t<select name=\"fld_4755410\" value=\"\" data-field=\"fld_4755410\" class=\"form-control\" id=\"fld_4755410_1\"  required=\"required\"  aria-labelledby=\"fld_4755410Label\" >\n\t\t<option value=\"\"><\/option>\r\n\t\t\t\t\t<option value=\"V\u00fdtvarn\u00fd kurz\"  data-calc-value=\"V\u00fdtvarn\u00fd kurz\" >\n\t\t\t\t\t\tV\u00fdtvarn\u00fd kurz\t\t\t\t\t<\/option>\n\t\t\t\t\t\t\t<\/select>\n\t\t\t<\/div>\r\n<\/div>\r\n<\/div><div  class=\"col-sm-6  last_col\"><div data-field-wrapper=\"fld_3466643\" class=\"form-group\" id=\"fld_3466643_1-wrap\">\r\n\t<label id=\"fld_3466643Label\" for=\"fld_3466643_1\" class=\"control-label\">Datum narozen\u00ed <span aria-hidden=\"true\" role=\"presentation\" class=\"field_required\" style=\"color:#ee0000;\">*<\/span><\/label>\r\n\t<div class=\"\">\r\n\t\t<input  data-inputmask=\"'mask': '99.99.9999'\"  required type=\"text\" data-field=\"fld_3466643\" class=\" form-control\" id=\"fld_3466643_1\" name=\"fld_3466643\" value=\"\" data-type=\"text\" aria-required=\"true\"   aria-labelledby=\"fld_3466643Label\" >\t\t\t<\/div>\r\n<\/div>\r\n<div data-field-wrapper=\"fld_4859523\" class=\"form-group\" id=\"fld_4859523_1-wrap\">\r\n\t<label id=\"fld_4859523Label\" for=\"fld_4859523_1\" class=\"control-label\">E-mailov\u00e1 adresa <span aria-hidden=\"true\" role=\"presentation\" class=\"field_required\" style=\"color:#ee0000;\">*<\/span><\/label>\r\n\t<div class=\"\">\r\n\t\t<input   required type=\"email\" data-field=\"fld_4859523\" class=\" form-control\" id=\"fld_4859523_1\" name=\"fld_4859523\" value=\"\" data-type=\"email\" aria-required=\"true\"   aria-labelledby=\"fld_4859523Label\" >\t\t\t<\/div>\r\n<\/div>\r\n<div data-field-wrapper=\"fld_2644356\" class=\"form-group\" id=\"fld_2644356_1-wrap\">\r\n\t<label id=\"fld_2644356Label\" for=\"fld_2644356_1\" class=\"control-label\">Potvrdit e-mailovou adresu <span aria-hidden=\"true\" role=\"presentation\" class=\"field_required\" style=\"color:#ee0000;\">*<\/span><\/label>\r\n\t<div class=\"\">\r\n\t\t<input   required type=\"email\" data-field=\"fld_2644356\" class=\" form-control\" id=\"fld_2644356_1\" name=\"fld_2644356\" value=\"\" data-type=\"email\" aria-required=\"true\"   aria-labelledby=\"fld_2644356Label\" >\t\t\t<\/div>\r\n<\/div>\r\n<div data-field-wrapper=\"fld_8403941\" class=\"form-group\" id=\"fld_8403941_1-wrap\">\r\n\t<label id=\"fld_8403941Label\" for=\"fld_8403941_1\" class=\"control-label\">Telefonn\u00ed \u010d\u00edslo na \u017e\u00e1ka <span aria-hidden=\"true\" role=\"presentation\" class=\"field_required\" style=\"color:#ee0000;\">*<\/span><\/label>\r\n\t<div class=\"\">\r\n\t\t<input   required type=\"text\" data-field=\"fld_8403941\" class=\" form-control\" id=\"fld_8403941_1\" name=\"fld_8403941\" value=\"\" data-type=\"text\" aria-required=\"true\"   aria-labelledby=\"fld_8403941Label\" >\t\t\t<\/div>\r\n<\/div>\r\n<\/div><\/div><div id=\"CF5ca1ae8943a7a_1-row-2\"  class=\"row \"><div  class=\"col-sm-6  first_col\"><div data-field-wrapper=\"fld_7369952\" class=\"form-group\" id=\"fld_7369952_1-wrap\">\r\n\t<label id=\"fld_7369952Label\" for=\"fld_7369952_1\" class=\"control-label\">Kontakt na z\u00e1konn\u00e9ho z\u00e1stupce <span aria-hidden=\"true\" role=\"presentation\" class=\"field_required\" style=\"color:#ee0000;\">*<\/span><\/label>\r\n\t<div class=\"\">\r\n\t\t<input  data-inputmask=\"'mask': '999 999 999'\"  required type=\"phone\" data-field=\"fld_7369952\" class=\" form-control\" id=\"fld_7369952_1\" name=\"fld_7369952\" value=\"\" data-type=\"phone\" aria-required=\"true\"   aria-labelledby=\"fld_7369952Label\" >\t\t\t<\/div>\r\n<\/div>\r\n<\/div><div  class=\"col-sm-6  last_col\"><div data-field-wrapper=\"fld_6760540\" class=\"form-group\" id=\"fld_6760540_1-wrap\">\r\n\t<label id=\"fld_6760540Label\" for=\"fld_6760540_1\" class=\"control-label\">Jm\u00e9no z\u00e1konn\u00e9ho z\u00e1stupce <span aria-hidden=\"true\" role=\"presentation\" class=\"field_required\" style=\"color:#ee0000;\">*<\/span><\/label>\r\n\t<div class=\"\">\r\n\t\t<input   required type=\"text\" data-field=\"fld_6760540\" class=\" form-control\" id=\"fld_6760540_1\" name=\"fld_6760540\" value=\"\" data-type=\"text\" aria-required=\"true\"   aria-labelledby=\"fld_6760540Label\" >\t\t\t<\/div>\r\n<\/div>\r\n<\/div><\/div><div id=\"CF5ca1ae8943a7a_1-row-3\"  class=\"row \"><div  class=\"col-sm-12  single\"><div data-field-wrapper=\"fld_8191426\" class=\"form-group\" id=\"fld_8191426_1-wrap\">\r\n\t<label id=\"fld_8191426Label\" for=\"fld_8191426_1\" class=\"control-label\">V\u00fdjimky ve stravov\u00e1n\u00ed <span aria-hidden=\"true\" role=\"presentation\" class=\"field_required\" style=\"color:#ee0000;\">*<\/span><\/label>\r\n\t<div class=\"\">\r\n\t\t<select name=\"fld_8191426\" value=\"\" data-field=\"fld_8191426\" class=\"form-control\" id=\"fld_8191426_1\"  required=\"required\"  aria-labelledby=\"fld_8191426Label\" >\n\t\t<option value=\"\"><\/option>\r\n\t\t\t\t\t<option value=\"\u017d\u00e1dn\u00e9\"  data-calc-value=\"\u017d\u00e1dn\u00e9\" >\n\t\t\t\t\t\t\u017d\u00e1dn\u00e9\t\t\t\t\t<\/option>\n\t\t\t\t\t\t\t\t\t\t<option value=\"Lakt\u00f3za\"  data-calc-value=\"Lakt\u00f3za\" >\n\t\t\t\t\t\tLakt\u00f3za\t\t\t\t\t<\/option>\n\t\t\t\t\t\t\t\t\t\t<option value=\"Vegetari\u00e1n\"  data-calc-value=\"Vegetari\u00e1n\" >\n\t\t\t\t\t\tVegetari\u00e1n\t\t\t\t\t<\/option>\n\t\t\t\t\t\t\t\t\t\t<option value=\"Lepek\"  data-calc-value=\"Lepek\" >\n\t\t\t\t\t\tLepek\t\t\t\t\t<\/option>\n\t\t\t\t\t\t\t\t\t\t<option value=\"Jin\u00e9\"  data-calc-value=\"Jin\u00e9\" >\n\t\t\t\t\t\tJin\u00e9\t\t\t\t\t<\/option>\n\t\t\t\t\t\t\t<\/select>\n\t\t\t<\/div>\r\n<\/div>\r\n<span class=\"caldera-forms-conditional-field\" role=\"region\" aria-live=\"polite\" id=\"conditional_fld_2481760_1\" data-field-id=\"fld_2481760_1\"><\/span><div data-field-wrapper=\"fld_1561316\" class=\"form-group\" id=\"fld_1561316_1-wrap\">\r\n\t<label id=\"fld_1561316Label\" for=\"fld_1561316_1\" class=\"control-label\">Zdravont\u00ed stav <span aria-hidden=\"true\" role=\"presentation\" class=\"field_required\" style=\"color:#ee0000;\">*<\/span><\/label>\r\n\t<div class=\"\">\r\n\t\t<select name=\"fld_1561316\" value=\"\" data-field=\"fld_1561316\" class=\"form-control\" id=\"fld_1561316_1\"  required=\"required\"  aria-labelledby=\"fld_1561316Label\" >\n\t\t<option value=\"\"><\/option>\r\n\t\t\t\t\t<option value=\"\u017d\u00e1dn\u00e9 zdravotn\u00ed pot\u00ed\u017ee\"  data-calc-value=\"\u017d\u00e1dn\u00e9 zdravotn\u00ed pot\u00ed\u017ee\" >\n\t\t\t\t\t\t\u017d\u00e1dn\u00e9 zdravotn\u00ed pot\u00ed\u017ee\t\t\t\t\t<\/option>\n\t\t\t\t\t\t\t\t\t\t<option value=\"Vyjemnovat zdravotn\u00ed pot\u00ed\u017ee\"  data-calc-value=\"Vyjemnovat zdravotn\u00ed pot\u00ed\u017ee\" >\n\t\t\t\t\t\tVyjemnovat zdravotn\u00ed pot\u00ed\u017ee\t\t\t\t\t<\/option>\n\t\t\t\t\t\t\t<\/select>\n\t\t\t<\/div>\r\n<\/div>\r\n<span class=\"caldera-forms-conditional-field\" role=\"region\" aria-live=\"polite\" id=\"conditional_fld_895951_1\" data-field-id=\"fld_895951_1\"><\/span><div data-field-wrapper=\"fld_4437267\" class=\"form-group\" id=\"fld_4437267_1-wrap\">\r\n\t<label id=\"fld_4437267Label\" for=\"fld_4437267_1\" class=\"control-label\">Pravideln\u00e9 l\u00e9ky<\/label>\r\n\t<div class=\"\">\r\n\t\t<input    type=\"text\" data-field=\"fld_4437267\" class=\" form-control\" id=\"fld_4437267_1\" name=\"fld_4437267\" value=\"\" data-type=\"text\"   aria-labelledby=\"fld_4437267Label\" >\t\t\t<\/div>\r\n<\/div>\r\n<\/div><\/div><div id=\"CF5ca1ae8943a7a_1-row-4\"  class=\"row \"><div  class=\"col-sm-12  single\"><div data-field-wrapper=\"fld_4081865\" class=\"form-group\" id=\"fld_4081865_1-wrap\">\r\n\t<label id=\"fld_4081865Label\" for=\"fld_4081865_1\" class=\"control-label screen-reader-text sr-only\">GDPR<\/label>\r\n\t<div class=\"\">\r\n\t\t\t\t\t\t\t\t\t\t\t<div class=\"checkbox\">\n\t\t\t\t\n                <label                         for=\"fld_4081865_1_opt1595443\"\n                >\n                            <input\n                                data-parsley-required=\"true\" data-parsley-group=\"fld_4081865_1\" data-parsley-multiple=\"fld_4081865_1\"                                type=\"checkbox\"\n                                data-label=\"Souhlas\u00edm se zpracov\u00e1n\u00edm osobn\u00edch \u00fadaj\u016f, kter\u00e9 \u0161kola vyu\u017e\u00edv\u00e1 pouze po dobu trv\u00e1n\u00ed kurzu, a kter\u00e9 vy\u017eaduje pouze pro administraci a komunikaci s \u00fa\u010dastn\u00edkem. Bli\u017e\u0161\u00ed informace o ochran\u011b osobn\u00edch \u00fadaj\u016f lze z\u00edskat na str\u00e1nce \u0161koly v z\u00e1lo\u017ece O \u0161kole -&gt; GDPR.  \"\n                                data-field=\"fld_4081865\"\n                                id=\"fld_4081865_1_opt1595443\"\n                                class=\"fld_4081865_1 option-required\"\n                                name=\"fld_4081865[opt1595443]\"\n                                value=\"Souhlas\u00edm se zpracov\u00e1n\u00edm osobn\u00edch \u00fadaj\u016f, kter\u00e9 \u0161kola vyu\u017e\u00edv\u00e1 pouze po dobu trv\u00e1n\u00ed kurzu, a kter\u00e9 vy\u017eaduje pouze pro administraci a komunikaci s \u00fa\u010dastn\u00edkem. Bli\u017e\u0161\u00ed informace o ochran\u011b osobn\u00edch \u00fadaj\u016f lze z\u00edskat na str\u00e1nce \u0161koly v z\u00e1lo\u017ece O \u0161kole -&gt; GDPR.  \"\n                                                                data-type=\"checkbox\"\n                                data-checkbox-field=\"fld_4081865_1\"\n                                                                data-calc-value=\"Souhlas\u00edm se zpracov\u00e1n\u00edm osobn\u00edch \u00fadaj\u016f, kter\u00e9 \u0161kola vyu\u017e\u00edv\u00e1 pouze po dobu trv\u00e1n\u00ed kurzu, a kter\u00e9 vy\u017eaduje pouze pro administraci a komunikaci s \u00fa\u010dastn\u00edkem. Bli\u017e\u0161\u00ed informace o ochran\u011b osobn\u00edch \u00fadaj\u016f lze z\u00edskat na str\u00e1nce \u0161koly v z\u00e1lo\u017ece O \u0161kole -&gt; GDPR.  \"\n                            >\n                    Souhlas\u00edm se zpracov\u00e1n\u00edm osobn\u00edch \u00fadaj\u016f, kter\u00e9 \u0161kola vyu\u017e\u00edv\u00e1 pouze po dobu trv\u00e1n\u00ed kurzu, a kter\u00e9 vy\u017eaduje pouze pro administraci a komunikaci s \u00fa\u010dastn\u00edkem. Bli\u017e\u0161\u00ed informace o ochran\u011b osobn\u00edch \u00fadaj\u016f lze z\u00edskat na str\u00e1nce \u0161koly v z\u00e1lo\u017ece O \u0161kole -> GDPR.                  <\/label>\n\n                \t\t\t\t\t<\/div>\n\t\t\t\t\t\t\t\t\t\t\t<\/div>\r\n<\/div>\r\n<span class=\"caldera-forms-conditional-field\" role=\"region\" aria-live=\"polite\" id=\"conditional_fld_7908577_1\" data-field-id=\"fld_7908577_1\"><div data-field-wrapper=\"fld_7908577\" class=\"form-group\" id=\"fld_7908577_1-wrap\">\r\n<div class=\"\">\r\n\t<input  class=\"btn btn-default\" type=\"submit\" name=\"fld_7908577\" id=\"fld_7908577_1\" value=\"P\u0159ihl\u00e1sit se\" data-field=\"fld_7908577\"  >\n<\/div>\r\n<\/div>\r\n\t<input class=\"button_trigger_1\" type=\"hidden\" name=\"fld_7908577\" id=\"fld_7908577_1_btn\" value=\"\" data-field=\"fld_7908577\"  \/>\n<\/span><\/div><\/div><div id=\"CF5ca1ae8943a7a_1-row-5\"  class=\"row  last_row\"><div  class=\"col-sm-12  single\"><\/div><\/div><\/form>\r\n<\/div>\r\n<script type=\"text\/javascript\">\r\nif( typeof caldera_conditionals === \"undefined\" ){ var caldera_conditionals = {}; }caldera_conditionals.CF5ca1ae8943a7a_1 = {\"fld_2481760_1\":{\"type\":\"show\",\"group\":{\"rw801742095894419\":{\"cl4802026315558146\":{\"parent\":\"rw801742095894419\",\"field\":\"fld_8191426\",\"compare\":\"is\",\"value\":\"Jin\\u00e9\",\"label\":\"Jin\\u00e9\"}}}},\"fld_895951_1\":{\"type\":\"show\",\"group\":{\"rw8025423485186697\":{\"cl9767779749542511\":{\"parent\":\"rw8025423485186697\",\"field\":\"fld_1561316\",\"compare\":\"is\",\"value\":\"Vyjemnovat zdravotn\\u00ed pot\\u00ed\\u017ee\",\"id\":\"cl9767779749542511\",\"label\":\"Vyjemnovat zdravotn\\u00ed pot\\u00ed\\u017ee\"}}}},\"fld_7908577_1\":{\"type\":\"disable\",\"group\":{\"rw9195733186358097\":{\"cl5089189934698171\":{\"parent\":\"rw9195733186358097\",\"field\":\"fld_2644356\",\"compare\":\"isnot\",\"value\":\"fld_4859523\",\"selectors\":{\"fld_4859523\":\"[data-field=\\\"fld_4859523\\\"]\"}}}}}};\r\n<\/script>\r\n<script type=\"text\/html\" id=\"conditional-fld_2481760_1-tmpl\">\r\n<div data-field-wrapper=\"fld_2481760\" class=\"form-group\" id=\"fld_2481760_1-wrap\">\r\n\t<label id=\"fld_2481760Label\" for=\"fld_2481760_1\" class=\"control-label screen-reader-text sr-only\">Vypi\u0161te<\/label>\r\n\t<div class=\"\">\r\n\t\t<input placeholder=\"Vypi\u0161te\"   type=\"text\" data-field=\"fld_2481760\" class=\" form-control\" id=\"fld_2481760_1\" name=\"fld_2481760\" value=\"\" data-type=\"text\"   aria-labelledby=\"fld_2481760Label\" >\t\t\t<\/div>\r\n<\/div>\r\n<\/script>\r\n\r\n<script type=\"text\/html\" id=\"conditional-fld_895951_1-tmpl\">\r\n<div data-field-wrapper=\"fld_895951\" class=\"form-group\" id=\"fld_895951_1-wrap\">\r\n\t<label id=\"fld_895951Label\" for=\"fld_895951_1\" class=\"control-label screen-reader-text sr-only\">Vypi\u0161te<\/label>\r\n\t<div class=\"\">\r\n\t\t<input placeholder=\"Vypi\u0161te\"   type=\"text\" data-field=\"fld_895951\" class=\" form-control\" id=\"fld_895951_1\" name=\"fld_895951\" value=\"\" data-type=\"text\"   aria-labelledby=\"fld_895951Label\" >\t\t\t<\/div>\r\n<\/div>\r\n<\/script>\r\n\n","protected":false},"excerpt":{"rendered":"<p>Informa\u010dn\u00ed let\u00e1ky: Program v\u00fdtvarn\u00e9ho kurzu &nbsp;<\/p>\n","protected":false},"author":1,"featured_media":0,"parent":2470,"menu_order":0,"comment_status":"closed","ping_status":"closed","template":"","meta":{"ngg_post_thumbnail":0,"footnotes":""},"class_list":["post-3427","page","type-page","status-publish","hentry"],"_links":{"self":[{"href":"https:\/\/www.vos-sosmost.cz\/index.php\/wp-json\/wp\/v2\/pages\/3427","targetHints":{"allow":["GET"]}}],"collection":[{"href":"https:\/\/www.vos-sosmost.cz\/index.php\/wp-json\/wp\/v2\/pages"}],"about":[{"href":"https:\/\/www.vos-sosmost.cz\/index.php\/wp-json\/wp\/v2\/types\/page"}],"author":[{"embeddable":true,"href":"https:\/\/www.vos-sosmost.cz\/index.php\/wp-json\/wp\/v2\/users\/1"}],"replies":[{"embeddable":true,"href":"https:\/\/www.vos-sosmost.cz\/index.php\/wp-json\/wp\/v2\/comments?post=3427"}],"version-history":[{"count":10,"href":"https:\/\/www.vos-sosmost.cz\/index.php\/wp-json\/wp\/v2\/pages\/3427\/revisions"}],"predecessor-version":[{"id":9383,"href":"https:\/\/www.vos-sosmost.cz\/index.php\/wp-json\/wp\/v2\/pages\/3427\/revisions\/9383"}],"up":[{"embeddable":true,"href":"https:\/\/www.vos-sosmost.cz\/index.php\/wp-json\/wp\/v2\/pages\/2470"}],"wp:attachment":[{"href":"https:\/\/www.vos-sosmost.cz\/index.php\/wp-json\/wp\/v2\/media?parent=3427"}],"curies":[{"name":"wp","href":"https:\/\/api.w.org\/{rel}","templated":true}]}}