{"id":3353,"date":"2019-02-19T10:12:30","date_gmt":"2019-02-19T09:12:30","guid":{"rendered":"https:\/\/www.vos-sosmost.cz\/?page_id=3353"},"modified":"2026-03-04T12:07:39","modified_gmt":"2026-03-04T11:07:39","slug":"provozni-doba-skoly","status":"publish","type":"page","link":"https:\/\/www.vos-sosmost.cz\/index.php\/provozni-doba-skoly\/","title":{"rendered":"Provozn\u00ed doba \u0161koly"},"content":{"rendered":"\r\n<p><strong>Budova A<\/strong>: Budova \u0161koly je otev\u0159ena pro \u017e\u00e1ky a studenty od <strong>6:30<\/strong> do <strong>17:00<\/strong> hodin, v\u010detn\u011b v\u00edkend\u016f, kdy prob\u00edh\u00e1 d\u00e1lkov\u00e9 studium.<\/p>\r\n\r\n\r\n\r\n<p><strong>Budova B<\/strong>: Budova je otev\u0159ena od <strong>6:45&nbsp;<\/strong>do <strong>17:00 <\/strong>hodin.<\/p>\r\n\r\n\r\n\r\n<p><strong>Budova C<\/strong>: Budova je otev\u0159ena dle <strong><a href=\"\/dm\/dokumenty\/provozni_rad_dm.pdf\">provozn\u00edho \u0159\u00e1du<\/a><\/strong> domova ml\u00e1de\u017ee<\/p>\r\n\r\n\r\n\r\n<p><strong>Sekretari\u00e1ty (studijn\u00ed odd\u011blen\u00ed)<\/strong>&nbsp;na obou budov\u00e1ch jsou pro \u017e\u00e1ky a studenty otev\u0159eny od pond\u011bl\u00ed do p\u00e1tku od <strong>7:00<\/strong> do <strong>12:00<\/strong> hodin.<\/p>\r\n\r\n\r\n\r\n<p style=\"text-align: center;\"><strong>Provozn\u00ed doba pokladny \u0161koly<\/strong><\/p>\r\n\r\n\r\n\r\n<table class=\"wp-block-table has-fixed-layout\">\r\n<tbody>\r\n<tr>\r\n<td>Budova<\/td>\r\n<td style=\"text-align: center;\">pond\u011bl\u00ed<\/td>\r\n<td style=\"text-align: center;\">\u00fater\u00fd<\/td>\r\n<td style=\"text-align: center;\">st\u0159eda<\/td>\r\n<td style=\"text-align: center;\">\u010dtvrtek<\/td>\r\n<td style=\"text-align: center;\">p\u00e1tek<\/td>\r\n<\/tr>\r\n<tr>\r\n<td>A<\/td>\r\n<td>13:00 &#8211; 15:00<\/td>\r\n<td>7:00 &#8211; 12:00<br>13:00 &#8211; 15:00<\/td>\r\n<td style=\"text-align: center;\">7:00 &#8211; 12:00<br>13:00 &#8211; 15:00<\/td>\r\n<td>07:00 &#8211; 12:00<\/td>\r\n<td>7:00 &#8211; 12:00<br>13:00 &#8211; 15:00<\/td>\r\n<\/tr>\r\n<tr>\r\n<td>B<\/td>\r\n<td>7:00 &#8211; 10:00<\/td>\r\n<td>&nbsp;<\/td>\r\n<td>&nbsp;<\/td>\r\n<td>13:00 &#8211; 15:30<\/td>\r\n<td>&nbsp;<\/td>\r\n<\/tr>\r\n<\/tbody>\r\n<\/table>\r\n<p><\/p>\r\n<p>&nbsp;<\/p>\r\n<p>Pro vystaven\u00ed dokladu o potvrzen\u00ed studia na <strong>St\u0159edn\u00ed zdravotnick\u00e9 \u0161kole<\/strong>, kter\u00e1 fungovala samostatn\u011b <strong>do \u0161koln\u00edho roku 2008\/2009<\/strong> se obracejte na <strong>St\u00e1tn\u00ed okresn\u00ed archiv Most.<\/strong><\/p>\r\n<p><strong>Email:<\/strong>&nbsp;<a href=\"mailto:sokamost@soalitomerice.cz\">sokamost@soalitomerice.cz<\/a><br><strong>Tel.:<\/strong>&nbsp;+420&nbsp;737&nbsp;795&nbsp;872<br><strong>Datov\u00e1 schr\u00e1nka:<\/strong>&nbsp;3gnaiva<\/p>","protected":false},"excerpt":{"rendered":"<p>Budova A: Budova \u0161koly je otev\u0159ena pro \u017e\u00e1ky a studenty od 6:30 do 17:00 hodin, v\u010detn\u011b v\u00edkend\u016f, kdy prob\u00edh\u00e1 d\u00e1lkov\u00e9 studium. Budova B: Budova je otev\u0159ena od 6:45&nbsp;do 17:00 hodin. Budova C: Budova je otev\u0159ena dle provozn\u00edho \u0159\u00e1du domova ml\u00e1de\u017ee <a href=\"https:\/\/www.vos-sosmost.cz\/index.php\/provozni-doba-skoly\/\" class=\"read-more\">Read More &#8230;<\/a><\/p>\n","protected":false},"author":1,"featured_media":0,"parent":0,"menu_order":0,"comment_status":"closed","ping_status":"closed","template":"","meta":{"ngg_post_thumbnail":0,"footnotes":""},"class_list":["post-3353","page","type-page","status-publish","hentry"],"_links":{"self":[{"href":"https:\/\/www.vos-sosmost.cz\/index.php\/wp-json\/wp\/v2\/pages\/3353","targetHints":{"allow":["GET"]}}],"collection":[{"href":"https:\/\/www.vos-sosmost.cz\/index.php\/wp-json\/wp\/v2\/pages"}],"about":[{"href":"https:\/\/www.vos-sosmost.cz\/index.php\/wp-json\/wp\/v2\/types\/page"}],"author":[{"embeddable":true,"href":"https:\/\/www.vos-sosmost.cz\/index.php\/wp-json\/wp\/v2\/users\/1"}],"replies":[{"embeddable":true,"href":"https:\/\/www.vos-sosmost.cz\/index.php\/wp-json\/wp\/v2\/comments?post=3353"}],"version-history":[{"count":19,"href":"https:\/\/www.vos-sosmost.cz\/index.php\/wp-json\/wp\/v2\/pages\/3353\/revisions"}],"predecessor-version":[{"id":9249,"href":"https:\/\/www.vos-sosmost.cz\/index.php\/wp-json\/wp\/v2\/pages\/3353\/revisions\/9249"}],"wp:attachment":[{"href":"https:\/\/www.vos-sosmost.cz\/index.php\/wp-json\/wp\/v2\/media?parent=3353"}],"curies":[{"name":"wp","href":"https:\/\/api.w.org\/{rel}","templated":true}]}}