{"id":334,"date":"2022-01-02T22:07:18","date_gmt":"2022-01-02T21:07:18","guid":{"rendered":"https:\/\/www.vos-sosmost.cz\/?page_id=334"},"modified":"2026-02-19T12:57:24","modified_gmt":"2026-02-19T11:57:24","slug":"prihlaska-ke-studiu-a-formulare","status":"publish","type":"page","link":"https:\/\/www.vos-sosmost.cz\/index.php\/vyssi-odborna-skola\/uchazec\/prihlaska-ke-studiu-a-formulare\/","title":{"rendered":"P\u0159ihl\u00e1\u0161ka ke studiu a formul\u00e1\u0159e"},"content":{"rendered":"<p><strong>P\u0159ihl\u00e1\u0161ka ke studiu na vy\u0161\u0161\u00ed odborn\u00e9 \u0161kole se pod\u00e1v\u00e1 v elektronick\u00e9 form\u011b<\/strong> <a href=\"https:\/\/isvos.vos-sosmost.cz\/prihlaska.php\" target=\"_blank\" rel=\"noopener\"><strong><span style=\"color: #ff0000;\">zde<\/span><\/strong><\/a>.<\/p>\n<p><strong>Formul\u00e1\u0159 potvrzen\u00ed o zdravotn\u00ed zp\u016fsobilosti ke studiu:<\/strong><\/p>\n<ul style=\"list-style-type: disc;\">\n<li>Soci\u00e1ln\u011b pr\u00e1vn\u00ed \u010dinnost &#8211; ke sta\u017een\u00ed ve form\u00e1tu <a href=\"https:\/\/www.vos-sosmost.cz\/vos\/prijimacky\/lekar_spc.docx\" target=\"_blank\" rel=\"noopener\"><strong>DOCX<\/strong><\/a>,&nbsp;<a href=\"https:\/\/www.vos-sosmost.cz\/vos\/prijimacky\/lekar_spc.pdf\" target=\"_blank\" rel=\"noopener\"><strong>PDF<\/strong><\/a>,<\/li>\n<li>P\u0159ed\u0161koln\u00ed a mimo\u0161koln\u00ed pedagogika &#8211; ke sta\u017een\u00ed ve form\u00e1tu <a href=\"https:\/\/www.vos-sosmost.cz\/vos\/prijimacky\/lekar_pmp.docx\" target=\"_blank\" rel=\"noopener\"><strong>DOCX<\/strong><\/a>,&nbsp;<a href=\"https:\/\/www.vos-sosmost.cz\/vos\/prijimacky\/lekar_pmp.pdf\" target=\"_blank\" rel=\"noopener\"><strong>PDF<\/strong><\/a>,<\/li>\n<li>Diplomovan\u00e1 v\u0161eobecn\u00e1 sestra &#8211; ke sta\u017een\u00ed ve form\u00e1tu <a href=\"https:\/\/www.vos-sosmost.cz\/vos\/prijimacky\/lekar_dvs.docx\" target=\"_blank\" rel=\"noopener\"><strong>DOCX<\/strong><\/a>,&nbsp;<a href=\"https:\/\/www.vos-sosmost.cz\/vos\/prijimacky\/lekar_dvs.pdf\" target=\"_blank\" rel=\"noopener\"><strong>PDF<\/strong><\/a>,<\/li>\n<li>Diplomovan\u00e1 d\u011btsk\u00e1 sestra &#8211; ke sta\u017een\u00ed ve form\u00e1tu <a href=\"https:\/\/www.vos-sosmost.cz\/vos\/prijimacky\/lekar_dds.docx\" target=\"_blank\" rel=\"noopener\"><strong>DOCX<\/strong><\/a>,&nbsp;<a href=\"https:\/\/www.vos-sosmost.cz\/vos\/prijimacky\/lekar_dds.pdf\" target=\"_blank\" rel=\"noopener\"><strong>PDF<\/strong><\/a>,<\/li>\n<li>Diplomovan\u00fd nutri\u010dn\u00ed terapeut &#8211; ke sta\u017een\u00ed ve form\u00e1tu &nbsp;<a href=\"https:\/\/www.vos-sosmost.cz\/vos\/prijimacky\/lekar_dnt.docx\" target=\"_blank\" rel=\"noopener\"><strong>DOCX<\/strong><\/a>,&nbsp;<a href=\"https:\/\/www.vos-sosmost.cz\/vos\/prijimacky\/lekar_dnt.pdf\" target=\"_blank\" rel=\"noopener\"><strong>PDF<\/strong><\/a>,<\/li>\n<\/ul>\n<p><strong>Potvrzen\u00ed o praxi pro pot\u0159eby p\u0159ij\u00edmac\u00edho \u0159\u00edzen\u00ed na VO\u0160&nbsp;<\/strong><a href=\"https:\/\/www.vos-sosmost.cz\/vos\/prijimacky\/potvrzeni_praxe_vos.docx\" target=\"_blank\" rel=\"noopener noreferrer\">ve form\u00e1tu DOCX<\/a><\/p>\n<p><strong>\u010cestn\u00e9 prohl\u00e1\u0161en\u00ed pro pot\u0159eby p\u0159ij\u00edmac\u00edho \u0159\u00edzen\u00ed na VO\u0160&nbsp;<\/strong><a href=\"https:\/\/www.vos-sosmost.cz\/vos\/prijimacky\/cestne_prohlaseni_vos.docx\" target=\"_blank\" rel=\"noopener noreferrer\">ve form\u00e1tu DOCX<\/a><\/p>\n<p><strong>P\u0159ihl\u00e1\u0161ka ke stravov\u00e1n\u00ed&nbsp;<\/strong><a href=\"\/dm\/dokumenty\/prihlaska_stravovani_2025.docx\" target=\"_blank\" rel=\"noopener noreferrer\">ve form\u00e1tu DOC<\/a><\/p>\n<p><strong>P\u0159ihl\u00e1\u0161ka k ubytov\u00e1n\u00ed v domov\u011b ml\u00e1de\u017ee&nbsp;<\/strong><a href=\"\/dm\/dokumenty\/prihlaska_dm_2025_2026.xlsx\" target=\"_blank\" rel=\"noopener noreferrer\">ve form\u00e1tu XLSX<\/a><\/p>\n<p>&nbsp;<\/p>\n","protected":false},"excerpt":{"rendered":"<p>P\u0159ihl\u00e1\u0161ka ke studiu na vy\u0161\u0161\u00ed odborn\u00e9 \u0161kole se pod\u00e1v\u00e1 v elektronick\u00e9 form\u011b zde. Formul\u00e1\u0159 potvrzen\u00ed o zdravotn\u00ed zp\u016fsobilosti ke studiu: Soci\u00e1ln\u011b pr\u00e1vn\u00ed \u010dinnost &#8211; ke sta\u017een\u00ed ve form\u00e1tu DOCX,&nbsp;PDF, P\u0159ed\u0161koln\u00ed a mimo\u0161koln\u00ed pedagogika &#8211; ke sta\u017een\u00ed ve form\u00e1tu DOCX,&nbsp;PDF, Diplomovan\u00e1 <a href=\"https:\/\/www.vos-sosmost.cz\/index.php\/vyssi-odborna-skola\/uchazec\/prihlaska-ke-studiu-a-formulare\/\" class=\"read-more\">Read More &#8230;<\/a><\/p>\n","protected":false},"author":1,"featured_media":0,"parent":2336,"menu_order":0,"comment_status":"closed","ping_status":"closed","template":"","meta":{"ngg_post_thumbnail":0,"footnotes":""},"class_list":["post-334","page","type-page","status-publish","hentry"],"_links":{"self":[{"href":"https:\/\/www.vos-sosmost.cz\/index.php\/wp-json\/wp\/v2\/pages\/334","targetHints":{"allow":["GET"]}}],"collection":[{"href":"https:\/\/www.vos-sosmost.cz\/index.php\/wp-json\/wp\/v2\/pages"}],"about":[{"href":"https:\/\/www.vos-sosmost.cz\/index.php\/wp-json\/wp\/v2\/types\/page"}],"author":[{"embeddable":true,"href":"https:\/\/www.vos-sosmost.cz\/index.php\/wp-json\/wp\/v2\/users\/1"}],"replies":[{"embeddable":true,"href":"https:\/\/www.vos-sosmost.cz\/index.php\/wp-json\/wp\/v2\/comments?post=334"}],"version-history":[{"count":16,"href":"https:\/\/www.vos-sosmost.cz\/index.php\/wp-json\/wp\/v2\/pages\/334\/revisions"}],"predecessor-version":[{"id":9225,"href":"https:\/\/www.vos-sosmost.cz\/index.php\/wp-json\/wp\/v2\/pages\/334\/revisions\/9225"}],"up":[{"embeddable":true,"href":"https:\/\/www.vos-sosmost.cz\/index.php\/wp-json\/wp\/v2\/pages\/2336"}],"wp:attachment":[{"href":"https:\/\/www.vos-sosmost.cz\/index.php\/wp-json\/wp\/v2\/media?parent=334"}],"curies":[{"name":"wp","href":"https:\/\/api.w.org\/{rel}","templated":true}]}}