{"id":327,"date":"2023-07-31T08:54:20","date_gmt":"2023-07-31T06:54:20","guid":{"rendered":"https:\/\/www.vos-sosmost.cz\/?page_id=327"},"modified":"2026-03-31T14:05:35","modified_gmt":"2026-03-31T12:05:35","slug":"odborna-praxe","status":"publish","type":"page","link":"https:\/\/www.vos-sosmost.cz\/index.php\/vyssi-odborna-skola\/student\/odborna-praxe\/","title":{"rendered":"Odborn\u00e1 praxe"},"content":{"rendered":"<p><strong>Harmonogram odborn\u00e9 praxe denn\u00ed formy vzd\u011bl\u00e1v\u00e1n\u00ed 2025\/2026<\/strong>&nbsp;\u2013&nbsp;<a href=\"\/vos\/praxe\/plan_odborne_praxe_vos_2025_2026.pdf\" target=\"_blank\" rel=\"noopener noreferrer\">ve form\u00e1tu PDF<\/a> (platnost od 1. 9. 2025)<\/p>\n<p><strong>Smlouvy k odborn\u00e9 praxi<\/strong><\/p>\n<ol>\n<li><a href=\"\/vos\/praxe\/19_20_smlouva_spc.doc\" target=\"_blank\" rel=\"noopener noreferrer\">Soci\u00e1ln\u011b pr\u00e1vn\u00ed \u010dinnost<\/a><\/li>\n<li><a href=\"\/vos\/praxe\/19_20_smlouva_fek.doc\" target=\"_blank\" rel=\"noopener noreferrer\">Firemn\u00ed ekonomika<\/a><\/li>\n<li><a href=\"\/vos\/praxe\/19_20_smlouva_pra.doc\" target=\"_blank\" rel=\"noopener noreferrer\">Pr\u00e1vn\u00ed asistence<\/a><\/li>\n<li><a href=\"\/vos\/praxe\/19_20_smlouva_pmp.doc\">P\u0159ed\u0161koln\u00ed a mimo\u0161koln\u00ed pedagogika<\/a><\/li>\n<li><a href=\"\/vos\/praxe\/20_21_smlouva_dvs.doc\" target=\"_blank\" rel=\"noopener noreferrer\">Diplomovan\u00e1 v\u0161eobecn\u00e1 sestra<\/a><\/li>\n<li><a href=\"\/vos\/praxe\/22_23_smlouva_dds.doc\" target=\"_blank\" rel=\"noopener noreferrer\">Diplomovan\u00e1 d\u011btsk\u00e1 sestra<\/a><\/li>\n<li><a href=\"\/vos\/praxe\/20_21_smlouva_dnt.doc\" target=\"_blank\" rel=\"noopener noreferrer\">Diplomovan\u00fd nutri\u010dn\u00ed terapeut<\/a><\/li>\n<\/ol>\n<p><strong>Formul\u00e1\u0159 Hodnocen\u00ed praktikanta<\/strong> &#8211; <a href=\"\/vos\/praxe\/hodnoceni_praktikanta_2026.docx\" target=\"_blank\" rel=\"noopener noreferrer\">ve form\u00e1tu DOCX<\/a><strong><br \/>\n<\/strong><\/p>\n","protected":false},"excerpt":{"rendered":"<p>Harmonogram odborn\u00e9 praxe denn\u00ed formy vzd\u011bl\u00e1v\u00e1n\u00ed 2025\/2026&nbsp;\u2013&nbsp;ve form\u00e1tu PDF (platnost od 1. 9. 2025) Smlouvy k odborn\u00e9 praxi Soci\u00e1ln\u011b pr\u00e1vn\u00ed \u010dinnost Firemn\u00ed ekonomika Pr\u00e1vn\u00ed asistence P\u0159ed\u0161koln\u00ed a mimo\u0161koln\u00ed pedagogika Diplomovan\u00e1 v\u0161eobecn\u00e1 sestra Diplomovan\u00e1 d\u011btsk\u00e1 sestra Diplomovan\u00fd nutri\u010dn\u00ed terapeut Formul\u00e1\u0159 Hodnocen\u00ed <a href=\"https:\/\/www.vos-sosmost.cz\/index.php\/vyssi-odborna-skola\/student\/odborna-praxe\/\" class=\"read-more\">Read More &#8230;<\/a><\/p>\n","protected":false},"author":1,"featured_media":0,"parent":2338,"menu_order":0,"comment_status":"closed","ping_status":"closed","template":"","meta":{"ngg_post_thumbnail":0,"footnotes":""},"class_list":["post-327","page","type-page","status-publish","hentry"],"_links":{"self":[{"href":"https:\/\/www.vos-sosmost.cz\/index.php\/wp-json\/wp\/v2\/pages\/327","targetHints":{"allow":["GET"]}}],"collection":[{"href":"https:\/\/www.vos-sosmost.cz\/index.php\/wp-json\/wp\/v2\/pages"}],"about":[{"href":"https:\/\/www.vos-sosmost.cz\/index.php\/wp-json\/wp\/v2\/types\/page"}],"author":[{"embeddable":true,"href":"https:\/\/www.vos-sosmost.cz\/index.php\/wp-json\/wp\/v2\/users\/1"}],"replies":[{"embeddable":true,"href":"https:\/\/www.vos-sosmost.cz\/index.php\/wp-json\/wp\/v2\/comments?post=327"}],"version-history":[{"count":28,"href":"https:\/\/www.vos-sosmost.cz\/index.php\/wp-json\/wp\/v2\/pages\/327\/revisions"}],"predecessor-version":[{"id":9350,"href":"https:\/\/www.vos-sosmost.cz\/index.php\/wp-json\/wp\/v2\/pages\/327\/revisions\/9350"}],"up":[{"embeddable":true,"href":"https:\/\/www.vos-sosmost.cz\/index.php\/wp-json\/wp\/v2\/pages\/2338"}],"wp:attachment":[{"href":"https:\/\/www.vos-sosmost.cz\/index.php\/wp-json\/wp\/v2\/media?parent=327"}],"curies":[{"name":"wp","href":"https:\/\/api.w.org\/{rel}","templated":true}]}}