{"id":323,"date":"2024-08-31T08:00:00","date_gmt":"2024-08-31T06:00:00","guid":{"rendered":"https:\/\/www.vos-sosmost.cz\/?page_id=323"},"modified":"2026-03-12T14:16:26","modified_gmt":"2026-03-12T13:16:26","slug":"dalkova-forma-vzdelavani-2","status":"publish","type":"page","link":"https:\/\/www.vos-sosmost.cz\/index.php\/vyssi-odborna-skola\/student\/dalkova-forma-vzdelavani-2\/","title":{"rendered":"Rozvrhy d\u00e1lkov\u00e9ho studia"},"content":{"rendered":"<h3><span style=\"color: #333333; font-size: 12pt;\">ROZVRHY D\u00c1LKOV\u00c9 A KOMBINOVAN\u00c9 FORMY VZD\u011aL\u00c1V\u00c1N\u00cd NA LETN\u00cd OBDOB\u00cd 2025\/2026<\/span><\/h3>\n<h3><span style=\"color: #333333; font-size: 12pt;\">PLATNOST OD 1. 2. 2026<\/span><\/h3>\n<h3><span style=\"color: #333333; font-size: 12pt;\">AKTU\u00c1LN\u00cd ROZVRHY SE ZOBRAZUJ\u00cd V IS VO\u0160. SLEDUJTE JE PRAVIDELN\u011a PRO P\u0158\u00cdPADN\u00c9 ZM\u011aNY.<\/span><\/h3>\n<p><strong>Soci\u00e1ln\u011b pr\u00e1vn\u00ed \u010dinnost<\/strong><\/p>\n<p><a href=\"\/vos\/rozvrhy\/dalkove\/leto\/1td.pdf\"><strong>1.TD<\/strong><\/a><\/p>\n<p><strong><a href=\"\/vos\/rozvrhy\/dalkove\/leto\/2td.pdf\">2.TD<\/a>, <a href=\"\/vos\/rozvrhy\/dalkove\/leto\/2vd.pdf\">2.VD<\/a><\/strong><\/p>\n<p><strong><a href=\"\/vos\/rozvrhy\/dalkove\/leto\/3td.pdf\">3.TD<\/a>, <a href=\"\/vos\/rozvrhy\/dalkove\/leto\/3vd.pdf\">3.VD<\/a><\/strong><\/p>\n<p><strong>Firemn\u00ed ekonomika<\/strong><\/p>\n<p><strong><a href=\"\/vos\/rozvrhy\/dalkove\/leto\/2rd.pdf\">2.RD<\/a><\/strong><\/p>\n<p><strong><a href=\"\/vos\/rozvrhy\/dalkove\/leto\/3rd.pdf\">3.RD<\/a><\/strong><\/p>\n<p><strong>Pr\u00e1vn\u00ed asistence<\/strong><\/p>\n<p><strong><a href=\"\/vos\/rozvrhy\/dalkove\/leto\/2xd.pdf\">2.XD<\/a><\/strong><\/p>\n<p><strong><a href=\"\/vos\/rozvrhy\/dalkove\/leto\/3xd.pdf\">3.XD<\/a>&nbsp;<\/strong><span style=\"color: #ff0000;\"><strong><br \/>\n<\/strong><\/span><\/p>\n<p><strong>P\u0159ed\u0161koln\u00ed a mimo\u0161koln\u00ed pedagogika<\/strong><\/p>\n<p><strong><a href=\"\/vos\/rozvrhy\/dalkove\/leto\/1yd.pdf\">1.YD<\/a><span style=\"color: #0000ff;\"> !<\/span><\/strong><\/p>\n<p><strong><a href=\"\/vos\/rozvrhy\/dalkove\/leto\/2yd.pdf\">2.YD<\/a> <span style=\"color: #0000ff;\">!<\/span>, <a href=\"\/vos\/rozvrhy\/dalkove\/leto\/2wd.pdf\">2.WD<\/a> <span style=\"color: #0000ff;\">!<\/span><\/strong><\/p>\n<p><strong><a href=\"\/vos\/rozvrhy\/dalkove\/leto\/3yd.pdf\">3.YD<\/a>, <a href=\"\/vos\/rozvrhy\/dalkove\/leto\/3wd.pdf\">3.WD<\/a> <span style=\"color: #0000ff;\">!<\/span><\/strong><\/p>\n<p><strong>Diplomovan\u00e1 v\u0161eobecn\u00e1 sestra<\/strong><\/p>\n<p><strong><a href=\"\/vos\/rozvrhy\/dalkove\/leto\/1uk.pdf\">1.UK<\/a><span style=\"color: #ff0000;\"><br \/>\n<\/span><\/strong><\/p>\n<p><strong><a href=\"\/vos\/rozvrhy\/dalkove\/leto\/2uk.pdf\">2.UK<\/a><span style=\"color: #ff0000;\"><br \/>\n<\/span><\/strong><\/p>\n<p><a href=\"\/vos\/rozvrhy\/dalkove\/leto\/3uk.pdf\"><strong>3.UK<\/strong><\/a><\/p>\n<p><strong>Diplomovan\u00fd nutri\u010dn\u00ed terapeut<\/strong><\/p>\n<p><a href=\"\/vos\/rozvrhy\/dalkove\/leto\/1zk.pdf\"><strong>1.ZK<\/strong><\/a><\/p>\n<p><a href=\"\/vos\/rozvrhy\/dalkove\/leto\/2zk.pdf\"><strong>2.ZK<\/strong><\/a><strong>&nbsp;<\/strong><span style=\"color: #0000ff;\">!<\/span><\/p>\n<p><a href=\"\/vos\/rozvrhy\/dalkove\/leto\/3zk.pdf\"><strong>3.ZK<\/strong><\/a><strong> (zm\u011bna term\u00ednu NDP3 z 12. 4. na 21. 3. 2026)<\/strong><\/p>\n","protected":false},"excerpt":{"rendered":"<p>ROZVRHY D\u00c1LKOV\u00c9 A KOMBINOVAN\u00c9 FORMY VZD\u011aL\u00c1V\u00c1N\u00cd NA LETN\u00cd OBDOB\u00cd 2025\/2026 PLATNOST OD 1. 2. 2026 AKTU\u00c1LN\u00cd ROZVRHY SE ZOBRAZUJ\u00cd V IS VO\u0160. SLEDUJTE JE PRAVIDELN\u011a PRO P\u0158\u00cdPADN\u00c9 ZM\u011aNY. Soci\u00e1ln\u011b pr\u00e1vn\u00ed \u010dinnost 1.TD 2.TD, 2.VD 3.TD, 3.VD Firemn\u00ed ekonomika 2.RD 3.RD <a href=\"https:\/\/www.vos-sosmost.cz\/index.php\/vyssi-odborna-skola\/student\/dalkova-forma-vzdelavani-2\/\" class=\"read-more\">Read More &#8230;<\/a><\/p>\n","protected":false},"author":1,"featured_media":2400,"parent":2338,"menu_order":0,"comment_status":"closed","ping_status":"closed","template":"","meta":{"ngg_post_thumbnail":0,"footnotes":""},"class_list":["post-323","page","type-page","status-publish","has-post-thumbnail","hentry"],"_links":{"self":[{"href":"https:\/\/www.vos-sosmost.cz\/index.php\/wp-json\/wp\/v2\/pages\/323","targetHints":{"allow":["GET"]}}],"collection":[{"href":"https:\/\/www.vos-sosmost.cz\/index.php\/wp-json\/wp\/v2\/pages"}],"about":[{"href":"https:\/\/www.vos-sosmost.cz\/index.php\/wp-json\/wp\/v2\/types\/page"}],"author":[{"embeddable":true,"href":"https:\/\/www.vos-sosmost.cz\/index.php\/wp-json\/wp\/v2\/users\/1"}],"replies":[{"embeddable":true,"href":"https:\/\/www.vos-sosmost.cz\/index.php\/wp-json\/wp\/v2\/comments?post=323"}],"version-history":[{"count":181,"href":"https:\/\/www.vos-sosmost.cz\/index.php\/wp-json\/wp\/v2\/pages\/323\/revisions"}],"predecessor-version":[{"id":9276,"href":"https:\/\/www.vos-sosmost.cz\/index.php\/wp-json\/wp\/v2\/pages\/323\/revisions\/9276"}],"up":[{"embeddable":true,"href":"https:\/\/www.vos-sosmost.cz\/index.php\/wp-json\/wp\/v2\/pages\/2338"}],"wp:featuredmedia":[{"embeddable":true,"href":"https:\/\/www.vos-sosmost.cz\/index.php\/wp-json\/wp\/v2\/media\/2400"}],"wp:attachment":[{"href":"https:\/\/www.vos-sosmost.cz\/index.php\/wp-json\/wp\/v2\/media?parent=323"}],"curies":[{"name":"wp","href":"https:\/\/api.w.org\/{rel}","templated":true}]}}